{"id":11401,"date":"2020-02-14T15:14:23","date_gmt":"2020-02-14T13:14:23","guid":{"rendered":"https:\/\/ellunhuopa.com\/?post_type=product&#038;p=11401"},"modified":"2025-05-26T08:53:17","modified_gmt":"2025-05-26T06:53:17","slug":"henkilokohtainen-ohjaustunti-huovutus-opettajaltasi-kanssa","status":"publish","type":"product","link":"https:\/\/ellunhuopa.com\/en\/product\/henkilokohtainen-ohjaustunti-huovutus-opettajaltasi-kanssa\/","title":{"rendered":"Private felting lesson"},"content":{"rendered":"<h2 style=\"text-align: center;\">Personal counselling session with Elena Bondar<\/h2>\n<p>Are you interested in felting? Is it difficult to get started? Do you want to develop your skills and become a master?<\/p>\n<p>If you would like personal guidance, feedback on your work or have any other questions about felting, you can purchase a one-to-one tutoring session with Ellu Bondar.<\/p>\n<p>HOW DOES THIS WORK?<\/p>\n<p>When ordering, please give a brief description of the subject and describe your question. I will contact you and arrange a time for the video call in more detail.<\/p>\n<p>The moment of control takes place by the phone. It is also possible to make a video call!<\/p>\n<p>An appointment time will be agreed after the booking fee has been paid.<\/p>\n<p>&nbsp;<\/p>\n<h2 style=\"text-align: center;\">Take advantage of this opportunity and take your skills forward!<\/h2>\n<p>&nbsp;<\/p>\n<p>&nbsp;<\/p>","protected":false},"excerpt":{"rendered":"<p>When you have questions about felting, buy and arrange a personal tutoring class with me.<\/p>\n<p>The minimum booking time is 1h. If you need a longer appointment or more than one session, please contact us - we will give you an individual offer.<\/p>\n<p><strong>With us you can pay with ePassport.<\/strong><\/p>","protected":false},"featured_media":26031,"comment_status":"open","ping_status":"closed","template":"","meta":{"jetpack_post_was_ever_published":false,"jetpack_publicize_message":"","jetpack_publicize_feature_enabled":true,"jetpack_social_post_already_shared":true,"jetpack_social_options":{"image_generator_settings":{"template":"highway","default_image_id":0,"font":"","enabled":false},"version":2},"_wpas_customize_per_network":false},"product_brand":[],"product_cat":[604714786],"product_tag":[],"class_list":{"0":"post-11401","1":"product","2":"type-product","3":"status-publish","4":"has-post-thumbnail","6":"product_cat-ellunhuopa-koulutus","8":"first","9":"instock","10":"virtual","11":"sold-individually","12":"taxable","13":"purchasable","14":"product-type-simple"},"yoast_head":"<!-- This site is optimized with the Yoast SEO plugin v27.2 - https:\/\/yoast.com\/product\/yoast-seo-wordpress\/ -->\n<title>Yksityinen huovutustunti - Ellunhuopa<\/title>\n<meta name=\"robots\" content=\"index, follow, max-snippet:-1, max-image-preview:large, max-video-preview:-1\" \/>\n<link rel=\"canonical\" href=\"https:\/\/ellunhuopa.com\/en\/product\/henkilokohtainen-ohjaustunti-huovutus-opettajaltasi-kanssa\/\" \/>\n<meta property=\"og:locale\" content=\"en_GB\" \/>\n<meta property=\"og:type\" content=\"article\" \/>\n<meta property=\"og:title\" content=\"Yksityinen huovutustunti - Ellunhuopa\" \/>\n<meta property=\"og:description\" content=\"Kun sinulla on kysytt\u00e4v\u00e4\u00e4 huovutuksesta, osta ja sovi henkil\u00f6kohtainen ohjaustunti kanssani.  Minimi varausaika on 1t. Jos tarvitset pidemm\u00e4n tapaamisen tai useamman kerran ohjausta, ota yhteytt\u00e4 \u2013 saat yksil\u00f6llisen tarjouksen.  Meill\u00e4 voit maksaa ePassilla.\" \/>\n<meta property=\"og:url\" content=\"https:\/\/ellunhuopa.com\/en\/product\/henkilokohtainen-ohjaustunti-huovutus-opettajaltasi-kanssa\/\" \/>\n<meta property=\"og:site_name\" content=\"Ellunhuopa\" \/>\n<meta property=\"article:publisher\" content=\"https:\/\/www.facebook.com\/ellunhuopa\/?ref=bookmarks\" \/>\n<meta property=\"article:modified_time\" content=\"2025-05-26T06:53:17+00:00\" \/>\n<meta property=\"og:image\" content=\"https:\/\/ellunhuopa.com\/wp-content\/uploads\/2020\/02\/Picsart_25-01-31_16-14-27-959-e1743427415544.jpg\" \/>\n\t<meta property=\"og:image:width\" content=\"3023\" \/>\n\t<meta property=\"og:image:height\" content=\"3043\" \/>\n\t<meta property=\"og:image:type\" content=\"image\/jpeg\" \/>\n<meta name=\"twitter:card\" content=\"summary_large_image\" \/>\n<meta name=\"twitter:label1\" content=\"Estimated reading time\" \/>\n\t<meta name=\"twitter:data1\" content=\"1 minute\" \/>\n<script type=\"application\/ld+json\" class=\"yoast-schema-graph\">{\"@context\":\"https:\/\/schema.org\",\"@graph\":[{\"@type\":\"WebPage\",\"@id\":\"https:\/\/ellunhuopa.com\/tuote\/henkilokohtainen-ohjaustunti-huovutus-opettajaltasi-kanssa\/\",\"url\":\"https:\/\/ellunhuopa.com\/tuote\/henkilokohtainen-ohjaustunti-huovutus-opettajaltasi-kanssa\/\",\"name\":\"Yksityinen huovutustunti - Ellunhuopa\",\"isPartOf\":{\"@id\":\"https:\/\/ellunhuopa.com\/#website\"},\"primaryImageOfPage\":{\"@id\":\"https:\/\/ellunhuopa.com\/tuote\/henkilokohtainen-ohjaustunti-huovutus-opettajaltasi-kanssa\/#primaryimage\"},\"image\":{\"@id\":\"https:\/\/ellunhuopa.com\/tuote\/henkilokohtainen-ohjaustunti-huovutus-opettajaltasi-kanssa\/#primaryimage\"},\"thumbnailUrl\":\"https:\/\/i0.wp.com\/ellunhuopa.com\/wp-content\/uploads\/2020\/02\/Picsart_25-01-31_16-14-27-959-e1743427415544.jpg?fit=3023%2C3043&ssl=1\",\"datePublished\":\"2020-02-14T13:14:23+00:00\",\"dateModified\":\"2025-05-26T06:53:17+00:00\",\"breadcrumb\":{\"@id\":\"https:\/\/ellunhuopa.com\/tuote\/henkilokohtainen-ohjaustunti-huovutus-opettajaltasi-kanssa\/#breadcrumb\"},\"inLanguage\":\"en-GB\",\"potentialAction\":[{\"@type\":\"ReadAction\",\"target\":[\"https:\/\/ellunhuopa.com\/tuote\/henkilokohtainen-ohjaustunti-huovutus-opettajaltasi-kanssa\/\"]}]},{\"@type\":\"ImageObject\",\"inLanguage\":\"en-GB\",\"@id\":\"https:\/\/ellunhuopa.com\/tuote\/henkilokohtainen-ohjaustunti-huovutus-opettajaltasi-kanssa\/#primaryimage\",\"url\":\"https:\/\/i0.wp.com\/ellunhuopa.com\/wp-content\/uploads\/2020\/02\/Picsart_25-01-31_16-14-27-959-e1743427415544.jpg?fit=3023%2C3043&ssl=1\",\"contentUrl\":\"https:\/\/i0.wp.com\/ellunhuopa.com\/wp-content\/uploads\/2020\/02\/Picsart_25-01-31_16-14-27-959-e1743427415544.jpg?fit=3023%2C3043&ssl=1\",\"width\":3023,\"height\":3043,\"caption\":\"{\\\"remix_data\\\":[],\\\"remix_entry_point\\\":\\\"challenges\\\",\\\"source_tags\\\":[],\\\"origin\\\":\\\"unknown\\\",\\\"total_draw_time\\\":0,\\\"total_draw_actions\\\":0,\\\"layers_used\\\":0,\\\"brushes_used\\\":0,\\\"photos_added\\\":0,\\\"total_editor_actions\\\":{},\\\"tools_used\\\":{\\\"ai_enhance\\\":1,\\\"transform\\\":1},\\\"is_sticker\\\":false,\\\"edited_since_last_sticker_save\\\":true,\\\"containsFTESticker\\\":false}\"},{\"@type\":\"BreadcrumbList\",\"@id\":\"https:\/\/ellunhuopa.com\/tuote\/henkilokohtainen-ohjaustunti-huovutus-opettajaltasi-kanssa\/#breadcrumb\",\"itemListElement\":[{\"@type\":\"ListItem\",\"position\":1,\"name\":\"Home\",\"item\":\"https:\/\/ellunhuopa.com\/\"},{\"@type\":\"ListItem\",\"position\":2,\"name\":\"Puoti\",\"item\":\"https:\/\/ellunhuopa.com\/puoti\/\"},{\"@type\":\"ListItem\",\"position\":3,\"name\":\"Yksityinen huovutustunti\"}]},{\"@type\":\"WebSite\",\"@id\":\"https:\/\/ellunhuopa.com\/#website\",\"url\":\"https:\/\/ellunhuopa.com\/\",\"name\":\"ELLU - Wool Art\",\"description\":\"Ellunhuopa - Elena Bondar\",\"publisher\":{\"@id\":\"https:\/\/ellunhuopa.com\/#organization\"},\"potentialAction\":[{\"@type\":\"SearchAction\",\"target\":{\"@type\":\"EntryPoint\",\"urlTemplate\":\"https:\/\/ellunhuopa.com\/?s={search_term_string}\"},\"query-input\":{\"@type\":\"PropertyValueSpecification\",\"valueRequired\":true,\"valueName\":\"search_term_string\"}}],\"inLanguage\":\"en-GB\"},{\"@type\":\"Organization\",\"@id\":\"https:\/\/ellunhuopa.com\/#organization\",\"name\":\"Ellunhuopa\",\"url\":\"https:\/\/ellunhuopa.com\/\",\"logo\":{\"@type\":\"ImageObject\",\"inLanguage\":\"en-GB\",\"@id\":\"https:\/\/ellunhuopa.com\/#\/schema\/logo\/image\/\",\"url\":\"https:\/\/ellunhuopa.com\/wp-content\/uploads\/2018\/02\/cropped-ellu_logo_ellunhuopa_netti.jpg\",\"contentUrl\":\"https:\/\/ellunhuopa.com\/wp-content\/uploads\/2018\/02\/cropped-ellu_logo_ellunhuopa_netti.jpg\",\"width\":348,\"height\":348,\"caption\":\"Ellunhuopa\"},\"image\":{\"@id\":\"https:\/\/ellunhuopa.com\/#\/schema\/logo\/image\/\"},\"sameAs\":[\"https:\/\/www.facebook.com\/ellunhuopa\/?ref=bookmarks\",\"https:\/\/www.instagram.com\/ellunhuopa\/\",\"https:\/\/www.youtube.com\/channel\/UCN8xrsHRIySLYr-66w-DUPg\"]}]}<\/script>\n<!-- \/ Yoast SEO plugin. -->","yoast_head_json":{"title":"Private felting lesson - Ellunhuopa","robots":{"index":"index","follow":"follow","max-snippet":"max-snippet:-1","max-image-preview":"max-image-preview:large","max-video-preview":"max-video-preview:-1"},"canonical":"https:\/\/ellunhuopa.com\/en\/product\/henkilokohtainen-ohjaustunti-huovutus-opettajaltasi-kanssa\/","og_locale":"en_GB","og_type":"article","og_title":"Yksityinen huovutustunti - Ellunhuopa","og_description":"Kun sinulla on kysytt\u00e4v\u00e4\u00e4 huovutuksesta, osta ja sovi henkil\u00f6kohtainen ohjaustunti kanssani.  Minimi varausaika on 1t. Jos tarvitset pidemm\u00e4n tapaamisen tai useamman kerran ohjausta, ota yhteytt\u00e4 \u2013 saat yksil\u00f6llisen tarjouksen.  Meill\u00e4 voit maksaa ePassilla.","og_url":"https:\/\/ellunhuopa.com\/en\/product\/henkilokohtainen-ohjaustunti-huovutus-opettajaltasi-kanssa\/","og_site_name":"Ellunhuopa","article_publisher":"https:\/\/www.facebook.com\/ellunhuopa\/?ref=bookmarks","article_modified_time":"2025-05-26T06:53:17+00:00","og_image":[{"width":3023,"height":3043,"url":"https:\/\/ellunhuopa.com\/wp-content\/uploads\/2020\/02\/Picsart_25-01-31_16-14-27-959-e1743427415544.jpg","type":"image\/jpeg"}],"twitter_card":"summary_large_image","twitter_misc":{"Estimated reading time":"1 minute"},"schema":{"@context":"https:\/\/schema.org","@graph":[{"@type":"WebPage","@id":"https:\/\/ellunhuopa.com\/tuote\/henkilokohtainen-ohjaustunti-huovutus-opettajaltasi-kanssa\/","url":"https:\/\/ellunhuopa.com\/tuote\/henkilokohtainen-ohjaustunti-huovutus-opettajaltasi-kanssa\/","name":"Private felting lesson - Ellunhuopa","isPartOf":{"@id":"https:\/\/ellunhuopa.com\/#website"},"primaryImageOfPage":{"@id":"https:\/\/ellunhuopa.com\/tuote\/henkilokohtainen-ohjaustunti-huovutus-opettajaltasi-kanssa\/#primaryimage"},"image":{"@id":"https:\/\/ellunhuopa.com\/tuote\/henkilokohtainen-ohjaustunti-huovutus-opettajaltasi-kanssa\/#primaryimage"},"thumbnailUrl":"https:\/\/i0.wp.com\/ellunhuopa.com\/wp-content\/uploads\/2020\/02\/Picsart_25-01-31_16-14-27-959-e1743427415544.jpg?fit=3023%2C3043&ssl=1","datePublished":"2020-02-14T13:14:23+00:00","dateModified":"2025-05-26T06:53:17+00:00","breadcrumb":{"@id":"https:\/\/ellunhuopa.com\/tuote\/henkilokohtainen-ohjaustunti-huovutus-opettajaltasi-kanssa\/#breadcrumb"},"inLanguage":"en-GB","potentialAction":[{"@type":"ReadAction","target":["https:\/\/ellunhuopa.com\/tuote\/henkilokohtainen-ohjaustunti-huovutus-opettajaltasi-kanssa\/"]}]},{"@type":"ImageObject","inLanguage":"en-GB","@id":"https:\/\/ellunhuopa.com\/tuote\/henkilokohtainen-ohjaustunti-huovutus-opettajaltasi-kanssa\/#primaryimage","url":"https:\/\/i0.wp.com\/ellunhuopa.com\/wp-content\/uploads\/2020\/02\/Picsart_25-01-31_16-14-27-959-e1743427415544.jpg?fit=3023%2C3043&ssl=1","contentUrl":"https:\/\/i0.wp.com\/ellunhuopa.com\/wp-content\/uploads\/2020\/02\/Picsart_25-01-31_16-14-27-959-e1743427415544.jpg?fit=3023%2C3043&ssl=1","width":3023,"height":3043,"caption":"{\"remix_data\":[],\"remix_entry_point\":\"challenges\",\"source_tags\":[],\"origin\":\"unknown\",\"total_draw_time\":0,\"total_draw_actions\":0,\"layers_used\":0,\"brushes_used\":0,\"photos_added\":0,\"total_editor_actions\":{},\"tools_used\":{\"ai_enhance\":1,\"transform\":1},\"is_sticker\":false,\"edited_since_last_sticker_save\":true,\"containsFTESticker\":false}"},{"@type":"BreadcrumbList","@id":"https:\/\/ellunhuopa.com\/tuote\/henkilokohtainen-ohjaustunti-huovutus-opettajaltasi-kanssa\/#breadcrumb","itemListElement":[{"@type":"ListItem","position":1,"name":"Home","item":"https:\/\/ellunhuopa.com\/"},{"@type":"ListItem","position":2,"name":"Puoti","item":"https:\/\/ellunhuopa.com\/puoti\/"},{"@type":"ListItem","position":3,"name":"Yksityinen huovutustunti"}]},{"@type":"WebSite","@id":"https:\/\/ellunhuopa.com\/#website","url":"https:\/\/ellunhuopa.com\/","name":"ELLU - Wool Art","description":"Ellunhuopa - Elena Bondar","publisher":{"@id":"https:\/\/ellunhuopa.com\/#organization"},"potentialAction":[{"@type":"SearchAction","target":{"@type":"EntryPoint","urlTemplate":"https:\/\/ellunhuopa.com\/?s={search_term_string}"},"query-input":{"@type":"PropertyValueSpecification","valueRequired":true,"valueName":"search_term_string"}}],"inLanguage":"en-GB"},{"@type":"Organization","@id":"https:\/\/ellunhuopa.com\/#organization","name":"Woolrealm","url":"https:\/\/ellunhuopa.com\/","logo":{"@type":"ImageObject","inLanguage":"en-GB","@id":"https:\/\/ellunhuopa.com\/#\/schema\/logo\/image\/","url":"https:\/\/ellunhuopa.com\/wp-content\/uploads\/2018\/02\/cropped-ellu_logo_ellunhuopa_netti.jpg","contentUrl":"https:\/\/ellunhuopa.com\/wp-content\/uploads\/2018\/02\/cropped-ellu_logo_ellunhuopa_netti.jpg","width":348,"height":348,"caption":"Ellunhuopa"},"image":{"@id":"https:\/\/ellunhuopa.com\/#\/schema\/logo\/image\/"},"sameAs":["https:\/\/www.facebook.com\/ellunhuopa\/?ref=bookmarks","https:\/\/www.instagram.com\/ellunhuopa\/","https:\/\/www.youtube.com\/channel\/UCN8xrsHRIySLYr-66w-DUPg"]}]}},"jetpack_publicize_connections":[],"jetpack_sharing_enabled":true,"jetpack_likes_enabled":false,"jetpack-related-posts":[{"id":22562,"url":"https:\/\/ellunhuopa.com\/en\/product\/taitava-huovutus-taydellinen-opas-villahuovutukseen\/","url_meta":{"origin":11401,"position":0},"title":"Skilled Felting - The Complete Guide to Wool Felting","author":"Elena Bondar","date":"August 16, 2023","format":false,"excerpt":"Want to become a felting master? I've created a fantastic Felting School that will open the way for you to become a professional felting artist. During your studies, you will learn both the basics and the deeper world of felting. During the course, you will get to know wool in depth and learn how to use it professionally. Don't let fear stop you, make your learning journey clear, motivating and informative. With us, you can pay with ePassport.","rel":"","context":"Similar post","block_context":{"text":"Similar post","link":""},"img":{"alt_text":"","src":"https:\/\/i0.wp.com\/ellunhuopa.com\/wp-content\/uploads\/2023\/08\/Kuinka-oppia-arvostamaan-itseaan-2.jpg?fit=1200%2C675&ssl=1&resize=350%2C200","width":350,"height":200,"srcset":"https:\/\/i0.wp.com\/ellunhuopa.com\/wp-content\/uploads\/2023\/08\/Kuinka-oppia-arvostamaan-itseaan-2.jpg?fit=1200%2C675&ssl=1&resize=350%2C200 1x, https:\/\/i0.wp.com\/ellunhuopa.com\/wp-content\/uploads\/2023\/08\/Kuinka-oppia-arvostamaan-itseaan-2.jpg?fit=1200%2C675&ssl=1&resize=525%2C300 1.5x, https:\/\/i0.wp.com\/ellunhuopa.com\/wp-content\/uploads\/2023\/08\/Kuinka-oppia-arvostamaan-itseaan-2.jpg?fit=1200%2C675&ssl=1&resize=700%2C400 2x, https:\/\/i0.wp.com\/ellunhuopa.com\/wp-content\/uploads\/2023\/08\/Kuinka-oppia-arvostamaan-itseaan-2.jpg?fit=1200%2C675&ssl=1&resize=1050%2C600 3x"},"classes":[]},{"id":18736,"url":"https:\/\/ellunhuopa.com\/en\/product\/jokainen-voi-piirtaa-online-koulutus-villapiirtamisesta-aloituspaiva\/","url_meta":{"origin":11401,"position":1},"title":"Everyone can draw! Online training in wool drawing.","author":"Elena Bondar","date":"February 17, 2022","format":false,"excerpt":"The course is aimed at all amateurs and professionals who want to learn a new skill. I will teach you how to create stunning wool drawings, even if you are not yet an experienced feltmaker. In the future, others will wonder how you managed to create such stunning works! I have developed a unique Mix technique that will help you create stunning and vibrant wool artworks. For this course, you don't need any previous...","rel":"","context":"Similar post","block_context":{"text":"Similar post","link":""},"img":{"alt_text":"","src":"https:\/\/i0.wp.com\/ellunhuopa.com\/wp-content\/uploads\/2022\/02\/Jokainen-voi-piirtaa.jpg?fit=1200%2C675&ssl=1&resize=350%2C200","width":350,"height":200,"srcset":"https:\/\/i0.wp.com\/ellunhuopa.com\/wp-content\/uploads\/2022\/02\/Jokainen-voi-piirtaa.jpg?fit=1200%2C675&ssl=1&resize=350%2C200 1x, https:\/\/i0.wp.com\/ellunhuopa.com\/wp-content\/uploads\/2022\/02\/Jokainen-voi-piirtaa.jpg?fit=1200%2C675&ssl=1&resize=525%2C300 1.5x, https:\/\/i0.wp.com\/ellunhuopa.com\/wp-content\/uploads\/2022\/02\/Jokainen-voi-piirtaa.jpg?fit=1200%2C675&ssl=1&resize=700%2C400 2x, https:\/\/i0.wp.com\/ellunhuopa.com\/wp-content\/uploads\/2022\/02\/Jokainen-voi-piirtaa.jpg?fit=1200%2C675&ssl=1&resize=1050%2C600 3x"},"classes":[]},{"id":23676,"url":"https:\/\/ellunhuopa.com\/en\/product\/lemmikin-paan-veistos-huovasta\/","url_meta":{"origin":11401,"position":2},"title":"Sculpture of a pet's head in felt","author":"Elena Bondar","date":"May 24, 2024","format":false,"excerpt":"Imagine a breathtaking portrait of your pet brought to life in felt - as a brooch or framed artwork. This handmade masterpiece brings out your pet's personality in a way you've never seen before. Each portrait is created with love and precision, so that your pet's expressions and details glow as if in real life. Portrait sizes vary from 6-8 cm depending on your pet's appearance. If you wish, we can...","rel":"","context":"Similar post","block_context":{"text":"Similar post","link":""},"img":{"alt_text":"","src":"https:\/\/i0.wp.com\/ellunhuopa.com\/wp-content\/uploads\/2024\/05\/7c0ac860-ef47-4b35-88bb-65f8b8720eed.jpeg?fit=1200%2C1200&ssl=1&resize=350%2C200","width":350,"height":200,"srcset":"https:\/\/i0.wp.com\/ellunhuopa.com\/wp-content\/uploads\/2024\/05\/7c0ac860-ef47-4b35-88bb-65f8b8720eed.jpeg?fit=1200%2C1200&ssl=1&resize=350%2C200 1x, https:\/\/i0.wp.com\/ellunhuopa.com\/wp-content\/uploads\/2024\/05\/7c0ac860-ef47-4b35-88bb-65f8b8720eed.jpeg?fit=1200%2C1200&ssl=1&resize=525%2C300 1.5x, https:\/\/i0.wp.com\/ellunhuopa.com\/wp-content\/uploads\/2024\/05\/7c0ac860-ef47-4b35-88bb-65f8b8720eed.jpeg?fit=1200%2C1200&ssl=1&resize=700%2C400 2x, https:\/\/i0.wp.com\/ellunhuopa.com\/wp-content\/uploads\/2024\/05\/7c0ac860-ef47-4b35-88bb-65f8b8720eed.jpeg?fit=1200%2C1200&ssl=1&resize=1050%2C600 3x"},"classes":[]},{"id":7955,"url":"https:\/\/ellunhuopa.com\/en\/product\/huovutusneulat\/","url_meta":{"origin":11401,"position":3},"title":"Felting needle 3pcs","author":"Elena Bondar","date":"February 20, 2018","format":false,"excerpt":"This felting needle is really thin and strong. It is invaluable for three-dimensional work and for making small and precise patterns. With the right use, it will serve you for a long time!","rel":"","context":"Similar post","block_context":{"text":"Similar post","link":""},"img":{"alt_text":"","src":"https:\/\/i0.wp.com\/ellunhuopa.com\/wp-content\/uploads\/2018\/02\/huovutusneula-3-e1519213441543.jpg?fit=900%2C900&ssl=1&resize=350%2C200","width":350,"height":200,"srcset":"https:\/\/i0.wp.com\/ellunhuopa.com\/wp-content\/uploads\/2018\/02\/huovutusneula-3-e1519213441543.jpg?fit=900%2C900&ssl=1&resize=350%2C200 1x, https:\/\/i0.wp.com\/ellunhuopa.com\/wp-content\/uploads\/2018\/02\/huovutusneula-3-e1519213441543.jpg?fit=900%2C900&ssl=1&resize=525%2C300 1.5x, https:\/\/i0.wp.com\/ellunhuopa.com\/wp-content\/uploads\/2018\/02\/huovutusneula-3-e1519213441543.jpg?fit=900%2C900&ssl=1&resize=700%2C400 2x"},"classes":[]},{"id":22951,"url":"https:\/\/ellunhuopa.com\/en\/product\/miniatyyri-lemmikista\/","url_meta":{"origin":11401,"position":4},"title":"Miniature of a pet - PREPAYMENT","author":"Elena Bondar","date":"December 4, 2023","format":false,"excerpt":"This product listing is for a deposit of \u20ac200 to secure your place on the Elena Bondar needle felted pet sculpture waiting list. The remaining balance will be invoiced after booking.","rel":"","context":"Similar post","block_context":{"text":"Similar post","link":""},"img":{"alt_text":"","src":"https:\/\/i0.wp.com\/ellunhuopa.com\/wp-content\/uploads\/2023\/12\/ff13d4d4-fcc8-4e85-8251-5629e3c5dcc4.jpeg?fit=1200%2C1200&ssl=1&resize=350%2C200","width":350,"height":200,"srcset":"https:\/\/i0.wp.com\/ellunhuopa.com\/wp-content\/uploads\/2023\/12\/ff13d4d4-fcc8-4e85-8251-5629e3c5dcc4.jpeg?fit=1200%2C1200&ssl=1&resize=350%2C200 1x, https:\/\/i0.wp.com\/ellunhuopa.com\/wp-content\/uploads\/2023\/12\/ff13d4d4-fcc8-4e85-8251-5629e3c5dcc4.jpeg?fit=1200%2C1200&ssl=1&resize=525%2C300 1.5x, https:\/\/i0.wp.com\/ellunhuopa.com\/wp-content\/uploads\/2023\/12\/ff13d4d4-fcc8-4e85-8251-5629e3c5dcc4.jpeg?fit=1200%2C1200&ssl=1&resize=700%2C400 2x, https:\/\/i0.wp.com\/ellunhuopa.com\/wp-content\/uploads\/2023\/12\/ff13d4d4-fcc8-4e85-8251-5629e3c5dcc4.jpeg?fit=1200%2C1200&ssl=1&resize=1050%2C600 3x"},"classes":[]},{"id":22290,"url":"https:\/\/ellunhuopa.com\/en\/product\/e-kirja-villalla-maalaten-huovutuksen-taiteellinen-kasikirja\/","url_meta":{"origin":11401,"position":5},"title":"e-book \u201dPainting with wool. The artistic handbook of felting.\u201d","author":"Elena Bondar","date":"June 21, 2023","format":false,"excerpt":"Welcome to an enchanting world where drawing with wool brings art to life! I am excited to introduce you to my book that will take you one step closer to the secrets of needle felting. Take the first step on your journey into the magical world of needle felting and open the door to endless possibilities. You can easily get the book in digital format and enjoy its contents anytime, anywhere. The electronic version offers...","rel":"","context":"Similar post","block_context":{"text":"Similar post","link":""},"img":{"alt_text":"","src":"https:\/\/i0.wp.com\/ellunhuopa.com\/wp-content\/uploads\/2023\/06\/Purple-Pastel-Blue-Calming-Floral-Gradients-Self-Care-Affirmations-Self-Care-Instagram-Post-1.jpg?fit=1080%2C1080&ssl=1&resize=350%2C200","width":350,"height":200,"srcset":"https:\/\/i0.wp.com\/ellunhuopa.com\/wp-content\/uploads\/2023\/06\/Purple-Pastel-Blue-Calming-Floral-Gradients-Self-Care-Affirmations-Self-Care-Instagram-Post-1.jpg?fit=1080%2C1080&ssl=1&resize=350%2C200 1x, https:\/\/i0.wp.com\/ellunhuopa.com\/wp-content\/uploads\/2023\/06\/Purple-Pastel-Blue-Calming-Floral-Gradients-Self-Care-Affirmations-Self-Care-Instagram-Post-1.jpg?fit=1080%2C1080&ssl=1&resize=525%2C300 1.5x, https:\/\/i0.wp.com\/ellunhuopa.com\/wp-content\/uploads\/2023\/06\/Purple-Pastel-Blue-Calming-Floral-Gradients-Self-Care-Affirmations-Self-Care-Instagram-Post-1.jpg?fit=1080%2C1080&ssl=1&resize=700%2C400 2x, https:\/\/i0.wp.com\/ellunhuopa.com\/wp-content\/uploads\/2023\/06\/Purple-Pastel-Blue-Calming-Floral-Gradients-Self-Care-Affirmations-Self-Care-Instagram-Post-1.jpg?fit=1080%2C1080&ssl=1&resize=1050%2C600 3x"},"classes":[]}],"_links":{"self":[{"href":"https:\/\/ellunhuopa.com\/en\/wp-json\/wp\/v2\/product\/11401","targetHints":{"allow":["GET"]}}],"collection":[{"href":"https:\/\/ellunhuopa.com\/en\/wp-json\/wp\/v2\/product"}],"about":[{"href":"https:\/\/ellunhuopa.com\/en\/wp-json\/wp\/v2\/types\/product"}],"replies":[{"embeddable":true,"href":"https:\/\/ellunhuopa.com\/en\/wp-json\/wp\/v2\/comments?post=11401"}],"wp:featuredmedia":[{"embeddable":true,"href":"https:\/\/ellunhuopa.com\/en\/wp-json\/wp\/v2\/media\/26031"}],"wp:attachment":[{"href":"https:\/\/ellunhuopa.com\/en\/wp-json\/wp\/v2\/media?parent=11401"}],"wp:term":[{"taxonomy":"product_brand","embeddable":true,"href":"https:\/\/ellunhuopa.com\/en\/wp-json\/wp\/v2\/product_brand?post=11401"},{"taxonomy":"product_cat","embeddable":true,"href":"https:\/\/ellunhuopa.com\/en\/wp-json\/wp\/v2\/product_cat?post=11401"},{"taxonomy":"product_tag","embeddable":true,"href":"https:\/\/ellunhuopa.com\/en\/wp-json\/wp\/v2\/product_tag?post=11401"}],"curies":[{"name":"wp","href":"https:\/\/api.w.org\/{rel}","templated":true}]}}