{"id":16114,"date":"2020-04-03T10:01:45","date_gmt":"2020-04-03T08:01:45","guid":{"rendered":"https:\/\/ellunhuopa.com\/?post_type=product&#038;p=16114"},"modified":"2024-04-19T09:11:14","modified_gmt":"2024-04-19T07:11:14","slug":"vauvan-tossut-majavan-nahasta","status":"publish","type":"product","link":"https:\/\/ellunhuopa.com\/en\/product\/vauvan-tossut-majavan-nahasta\/","title":{"rendered":"Baby Slippers in Majava Leather"},"content":{"rendered":"<p>The length of the soles of the slippers is -13cm. These can be used in winter as well as summer! I only use high quality, well tanned leather! The slippers are suitable for ages 4 months to 12 months.<\/p>\n<p>Beaver leather is a wonderful material, as it repels water particularly well and is a really good insulator against the wind. Very lightweight (60g) with a drawstring to keep them on baby's feet.<\/p>\n<p><strong>I make the product from the customer's own beaver skin.<\/strong><\/p>\n<p><strong>NOTE! Deliver furs through Matkahuolto. Thank you!<\/strong><\/p>\n<p><iframe class=\"ginger-extension-definitionpopup\" style=\"display: none;\"><\/iframe><\/p>","protected":false},"excerpt":{"rendered":"<p>Lovely and warm first slippers, handmade from beaver leather.<\/p>","protected":false},"featured_media":16960,"comment_status":"open","ping_status":"closed","template":"","meta":{"jetpack_publicize_message":"","jetpack_publicize_feature_enabled":true,"jetpack_social_post_already_shared":true,"jetpack_social_options":{"image_generator_settings":{"template":"highway","default_image_id":0,"font":"","enabled":false},"version":2},"_wpas_customize_per_network":false},"product_brand":[],"product_cat":[604714599],"product_tag":[],"class_list":{"0":"post-16114","1":"product","2":"type-product","3":"status-publish","4":"has-post-thumbnail","6":"product_cat-tehty_tilauksesta","7":"product_shipping_class-paketti","9":"first","10":"instock","11":"sold-individually","12":"taxable","13":"shipping-taxable","14":"purchasable","15":"product-type-simple"},"yoast_head":"<!-- This site is optimized with the Yoast SEO plugin v27.4 - https:\/\/yoast.com\/product\/yoast-seo-wordpress\/ -->\n<title>Vauvan Tossut Majavan Nahasta - Ellunhuopa<\/title>\n<meta name=\"description\" content=\"Ihanat ja l\u00e4mpim\u00e4t ensitossut, k\u00e4sin tehdyt majavan nahasta. TMajavan nahka on ihana materiaali, sill\u00e4 se hylkii vett\u00e4 erityisen hyvin ja on todella hyv\u00e4 eriste tuulelta.\" \/>\n<meta name=\"robots\" content=\"index, follow, max-snippet:-1, max-image-preview:large, max-video-preview:-1\" \/>\n<link rel=\"canonical\" href=\"https:\/\/ellunhuopa.com\/en\/product\/vauvan-tossut-majavan-nahasta\/\" \/>\n<meta property=\"og:locale\" content=\"en_GB\" \/>\n<meta property=\"og:type\" content=\"article\" \/>\n<meta property=\"og:title\" content=\"Vauvan Tossut Majavan Nahasta - Ellunhuopa\" \/>\n<meta property=\"og:description\" content=\"Ihanat ja l\u00e4mpim\u00e4t ensitossut, k\u00e4sin tehdyt majavan nahasta. TMajavan nahka on ihana materiaali, sill\u00e4 se hylkii vett\u00e4 erityisen hyvin ja on todella hyv\u00e4 eriste tuulelta.\" \/>\n<meta property=\"og:url\" content=\"https:\/\/ellunhuopa.com\/en\/product\/vauvan-tossut-majavan-nahasta\/\" \/>\n<meta property=\"og:site_name\" content=\"Ellunhuopa\" \/>\n<meta property=\"article:publisher\" content=\"https:\/\/www.facebook.com\/ellunhuopa\/?ref=bookmarks\" \/>\n<meta property=\"article:modified_time\" content=\"2024-04-19T07:11:14+00:00\" \/>\n<meta property=\"og:image\" content=\"https:\/\/i0.wp.com\/ellunhuopa.com\/wp-content\/uploads\/2020\/04\/IMG_20200902_094841.jpg?fit=659%2C659&ssl=1\" \/>\n\t<meta property=\"og:image:width\" content=\"659\" \/>\n\t<meta property=\"og:image:height\" content=\"659\" \/>\n\t<meta property=\"og:image:type\" content=\"image\/jpeg\" \/>\n<meta name=\"twitter:card\" content=\"summary_large_image\" \/>\n<script type=\"application\/ld+json\" class=\"yoast-schema-graph\">{\"@context\":\"https:\\\/\\\/schema.org\",\"@graph\":[{\"@type\":\"WebPage\",\"@id\":\"https:\\\/\\\/ellunhuopa.com\\\/tuote\\\/vauvan-tossut-majavan-nahasta\\\/\",\"url\":\"https:\\\/\\\/ellunhuopa.com\\\/tuote\\\/vauvan-tossut-majavan-nahasta\\\/\",\"name\":\"Vauvan Tossut Majavan Nahasta - Ellunhuopa\",\"isPartOf\":{\"@id\":\"https:\\\/\\\/ellunhuopa.com\\\/#website\"},\"primaryImageOfPage\":{\"@id\":\"https:\\\/\\\/ellunhuopa.com\\\/tuote\\\/vauvan-tossut-majavan-nahasta\\\/#primaryimage\"},\"image\":{\"@id\":\"https:\\\/\\\/ellunhuopa.com\\\/tuote\\\/vauvan-tossut-majavan-nahasta\\\/#primaryimage\"},\"thumbnailUrl\":\"https:\\\/\\\/i0.wp.com\\\/ellunhuopa.com\\\/wp-content\\\/uploads\\\/2020\\\/04\\\/IMG_20200902_094841.jpg?fit=659%2C659&ssl=1\",\"datePublished\":\"2020-04-03T08:01:45+00:00\",\"dateModified\":\"2024-04-19T07:11:14+00:00\",\"description\":\"Ihanat ja l\u00e4mpim\u00e4t ensitossut, k\u00e4sin tehdyt majavan nahasta. TMajavan nahka on ihana materiaali, sill\u00e4 se hylkii vett\u00e4 erityisen hyvin ja on todella hyv\u00e4 eriste tuulelta.\",\"breadcrumb\":{\"@id\":\"https:\\\/\\\/ellunhuopa.com\\\/tuote\\\/vauvan-tossut-majavan-nahasta\\\/#breadcrumb\"},\"inLanguage\":\"en-GB\",\"potentialAction\":[{\"@type\":\"ReadAction\",\"target\":[\"https:\\\/\\\/ellunhuopa.com\\\/tuote\\\/vauvan-tossut-majavan-nahasta\\\/\"]}]},{\"@type\":\"ImageObject\",\"inLanguage\":\"en-GB\",\"@id\":\"https:\\\/\\\/ellunhuopa.com\\\/tuote\\\/vauvan-tossut-majavan-nahasta\\\/#primaryimage\",\"url\":\"https:\\\/\\\/i0.wp.com\\\/ellunhuopa.com\\\/wp-content\\\/uploads\\\/2020\\\/04\\\/IMG_20200902_094841.jpg?fit=659%2C659&ssl=1\",\"contentUrl\":\"https:\\\/\\\/i0.wp.com\\\/ellunhuopa.com\\\/wp-content\\\/uploads\\\/2020\\\/04\\\/IMG_20200902_094841.jpg?fit=659%2C659&ssl=1\",\"width\":659,\"height\":659},{\"@type\":\"BreadcrumbList\",\"@id\":\"https:\\\/\\\/ellunhuopa.com\\\/tuote\\\/vauvan-tossut-majavan-nahasta\\\/#breadcrumb\",\"itemListElement\":[{\"@type\":\"ListItem\",\"position\":1,\"name\":\"Home\",\"item\":\"https:\\\/\\\/ellunhuopa.com\\\/\"},{\"@type\":\"ListItem\",\"position\":2,\"name\":\"Puoti\",\"item\":\"https:\\\/\\\/ellunhuopa.com\\\/puoti\\\/\"},{\"@type\":\"ListItem\",\"position\":3,\"name\":\"Vauvan Tossut Majavan Nahasta\"}]},{\"@type\":\"WebSite\",\"@id\":\"https:\\\/\\\/ellunhuopa.com\\\/#website\",\"url\":\"https:\\\/\\\/ellunhuopa.com\\\/\",\"name\":\"ELLU - Wool Art\",\"description\":\"Ellunhuopa - Elena Bondar\",\"publisher\":{\"@id\":\"https:\\\/\\\/ellunhuopa.com\\\/#organization\"},\"potentialAction\":[{\"@type\":\"SearchAction\",\"target\":{\"@type\":\"EntryPoint\",\"urlTemplate\":\"https:\\\/\\\/ellunhuopa.com\\\/?s={search_term_string}\"},\"query-input\":{\"@type\":\"PropertyValueSpecification\",\"valueRequired\":true,\"valueName\":\"search_term_string\"}}],\"inLanguage\":\"en-GB\"},{\"@type\":\"Organization\",\"@id\":\"https:\\\/\\\/ellunhuopa.com\\\/#organization\",\"name\":\"Ellunhuopa\",\"url\":\"https:\\\/\\\/ellunhuopa.com\\\/\",\"logo\":{\"@type\":\"ImageObject\",\"inLanguage\":\"en-GB\",\"@id\":\"https:\\\/\\\/ellunhuopa.com\\\/#\\\/schema\\\/logo\\\/image\\\/\",\"url\":\"https:\\\/\\\/ellunhuopa.com\\\/wp-content\\\/uploads\\\/2018\\\/02\\\/cropped-ellu_logo_ellunhuopa_netti.jpg\",\"contentUrl\":\"https:\\\/\\\/ellunhuopa.com\\\/wp-content\\\/uploads\\\/2018\\\/02\\\/cropped-ellu_logo_ellunhuopa_netti.jpg\",\"width\":348,\"height\":348,\"caption\":\"Ellunhuopa\"},\"image\":{\"@id\":\"https:\\\/\\\/ellunhuopa.com\\\/#\\\/schema\\\/logo\\\/image\\\/\"},\"sameAs\":[\"https:\\\/\\\/www.facebook.com\\\/ellunhuopa\\\/?ref=bookmarks\",\"https:\\\/\\\/www.instagram.com\\\/ellunhuopa\\\/\",\"https:\\\/\\\/www.youtube.com\\\/channel\\\/UCN8xrsHRIySLYr-66w-DUPg\"]}]}<\/script>\n<!-- \/ Yoast SEO plugin. -->","yoast_head_json":{"title":"Vauvan Tossut Majavan Nahasta - Ellunhuopa","description":"Ihanat ja l\u00e4mpim\u00e4t ensitossut, k\u00e4sin tehdyt majavan nahasta. TMajavan nahka on ihana materiaali, sill\u00e4 se hylkii vett\u00e4 erityisen hyvin ja on todella hyv\u00e4 eriste tuulelta.","robots":{"index":"index","follow":"follow","max-snippet":"max-snippet:-1","max-image-preview":"max-image-preview:large","max-video-preview":"max-video-preview:-1"},"canonical":"https:\/\/ellunhuopa.com\/en\/product\/vauvan-tossut-majavan-nahasta\/","og_locale":"en_GB","og_type":"article","og_title":"Vauvan Tossut Majavan Nahasta - Ellunhuopa","og_description":"Ihanat ja l\u00e4mpim\u00e4t ensitossut, k\u00e4sin tehdyt majavan nahasta. TMajavan nahka on ihana materiaali, sill\u00e4 se hylkii vett\u00e4 erityisen hyvin ja on todella hyv\u00e4 eriste tuulelta.","og_url":"https:\/\/ellunhuopa.com\/en\/product\/vauvan-tossut-majavan-nahasta\/","og_site_name":"Ellunhuopa","article_publisher":"https:\/\/www.facebook.com\/ellunhuopa\/?ref=bookmarks","article_modified_time":"2024-04-19T07:11:14+00:00","og_image":[{"width":659,"height":659,"url":"https:\/\/i0.wp.com\/ellunhuopa.com\/wp-content\/uploads\/2020\/04\/IMG_20200902_094841.jpg?fit=659%2C659&ssl=1","type":"image\/jpeg"}],"twitter_card":"summary_large_image","schema":{"@context":"https:\/\/schema.org","@graph":[{"@type":"WebPage","@id":"https:\/\/ellunhuopa.com\/tuote\/vauvan-tossut-majavan-nahasta\/","url":"https:\/\/ellunhuopa.com\/tuote\/vauvan-tossut-majavan-nahasta\/","name":"Vauvan Tossut Majavan Nahasta - Ellunhuopa","isPartOf":{"@id":"https:\/\/ellunhuopa.com\/#website"},"primaryImageOfPage":{"@id":"https:\/\/ellunhuopa.com\/tuote\/vauvan-tossut-majavan-nahasta\/#primaryimage"},"image":{"@id":"https:\/\/ellunhuopa.com\/tuote\/vauvan-tossut-majavan-nahasta\/#primaryimage"},"thumbnailUrl":"https:\/\/i0.wp.com\/ellunhuopa.com\/wp-content\/uploads\/2020\/04\/IMG_20200902_094841.jpg?fit=659%2C659&ssl=1","datePublished":"2020-04-03T08:01:45+00:00","dateModified":"2024-04-19T07:11:14+00:00","description":"Ihanat ja l\u00e4mpim\u00e4t ensitossut, k\u00e4sin tehdyt majavan nahasta. TMajavan nahka on ihana materiaali, sill\u00e4 se hylkii vett\u00e4 erityisen hyvin ja on todella hyv\u00e4 eriste tuulelta.","breadcrumb":{"@id":"https:\/\/ellunhuopa.com\/tuote\/vauvan-tossut-majavan-nahasta\/#breadcrumb"},"inLanguage":"en-GB","potentialAction":[{"@type":"ReadAction","target":["https:\/\/ellunhuopa.com\/tuote\/vauvan-tossut-majavan-nahasta\/"]}]},{"@type":"ImageObject","inLanguage":"en-GB","@id":"https:\/\/ellunhuopa.com\/tuote\/vauvan-tossut-majavan-nahasta\/#primaryimage","url":"https:\/\/i0.wp.com\/ellunhuopa.com\/wp-content\/uploads\/2020\/04\/IMG_20200902_094841.jpg?fit=659%2C659&ssl=1","contentUrl":"https:\/\/i0.wp.com\/ellunhuopa.com\/wp-content\/uploads\/2020\/04\/IMG_20200902_094841.jpg?fit=659%2C659&ssl=1","width":659,"height":659},{"@type":"BreadcrumbList","@id":"https:\/\/ellunhuopa.com\/tuote\/vauvan-tossut-majavan-nahasta\/#breadcrumb","itemListElement":[{"@type":"ListItem","position":1,"name":"Home","item":"https:\/\/ellunhuopa.com\/"},{"@type":"ListItem","position":2,"name":"Puoti","item":"https:\/\/ellunhuopa.com\/puoti\/"},{"@type":"ListItem","position":3,"name":"Vauvan Tossut Majavan Nahasta"}]},{"@type":"WebSite","@id":"https:\/\/ellunhuopa.com\/#website","url":"https:\/\/ellunhuopa.com\/","name":"ELLU - Wool Art","description":"Ellunhuopa - Elena Bondar","publisher":{"@id":"https:\/\/ellunhuopa.com\/#organization"},"potentialAction":[{"@type":"SearchAction","target":{"@type":"EntryPoint","urlTemplate":"https:\/\/ellunhuopa.com\/?s={search_term_string}"},"query-input":{"@type":"PropertyValueSpecification","valueRequired":true,"valueName":"search_term_string"}}],"inLanguage":"en-GB"},{"@type":"Organization","@id":"https:\/\/ellunhuopa.com\/#organization","name":"Woolrealm","url":"https:\/\/ellunhuopa.com\/","logo":{"@type":"ImageObject","inLanguage":"en-GB","@id":"https:\/\/ellunhuopa.com\/#\/schema\/logo\/image\/","url":"https:\/\/ellunhuopa.com\/wp-content\/uploads\/2018\/02\/cropped-ellu_logo_ellunhuopa_netti.jpg","contentUrl":"https:\/\/ellunhuopa.com\/wp-content\/uploads\/2018\/02\/cropped-ellu_logo_ellunhuopa_netti.jpg","width":348,"height":348,"caption":"Ellunhuopa"},"image":{"@id":"https:\/\/ellunhuopa.com\/#\/schema\/logo\/image\/"},"sameAs":["https:\/\/www.facebook.com\/ellunhuopa\/?ref=bookmarks","https:\/\/www.instagram.com\/ellunhuopa\/","https:\/\/www.youtube.com\/channel\/UCN8xrsHRIySLYr-66w-DUPg"]}]}},"jetpack_publicize_connections":[],"jetpack_sharing_enabled":true,"jetpack_likes_enabled":false,"jetpack-related-posts":[{"id":8040,"url":"https:\/\/ellunhuopa.com\/en\/product\/turkishattu\/","url_meta":{"origin":16114,"position":0},"title":"Fur hat","author":"Elena Bondar","date":"February 22, 2018","format":false,"excerpt":"A warm hunting memory! I make various hats from pre-tanned skins, here are a few. Beaver hat, lynx hat and other fur hats. I also use high quality leather for the ear flaps in my products.","rel":"","context":"With 4 comments","block_context":{"text":"With 4 comments","link":"https:\/\/ellunhuopa.com\/en\/product\/turkishattu\/#comments"},"img":{"alt_text":"","src":"https:\/\/i0.wp.com\/ellunhuopa.com\/wp-content\/uploads\/2018\/02\/majavanhattu-e1519287298611.jpg?fit=900%2C900&ssl=1&resize=350%2C200","width":350,"height":200,"srcset":"https:\/\/i0.wp.com\/ellunhuopa.com\/wp-content\/uploads\/2018\/02\/majavanhattu-e1519287298611.jpg?fit=900%2C900&ssl=1&resize=350%2C200 1x, https:\/\/i0.wp.com\/ellunhuopa.com\/wp-content\/uploads\/2018\/02\/majavanhattu-e1519287298611.jpg?fit=900%2C900&ssl=1&resize=525%2C300 1.5x, https:\/\/i0.wp.com\/ellunhuopa.com\/wp-content\/uploads\/2018\/02\/majavanhattu-e1519287298611.jpg?fit=900%2C900&ssl=1&resize=700%2C400 2x"},"classes":[]},{"id":8028,"url":"https:\/\/ellunhuopa.com\/en\/product\/majavan-nahkarukkaset\/","url_meta":{"origin":16114,"position":1},"title":"Majavan Leather Gloves","author":"Elena Bondar","date":"February 22, 2018","format":false,"excerpt":"A warm hunting souvenir I make hunting knickers from pre-tanned hides for the wilderness men for a long, cold day. I need a pre-tanned hide and the size of the knapsack from the customer. A felted inner glove for which I use high quality sheep's wool. The inner gloves can be removed and washed or dried if desired.","rel":"","context":"With 6 comments","block_context":{"text":"With 6 comments","link":"https:\/\/ellunhuopa.com\/en\/product\/majavan-nahkarukkaset\/#comments"},"img":{"alt_text":"","src":"https:\/\/i0.wp.com\/ellunhuopa.com\/wp-content\/uploads\/2018\/02\/Majavanahkarukkaset-huopa-2-e1568700735721.jpg?fit=900%2C900&ssl=1&resize=350%2C200","width":350,"height":200,"srcset":"https:\/\/i0.wp.com\/ellunhuopa.com\/wp-content\/uploads\/2018\/02\/Majavanahkarukkaset-huopa-2-e1568700735721.jpg?fit=900%2C900&ssl=1&resize=350%2C200 1x, https:\/\/i0.wp.com\/ellunhuopa.com\/wp-content\/uploads\/2018\/02\/Majavanahkarukkaset-huopa-2-e1568700735721.jpg?fit=900%2C900&ssl=1&resize=525%2C300 1.5x, https:\/\/i0.wp.com\/ellunhuopa.com\/wp-content\/uploads\/2018\/02\/Majavanahkarukkaset-huopa-2-e1568700735721.jpg?fit=900%2C900&ssl=1&resize=700%2C400 2x"},"classes":[]},{"id":16521,"url":"https:\/\/ellunhuopa.com\/en\/product\/nahkaneula\/","url_meta":{"origin":16114,"position":2},"title":"Leather pin 5pcs","author":"Ilja Bondar","date":"May 21, 2020","format":false,"excerpt":"Leather eyed needle for sewing leather. This tool is used in the leather and footwear industry. Needle length: 4,40cm Needle thickness: 0,8mm \u00a0","rel":"","context":"Similar post","block_context":{"text":"Similar post","link":""},"img":{"alt_text":"","src":"https:\/\/i0.wp.com\/ellunhuopa.com\/wp-content\/uploads\/2020\/05\/IMG_20200521_145705-e1590396525498.jpg?fit=781%2C781&ssl=1&resize=350%2C200","width":350,"height":200,"srcset":"https:\/\/i0.wp.com\/ellunhuopa.com\/wp-content\/uploads\/2020\/05\/IMG_20200521_145705-e1590396525498.jpg?fit=781%2C781&ssl=1&resize=350%2C200 1x, https:\/\/i0.wp.com\/ellunhuopa.com\/wp-content\/uploads\/2020\/05\/IMG_20200521_145705-e1590396525498.jpg?fit=781%2C781&ssl=1&resize=525%2C300 1.5x, https:\/\/i0.wp.com\/ellunhuopa.com\/wp-content\/uploads\/2020\/05\/IMG_20200521_145705-e1590396525498.jpg?fit=781%2C781&ssl=1&resize=700%2C400 2x"},"classes":[]},{"id":21448,"url":"https:\/\/ellunhuopa.com\/en\/product\/aivan-ihana-huopahattu\/","url_meta":{"origin":16114,"position":3},"title":"Just a lovely Floppy Hat","author":"Elena Bondar","date":"December 15, 2022","format":false,"excerpt":"I make a range of quality felt hats for men, women and children to order This opportunity is just for you: if you don't want to wear typical, boring hats if you want to stand out and want something personal and unique","rel":"","context":"Similar post","block_context":{"text":"Similar post","link":""},"img":{"alt_text":"","src":"https:\/\/i0.wp.com\/ellunhuopa.com\/wp-content\/uploads\/2022\/12\/1647850065584-e1671098052771.jpg?fit=1200%2C1200&ssl=1&resize=350%2C200","width":350,"height":200,"srcset":"https:\/\/i0.wp.com\/ellunhuopa.com\/wp-content\/uploads\/2022\/12\/1647850065584-e1671098052771.jpg?fit=1200%2C1200&ssl=1&resize=350%2C200 1x, https:\/\/i0.wp.com\/ellunhuopa.com\/wp-content\/uploads\/2022\/12\/1647850065584-e1671098052771.jpg?fit=1200%2C1200&ssl=1&resize=525%2C300 1.5x, https:\/\/i0.wp.com\/ellunhuopa.com\/wp-content\/uploads\/2022\/12\/1647850065584-e1671098052771.jpg?fit=1200%2C1200&ssl=1&resize=700%2C400 2x, https:\/\/i0.wp.com\/ellunhuopa.com\/wp-content\/uploads\/2022\/12\/1647850065584-e1671098052771.jpg?fit=1200%2C1200&ssl=1&resize=1050%2C600 3x"},"classes":[]},{"id":8006,"url":"https:\/\/ellunhuopa.com\/en\/product\/reikahaarukka-sarja\/","url_meta":{"origin":16114,"position":4},"title":"Hole fork set","author":"Elena Bondar","date":"February 21, 2018","format":false,"excerpt":"Four hole forks. Metal perforated forks for making holes in the leather by hand for sewing. 1,2,4,6 teeth","rel":"","context":"Similar post","block_context":{"text":"Similar post","link":""},"img":{"alt_text":"","src":"https:\/\/i0.wp.com\/ellunhuopa.com\/wp-content\/uploads\/2018\/02\/IMG_20170714_162511-e1520774819132.jpg?fit=800%2C800&ssl=1&resize=350%2C200","width":350,"height":200,"srcset":"https:\/\/i0.wp.com\/ellunhuopa.com\/wp-content\/uploads\/2018\/02\/IMG_20170714_162511-e1520774819132.jpg?fit=800%2C800&ssl=1&resize=350%2C200 1x, https:\/\/i0.wp.com\/ellunhuopa.com\/wp-content\/uploads\/2018\/02\/IMG_20170714_162511-e1520774819132.jpg?fit=800%2C800&ssl=1&resize=525%2C300 1.5x, https:\/\/i0.wp.com\/ellunhuopa.com\/wp-content\/uploads\/2018\/02\/IMG_20170714_162511-e1520774819132.jpg?fit=800%2C800&ssl=1&resize=700%2C400 2x"},"classes":[]},{"id":7866,"url":"https:\/\/ellunhuopa.com\/en\/product\/huopataulu-valokuvasta\/","url_meta":{"origin":16114,"position":5},"title":"Felt board from Pet Photo - PREPAYMENT","author":"Elena Bondar","date":"February 18, 2018","format":false,"excerpt":"This product listing is for a \u20ac200 deposit to reserve your place in Elena Bondar's bespoke felted pet portrait. The remaining balance will be invoiced after booking.","rel":"","context":"With 6 comments","block_context":{"text":"With 6 comments","link":"https:\/\/ellunhuopa.com\/en\/product\/huopataulu-valokuvasta\/#comments"},"img":{"alt_text":"","src":"https:\/\/i0.wp.com\/ellunhuopa.com\/wp-content\/uploads\/2018\/02\/Koiran-taulu-ELLUNHUOPA-1-e1588221998107.jpg?fit=1200%2C1200&ssl=1&resize=350%2C200","width":350,"height":200,"srcset":"https:\/\/i0.wp.com\/ellunhuopa.com\/wp-content\/uploads\/2018\/02\/Koiran-taulu-ELLUNHUOPA-1-e1588221998107.jpg?fit=1200%2C1200&ssl=1&resize=350%2C200 1x, https:\/\/i0.wp.com\/ellunhuopa.com\/wp-content\/uploads\/2018\/02\/Koiran-taulu-ELLUNHUOPA-1-e1588221998107.jpg?fit=1200%2C1200&ssl=1&resize=525%2C300 1.5x, https:\/\/i0.wp.com\/ellunhuopa.com\/wp-content\/uploads\/2018\/02\/Koiran-taulu-ELLUNHUOPA-1-e1588221998107.jpg?fit=1200%2C1200&ssl=1&resize=700%2C400 2x, https:\/\/i0.wp.com\/ellunhuopa.com\/wp-content\/uploads\/2018\/02\/Koiran-taulu-ELLUNHUOPA-1-e1588221998107.jpg?fit=1200%2C1200&ssl=1&resize=1050%2C600 3x"},"classes":[]}],"_links":{"self":[{"href":"https:\/\/ellunhuopa.com\/en\/wp-json\/wp\/v2\/product\/16114","targetHints":{"allow":["GET"]}}],"collection":[{"href":"https:\/\/ellunhuopa.com\/en\/wp-json\/wp\/v2\/product"}],"about":[{"href":"https:\/\/ellunhuopa.com\/en\/wp-json\/wp\/v2\/types\/product"}],"replies":[{"embeddable":true,"href":"https:\/\/ellunhuopa.com\/en\/wp-json\/wp\/v2\/comments?post=16114"}],"wp:featuredmedia":[{"embeddable":true,"href":"https:\/\/ellunhuopa.com\/en\/wp-json\/wp\/v2\/media\/16960"}],"wp:attachment":[{"href":"https:\/\/ellunhuopa.com\/en\/wp-json\/wp\/v2\/media?parent=16114"}],"wp:term":[{"taxonomy":"product_brand","embeddable":true,"href":"https:\/\/ellunhuopa.com\/en\/wp-json\/wp\/v2\/product_brand?post=16114"},{"taxonomy":"product_cat","embeddable":true,"href":"https:\/\/ellunhuopa.com\/en\/wp-json\/wp\/v2\/product_cat?post=16114"},{"taxonomy":"product_tag","embeddable":true,"href":"https:\/\/ellunhuopa.com\/en\/wp-json\/wp\/v2\/product_tag?post=16114"}],"curies":[{"name":"wp","href":"https:\/\/api.w.org\/{rel}","templated":true}]}}