{"id":16980,"date":"2020-09-12T18:23:35","date_gmt":"2020-09-12T16:23:35","guid":{"rendered":"https:\/\/ellunhuopa.com\/?post_type=product&#038;p=16980"},"modified":"2022-11-02T10:30:20","modified_gmt":"2022-11-02T08:30:20","slug":"sisustustaulu-asiat-eivat-aina-ole-sita-milta-ne-nayttavat","status":"publish","type":"product","link":"https:\/\/ellunhuopa.com\/en\/product\/sisustustaulu-asiat-eivat-aina-ole-sita-milta-ne-nayttavat\/","title":{"rendered":"Decoration board \u201dThings are not always what they seem\u201d (sold)"},"content":{"rendered":"<p>Art invigorates, comforts, delights\u2026 The colors of Vila last for decades.<\/p>\n<p>The painting is suitable for a wide variety of homes and works great as a slightly unique gift. This felt board does not require any special care, as long as you remember to wipe the dust!<\/p>\n<p>External dimensions 103 x 84cm, internal dimensions 61 x 81cm.<\/p>\n<p>&nbsp;<\/p>\n<p>&nbsp;<\/p>","protected":false},"excerpt":{"rendered":"<p>Create a home atmosphere with this board that will make your apartment cozy, and a little more special.<\/p>\n<p>Unique wool painting with wet and needle felting technique. The frames are made of gray board, which still makes it just more special.<\/p>\n<p>&nbsp;<\/p>","protected":false},"featured_media":19381,"comment_status":"closed","ping_status":"closed","template":"","meta":{"jetpack_post_was_ever_published":false,"jetpack_publicize_message":"","jetpack_publicize_feature_enabled":true,"jetpack_social_post_already_shared":true,"jetpack_social_options":{"image_generator_settings":{"template":"highway","default_image_id":0,"font":"","enabled":false},"version":2},"_wpas_customize_per_network":false},"product_brand":[],"product_cat":[604714667],"product_tag":[],"class_list":{"0":"post-16980","1":"product","2":"type-product","3":"status-publish","4":"has-post-thumbnail","6":"product_cat-valmiit_tuotteet","7":"product_shipping_class-paketti","9":"first","10":"outofstock","11":"taxable","12":"shipping-taxable","13":"purchasable","14":"product-type-simple"},"yoast_head":"<!-- This site is optimized with the Yoast SEO plugin v27.2 - https:\/\/yoast.com\/product\/yoast-seo-wordpress\/ -->\n<title>Sisustustaulu &quot;Asiat eiv\u00e4t aina ole sit\u00e4 milt\u00e4 ne n\u00e4ytt\u00e4v\u00e4t&quot; (myyty) - Ellunhuopa<\/title>\n<meta name=\"robots\" content=\"index, follow, max-snippet:-1, max-image-preview:large, max-video-preview:-1\" \/>\n<link rel=\"canonical\" href=\"https:\/\/ellunhuopa.com\/en\/tuote\/sisustustaulu-asiat-eivat-aina-ole-sita-milta-ne-nayttavat\/\" \/>\n<meta property=\"og:locale\" content=\"en_GB\" \/>\n<meta property=\"og:type\" content=\"article\" \/>\n<meta property=\"og:title\" content=\"Sisustustaulu &quot;Asiat eiv\u00e4t aina ole sit\u00e4 milt\u00e4 ne n\u00e4ytt\u00e4v\u00e4t&quot; (myyty) - Ellunhuopa\" \/>\n<meta property=\"og:description\" content=\"Luo kodin tunnelmaa t\u00e4ll\u00e4 taululla joka tekee asunnostasi kodikkaan, ja hieman erikoisemman.  Uniikki villamaalaus m\u00e4rk\u00e4- ja neulahuovutustekniikalla. Kehykset ovat thehdyt harmaasta laudasta, mik\u00e4 yh\u00e4 tekee siit\u00e4 vain erikoisemman.  &nbsp;\" \/>\n<meta property=\"og:url\" content=\"https:\/\/ellunhuopa.com\/en\/tuote\/sisustustaulu-asiat-eivat-aina-ole-sita-milta-ne-nayttavat\/\" \/>\n<meta property=\"og:site_name\" content=\"Ellunhuopa\" \/>\n<meta property=\"article:publisher\" content=\"https:\/\/www.facebook.com\/ellunhuopa\/?ref=bookmarks\" \/>\n<meta property=\"article:modified_time\" content=\"2022-11-02T08:30:20+00:00\" \/>\n<meta property=\"og:image\" content=\"https:\/\/i0.wp.com\/ellunhuopa.com\/wp-content\/uploads\/2020\/09\/11_20211208_124249_0006.jpg?fit=1080%2C1080&ssl=1\" \/>\n\t<meta property=\"og:image:width\" content=\"1080\" \/>\n\t<meta property=\"og:image:height\" content=\"1080\" \/>\n\t<meta property=\"og:image:type\" content=\"image\/jpeg\" \/>\n<meta name=\"twitter:card\" content=\"summary_large_image\" \/>\n<script type=\"application\/ld+json\" class=\"yoast-schema-graph\">{\"@context\":\"https:\/\/schema.org\",\"@graph\":[{\"@type\":\"WebPage\",\"@id\":\"https:\/\/ellunhuopa.com\/en\/tuote\/sisustustaulu-asiat-eivat-aina-ole-sita-milta-ne-nayttavat\/\",\"url\":\"https:\/\/ellunhuopa.com\/en\/tuote\/sisustustaulu-asiat-eivat-aina-ole-sita-milta-ne-nayttavat\/\",\"name\":\"Sisustustaulu \\\"Asiat eiv\u00e4t aina ole sit\u00e4 milt\u00e4 ne n\u00e4ytt\u00e4v\u00e4t\\\" (myyty) - Ellunhuopa\",\"isPartOf\":{\"@id\":\"https:\/\/ellunhuopa.com\/#website\"},\"primaryImageOfPage\":{\"@id\":\"https:\/\/ellunhuopa.com\/en\/tuote\/sisustustaulu-asiat-eivat-aina-ole-sita-milta-ne-nayttavat\/#primaryimage\"},\"image\":{\"@id\":\"https:\/\/ellunhuopa.com\/en\/tuote\/sisustustaulu-asiat-eivat-aina-ole-sita-milta-ne-nayttavat\/#primaryimage\"},\"thumbnailUrl\":\"https:\/\/i0.wp.com\/ellunhuopa.com\/wp-content\/uploads\/2020\/09\/11_20211208_124249_0006.jpg?fit=1080%2C1080&ssl=1\",\"datePublished\":\"2020-09-12T16:23:35+00:00\",\"dateModified\":\"2022-11-02T08:30:20+00:00\",\"breadcrumb\":{\"@id\":\"https:\/\/ellunhuopa.com\/en\/tuote\/sisustustaulu-asiat-eivat-aina-ole-sita-milta-ne-nayttavat\/#breadcrumb\"},\"inLanguage\":\"en-GB\",\"potentialAction\":[{\"@type\":\"ReadAction\",\"target\":[\"https:\/\/ellunhuopa.com\/en\/tuote\/sisustustaulu-asiat-eivat-aina-ole-sita-milta-ne-nayttavat\/\"]}]},{\"@type\":\"ImageObject\",\"inLanguage\":\"en-GB\",\"@id\":\"https:\/\/ellunhuopa.com\/en\/tuote\/sisustustaulu-asiat-eivat-aina-ole-sita-milta-ne-nayttavat\/#primaryimage\",\"url\":\"https:\/\/i0.wp.com\/ellunhuopa.com\/wp-content\/uploads\/2020\/09\/11_20211208_124249_0006.jpg?fit=1080%2C1080&ssl=1\",\"contentUrl\":\"https:\/\/i0.wp.com\/ellunhuopa.com\/wp-content\/uploads\/2020\/09\/11_20211208_124249_0006.jpg?fit=1080%2C1080&ssl=1\",\"width\":1080,\"height\":1080},{\"@type\":\"BreadcrumbList\",\"@id\":\"https:\/\/ellunhuopa.com\/en\/tuote\/sisustustaulu-asiat-eivat-aina-ole-sita-milta-ne-nayttavat\/#breadcrumb\",\"itemListElement\":[{\"@type\":\"ListItem\",\"position\":1,\"name\":\"Home\",\"item\":\"https:\/\/ellunhuopa.com\/\"},{\"@type\":\"ListItem\",\"position\":2,\"name\":\"Puoti\",\"item\":\"https:\/\/ellunhuopa.com\/puoti\/\"},{\"@type\":\"ListItem\",\"position\":3,\"name\":\"Sisustustaulu &#8221;Asiat eiv\u00e4t aina ole sit\u00e4 milt\u00e4 ne n\u00e4ytt\u00e4v\u00e4t&#8221; (myyty)\"}]},{\"@type\":\"WebSite\",\"@id\":\"https:\/\/ellunhuopa.com\/#website\",\"url\":\"https:\/\/ellunhuopa.com\/\",\"name\":\"ELLU - Wool Art\",\"description\":\"Ellunhuopa - Elena Bondar\",\"publisher\":{\"@id\":\"https:\/\/ellunhuopa.com\/#organization\"},\"potentialAction\":[{\"@type\":\"SearchAction\",\"target\":{\"@type\":\"EntryPoint\",\"urlTemplate\":\"https:\/\/ellunhuopa.com\/?s={search_term_string}\"},\"query-input\":{\"@type\":\"PropertyValueSpecification\",\"valueRequired\":true,\"valueName\":\"search_term_string\"}}],\"inLanguage\":\"en-GB\"},{\"@type\":\"Organization\",\"@id\":\"https:\/\/ellunhuopa.com\/#organization\",\"name\":\"Ellunhuopa\",\"url\":\"https:\/\/ellunhuopa.com\/\",\"logo\":{\"@type\":\"ImageObject\",\"inLanguage\":\"en-GB\",\"@id\":\"https:\/\/ellunhuopa.com\/#\/schema\/logo\/image\/\",\"url\":\"https:\/\/ellunhuopa.com\/wp-content\/uploads\/2018\/02\/cropped-ellu_logo_ellunhuopa_netti.jpg\",\"contentUrl\":\"https:\/\/ellunhuopa.com\/wp-content\/uploads\/2018\/02\/cropped-ellu_logo_ellunhuopa_netti.jpg\",\"width\":348,\"height\":348,\"caption\":\"Ellunhuopa\"},\"image\":{\"@id\":\"https:\/\/ellunhuopa.com\/#\/schema\/logo\/image\/\"},\"sameAs\":[\"https:\/\/www.facebook.com\/ellunhuopa\/?ref=bookmarks\",\"https:\/\/www.instagram.com\/ellunhuopa\/\",\"https:\/\/www.youtube.com\/channel\/UCN8xrsHRIySLYr-66w-DUPg\"]}]}<\/script>\n<!-- \/ Yoast SEO plugin. -->","yoast_head_json":{"title":"Sisustustaulu \"Asiat eiv\u00e4t aina ole sit\u00e4 milt\u00e4 ne n\u00e4ytt\u00e4v\u00e4t\" (myyty) - Ellunhuopa","robots":{"index":"index","follow":"follow","max-snippet":"max-snippet:-1","max-image-preview":"max-image-preview:large","max-video-preview":"max-video-preview:-1"},"canonical":"https:\/\/ellunhuopa.com\/en\/tuote\/sisustustaulu-asiat-eivat-aina-ole-sita-milta-ne-nayttavat\/","og_locale":"en_GB","og_type":"article","og_title":"Sisustustaulu \"Asiat eiv\u00e4t aina ole sit\u00e4 milt\u00e4 ne n\u00e4ytt\u00e4v\u00e4t\" (myyty) - Ellunhuopa","og_description":"Luo kodin tunnelmaa t\u00e4ll\u00e4 taululla joka tekee asunnostasi kodikkaan, ja hieman erikoisemman.  Uniikki villamaalaus m\u00e4rk\u00e4- ja neulahuovutustekniikalla. Kehykset ovat thehdyt harmaasta laudasta, mik\u00e4 yh\u00e4 tekee siit\u00e4 vain erikoisemman.  &nbsp;","og_url":"https:\/\/ellunhuopa.com\/en\/tuote\/sisustustaulu-asiat-eivat-aina-ole-sita-milta-ne-nayttavat\/","og_site_name":"Ellunhuopa","article_publisher":"https:\/\/www.facebook.com\/ellunhuopa\/?ref=bookmarks","article_modified_time":"2022-11-02T08:30:20+00:00","og_image":[{"width":1080,"height":1080,"url":"https:\/\/i0.wp.com\/ellunhuopa.com\/wp-content\/uploads\/2020\/09\/11_20211208_124249_0006.jpg?fit=1080%2C1080&ssl=1","type":"image\/jpeg"}],"twitter_card":"summary_large_image","schema":{"@context":"https:\/\/schema.org","@graph":[{"@type":"WebPage","@id":"https:\/\/ellunhuopa.com\/en\/tuote\/sisustustaulu-asiat-eivat-aina-ole-sita-milta-ne-nayttavat\/","url":"https:\/\/ellunhuopa.com\/en\/tuote\/sisustustaulu-asiat-eivat-aina-ole-sita-milta-ne-nayttavat\/","name":"Sisustustaulu \"Asiat eiv\u00e4t aina ole sit\u00e4 milt\u00e4 ne n\u00e4ytt\u00e4v\u00e4t\" (myyty) - Ellunhuopa","isPartOf":{"@id":"https:\/\/ellunhuopa.com\/#website"},"primaryImageOfPage":{"@id":"https:\/\/ellunhuopa.com\/en\/tuote\/sisustustaulu-asiat-eivat-aina-ole-sita-milta-ne-nayttavat\/#primaryimage"},"image":{"@id":"https:\/\/ellunhuopa.com\/en\/tuote\/sisustustaulu-asiat-eivat-aina-ole-sita-milta-ne-nayttavat\/#primaryimage"},"thumbnailUrl":"https:\/\/i0.wp.com\/ellunhuopa.com\/wp-content\/uploads\/2020\/09\/11_20211208_124249_0006.jpg?fit=1080%2C1080&ssl=1","datePublished":"2020-09-12T16:23:35+00:00","dateModified":"2022-11-02T08:30:20+00:00","breadcrumb":{"@id":"https:\/\/ellunhuopa.com\/en\/tuote\/sisustustaulu-asiat-eivat-aina-ole-sita-milta-ne-nayttavat\/#breadcrumb"},"inLanguage":"en-GB","potentialAction":[{"@type":"ReadAction","target":["https:\/\/ellunhuopa.com\/en\/tuote\/sisustustaulu-asiat-eivat-aina-ole-sita-milta-ne-nayttavat\/"]}]},{"@type":"ImageObject","inLanguage":"en-GB","@id":"https:\/\/ellunhuopa.com\/en\/tuote\/sisustustaulu-asiat-eivat-aina-ole-sita-milta-ne-nayttavat\/#primaryimage","url":"https:\/\/i0.wp.com\/ellunhuopa.com\/wp-content\/uploads\/2020\/09\/11_20211208_124249_0006.jpg?fit=1080%2C1080&ssl=1","contentUrl":"https:\/\/i0.wp.com\/ellunhuopa.com\/wp-content\/uploads\/2020\/09\/11_20211208_124249_0006.jpg?fit=1080%2C1080&ssl=1","width":1080,"height":1080},{"@type":"BreadcrumbList","@id":"https:\/\/ellunhuopa.com\/en\/tuote\/sisustustaulu-asiat-eivat-aina-ole-sita-milta-ne-nayttavat\/#breadcrumb","itemListElement":[{"@type":"ListItem","position":1,"name":"Home","item":"https:\/\/ellunhuopa.com\/"},{"@type":"ListItem","position":2,"name":"Puoti","item":"https:\/\/ellunhuopa.com\/puoti\/"},{"@type":"ListItem","position":3,"name":"Sisustustaulu &#8221;Asiat eiv\u00e4t aina ole sit\u00e4 milt\u00e4 ne n\u00e4ytt\u00e4v\u00e4t&#8221; (myyty)"}]},{"@type":"WebSite","@id":"https:\/\/ellunhuopa.com\/#website","url":"https:\/\/ellunhuopa.com\/","name":"ELLU - Wool Art","description":"Ellunhuopa - Elena Bondar","publisher":{"@id":"https:\/\/ellunhuopa.com\/#organization"},"potentialAction":[{"@type":"SearchAction","target":{"@type":"EntryPoint","urlTemplate":"https:\/\/ellunhuopa.com\/?s={search_term_string}"},"query-input":{"@type":"PropertyValueSpecification","valueRequired":true,"valueName":"search_term_string"}}],"inLanguage":"en-GB"},{"@type":"Organization","@id":"https:\/\/ellunhuopa.com\/#organization","name":"Woolrealm","url":"https:\/\/ellunhuopa.com\/","logo":{"@type":"ImageObject","inLanguage":"en-GB","@id":"https:\/\/ellunhuopa.com\/#\/schema\/logo\/image\/","url":"https:\/\/ellunhuopa.com\/wp-content\/uploads\/2018\/02\/cropped-ellu_logo_ellunhuopa_netti.jpg","contentUrl":"https:\/\/ellunhuopa.com\/wp-content\/uploads\/2018\/02\/cropped-ellu_logo_ellunhuopa_netti.jpg","width":348,"height":348,"caption":"Ellunhuopa"},"image":{"@id":"https:\/\/ellunhuopa.com\/#\/schema\/logo\/image\/"},"sameAs":["https:\/\/www.facebook.com\/ellunhuopa\/?ref=bookmarks","https:\/\/www.instagram.com\/ellunhuopa\/","https:\/\/www.youtube.com\/channel\/UCN8xrsHRIySLYr-66w-DUPg"]}]}},"jetpack_publicize_connections":[],"jetpack_sharing_enabled":true,"jetpack_likes_enabled":false,"jetpack-related-posts":[{"id":16493,"url":"https:\/\/ellunhuopa.com\/en\/product\/sisustustaulu-paivan-piristys\/","url_meta":{"origin":16980,"position":0},"title":"Decoration board \u201dDay brightening\u201d (sold)","author":"Elena Bondar","date":"May 14, 2020","format":false,"excerpt":"Create a homely atmosphere with this painting that will make your home feel cosy, and a little more special. Unique wool painting with wet and needle felting technique. The frames are thehdyt from grey board, which still makes it even more special.","rel":"","context":"Similar post","block_context":{"text":"Similar post","link":""},"img":{"alt_text":"","src":"https:\/\/i0.wp.com\/ellunhuopa.com\/wp-content\/uploads\/2020\/05\/7_20211208_124249_0002.jpg?fit=1080%2C1080&ssl=1&resize=350%2C200","width":350,"height":200,"srcset":"https:\/\/i0.wp.com\/ellunhuopa.com\/wp-content\/uploads\/2020\/05\/7_20211208_124249_0002.jpg?fit=1080%2C1080&ssl=1&resize=350%2C200 1x, https:\/\/i0.wp.com\/ellunhuopa.com\/wp-content\/uploads\/2020\/05\/7_20211208_124249_0002.jpg?fit=1080%2C1080&ssl=1&resize=525%2C300 1.5x, https:\/\/i0.wp.com\/ellunhuopa.com\/wp-content\/uploads\/2020\/05\/7_20211208_124249_0002.jpg?fit=1080%2C1080&ssl=1&resize=700%2C400 2x, https:\/\/i0.wp.com\/ellunhuopa.com\/wp-content\/uploads\/2020\/05\/7_20211208_124249_0002.jpg?fit=1080%2C1080&ssl=1&resize=1050%2C600 3x"},"classes":[]},{"id":20249,"url":"https:\/\/ellunhuopa.com\/en\/product\/huopataulu-kissa\/","url_meta":{"origin":16980,"position":1},"title":"Felt board \u201cCat\u201d (sold)","author":"Elena Bondar","date":"March 23, 2022","format":false,"excerpt":"SOLD The walls of your home can be decorated with beautiful and warm felting. With Ellun blankets, your home will be warmer and more comfortable. Unique wool painting with wet and needle felting technique. The frames are made of gray board, which still makes it just more special. Early in the morning A truly gorgeous and unique wool board that will create a dignified, cozy, and warm atmosphere in your home. \ud83c\udfa8 Felted\u2026","rel":"","context":"Similar post","block_context":{"text":"Similar post","link":""},"img":{"alt_text":"","src":"https:\/\/i0.wp.com\/ellunhuopa.com\/wp-content\/uploads\/2022\/03\/Picsart_22-03-21_09-34-04-734-e1648027693988.jpg?fit=1200%2C1200&ssl=1&resize=350%2C200","width":350,"height":200,"srcset":"https:\/\/i0.wp.com\/ellunhuopa.com\/wp-content\/uploads\/2022\/03\/Picsart_22-03-21_09-34-04-734-e1648027693988.jpg?fit=1200%2C1200&ssl=1&resize=350%2C200 1x, https:\/\/i0.wp.com\/ellunhuopa.com\/wp-content\/uploads\/2022\/03\/Picsart_22-03-21_09-34-04-734-e1648027693988.jpg?fit=1200%2C1200&ssl=1&resize=525%2C300 1.5x, https:\/\/i0.wp.com\/ellunhuopa.com\/wp-content\/uploads\/2022\/03\/Picsart_22-03-21_09-34-04-734-e1648027693988.jpg?fit=1200%2C1200&ssl=1&resize=700%2C400 2x, https:\/\/i0.wp.com\/ellunhuopa.com\/wp-content\/uploads\/2022\/03\/Picsart_22-03-21_09-34-04-734-e1648027693988.jpg?fit=1200%2C1200&ssl=1&resize=1050%2C600 3x"},"classes":[]},{"id":17115,"url":"https:\/\/ellunhuopa.com\/en\/product\/sisustustaulu-toteemi-elain\/","url_meta":{"origin":16980,"position":2},"title":"Decoration board \u201cTotem animal\u201d (sold)","author":"Ilja Bondar","date":"October 31, 2020","format":false,"excerpt":"SOLD You can decorate the walls of your home with beautiful and warm felting. With Ellunhuova's wallpapers, your home will be warmer and more cosy. Unique wool painting with wet and needle felting technique. The frames are thehdyt from grey board, which still makes it even more special.","rel":"","context":"Similar post","block_context":{"text":"Similar post","link":""},"img":{"alt_text":"","src":"https:\/\/i0.wp.com\/ellunhuopa.com\/wp-content\/uploads\/2020\/10\/9_20211208_124249_0004.jpg?fit=1080%2C1080&ssl=1&resize=350%2C200","width":350,"height":200,"srcset":"https:\/\/i0.wp.com\/ellunhuopa.com\/wp-content\/uploads\/2020\/10\/9_20211208_124249_0004.jpg?fit=1080%2C1080&ssl=1&resize=350%2C200 1x, https:\/\/i0.wp.com\/ellunhuopa.com\/wp-content\/uploads\/2020\/10\/9_20211208_124249_0004.jpg?fit=1080%2C1080&ssl=1&resize=525%2C300 1.5x, https:\/\/i0.wp.com\/ellunhuopa.com\/wp-content\/uploads\/2020\/10\/9_20211208_124249_0004.jpg?fit=1080%2C1080&ssl=1&resize=700%2C400 2x, https:\/\/i0.wp.com\/ellunhuopa.com\/wp-content\/uploads\/2020\/10\/9_20211208_124249_0004.jpg?fit=1080%2C1080&ssl=1&resize=1050%2C600 3x"},"classes":[]},{"id":19344,"url":"https:\/\/ellunhuopa.com\/en\/product\/sisustustaulu-elama-yllattaa-piilosta\/","url_meta":{"origin":16980,"position":3},"title":"Decoration board \u201cLife surprises from hiding\u201d (sold)","author":"Elena Bondar","date":"December 7, 2021","format":false,"excerpt":"SOLD You can decorate the walls of your home with beautiful and warm felting. With Ellunhuova's wallpapers, your home will be warmer and more cosy. Unique wool painting with wet and needle felting technique. The frames are thehdyt from grey board, which still makes it even more special. Life surprises you from hiding A truly stunning and unique wool painting that will create a precious, seductive, and warm atmosphere in your home. Felted...","rel":"","context":"Similar post","block_context":{"text":"Similar post","link":""},"img":{"alt_text":"","src":"https:\/\/i0.wp.com\/ellunhuopa.com\/wp-content\/uploads\/2021\/12\/PicsArt_12-07-05.39.52.jpg?fit=1200%2C1200&ssl=1&resize=350%2C200","width":350,"height":200,"srcset":"https:\/\/i0.wp.com\/ellunhuopa.com\/wp-content\/uploads\/2021\/12\/PicsArt_12-07-05.39.52.jpg?fit=1200%2C1200&ssl=1&resize=350%2C200 1x, https:\/\/i0.wp.com\/ellunhuopa.com\/wp-content\/uploads\/2021\/12\/PicsArt_12-07-05.39.52.jpg?fit=1200%2C1200&ssl=1&resize=525%2C300 1.5x, https:\/\/i0.wp.com\/ellunhuopa.com\/wp-content\/uploads\/2021\/12\/PicsArt_12-07-05.39.52.jpg?fit=1200%2C1200&ssl=1&resize=700%2C400 2x, https:\/\/i0.wp.com\/ellunhuopa.com\/wp-content\/uploads\/2021\/12\/PicsArt_12-07-05.39.52.jpg?fit=1200%2C1200&ssl=1&resize=1050%2C600 3x"},"classes":[]},{"id":19909,"url":"https:\/\/ellunhuopa.com\/en\/product\/metsan-ammattilainen\/","url_meta":{"origin":16980,"position":4},"title":"Interior painting board \u201cForest professional\u201d (sold)","author":"Elena Bondar","date":"February 13, 2022","format":false,"excerpt":"SOLD The walls of your home can be decorated with beautiful and warm felting. With Ellun blankets, your home will be warmer and more comfortable. Unique wool painting with wet and needle felting technique. The frames are made of gray board, which still makes it just more special. A forest professional A truly wonderful and unique wool board that creates a dignified, cozy and warm atmosphere in your home. Felted durable\u2026","rel":"","context":"Similar post","block_context":{"text":"Similar post","link":""},"img":{"alt_text":"","src":"https:\/\/i0.wp.com\/ellunhuopa.com\/wp-content\/uploads\/2022\/02\/Picsart_22-02-11_14-11-15-144-e1644774412168.jpg?fit=1200%2C1200&ssl=1&resize=350%2C200","width":350,"height":200,"srcset":"https:\/\/i0.wp.com\/ellunhuopa.com\/wp-content\/uploads\/2022\/02\/Picsart_22-02-11_14-11-15-144-e1644774412168.jpg?fit=1200%2C1200&ssl=1&resize=350%2C200 1x, https:\/\/i0.wp.com\/ellunhuopa.com\/wp-content\/uploads\/2022\/02\/Picsart_22-02-11_14-11-15-144-e1644774412168.jpg?fit=1200%2C1200&ssl=1&resize=525%2C300 1.5x, https:\/\/i0.wp.com\/ellunhuopa.com\/wp-content\/uploads\/2022\/02\/Picsart_22-02-11_14-11-15-144-e1644774412168.jpg?fit=1200%2C1200&ssl=1&resize=700%2C400 2x, https:\/\/i0.wp.com\/ellunhuopa.com\/wp-content\/uploads\/2022\/02\/Picsart_22-02-11_14-11-15-144-e1644774412168.jpg?fit=1200%2C1200&ssl=1&resize=1050%2C600 3x"},"classes":[]},{"id":19869,"url":"https:\/\/ellunhuopa.com\/en\/product\/huopataulu-vuoret-ovat-vallan-vartijoita\/","url_meta":{"origin":16980,"position":5},"title":"Felt board \u201dThe mountains are the guardians of power\u201d (sold)","author":"Ilja Bondar","date":"February 9, 2022","format":false,"excerpt":"You can decorate the walls of your home with beautiful and warm felting. With Ellunhuova's wallpapers, your home will be warmer and more cosy. Unique wool painting with wet and needle felting technique. The frames are thehdyt from grey board, which still makes it even more special. The mountains are the guardians of power A truly stunning and unique wool painting that will create a precious, seductive, and warm atmosphere in your home. \ud83c\udfa8...","rel":"","context":"Similar post","block_context":{"text":"Similar post","link":""},"img":{"alt_text":"","src":"https:\/\/i0.wp.com\/ellunhuopa.com\/wp-content\/uploads\/2022\/02\/20220310_101619_0000.jpg?fit=1080%2C1080&ssl=1&resize=350%2C200","width":350,"height":200,"srcset":"https:\/\/i0.wp.com\/ellunhuopa.com\/wp-content\/uploads\/2022\/02\/20220310_101619_0000.jpg?fit=1080%2C1080&ssl=1&resize=350%2C200 1x, https:\/\/i0.wp.com\/ellunhuopa.com\/wp-content\/uploads\/2022\/02\/20220310_101619_0000.jpg?fit=1080%2C1080&ssl=1&resize=525%2C300 1.5x, https:\/\/i0.wp.com\/ellunhuopa.com\/wp-content\/uploads\/2022\/02\/20220310_101619_0000.jpg?fit=1080%2C1080&ssl=1&resize=700%2C400 2x, https:\/\/i0.wp.com\/ellunhuopa.com\/wp-content\/uploads\/2022\/02\/20220310_101619_0000.jpg?fit=1080%2C1080&ssl=1&resize=1050%2C600 3x"},"classes":[]}],"_links":{"self":[{"href":"https:\/\/ellunhuopa.com\/en\/wp-json\/wp\/v2\/product\/16980","targetHints":{"allow":["GET"]}}],"collection":[{"href":"https:\/\/ellunhuopa.com\/en\/wp-json\/wp\/v2\/product"}],"about":[{"href":"https:\/\/ellunhuopa.com\/en\/wp-json\/wp\/v2\/types\/product"}],"replies":[{"embeddable":true,"href":"https:\/\/ellunhuopa.com\/en\/wp-json\/wp\/v2\/comments?post=16980"}],"wp:featuredmedia":[{"embeddable":true,"href":"https:\/\/ellunhuopa.com\/en\/wp-json\/wp\/v2\/media\/19381"}],"wp:attachment":[{"href":"https:\/\/ellunhuopa.com\/en\/wp-json\/wp\/v2\/media?parent=16980"}],"wp:term":[{"taxonomy":"product_brand","embeddable":true,"href":"https:\/\/ellunhuopa.com\/en\/wp-json\/wp\/v2\/product_brand?post=16980"},{"taxonomy":"product_cat","embeddable":true,"href":"https:\/\/ellunhuopa.com\/en\/wp-json\/wp\/v2\/product_cat?post=16980"},{"taxonomy":"product_tag","embeddable":true,"href":"https:\/\/ellunhuopa.com\/en\/wp-json\/wp\/v2\/product_tag?post=16980"}],"curies":[{"name":"wp","href":"https:\/\/api.w.org\/{rel}","templated":true}]}}