{"id":17115,"date":"2020-10-31T16:18:20","date_gmt":"2020-10-31T14:18:20","guid":{"rendered":"https:\/\/ellunhuopa.com\/?post_type=product&#038;p=17115"},"modified":"2022-01-28T16:48:27","modified_gmt":"2022-01-28T14:48:27","slug":"sisustustaulu-toteemi-elain","status":"publish","type":"product","link":"https:\/\/ellunhuopa.com\/en\/product\/sisustustaulu-toteemi-elain\/","title":{"rendered":"Decoration board \u201cTotem animal\u201d (sold)"},"content":{"rendered":"<p>Create a home atmosphere with this board that will make your apartment cozy, and a little more special!<\/p>\n<p>Art invigorates, comforts, delights\u2026 The colors of Vila last for decades, so this handmade painting retains its value perfectly. The painting is suitable for a wide variety of homes and works great as a slightly unique gift. This felt board arouses a lot of interest in the closeness of nature and the beauty of the world.<\/p>\n<p>The felt board does not require any special care, it is enough as long as you remember to wipe the dust!<\/p>\n<p>Internal dimensions 95 x 60cm.<\/p>\n<p>When placing a felt board, it is important to remember that direct sunlight and moisture are harmful to the materials on the board. Therefore, wool painting, like other drawn paintings, should never be placed opposite a window, in a damp room or directly on top of a radiator.<\/p>\n<div id=\"v-HHqfXeGQ-1\" class=\"video-player\"><iframe title='VideoPress Video Player' aria-label='VideoPress Video Player' width='400' height='224' src='https:\/\/videopress.com\/embed\/HHqfXeGQ?hd=1&amp;cover=1&amp;loop=0&amp;autoPlay=0&amp;permalink=1&amp;muted=0&amp;controls=1&amp;playsinline=0&amp;useAverageColor=0&amp;preloadContent=metadata' frameborder='0' allowfullscreen data-resize-to-parent=\"true\" allow='clipboard-write'><\/iframe><script data-jetpack-boost=\"ignore\" src='https:\/\/s0.wp.com\/wp-content\/plugins\/video\/assets\/js\/next\/videopress-iframe.js'><\/script><\/div>","protected":false},"excerpt":{"rendered":"<p>SOLD<\/p>\n<p>The walls of the home can be decorated with beautiful and warm felting. With Ellun blankets, your home will be warmer and more comfortable.<\/p>\n<p>Unique wool painting with wet and needle felting technique. The frames are made of gray board, which still makes it just more special.<\/p>","protected":false},"featured_media":19382,"comment_status":"open","ping_status":"closed","template":"","meta":{"jetpack_publicize_message":"","jetpack_publicize_feature_enabled":true,"jetpack_social_post_already_shared":true,"jetpack_social_options":{"image_generator_settings":{"template":"highway","default_image_id":0,"font":"","enabled":false},"version":2},"_wpas_customize_per_network":false},"product_brand":[],"product_cat":[604714667],"product_tag":[],"class_list":{"0":"post-17115","1":"product","2":"type-product","3":"status-publish","4":"has-post-thumbnail","6":"product_cat-valmiit_tuotteet","7":"product_shipping_class-paketti","9":"first","10":"outofstock","11":"taxable","12":"shipping-taxable","13":"purchasable","14":"product-type-simple"},"yoast_head":"<!-- This site is optimized with the Yoast SEO plugin v27.4 - https:\/\/yoast.com\/product\/yoast-seo-wordpress\/ -->\n<title>Sisustustaulu &quot;Toteemi el\u00e4in&quot; (myyty) - Ellunhuopa<\/title>\n<meta name=\"robots\" content=\"index, follow, max-snippet:-1, max-image-preview:large, max-video-preview:-1\" \/>\n<link rel=\"canonical\" href=\"https:\/\/ellunhuopa.com\/en\/product\/sisustustaulu-toteemi-elain\/\" \/>\n<meta property=\"og:locale\" content=\"en_GB\" \/>\n<meta property=\"og:type\" content=\"article\" \/>\n<meta property=\"og:title\" content=\"Sisustustaulu &quot;Toteemi el\u00e4in&quot; (myyty) - Ellunhuopa\" \/>\n<meta property=\"og:description\" content=\"MYYTY  Kodin sein\u00e4t voi koristaa kauniilla ja l\u00e4mpimill\u00e4 huovutust\u00f6ill\u00e4. Ellunhuovan tauluilla teid\u00e4n kotinne on l\u00e4mpim\u00e4mpi ja viihtyis\u00e4mpi.  Uniikki villamaalaus m\u00e4rk\u00e4- ja neulahuovutustekniikalla. Kehykset ovat thehdyt harmaasta laudasta, mik\u00e4 yh\u00e4 tekee siit\u00e4 vain erikoisemman.\" \/>\n<meta property=\"og:url\" content=\"https:\/\/ellunhuopa.com\/en\/product\/sisustustaulu-toteemi-elain\/\" \/>\n<meta property=\"og:site_name\" content=\"Ellunhuopa\" \/>\n<meta property=\"article:publisher\" content=\"https:\/\/www.facebook.com\/ellunhuopa\/?ref=bookmarks\" \/>\n<meta property=\"article:modified_time\" content=\"2022-01-28T14:48:27+00:00\" \/>\n<meta property=\"og:image\" content=\"https:\/\/i0.wp.com\/ellunhuopa.com\/wp-content\/uploads\/2020\/10\/9_20211208_124249_0004.jpg?fit=1080%2C1080&ssl=1\" \/>\n\t<meta property=\"og:image:width\" content=\"1080\" \/>\n\t<meta property=\"og:image:height\" content=\"1080\" \/>\n\t<meta property=\"og:image:type\" content=\"image\/jpeg\" \/>\n<meta name=\"twitter:card\" content=\"summary_large_image\" \/>\n<meta name=\"twitter:label1\" content=\"Estimated reading time\" \/>\n\t<meta name=\"twitter:data1\" content=\"1 minute\" \/>\n<script type=\"application\/ld+json\" class=\"yoast-schema-graph\">{\"@context\":\"https:\\\/\\\/schema.org\",\"@graph\":[{\"@type\":\"WebPage\",\"@id\":\"https:\\\/\\\/ellunhuopa.com\\\/tuote\\\/sisustustaulu-toteemi-elain\\\/\",\"url\":\"https:\\\/\\\/ellunhuopa.com\\\/tuote\\\/sisustustaulu-toteemi-elain\\\/\",\"name\":\"Sisustustaulu \\\"Toteemi el\u00e4in\\\" (myyty) - Ellunhuopa\",\"isPartOf\":{\"@id\":\"https:\\\/\\\/ellunhuopa.com\\\/#website\"},\"primaryImageOfPage\":{\"@id\":\"https:\\\/\\\/ellunhuopa.com\\\/tuote\\\/sisustustaulu-toteemi-elain\\\/#primaryimage\"},\"image\":{\"@id\":\"https:\\\/\\\/ellunhuopa.com\\\/tuote\\\/sisustustaulu-toteemi-elain\\\/#primaryimage\"},\"thumbnailUrl\":\"https:\\\/\\\/i0.wp.com\\\/ellunhuopa.com\\\/wp-content\\\/uploads\\\/2020\\\/10\\\/9_20211208_124249_0004.jpg?fit=1080%2C1080&ssl=1\",\"datePublished\":\"2020-10-31T14:18:20+00:00\",\"dateModified\":\"2022-01-28T14:48:27+00:00\",\"breadcrumb\":{\"@id\":\"https:\\\/\\\/ellunhuopa.com\\\/tuote\\\/sisustustaulu-toteemi-elain\\\/#breadcrumb\"},\"inLanguage\":\"en-GB\",\"potentialAction\":[{\"@type\":\"ReadAction\",\"target\":[\"https:\\\/\\\/ellunhuopa.com\\\/tuote\\\/sisustustaulu-toteemi-elain\\\/\"]}]},{\"@type\":\"ImageObject\",\"inLanguage\":\"en-GB\",\"@id\":\"https:\\\/\\\/ellunhuopa.com\\\/tuote\\\/sisustustaulu-toteemi-elain\\\/#primaryimage\",\"url\":\"https:\\\/\\\/i0.wp.com\\\/ellunhuopa.com\\\/wp-content\\\/uploads\\\/2020\\\/10\\\/9_20211208_124249_0004.jpg?fit=1080%2C1080&ssl=1\",\"contentUrl\":\"https:\\\/\\\/i0.wp.com\\\/ellunhuopa.com\\\/wp-content\\\/uploads\\\/2020\\\/10\\\/9_20211208_124249_0004.jpg?fit=1080%2C1080&ssl=1\",\"width\":1080,\"height\":1080},{\"@type\":\"BreadcrumbList\",\"@id\":\"https:\\\/\\\/ellunhuopa.com\\\/tuote\\\/sisustustaulu-toteemi-elain\\\/#breadcrumb\",\"itemListElement\":[{\"@type\":\"ListItem\",\"position\":1,\"name\":\"Home\",\"item\":\"https:\\\/\\\/ellunhuopa.com\\\/\"},{\"@type\":\"ListItem\",\"position\":2,\"name\":\"Puoti\",\"item\":\"https:\\\/\\\/ellunhuopa.com\\\/puoti\\\/\"},{\"@type\":\"ListItem\",\"position\":3,\"name\":\"Sisustustaulu &#8221;Toteemi el\u00e4in&#8221; (myyty)\"}]},{\"@type\":\"WebSite\",\"@id\":\"https:\\\/\\\/ellunhuopa.com\\\/#website\",\"url\":\"https:\\\/\\\/ellunhuopa.com\\\/\",\"name\":\"ELLU - Wool Art\",\"description\":\"Ellunhuopa - Elena Bondar\",\"publisher\":{\"@id\":\"https:\\\/\\\/ellunhuopa.com\\\/#organization\"},\"potentialAction\":[{\"@type\":\"SearchAction\",\"target\":{\"@type\":\"EntryPoint\",\"urlTemplate\":\"https:\\\/\\\/ellunhuopa.com\\\/?s={search_term_string}\"},\"query-input\":{\"@type\":\"PropertyValueSpecification\",\"valueRequired\":true,\"valueName\":\"search_term_string\"}}],\"inLanguage\":\"en-GB\"},{\"@type\":\"Organization\",\"@id\":\"https:\\\/\\\/ellunhuopa.com\\\/#organization\",\"name\":\"Ellunhuopa\",\"url\":\"https:\\\/\\\/ellunhuopa.com\\\/\",\"logo\":{\"@type\":\"ImageObject\",\"inLanguage\":\"en-GB\",\"@id\":\"https:\\\/\\\/ellunhuopa.com\\\/#\\\/schema\\\/logo\\\/image\\\/\",\"url\":\"https:\\\/\\\/ellunhuopa.com\\\/wp-content\\\/uploads\\\/2018\\\/02\\\/cropped-ellu_logo_ellunhuopa_netti.jpg\",\"contentUrl\":\"https:\\\/\\\/ellunhuopa.com\\\/wp-content\\\/uploads\\\/2018\\\/02\\\/cropped-ellu_logo_ellunhuopa_netti.jpg\",\"width\":348,\"height\":348,\"caption\":\"Ellunhuopa\"},\"image\":{\"@id\":\"https:\\\/\\\/ellunhuopa.com\\\/#\\\/schema\\\/logo\\\/image\\\/\"},\"sameAs\":[\"https:\\\/\\\/www.facebook.com\\\/ellunhuopa\\\/?ref=bookmarks\",\"https:\\\/\\\/www.instagram.com\\\/ellunhuopa\\\/\",\"https:\\\/\\\/www.youtube.com\\\/channel\\\/UCN8xrsHRIySLYr-66w-DUPg\"]}]}<\/script>\n<!-- \/ Yoast SEO plugin. -->","yoast_head_json":{"title":"Sisustustaulu \"Toteemi el\u00e4in\" (myyty) - Ellunhuopa","robots":{"index":"index","follow":"follow","max-snippet":"max-snippet:-1","max-image-preview":"max-image-preview:large","max-video-preview":"max-video-preview:-1"},"canonical":"https:\/\/ellunhuopa.com\/en\/product\/sisustustaulu-toteemi-elain\/","og_locale":"en_GB","og_type":"article","og_title":"Sisustustaulu \"Toteemi el\u00e4in\" (myyty) - Ellunhuopa","og_description":"MYYTY  Kodin sein\u00e4t voi koristaa kauniilla ja l\u00e4mpimill\u00e4 huovutust\u00f6ill\u00e4. Ellunhuovan tauluilla teid\u00e4n kotinne on l\u00e4mpim\u00e4mpi ja viihtyis\u00e4mpi.  Uniikki villamaalaus m\u00e4rk\u00e4- ja neulahuovutustekniikalla. Kehykset ovat thehdyt harmaasta laudasta, mik\u00e4 yh\u00e4 tekee siit\u00e4 vain erikoisemman.","og_url":"https:\/\/ellunhuopa.com\/en\/product\/sisustustaulu-toteemi-elain\/","og_site_name":"Ellunhuopa","article_publisher":"https:\/\/www.facebook.com\/ellunhuopa\/?ref=bookmarks","article_modified_time":"2022-01-28T14:48:27+00:00","og_image":[{"width":1080,"height":1080,"url":"https:\/\/i0.wp.com\/ellunhuopa.com\/wp-content\/uploads\/2020\/10\/9_20211208_124249_0004.jpg?fit=1080%2C1080&ssl=1","type":"image\/jpeg"}],"twitter_card":"summary_large_image","twitter_misc":{"Estimated reading time":"1 minute"},"schema":{"@context":"https:\/\/schema.org","@graph":[{"@type":"WebPage","@id":"https:\/\/ellunhuopa.com\/tuote\/sisustustaulu-toteemi-elain\/","url":"https:\/\/ellunhuopa.com\/tuote\/sisustustaulu-toteemi-elain\/","name":"Sisustustaulu \"Toteemi el\u00e4in\" (myyty) - Ellunhuopa","isPartOf":{"@id":"https:\/\/ellunhuopa.com\/#website"},"primaryImageOfPage":{"@id":"https:\/\/ellunhuopa.com\/tuote\/sisustustaulu-toteemi-elain\/#primaryimage"},"image":{"@id":"https:\/\/ellunhuopa.com\/tuote\/sisustustaulu-toteemi-elain\/#primaryimage"},"thumbnailUrl":"https:\/\/i0.wp.com\/ellunhuopa.com\/wp-content\/uploads\/2020\/10\/9_20211208_124249_0004.jpg?fit=1080%2C1080&ssl=1","datePublished":"2020-10-31T14:18:20+00:00","dateModified":"2022-01-28T14:48:27+00:00","breadcrumb":{"@id":"https:\/\/ellunhuopa.com\/tuote\/sisustustaulu-toteemi-elain\/#breadcrumb"},"inLanguage":"en-GB","potentialAction":[{"@type":"ReadAction","target":["https:\/\/ellunhuopa.com\/tuote\/sisustustaulu-toteemi-elain\/"]}]},{"@type":"ImageObject","inLanguage":"en-GB","@id":"https:\/\/ellunhuopa.com\/tuote\/sisustustaulu-toteemi-elain\/#primaryimage","url":"https:\/\/i0.wp.com\/ellunhuopa.com\/wp-content\/uploads\/2020\/10\/9_20211208_124249_0004.jpg?fit=1080%2C1080&ssl=1","contentUrl":"https:\/\/i0.wp.com\/ellunhuopa.com\/wp-content\/uploads\/2020\/10\/9_20211208_124249_0004.jpg?fit=1080%2C1080&ssl=1","width":1080,"height":1080},{"@type":"BreadcrumbList","@id":"https:\/\/ellunhuopa.com\/tuote\/sisustustaulu-toteemi-elain\/#breadcrumb","itemListElement":[{"@type":"ListItem","position":1,"name":"Home","item":"https:\/\/ellunhuopa.com\/"},{"@type":"ListItem","position":2,"name":"Puoti","item":"https:\/\/ellunhuopa.com\/puoti\/"},{"@type":"ListItem","position":3,"name":"Sisustustaulu &#8221;Toteemi el\u00e4in&#8221; (myyty)"}]},{"@type":"WebSite","@id":"https:\/\/ellunhuopa.com\/#website","url":"https:\/\/ellunhuopa.com\/","name":"ELLU - Wool Art","description":"Ellunhuopa - Elena Bondar","publisher":{"@id":"https:\/\/ellunhuopa.com\/#organization"},"potentialAction":[{"@type":"SearchAction","target":{"@type":"EntryPoint","urlTemplate":"https:\/\/ellunhuopa.com\/?s={search_term_string}"},"query-input":{"@type":"PropertyValueSpecification","valueRequired":true,"valueName":"search_term_string"}}],"inLanguage":"en-GB"},{"@type":"Organization","@id":"https:\/\/ellunhuopa.com\/#organization","name":"Woolrealm","url":"https:\/\/ellunhuopa.com\/","logo":{"@type":"ImageObject","inLanguage":"en-GB","@id":"https:\/\/ellunhuopa.com\/#\/schema\/logo\/image\/","url":"https:\/\/ellunhuopa.com\/wp-content\/uploads\/2018\/02\/cropped-ellu_logo_ellunhuopa_netti.jpg","contentUrl":"https:\/\/ellunhuopa.com\/wp-content\/uploads\/2018\/02\/cropped-ellu_logo_ellunhuopa_netti.jpg","width":348,"height":348,"caption":"Ellunhuopa"},"image":{"@id":"https:\/\/ellunhuopa.com\/#\/schema\/logo\/image\/"},"sameAs":["https:\/\/www.facebook.com\/ellunhuopa\/?ref=bookmarks","https:\/\/www.instagram.com\/ellunhuopa\/","https:\/\/www.youtube.com\/channel\/UCN8xrsHRIySLYr-66w-DUPg"]}]}},"jetpack_publicize_connections":[],"jetpack_sharing_enabled":true,"jetpack_likes_enabled":false,"jetpack-related-posts":[{"id":19317,"url":"https:\/\/ellunhuopa.com\/en\/product\/sisustustaulu-puhdistava-valo-myyty\/","url_meta":{"origin":17115,"position":0},"title":"Interior cleaning board \u201cCleansing light\u201d (sold)","author":"Elena Bondar","date":"November 26, 2021","format":false,"excerpt":"SOLD You can decorate the walls of your home with beautiful and warm felting. With Ellunhuova's wallpapers, your home will be warmer and more cosy. Unique wool painting with wet and needle felting technique. The frames are thehdyt from grey board, which still makes it even more special.","rel":"","context":"Similar post","block_context":{"text":"Similar post","link":""},"img":{"alt_text":"","src":"https:\/\/i0.wp.com\/ellunhuopa.com\/wp-content\/uploads\/2021\/11\/5_20211208_124249_0000.jpg?fit=1080%2C1080&ssl=1&resize=350%2C200","width":350,"height":200,"srcset":"https:\/\/i0.wp.com\/ellunhuopa.com\/wp-content\/uploads\/2021\/11\/5_20211208_124249_0000.jpg?fit=1080%2C1080&ssl=1&resize=350%2C200 1x, https:\/\/i0.wp.com\/ellunhuopa.com\/wp-content\/uploads\/2021\/11\/5_20211208_124249_0000.jpg?fit=1080%2C1080&ssl=1&resize=525%2C300 1.5x, https:\/\/i0.wp.com\/ellunhuopa.com\/wp-content\/uploads\/2021\/11\/5_20211208_124249_0000.jpg?fit=1080%2C1080&ssl=1&resize=700%2C400 2x, https:\/\/i0.wp.com\/ellunhuopa.com\/wp-content\/uploads\/2021\/11\/5_20211208_124249_0000.jpg?fit=1080%2C1080&ssl=1&resize=1050%2C600 3x"},"classes":[]},{"id":19312,"url":"https:\/\/ellunhuopa.com\/en\/product\/sisustustaulu-sieluni-kehto\/","url_meta":{"origin":17115,"position":1},"title":"Decoration board \u201cThe cradle of my soul\u201d (sold)","author":"Elena Bondar","date":"November 26, 2021","format":false,"excerpt":"SOLD You can decorate the walls of your home with beautiful and warm felting. With Ellunhuova's wallpapers, your home will be warmer and more cosy. Unique wool painting with wet and needle felting technique. The frames are thehdyt from grey board, which still makes it even more special.","rel":"","context":"Similar post","block_context":{"text":"Similar post","link":""},"img":{"alt_text":"","src":"https:\/\/i0.wp.com\/ellunhuopa.com\/wp-content\/uploads\/2021\/11\/IMG_20211208_135436.jpg?fit=998%2C999&ssl=1&resize=350%2C200","width":350,"height":200,"srcset":"https:\/\/i0.wp.com\/ellunhuopa.com\/wp-content\/uploads\/2021\/11\/IMG_20211208_135436.jpg?fit=998%2C999&ssl=1&resize=350%2C200 1x, https:\/\/i0.wp.com\/ellunhuopa.com\/wp-content\/uploads\/2021\/11\/IMG_20211208_135436.jpg?fit=998%2C999&ssl=1&resize=525%2C300 1.5x, https:\/\/i0.wp.com\/ellunhuopa.com\/wp-content\/uploads\/2021\/11\/IMG_20211208_135436.jpg?fit=998%2C999&ssl=1&resize=700%2C400 2x"},"classes":[]},{"id":19315,"url":"https:\/\/ellunhuopa.com\/en\/product\/sisustustaulu-nukkuva-karhu\/","url_meta":{"origin":17115,"position":2},"title":"Decorating board \u201cSleeping Bear\u201d (sold)","author":"Elena Bondar","date":"November 26, 2021","format":false,"excerpt":"SOLD You can decorate the walls of your home with beautiful and warm felting. With Ellunhuova's wallpapers, your home will be warmer and more cosy. Unique wool painting with wet and needle felting technique. The frames are thehdyt from grey board, which still makes it even more special.","rel":"","context":"Similar post","block_context":{"text":"Similar post","link":""},"img":{"alt_text":"","src":"https:\/\/i0.wp.com\/ellunhuopa.com\/wp-content\/uploads\/2021\/11\/6_20211208_124249_0001.jpg?fit=1080%2C1080&ssl=1&resize=350%2C200","width":350,"height":200,"srcset":"https:\/\/i0.wp.com\/ellunhuopa.com\/wp-content\/uploads\/2021\/11\/6_20211208_124249_0001.jpg?fit=1080%2C1080&ssl=1&resize=350%2C200 1x, https:\/\/i0.wp.com\/ellunhuopa.com\/wp-content\/uploads\/2021\/11\/6_20211208_124249_0001.jpg?fit=1080%2C1080&ssl=1&resize=525%2C300 1.5x, https:\/\/i0.wp.com\/ellunhuopa.com\/wp-content\/uploads\/2021\/11\/6_20211208_124249_0001.jpg?fit=1080%2C1080&ssl=1&resize=700%2C400 2x, https:\/\/i0.wp.com\/ellunhuopa.com\/wp-content\/uploads\/2021\/11\/6_20211208_124249_0001.jpg?fit=1080%2C1080&ssl=1&resize=1050%2C600 3x"},"classes":[]},{"id":19316,"url":"https:\/\/ellunhuopa.com\/en\/product\/sisustustaulu-golden-hour\/","url_meta":{"origin":17115,"position":3},"title":"Interior decoration table \u201cGolden hour\u201d (sold)","author":"Elena Bondar","date":"November 26, 2021","format":false,"excerpt":"SOLD You can decorate the walls of your home with beautiful and warm felting. With Ellunhuova's wallpapers, your home will be warmer and more cosy. Unique wool painting with wet and needle felting technique. The frames are thehdyt from grey board, which still makes it even more special.","rel":"","context":"Similar post","block_context":{"text":"Similar post","link":""},"img":{"alt_text":"","src":"https:\/\/i0.wp.com\/ellunhuopa.com\/wp-content\/uploads\/2021\/11\/10_20211208_124249_0005.jpg?fit=1080%2C1080&ssl=1&resize=350%2C200","width":350,"height":200,"srcset":"https:\/\/i0.wp.com\/ellunhuopa.com\/wp-content\/uploads\/2021\/11\/10_20211208_124249_0005.jpg?fit=1080%2C1080&ssl=1&resize=350%2C200 1x, https:\/\/i0.wp.com\/ellunhuopa.com\/wp-content\/uploads\/2021\/11\/10_20211208_124249_0005.jpg?fit=1080%2C1080&ssl=1&resize=525%2C300 1.5x, https:\/\/i0.wp.com\/ellunhuopa.com\/wp-content\/uploads\/2021\/11\/10_20211208_124249_0005.jpg?fit=1080%2C1080&ssl=1&resize=700%2C400 2x, https:\/\/i0.wp.com\/ellunhuopa.com\/wp-content\/uploads\/2021\/11\/10_20211208_124249_0005.jpg?fit=1080%2C1080&ssl=1&resize=1050%2C600 3x"},"classes":[]},{"id":20249,"url":"https:\/\/ellunhuopa.com\/en\/product\/huopataulu-kissa\/","url_meta":{"origin":17115,"position":4},"title":"Felt board \u201cCat\u201d (sold)","author":"Elena Bondar","date":"March 23, 2022","format":false,"excerpt":"SOLD The walls of your home can be decorated with beautiful and warm felting. With Ellun blankets, your home will be warmer and more comfortable. Unique wool painting with wet and needle felting technique. The frames are made of gray board, which still makes it just more special. Early in the morning A truly gorgeous and unique wool board that will create a dignified, cozy, and warm atmosphere in your home. \ud83c\udfa8 Felted\u2026","rel":"","context":"Similar post","block_context":{"text":"Similar post","link":""},"img":{"alt_text":"","src":"https:\/\/i0.wp.com\/ellunhuopa.com\/wp-content\/uploads\/2022\/03\/Picsart_22-03-21_09-34-04-734-e1648027693988.jpg?fit=1200%2C1200&ssl=1&resize=350%2C200","width":350,"height":200,"srcset":"https:\/\/i0.wp.com\/ellunhuopa.com\/wp-content\/uploads\/2022\/03\/Picsart_22-03-21_09-34-04-734-e1648027693988.jpg?fit=1200%2C1200&ssl=1&resize=350%2C200 1x, https:\/\/i0.wp.com\/ellunhuopa.com\/wp-content\/uploads\/2022\/03\/Picsart_22-03-21_09-34-04-734-e1648027693988.jpg?fit=1200%2C1200&ssl=1&resize=525%2C300 1.5x, https:\/\/i0.wp.com\/ellunhuopa.com\/wp-content\/uploads\/2022\/03\/Picsart_22-03-21_09-34-04-734-e1648027693988.jpg?fit=1200%2C1200&ssl=1&resize=700%2C400 2x, https:\/\/i0.wp.com\/ellunhuopa.com\/wp-content\/uploads\/2022\/03\/Picsart_22-03-21_09-34-04-734-e1648027693988.jpg?fit=1200%2C1200&ssl=1&resize=1050%2C600 3x"},"classes":[]},{"id":19344,"url":"https:\/\/ellunhuopa.com\/en\/product\/sisustustaulu-elama-yllattaa-piilosta\/","url_meta":{"origin":17115,"position":5},"title":"Decoration board \u201cLife surprises from hiding\u201d (sold)","author":"Elena Bondar","date":"December 7, 2021","format":false,"excerpt":"SOLD You can decorate the walls of your home with beautiful and warm felting. With Ellunhuova's wallpapers, your home will be warmer and more cosy. Unique wool painting with wet and needle felting technique. The frames are thehdyt from grey board, which still makes it even more special. Life surprises you from hiding A truly stunning and unique wool painting that will create a precious, seductive, and warm atmosphere in your home. Felted...","rel":"","context":"Similar post","block_context":{"text":"Similar post","link":""},"img":{"alt_text":"","src":"https:\/\/i0.wp.com\/ellunhuopa.com\/wp-content\/uploads\/2021\/12\/PicsArt_12-07-05.39.52.jpg?fit=1200%2C1200&ssl=1&resize=350%2C200","width":350,"height":200,"srcset":"https:\/\/i0.wp.com\/ellunhuopa.com\/wp-content\/uploads\/2021\/12\/PicsArt_12-07-05.39.52.jpg?fit=1200%2C1200&ssl=1&resize=350%2C200 1x, https:\/\/i0.wp.com\/ellunhuopa.com\/wp-content\/uploads\/2021\/12\/PicsArt_12-07-05.39.52.jpg?fit=1200%2C1200&ssl=1&resize=525%2C300 1.5x, https:\/\/i0.wp.com\/ellunhuopa.com\/wp-content\/uploads\/2021\/12\/PicsArt_12-07-05.39.52.jpg?fit=1200%2C1200&ssl=1&resize=700%2C400 2x, https:\/\/i0.wp.com\/ellunhuopa.com\/wp-content\/uploads\/2021\/12\/PicsArt_12-07-05.39.52.jpg?fit=1200%2C1200&ssl=1&resize=1050%2C600 3x"},"classes":[]}],"_links":{"self":[{"href":"https:\/\/ellunhuopa.com\/en\/wp-json\/wp\/v2\/product\/17115","targetHints":{"allow":["GET"]}}],"collection":[{"href":"https:\/\/ellunhuopa.com\/en\/wp-json\/wp\/v2\/product"}],"about":[{"href":"https:\/\/ellunhuopa.com\/en\/wp-json\/wp\/v2\/types\/product"}],"replies":[{"embeddable":true,"href":"https:\/\/ellunhuopa.com\/en\/wp-json\/wp\/v2\/comments?post=17115"}],"wp:featuredmedia":[{"embeddable":true,"href":"https:\/\/ellunhuopa.com\/en\/wp-json\/wp\/v2\/media\/19382"}],"wp:attachment":[{"href":"https:\/\/ellunhuopa.com\/en\/wp-json\/wp\/v2\/media?parent=17115"}],"wp:term":[{"taxonomy":"product_brand","embeddable":true,"href":"https:\/\/ellunhuopa.com\/en\/wp-json\/wp\/v2\/product_brand?post=17115"},{"taxonomy":"product_cat","embeddable":true,"href":"https:\/\/ellunhuopa.com\/en\/wp-json\/wp\/v2\/product_cat?post=17115"},{"taxonomy":"product_tag","embeddable":true,"href":"https:\/\/ellunhuopa.com\/en\/wp-json\/wp\/v2\/product_tag?post=17115"}],"curies":[{"name":"wp","href":"https:\/\/api.w.org\/{rel}","templated":true}]}}