{"id":18701,"date":"2021-08-30T10:39:19","date_gmt":"2021-08-30T08:39:19","guid":{"rendered":"https:\/\/ellunhuopa.com\/?post_type=product&#038;p=18701"},"modified":"2022-05-10T08:48:06","modified_gmt":"2022-05-10T06:48:06","slug":"postikortti-asiat-eivat-aina-ole-sita-milta-ne-nayttavat","status":"publish","type":"product","link":"https:\/\/ellunhuopa.com\/en\/product\/postikortti-asiat-eivat-aina-ole-sita-milta-ne-nayttavat\/","title":{"rendered":"Postcard \u201cThings aren\u2019t always what they seem\u201d"},"content":{"rendered":"<p>By purchasing these cards, you are supporting my operations.<br \/>\nThe card is printed on hard postcard board and has a matte finish. Postcards a-6, 2 pages, grained gongueror 300 g.<\/p>\n<p>The postcards use completely chemical-free printing plate production and Bio-colors, as well as papers \/ symbols that promote climate protection.<\/p>","protected":false},"excerpt":{"rendered":"<p>Art postcards. Pictures of Ellun blanket postcards are printed on Ellu Bondar&#039;s felt boards. They describe Finland&#039;s nature with calm eyes. The work pays a lot of attention to the details of the forest and its beauty. Realistic and at the same time a bit fabulous works are full of love for nature and life.<\/p>\n<p>This postcard belongs to the same series of four cards. Buy 1pc or the whole set.<\/p>","protected":false},"featured_media":16499,"comment_status":"open","ping_status":"closed","template":"","meta":[],"product_brand":[],"product_cat":[604714875],"product_tag":[],"class_list":{"0":"post-18701","1":"product","2":"type-product","3":"status-publish","4":"has-post-thumbnail","6":"product_cat-postikortti","7":"product_shipping_class-kirje","9":"first","10":"instock","11":"taxable","12":"shipping-taxable","13":"purchasable","14":"product-type-variable"},"yoast_head":"<!-- This site is optimized with the Yoast SEO plugin v27.6 - https:\/\/yoast.com\/product\/yoast-seo-wordpress\/ -->\n<title>Postikortti \u201cAsiat eiv\u00e4t aina ole sit\u00e4 milt\u00e4 ne n\u00e4ytt\u00e4v\u00e4t\u201d - Ellunhuopa<\/title>\n<meta name=\"robots\" content=\"index, follow, max-snippet:-1, max-image-preview:large, max-video-preview:-1\" \/>\n<link rel=\"canonical\" href=\"https:\/\/ellunhuopa.com\/en\/product\/postikortti-asiat-eivat-aina-ole-sita-milta-ne-nayttavat\/\" \/>\n<meta property=\"og:locale\" content=\"en_GB\" \/>\n<meta property=\"og:type\" content=\"article\" \/>\n<meta property=\"og:title\" content=\"Postikortti \u201cAsiat eiv\u00e4t aina ole sit\u00e4 milt\u00e4 ne n\u00e4ytt\u00e4v\u00e4t\u201d - Ellunhuopa\" \/>\n<meta property=\"og:description\" content=\"Taidepostikortit. Ellunhuopa postikorttien kuvat ovat painettu Ellu Bondarin huopatauluista. Ne kuvailevat Suomen luontoa rauhallisin silmin. T\u00f6iss\u00e4 kiinnitet\u00e4\u00e4n paljon huomiota mets\u00e4n yksityiskohtiin ja sen kauneuteen. Realistiset ja samalla hieman satumaiset teokset ovat t\u00e4ynn\u00e4 rakkautta luontoa ja el\u00e4m\u00e4\u00e4 kohtaan.  T\u00e4m\u00e4 postikortti kuuluu samaan nelj\u00e4n kortin sarjaan. Osta 1kpl tai koko sarja.\" \/>\n<meta property=\"og:url\" content=\"https:\/\/ellunhuopa.com\/en\/product\/postikortti-asiat-eivat-aina-ole-sita-milta-ne-nayttavat\/\" \/>\n<meta property=\"og:site_name\" content=\"Ellunhuopa\" \/>\n<meta property=\"article:publisher\" content=\"https:\/\/www.facebook.com\/ellunhuopa\/?ref=bookmarks\" \/>\n<meta property=\"article:modified_time\" content=\"2022-05-10T06:48:06+00:00\" \/>\n<meta property=\"og:image\" content=\"https:\/\/i0.wp.com\/ellunhuopa.com\/wp-content\/uploads\/2020\/05\/sisustustaulu3-4-e1630313410400.jpg?fit=1000%2C1000&ssl=1\" \/>\n\t<meta property=\"og:image:width\" content=\"1000\" \/>\n\t<meta property=\"og:image:height\" content=\"1000\" \/>\n\t<meta property=\"og:image:type\" content=\"image\/jpeg\" \/>\n<meta name=\"twitter:card\" content=\"summary_large_image\" \/>\n<meta name=\"twitter:label1\" content=\"Estimated reading time\" \/>\n\t<meta name=\"twitter:data1\" content=\"1 minute\" \/>\n<script type=\"application\/ld+json\" class=\"yoast-schema-graph\">{\"@context\":\"https:\\\/\\\/schema.org\",\"@graph\":[{\"@type\":\"WebPage\",\"@id\":\"https:\\\/\\\/ellunhuopa.com\\\/tuote\\\/postikortti-asiat-eivat-aina-ole-sita-milta-ne-nayttavat\\\/\",\"url\":\"https:\\\/\\\/ellunhuopa.com\\\/tuote\\\/postikortti-asiat-eivat-aina-ole-sita-milta-ne-nayttavat\\\/\",\"name\":\"Postikortti \u201cAsiat eiv\u00e4t aina ole sit\u00e4 milt\u00e4 ne n\u00e4ytt\u00e4v\u00e4t\u201d - Ellunhuopa\",\"isPartOf\":{\"@id\":\"https:\\\/\\\/ellunhuopa.com\\\/#website\"},\"primaryImageOfPage\":{\"@id\":\"https:\\\/\\\/ellunhuopa.com\\\/tuote\\\/postikortti-asiat-eivat-aina-ole-sita-milta-ne-nayttavat\\\/#primaryimage\"},\"image\":{\"@id\":\"https:\\\/\\\/ellunhuopa.com\\\/tuote\\\/postikortti-asiat-eivat-aina-ole-sita-milta-ne-nayttavat\\\/#primaryimage\"},\"thumbnailUrl\":\"https:\\\/\\\/i0.wp.com\\\/ellunhuopa.com\\\/wp-content\\\/uploads\\\/2020\\\/05\\\/sisustustaulu3-4-e1630313410400.jpg?fit=1000%2C1000&ssl=1\",\"datePublished\":\"2021-08-30T08:39:19+00:00\",\"dateModified\":\"2022-05-10T06:48:06+00:00\",\"breadcrumb\":{\"@id\":\"https:\\\/\\\/ellunhuopa.com\\\/tuote\\\/postikortti-asiat-eivat-aina-ole-sita-milta-ne-nayttavat\\\/#breadcrumb\"},\"inLanguage\":\"en-GB\",\"potentialAction\":[{\"@type\":\"ReadAction\",\"target\":[\"https:\\\/\\\/ellunhuopa.com\\\/tuote\\\/postikortti-asiat-eivat-aina-ole-sita-milta-ne-nayttavat\\\/\"]}]},{\"@type\":\"ImageObject\",\"inLanguage\":\"en-GB\",\"@id\":\"https:\\\/\\\/ellunhuopa.com\\\/tuote\\\/postikortti-asiat-eivat-aina-ole-sita-milta-ne-nayttavat\\\/#primaryimage\",\"url\":\"https:\\\/\\\/i0.wp.com\\\/ellunhuopa.com\\\/wp-content\\\/uploads\\\/2020\\\/05\\\/sisustustaulu3-4-e1630313410400.jpg?fit=1000%2C1000&ssl=1\",\"contentUrl\":\"https:\\\/\\\/i0.wp.com\\\/ellunhuopa.com\\\/wp-content\\\/uploads\\\/2020\\\/05\\\/sisustustaulu3-4-e1630313410400.jpg?fit=1000%2C1000&ssl=1\",\"width\":1000,\"height\":1000},{\"@type\":\"BreadcrumbList\",\"@id\":\"https:\\\/\\\/ellunhuopa.com\\\/tuote\\\/postikortti-asiat-eivat-aina-ole-sita-milta-ne-nayttavat\\\/#breadcrumb\",\"itemListElement\":[{\"@type\":\"ListItem\",\"position\":1,\"name\":\"Home\",\"item\":\"https:\\\/\\\/ellunhuopa.com\\\/\"},{\"@type\":\"ListItem\",\"position\":2,\"name\":\"Puoti\",\"item\":\"https:\\\/\\\/ellunhuopa.com\\\/puoti\\\/\"},{\"@type\":\"ListItem\",\"position\":3,\"name\":\"Postikortti \u201cAsiat eiv\u00e4t aina ole sit\u00e4 milt\u00e4 ne n\u00e4ytt\u00e4v\u00e4t\u201d\"}]},{\"@type\":\"WebSite\",\"@id\":\"https:\\\/\\\/ellunhuopa.com\\\/#website\",\"url\":\"https:\\\/\\\/ellunhuopa.com\\\/\",\"name\":\"ELLU - Wool Art\",\"description\":\"Ellunhuopa - Elena Bondar\",\"publisher\":{\"@id\":\"https:\\\/\\\/ellunhuopa.com\\\/#organization\"},\"potentialAction\":[{\"@type\":\"SearchAction\",\"target\":{\"@type\":\"EntryPoint\",\"urlTemplate\":\"https:\\\/\\\/ellunhuopa.com\\\/?s={search_term_string}\"},\"query-input\":{\"@type\":\"PropertyValueSpecification\",\"valueRequired\":true,\"valueName\":\"search_term_string\"}}],\"inLanguage\":\"en-GB\"},{\"@type\":\"Organization\",\"@id\":\"https:\\\/\\\/ellunhuopa.com\\\/#organization\",\"name\":\"Ellunhuopa\",\"url\":\"https:\\\/\\\/ellunhuopa.com\\\/\",\"logo\":{\"@type\":\"ImageObject\",\"inLanguage\":\"en-GB\",\"@id\":\"https:\\\/\\\/ellunhuopa.com\\\/#\\\/schema\\\/logo\\\/image\\\/\",\"url\":\"https:\\\/\\\/ellunhuopa.com\\\/wp-content\\\/uploads\\\/2018\\\/02\\\/cropped-ellu_logo_ellunhuopa_netti.jpg\",\"contentUrl\":\"https:\\\/\\\/ellunhuopa.com\\\/wp-content\\\/uploads\\\/2018\\\/02\\\/cropped-ellu_logo_ellunhuopa_netti.jpg\",\"width\":348,\"height\":348,\"caption\":\"Ellunhuopa\"},\"image\":{\"@id\":\"https:\\\/\\\/ellunhuopa.com\\\/#\\\/schema\\\/logo\\\/image\\\/\"},\"sameAs\":[\"https:\\\/\\\/www.facebook.com\\\/ellunhuopa\\\/?ref=bookmarks\",\"https:\\\/\\\/www.instagram.com\\\/ellunhuopa\\\/\",\"https:\\\/\\\/www.youtube.com\\\/channel\\\/UCN8xrsHRIySLYr-66w-DUPg\"]}]}<\/script>\n<!-- \/ Yoast SEO plugin. -->","yoast_head_json":{"title":"Postikortti \u201cAsiat eiv\u00e4t aina ole sit\u00e4 milt\u00e4 ne n\u00e4ytt\u00e4v\u00e4t\u201d - Ellunhuopa","robots":{"index":"index","follow":"follow","max-snippet":"max-snippet:-1","max-image-preview":"max-image-preview:large","max-video-preview":"max-video-preview:-1"},"canonical":"https:\/\/ellunhuopa.com\/en\/product\/postikortti-asiat-eivat-aina-ole-sita-milta-ne-nayttavat\/","og_locale":"en_GB","og_type":"article","og_title":"Postikortti \u201cAsiat eiv\u00e4t aina ole sit\u00e4 milt\u00e4 ne n\u00e4ytt\u00e4v\u00e4t\u201d - Ellunhuopa","og_description":"Taidepostikortit. Ellunhuopa postikorttien kuvat ovat painettu Ellu Bondarin huopatauluista. Ne kuvailevat Suomen luontoa rauhallisin silmin. T\u00f6iss\u00e4 kiinnitet\u00e4\u00e4n paljon huomiota mets\u00e4n yksityiskohtiin ja sen kauneuteen. Realistiset ja samalla hieman satumaiset teokset ovat t\u00e4ynn\u00e4 rakkautta luontoa ja el\u00e4m\u00e4\u00e4 kohtaan.  T\u00e4m\u00e4 postikortti kuuluu samaan nelj\u00e4n kortin sarjaan. Osta 1kpl tai koko sarja.","og_url":"https:\/\/ellunhuopa.com\/en\/product\/postikortti-asiat-eivat-aina-ole-sita-milta-ne-nayttavat\/","og_site_name":"Ellunhuopa","article_publisher":"https:\/\/www.facebook.com\/ellunhuopa\/?ref=bookmarks","article_modified_time":"2022-05-10T06:48:06+00:00","og_image":[{"width":1000,"height":1000,"url":"https:\/\/i0.wp.com\/ellunhuopa.com\/wp-content\/uploads\/2020\/05\/sisustustaulu3-4-e1630313410400.jpg?fit=1000%2C1000&ssl=1","type":"image\/jpeg"}],"twitter_card":"summary_large_image","twitter_misc":{"Estimated reading time":"1 minute"},"schema":{"@context":"https:\/\/schema.org","@graph":[{"@type":"WebPage","@id":"https:\/\/ellunhuopa.com\/tuote\/postikortti-asiat-eivat-aina-ole-sita-milta-ne-nayttavat\/","url":"https:\/\/ellunhuopa.com\/tuote\/postikortti-asiat-eivat-aina-ole-sita-milta-ne-nayttavat\/","name":"Postikortti \u201cAsiat eiv\u00e4t aina ole sit\u00e4 milt\u00e4 ne n\u00e4ytt\u00e4v\u00e4t\u201d - Ellunhuopa","isPartOf":{"@id":"https:\/\/ellunhuopa.com\/#website"},"primaryImageOfPage":{"@id":"https:\/\/ellunhuopa.com\/tuote\/postikortti-asiat-eivat-aina-ole-sita-milta-ne-nayttavat\/#primaryimage"},"image":{"@id":"https:\/\/ellunhuopa.com\/tuote\/postikortti-asiat-eivat-aina-ole-sita-milta-ne-nayttavat\/#primaryimage"},"thumbnailUrl":"https:\/\/i0.wp.com\/ellunhuopa.com\/wp-content\/uploads\/2020\/05\/sisustustaulu3-4-e1630313410400.jpg?fit=1000%2C1000&ssl=1","datePublished":"2021-08-30T08:39:19+00:00","dateModified":"2022-05-10T06:48:06+00:00","breadcrumb":{"@id":"https:\/\/ellunhuopa.com\/tuote\/postikortti-asiat-eivat-aina-ole-sita-milta-ne-nayttavat\/#breadcrumb"},"inLanguage":"en-GB","potentialAction":[{"@type":"ReadAction","target":["https:\/\/ellunhuopa.com\/tuote\/postikortti-asiat-eivat-aina-ole-sita-milta-ne-nayttavat\/"]}]},{"@type":"ImageObject","inLanguage":"en-GB","@id":"https:\/\/ellunhuopa.com\/tuote\/postikortti-asiat-eivat-aina-ole-sita-milta-ne-nayttavat\/#primaryimage","url":"https:\/\/i0.wp.com\/ellunhuopa.com\/wp-content\/uploads\/2020\/05\/sisustustaulu3-4-e1630313410400.jpg?fit=1000%2C1000&ssl=1","contentUrl":"https:\/\/i0.wp.com\/ellunhuopa.com\/wp-content\/uploads\/2020\/05\/sisustustaulu3-4-e1630313410400.jpg?fit=1000%2C1000&ssl=1","width":1000,"height":1000},{"@type":"BreadcrumbList","@id":"https:\/\/ellunhuopa.com\/tuote\/postikortti-asiat-eivat-aina-ole-sita-milta-ne-nayttavat\/#breadcrumb","itemListElement":[{"@type":"ListItem","position":1,"name":"Home","item":"https:\/\/ellunhuopa.com\/"},{"@type":"ListItem","position":2,"name":"Puoti","item":"https:\/\/ellunhuopa.com\/puoti\/"},{"@type":"ListItem","position":3,"name":"Postikortti \u201cAsiat eiv\u00e4t aina ole sit\u00e4 milt\u00e4 ne n\u00e4ytt\u00e4v\u00e4t\u201d"}]},{"@type":"WebSite","@id":"https:\/\/ellunhuopa.com\/#website","url":"https:\/\/ellunhuopa.com\/","name":"ELLU - Wool Art","description":"Ellunhuopa - Elena Bondar","publisher":{"@id":"https:\/\/ellunhuopa.com\/#organization"},"potentialAction":[{"@type":"SearchAction","target":{"@type":"EntryPoint","urlTemplate":"https:\/\/ellunhuopa.com\/?s={search_term_string}"},"query-input":{"@type":"PropertyValueSpecification","valueRequired":true,"valueName":"search_term_string"}}],"inLanguage":"en-GB"},{"@type":"Organization","@id":"https:\/\/ellunhuopa.com\/#organization","name":"Woolrealm","url":"https:\/\/ellunhuopa.com\/","logo":{"@type":"ImageObject","inLanguage":"en-GB","@id":"https:\/\/ellunhuopa.com\/#\/schema\/logo\/image\/","url":"https:\/\/ellunhuopa.com\/wp-content\/uploads\/2018\/02\/cropped-ellu_logo_ellunhuopa_netti.jpg","contentUrl":"https:\/\/ellunhuopa.com\/wp-content\/uploads\/2018\/02\/cropped-ellu_logo_ellunhuopa_netti.jpg","width":348,"height":348,"caption":"Ellunhuopa"},"image":{"@id":"https:\/\/ellunhuopa.com\/#\/schema\/logo\/image\/"},"sameAs":["https:\/\/www.facebook.com\/ellunhuopa\/?ref=bookmarks","https:\/\/www.instagram.com\/ellunhuopa\/","https:\/\/www.youtube.com\/channel\/UCN8xrsHRIySLYr-66w-DUPg"]}]}},"jetpack_sharing_enabled":true,"jetpack_likes_enabled":false,"jetpack-related-posts":[{"id":10381,"url":"https:\/\/ellunhuopa.com\/en\/product\/postikortti-pollo-valk\/","url_meta":{"origin":18701,"position":0},"title":"Postcard &quot;Owl&quot;","author":"Elena Bondar","date":"July 6, 2019","format":false,"excerpt":"Art postcards. Pictures of Ellun blanket postcards are printed on Ellu Bondar&#039;s felt boards. They describe Finland&#039;s nature with calm eyes. The work pays a lot of attention to the details of the forest and its beauty. Realistic and at the same time a bit fabulous works are full of love for nature and life. This postcard belongs to the same series of four cards. Buy 1pc or the whole set.","rel":"","context":"Similar post","block_context":{"text":"Similar post","link":""},"img":{"alt_text":"","src":"https:\/\/i0.wp.com\/ellunhuopa.com\/wp-content\/uploads\/2019\/07\/ELLUNHUOPA-postikortit-P%C3%B6ll%C3%B6-e1562433094616.jpg?fit=396%2C396&ssl=1&resize=350%2C200","width":350,"height":200},"classes":[]},{"id":10406,"url":"https:\/\/ellunhuopa.com\/en\/product\/postikortti-kesamaisema\/","url_meta":{"origin":18701,"position":1},"title":"Postcard &quot;Summer Landscape&quot;","author":"Elena Bondar","date":"July 6, 2019","format":false,"excerpt":"Art postcards. Pictures of Ellun blanket postcards are printed on Ellu Bondar&#039;s felt boards. They describe Finland&#039;s nature with calm eyes. The work pays a lot of attention to the details of the forest and its beauty. Realistic and at the same time a bit fabulous works are full of love for nature and life. This postcard belongs to the same series of four cards. Buy 1pc or the whole set.","rel":"","context":"Similar post","block_context":{"text":"Similar post","link":""},"img":{"alt_text":"","src":"https:\/\/i0.wp.com\/ellunhuopa.com\/wp-content\/uploads\/2019\/07\/Postikortti-Tahko-e1562436364352.jpg?fit=396%2C396&ssl=1&resize=350%2C200","width":350,"height":200},"classes":[]},{"id":18694,"url":"https:\/\/ellunhuopa.com\/en\/product\/postikortti-sisainen-heraaminen\/","url_meta":{"origin":18701,"position":2},"title":"Postcard \u201cInternal Awakening\u201d","author":"Elena Bondar","date":"August 30, 2021","format":false,"excerpt":"Art postcards. Pictures of Ellun blanket postcards are printed on Ellu Bondar&#039;s felt boards. They describe Finland&#039;s nature with calm eyes. The work pays a lot of attention to the details of the forest and its beauty. Realistic and at the same time a bit fabulous works are full of love for nature and life. This postcard belongs to the same series of four cards. Buy 1pc or the whole set.","rel":"","context":"Similar post","block_context":{"text":"Similar post","link":""},"img":{"alt_text":"","src":"https:\/\/i0.wp.com\/ellunhuopa.com\/wp-content\/uploads\/2021\/03\/PicsArt_03-15-05.15.42-e1615821672184.jpg?fit=1200%2C1200&ssl=1&resize=350%2C200","width":350,"height":200,"srcset":"https:\/\/i0.wp.com\/ellunhuopa.com\/wp-content\/uploads\/2021\/03\/PicsArt_03-15-05.15.42-e1615821672184.jpg?fit=1200%2C1200&ssl=1&resize=350%2C200 1x, https:\/\/i0.wp.com\/ellunhuopa.com\/wp-content\/uploads\/2021\/03\/PicsArt_03-15-05.15.42-e1615821672184.jpg?fit=1200%2C1200&ssl=1&resize=525%2C300 1.5x, https:\/\/i0.wp.com\/ellunhuopa.com\/wp-content\/uploads\/2021\/03\/PicsArt_03-15-05.15.42-e1615821672184.jpg?fit=1200%2C1200&ssl=1&resize=700%2C400 2x, https:\/\/i0.wp.com\/ellunhuopa.com\/wp-content\/uploads\/2021\/03\/PicsArt_03-15-05.15.42-e1615821672184.jpg?fit=1200%2C1200&ssl=1&resize=1050%2C600 3x"},"classes":[]},{"id":18706,"url":"https:\/\/ellunhuopa.com\/en\/product\/postikortti-toteemi-elain\/","url_meta":{"origin":18701,"position":3},"title":"Postcard \u201cTotem animal\u201d","author":"Elena Bondar","date":"August 30, 2021","format":false,"excerpt":"Art postcards. Pictures of Ellun blanket postcards are printed on Ellu Bondar&#039;s felt boards. They describe Finland&#039;s nature with calm eyes. The work pays a lot of attention to the details of the forest and its beauty. Realistic and at the same time a bit fabulous works are full of love for nature and life. This postcard belongs to the same series of four cards. Buy 1pc or the whole set.","rel":"","context":"Similar post","block_context":{"text":"Similar post","link":""},"img":{"alt_text":"","src":"https:\/\/i0.wp.com\/ellunhuopa.com\/wp-content\/uploads\/2020\/10\/IMG_20201105_094659-e1604564239376.jpg?fit=1000%2C1000&ssl=1&resize=350%2C200","width":350,"height":200,"srcset":"https:\/\/i0.wp.com\/ellunhuopa.com\/wp-content\/uploads\/2020\/10\/IMG_20201105_094659-e1604564239376.jpg?fit=1000%2C1000&ssl=1&resize=350%2C200 1x, https:\/\/i0.wp.com\/ellunhuopa.com\/wp-content\/uploads\/2020\/10\/IMG_20201105_094659-e1604564239376.jpg?fit=1000%2C1000&ssl=1&resize=525%2C300 1.5x, https:\/\/i0.wp.com\/ellunhuopa.com\/wp-content\/uploads\/2020\/10\/IMG_20201105_094659-e1604564239376.jpg?fit=1000%2C1000&ssl=1&resize=700%2C400 2x"},"classes":[]},{"id":18711,"url":"https:\/\/ellunhuopa.com\/en\/product\/postikortti-sieluni-kehto\/","url_meta":{"origin":18701,"position":4},"title":"Postcard &quot;Cradle of My Soul&quot;","author":"Elena Bondar","date":"August 30, 2021","format":false,"excerpt":"Art postcards. Pictures of Ellun blanket postcards are printed on Ellu Bondar&#039;s felt boards. They describe Finland&#039;s nature with calm eyes. The work pays a lot of attention to the details of the forest and its beauty. Realistic and at the same time a bit fabulous works are full of love for nature and life. This postcard belongs to the same series of four cards. Buy 1pc or the whole set.","rel":"","context":"Similar post","block_context":{"text":"Similar post","link":""},"img":{"alt_text":"","src":"https:\/\/i0.wp.com\/ellunhuopa.com\/wp-content\/uploads\/2020\/09\/1599930741413-e1599931393372.jpg?fit=1000%2C1000&ssl=1&resize=350%2C200","width":350,"height":200,"srcset":"https:\/\/i0.wp.com\/ellunhuopa.com\/wp-content\/uploads\/2020\/09\/1599930741413-e1599931393372.jpg?fit=1000%2C1000&ssl=1&resize=350%2C200 1x, https:\/\/i0.wp.com\/ellunhuopa.com\/wp-content\/uploads\/2020\/09\/1599930741413-e1599931393372.jpg?fit=1000%2C1000&ssl=1&resize=525%2C300 1.5x, https:\/\/i0.wp.com\/ellunhuopa.com\/wp-content\/uploads\/2020\/09\/1599930741413-e1599931393372.jpg?fit=1000%2C1000&ssl=1&resize=700%2C400 2x"},"classes":[]},{"id":10398,"url":"https:\/\/ellunhuopa.com\/en\/product\/postikortti-puhdistava-valo\/","url_meta":{"origin":18701,"position":5},"title":"Postcard &quot;Cleansing Light&quot;","author":"Elena Bondar","date":"July 6, 2019","format":false,"excerpt":"Art postcards. Pictures of Ellun blanket postcards are printed on Ellu Bondar&#039;s felt boards. They describe Finland&#039;s nature with calm eyes. The work pays a lot of attention to the details of the forest and its beauty. Realistic and at the same time a bit fabulous works are full of love for nature and life. This postcard belongs to the same series of four cards. Buy 1pc or the whole set.","rel":"","context":"Similar post","block_context":{"text":"Similar post","link":""},"img":{"alt_text":"","src":"https:\/\/i0.wp.com\/ellunhuopa.com\/wp-content\/uploads\/2019\/07\/ELLUNHUOPA-postikortit-Puhdistava-valo-e1562435590920.jpg?fit=396%2C396&ssl=1&resize=350%2C200","width":350,"height":200},"classes":[]}],"_links":{"self":[{"href":"https:\/\/ellunhuopa.com\/en\/wp-json\/wp\/v2\/product\/18701","targetHints":{"allow":["GET"]}}],"collection":[{"href":"https:\/\/ellunhuopa.com\/en\/wp-json\/wp\/v2\/product"}],"about":[{"href":"https:\/\/ellunhuopa.com\/en\/wp-json\/wp\/v2\/types\/product"}],"replies":[{"embeddable":true,"href":"https:\/\/ellunhuopa.com\/en\/wp-json\/wp\/v2\/comments?post=18701"}],"wp:featuredmedia":[{"embeddable":true,"href":"https:\/\/ellunhuopa.com\/en\/wp-json\/wp\/v2\/media\/16499"}],"wp:attachment":[{"href":"https:\/\/ellunhuopa.com\/en\/wp-json\/wp\/v2\/media?parent=18701"}],"wp:term":[{"taxonomy":"product_brand","embeddable":true,"href":"https:\/\/ellunhuopa.com\/en\/wp-json\/wp\/v2\/product_brand?post=18701"},{"taxonomy":"product_cat","embeddable":true,"href":"https:\/\/ellunhuopa.com\/en\/wp-json\/wp\/v2\/product_cat?post=18701"},{"taxonomy":"product_tag","embeddable":true,"href":"https:\/\/ellunhuopa.com\/en\/wp-json\/wp\/v2\/product_tag?post=18701"}],"curies":[{"name":"wp","href":"https:\/\/api.w.org\/{rel}","templated":true}]}}