{"id":19869,"date":"2022-02-09T16:25:46","date_gmt":"2022-02-09T14:25:46","guid":{"rendered":"https:\/\/ellunhuopa.com\/?post_type=product&#038;p=19869"},"modified":"2022-11-05T10:36:10","modified_gmt":"2022-11-05T08:36:10","slug":"huopataulu-vuoret-ovat-vallan-vartijoita","status":"publish","type":"product","link":"https:\/\/ellunhuopa.com\/en\/product\/huopataulu-vuoret-ovat-vallan-vartijoita\/","title":{"rendered":"Felt board \u201dThe mountains are the guardians of power\u201d (sold)"},"content":{"rendered":"<h2 style=\"text-align: center;\">The mountains are the guards of power<\/h2>\n<p style=\"text-align: left;\">The mountains have power and can give it back to you if you are ready to receive it. I think you know this feeling of freedom, fullness and power that you feel when you are in the mountains. You know this feeling as if you have met yourself. This is exactly it! The mountains store strength and energy for development. The mountains are places of power. The mountains have carefully maintained this power for you for thousands of years. You don\u2019t have to be in the mountains to get that power. You can imagine mountains and breathe this same energy.<\/p>\n<p style=\"text-align: left;\">Don\u2019t forget to thank the mountains for this gift. <div class=\"su-divider su-divider-style-default\" style=\"margin:15px 0;border-width:3px;border-color:#999999\"><\/div>\n<h2 style=\"text-align: center;\">A painting that took time and has magic<\/h2>\n<p>Create a home atmosphere with this board that will make your apartment cozy, and a little more special!<\/p>\n<p>Art invigorates, comforts, delights\u2026 The colors of wool last for decades, so this handmade painting retains its value perfectly. The painting is suitable for a wide variety of homes and works great as a slightly unique gift. This felt board arouses a lot of interest in the closeness of nature and the beauty of the world.<\/p>\n<p>The felt board does not require any special care, it is enough as long as you remember to wipe the dust!<\/p>\n<div class=\"su-note\"  style=\"border-color:#d2d2d2;border-radius:10px;-moz-border-radius:10px;-webkit-border-radius:10px;\"><div class=\"su-note-inner su-u-clearfix su-u-trim\" style=\"background-color:#ececec;border-color:#ffffff;color:#000000;border-radius:10px;-moz-border-radius:10px;-webkit-border-radius:10px;\"><div class=\"su-list\" style=\"margin-left:0px\">\n<ul>\n<li><i class=\"sui sui-photo\" style=\"color:#9d562c\"><\/i> Size 50 x 77 cm.<\/li>\n<li><i class=\"sui sui-photo\" style=\"color:#9d562c\"><\/i> Felt painting size 40 x 67 cm.<\/li>\n<\/ul>\n<\/div><\/div><\/div>\n<p>When placing a felt board, it is important to remember that direct sunlight and moisture are harmful to the materials on the board. Therefore, wool painting, like other drawn paintings, should never be placed opposite a window, in a damp room or directly on top of a radiator.<\/p>","protected":false},"excerpt":{"rendered":"<p>The walls of the home can be decorated with beautiful and warm felting. With Ellun blankets, your home will be warmer and more comfortable.<\/p>\n<p>Unique wool painting with wet and needle felting technique. The frames are made of gray board, which still makes it just more special.<\/p>\n<p><strong>The mountains are the guards of power<\/strong><\/p>\n<p>A truly stunning and unique wool board that will create a precious, cozy, and warm atmosphere in your home.<\/p>\n<p><span class=\"_5mfr\"><span class=\"_6qdm\">\ud83c\udfa8<\/span><\/span> Felted using durable techniques using both wet and needle felting.<br \/>\nThe board has beautiful frames made of gray board.<\/p>","protected":false},"featured_media":20102,"comment_status":"closed","ping_status":"closed","template":"","meta":{"jetpack_post_was_ever_published":false,"jetpack_publicize_message":"","jetpack_publicize_feature_enabled":true,"jetpack_social_post_already_shared":true,"jetpack_social_options":{"image_generator_settings":{"template":"highway","default_image_id":0,"font":"","enabled":false},"version":2},"_wpas_customize_per_network":false},"product_brand":[],"product_cat":[604714667],"product_tag":[],"class_list":{"0":"post-19869","1":"product","2":"type-product","3":"status-publish","4":"has-post-thumbnail","6":"product_cat-valmiit_tuotteet","7":"product_shipping_class-paketti","9":"first","10":"outofstock","11":"taxable","12":"shipping-taxable","13":"purchasable","14":"product-type-simple"},"yoast_head":"<!-- This site is optimized with the Yoast SEO plugin v27.2 - https:\/\/yoast.com\/product\/yoast-seo-wordpress\/ -->\n<title>Huopataulu &quot;Vuoret ovat vallan vartijoita&quot; (myyty) - Ellunhuopa<\/title>\n<meta name=\"robots\" content=\"index, follow, max-snippet:-1, max-image-preview:large, max-video-preview:-1\" \/>\n<link rel=\"canonical\" href=\"https:\/\/ellunhuopa.com\/en\/tuote\/huopataulu-vuoret-ovat-vallan-vartijoita\/\" \/>\n<meta property=\"og:locale\" content=\"en_GB\" \/>\n<meta property=\"og:type\" content=\"article\" \/>\n<meta property=\"og:title\" content=\"Huopataulu &quot;Vuoret ovat vallan vartijoita&quot; (myyty) - Ellunhuopa\" \/>\n<meta property=\"og:description\" content=\"Kodin sein\u00e4t voi koristaa kauniilla ja l\u00e4mpimill\u00e4 huovutust\u00f6ill\u00e4. Ellunhuovan tauluilla teid\u00e4n kotinne on l\u00e4mpim\u00e4mpi ja viihtyis\u00e4mpi.  Uniikki villamaalaus m\u00e4rk\u00e4- ja neulahuovutustekniikalla. Kehykset ovat thehdyt harmaasta laudasta, mik\u00e4 yh\u00e4 tekee siit\u00e4 vain erikoisemman.  Vuoret ovat vallan vartijoita  Todella upea ja uniikki villataulu, joka luo kotiisi arvokkaan, viekkaan, ja l\u00e4mp\u00f6isen tunnelman.  \ud83c\udfa8 Huovutettu kest\u00e4v\u00e4ll\u00e4 tekniikalla k\u00e4ytt\u00e4en sek\u00e4 m\u00e4rk\u00e4 - ja neulahuovutusta. Taulussa on harmaasta laudasta valmistetut kauniit kehykset.\" \/>\n<meta property=\"og:url\" content=\"https:\/\/ellunhuopa.com\/en\/tuote\/huopataulu-vuoret-ovat-vallan-vartijoita\/\" \/>\n<meta property=\"og:site_name\" content=\"Ellunhuopa\" \/>\n<meta property=\"article:publisher\" content=\"https:\/\/www.facebook.com\/ellunhuopa\/?ref=bookmarks\" \/>\n<meta property=\"article:modified_time\" content=\"2022-11-05T08:36:10+00:00\" \/>\n<meta property=\"og:image\" content=\"https:\/\/i0.wp.com\/ellunhuopa.com\/wp-content\/uploads\/2022\/02\/20220310_101619_0000.jpg?fit=1080%2C1080&ssl=1\" \/>\n\t<meta property=\"og:image:width\" content=\"1080\" \/>\n\t<meta property=\"og:image:height\" content=\"1080\" \/>\n\t<meta property=\"og:image:type\" content=\"image\/jpeg\" \/>\n<meta name=\"twitter:card\" content=\"summary_large_image\" \/>\n<meta name=\"twitter:label1\" content=\"Estimated reading time\" \/>\n\t<meta name=\"twitter:data1\" content=\"2 minutes\" \/>\n<script type=\"application\/ld+json\" class=\"yoast-schema-graph\">{\"@context\":\"https:\/\/schema.org\",\"@graph\":[{\"@type\":\"WebPage\",\"@id\":\"https:\/\/ellunhuopa.com\/en\/tuote\/huopataulu-vuoret-ovat-vallan-vartijoita\/\",\"url\":\"https:\/\/ellunhuopa.com\/en\/tuote\/huopataulu-vuoret-ovat-vallan-vartijoita\/\",\"name\":\"Huopataulu \\\"Vuoret ovat vallan vartijoita\\\" (myyty) - Ellunhuopa\",\"isPartOf\":{\"@id\":\"https:\/\/ellunhuopa.com\/#website\"},\"primaryImageOfPage\":{\"@id\":\"https:\/\/ellunhuopa.com\/en\/tuote\/huopataulu-vuoret-ovat-vallan-vartijoita\/#primaryimage\"},\"image\":{\"@id\":\"https:\/\/ellunhuopa.com\/en\/tuote\/huopataulu-vuoret-ovat-vallan-vartijoita\/#primaryimage\"},\"thumbnailUrl\":\"https:\/\/i0.wp.com\/ellunhuopa.com\/wp-content\/uploads\/2022\/02\/20220310_101619_0000.jpg?fit=1080%2C1080&ssl=1\",\"datePublished\":\"2022-02-09T14:25:46+00:00\",\"dateModified\":\"2022-11-05T08:36:10+00:00\",\"breadcrumb\":{\"@id\":\"https:\/\/ellunhuopa.com\/en\/tuote\/huopataulu-vuoret-ovat-vallan-vartijoita\/#breadcrumb\"},\"inLanguage\":\"en-GB\",\"potentialAction\":[{\"@type\":\"ReadAction\",\"target\":[\"https:\/\/ellunhuopa.com\/en\/tuote\/huopataulu-vuoret-ovat-vallan-vartijoita\/\"]}]},{\"@type\":\"ImageObject\",\"inLanguage\":\"en-GB\",\"@id\":\"https:\/\/ellunhuopa.com\/en\/tuote\/huopataulu-vuoret-ovat-vallan-vartijoita\/#primaryimage\",\"url\":\"https:\/\/i0.wp.com\/ellunhuopa.com\/wp-content\/uploads\/2022\/02\/20220310_101619_0000.jpg?fit=1080%2C1080&ssl=1\",\"contentUrl\":\"https:\/\/i0.wp.com\/ellunhuopa.com\/wp-content\/uploads\/2022\/02\/20220310_101619_0000.jpg?fit=1080%2C1080&ssl=1\",\"width\":1080,\"height\":1080},{\"@type\":\"BreadcrumbList\",\"@id\":\"https:\/\/ellunhuopa.com\/en\/tuote\/huopataulu-vuoret-ovat-vallan-vartijoita\/#breadcrumb\",\"itemListElement\":[{\"@type\":\"ListItem\",\"position\":1,\"name\":\"Home\",\"item\":\"https:\/\/ellunhuopa.com\/\"},{\"@type\":\"ListItem\",\"position\":2,\"name\":\"Puoti\",\"item\":\"https:\/\/ellunhuopa.com\/puoti\/\"},{\"@type\":\"ListItem\",\"position\":3,\"name\":\"Huopataulu &#8221;Vuoret ovat vallan vartijoita&#8221; (myyty)\"}]},{\"@type\":\"WebSite\",\"@id\":\"https:\/\/ellunhuopa.com\/#website\",\"url\":\"https:\/\/ellunhuopa.com\/\",\"name\":\"ELLU - Wool Art\",\"description\":\"Ellunhuopa - Elena Bondar\",\"publisher\":{\"@id\":\"https:\/\/ellunhuopa.com\/#organization\"},\"potentialAction\":[{\"@type\":\"SearchAction\",\"target\":{\"@type\":\"EntryPoint\",\"urlTemplate\":\"https:\/\/ellunhuopa.com\/?s={search_term_string}\"},\"query-input\":{\"@type\":\"PropertyValueSpecification\",\"valueRequired\":true,\"valueName\":\"search_term_string\"}}],\"inLanguage\":\"en-GB\"},{\"@type\":\"Organization\",\"@id\":\"https:\/\/ellunhuopa.com\/#organization\",\"name\":\"Ellunhuopa\",\"url\":\"https:\/\/ellunhuopa.com\/\",\"logo\":{\"@type\":\"ImageObject\",\"inLanguage\":\"en-GB\",\"@id\":\"https:\/\/ellunhuopa.com\/#\/schema\/logo\/image\/\",\"url\":\"https:\/\/ellunhuopa.com\/wp-content\/uploads\/2018\/02\/cropped-ellu_logo_ellunhuopa_netti.jpg\",\"contentUrl\":\"https:\/\/ellunhuopa.com\/wp-content\/uploads\/2018\/02\/cropped-ellu_logo_ellunhuopa_netti.jpg\",\"width\":348,\"height\":348,\"caption\":\"Ellunhuopa\"},\"image\":{\"@id\":\"https:\/\/ellunhuopa.com\/#\/schema\/logo\/image\/\"},\"sameAs\":[\"https:\/\/www.facebook.com\/ellunhuopa\/?ref=bookmarks\",\"https:\/\/www.instagram.com\/ellunhuopa\/\",\"https:\/\/www.youtube.com\/channel\/UCN8xrsHRIySLYr-66w-DUPg\"]}]}<\/script>\n<!-- \/ Yoast SEO plugin. -->","yoast_head_json":{"title":"Huopataulu \"Vuoret ovat vallan vartijoita\" (myyty) - Ellunhuopa","robots":{"index":"index","follow":"follow","max-snippet":"max-snippet:-1","max-image-preview":"max-image-preview:large","max-video-preview":"max-video-preview:-1"},"canonical":"https:\/\/ellunhuopa.com\/en\/tuote\/huopataulu-vuoret-ovat-vallan-vartijoita\/","og_locale":"en_GB","og_type":"article","og_title":"Huopataulu \"Vuoret ovat vallan vartijoita\" (myyty) - Ellunhuopa","og_description":"Kodin sein\u00e4t voi koristaa kauniilla ja l\u00e4mpimill\u00e4 huovutust\u00f6ill\u00e4. Ellunhuovan tauluilla teid\u00e4n kotinne on l\u00e4mpim\u00e4mpi ja viihtyis\u00e4mpi.  Uniikki villamaalaus m\u00e4rk\u00e4- ja neulahuovutustekniikalla. Kehykset ovat thehdyt harmaasta laudasta, mik\u00e4 yh\u00e4 tekee siit\u00e4 vain erikoisemman.  Vuoret ovat vallan vartijoita  Todella upea ja uniikki villataulu, joka luo kotiisi arvokkaan, viekkaan, ja l\u00e4mp\u00f6isen tunnelman.  \ud83c\udfa8 Huovutettu kest\u00e4v\u00e4ll\u00e4 tekniikalla k\u00e4ytt\u00e4en sek\u00e4 m\u00e4rk\u00e4 - ja neulahuovutusta. Taulussa on harmaasta laudasta valmistetut kauniit kehykset.","og_url":"https:\/\/ellunhuopa.com\/en\/tuote\/huopataulu-vuoret-ovat-vallan-vartijoita\/","og_site_name":"Ellunhuopa","article_publisher":"https:\/\/www.facebook.com\/ellunhuopa\/?ref=bookmarks","article_modified_time":"2022-11-05T08:36:10+00:00","og_image":[{"width":1080,"height":1080,"url":"https:\/\/i0.wp.com\/ellunhuopa.com\/wp-content\/uploads\/2022\/02\/20220310_101619_0000.jpg?fit=1080%2C1080&ssl=1","type":"image\/jpeg"}],"twitter_card":"summary_large_image","twitter_misc":{"Estimated reading time":"2 minutes"},"schema":{"@context":"https:\/\/schema.org","@graph":[{"@type":"WebPage","@id":"https:\/\/ellunhuopa.com\/en\/tuote\/huopataulu-vuoret-ovat-vallan-vartijoita\/","url":"https:\/\/ellunhuopa.com\/en\/tuote\/huopataulu-vuoret-ovat-vallan-vartijoita\/","name":"Huopataulu \"Vuoret ovat vallan vartijoita\" (myyty) - Ellunhuopa","isPartOf":{"@id":"https:\/\/ellunhuopa.com\/#website"},"primaryImageOfPage":{"@id":"https:\/\/ellunhuopa.com\/en\/tuote\/huopataulu-vuoret-ovat-vallan-vartijoita\/#primaryimage"},"image":{"@id":"https:\/\/ellunhuopa.com\/en\/tuote\/huopataulu-vuoret-ovat-vallan-vartijoita\/#primaryimage"},"thumbnailUrl":"https:\/\/i0.wp.com\/ellunhuopa.com\/wp-content\/uploads\/2022\/02\/20220310_101619_0000.jpg?fit=1080%2C1080&ssl=1","datePublished":"2022-02-09T14:25:46+00:00","dateModified":"2022-11-05T08:36:10+00:00","breadcrumb":{"@id":"https:\/\/ellunhuopa.com\/en\/tuote\/huopataulu-vuoret-ovat-vallan-vartijoita\/#breadcrumb"},"inLanguage":"en-GB","potentialAction":[{"@type":"ReadAction","target":["https:\/\/ellunhuopa.com\/en\/tuote\/huopataulu-vuoret-ovat-vallan-vartijoita\/"]}]},{"@type":"ImageObject","inLanguage":"en-GB","@id":"https:\/\/ellunhuopa.com\/en\/tuote\/huopataulu-vuoret-ovat-vallan-vartijoita\/#primaryimage","url":"https:\/\/i0.wp.com\/ellunhuopa.com\/wp-content\/uploads\/2022\/02\/20220310_101619_0000.jpg?fit=1080%2C1080&ssl=1","contentUrl":"https:\/\/i0.wp.com\/ellunhuopa.com\/wp-content\/uploads\/2022\/02\/20220310_101619_0000.jpg?fit=1080%2C1080&ssl=1","width":1080,"height":1080},{"@type":"BreadcrumbList","@id":"https:\/\/ellunhuopa.com\/en\/tuote\/huopataulu-vuoret-ovat-vallan-vartijoita\/#breadcrumb","itemListElement":[{"@type":"ListItem","position":1,"name":"Home","item":"https:\/\/ellunhuopa.com\/"},{"@type":"ListItem","position":2,"name":"Puoti","item":"https:\/\/ellunhuopa.com\/puoti\/"},{"@type":"ListItem","position":3,"name":"Huopataulu &#8221;Vuoret ovat vallan vartijoita&#8221; (myyty)"}]},{"@type":"WebSite","@id":"https:\/\/ellunhuopa.com\/#website","url":"https:\/\/ellunhuopa.com\/","name":"ELLU - Wool Art","description":"Ellunhuopa - Elena Bondar","publisher":{"@id":"https:\/\/ellunhuopa.com\/#organization"},"potentialAction":[{"@type":"SearchAction","target":{"@type":"EntryPoint","urlTemplate":"https:\/\/ellunhuopa.com\/?s={search_term_string}"},"query-input":{"@type":"PropertyValueSpecification","valueRequired":true,"valueName":"search_term_string"}}],"inLanguage":"en-GB"},{"@type":"Organization","@id":"https:\/\/ellunhuopa.com\/#organization","name":"Woolrealm","url":"https:\/\/ellunhuopa.com\/","logo":{"@type":"ImageObject","inLanguage":"en-GB","@id":"https:\/\/ellunhuopa.com\/#\/schema\/logo\/image\/","url":"https:\/\/ellunhuopa.com\/wp-content\/uploads\/2018\/02\/cropped-ellu_logo_ellunhuopa_netti.jpg","contentUrl":"https:\/\/ellunhuopa.com\/wp-content\/uploads\/2018\/02\/cropped-ellu_logo_ellunhuopa_netti.jpg","width":348,"height":348,"caption":"Ellunhuopa"},"image":{"@id":"https:\/\/ellunhuopa.com\/#\/schema\/logo\/image\/"},"sameAs":["https:\/\/www.facebook.com\/ellunhuopa\/?ref=bookmarks","https:\/\/www.instagram.com\/ellunhuopa\/","https:\/\/www.youtube.com\/channel\/UCN8xrsHRIySLYr-66w-DUPg"]}]}},"jetpack_publicize_connections":[],"jetpack_sharing_enabled":true,"jetpack_likes_enabled":false,"jetpack-related-posts":[{"id":26443,"url":"https:\/\/ellunhuopa.com\/en\/product\/taidemagneetti-hyvinvointiin\/","url_meta":{"origin":19869,"position":0},"title":"An art magnet for well-being","author":"Elena Bondar","date":"May 19, 2025","format":false,"excerpt":"You know that moment when you need a little reminder of what's really important? That's what these magnets were made for. They're a little piece of my art - a carefully printed, beautiful version of the original work. On one side runs a thought that reads, \u201cEvery day we shape our happiness by choosing the role we play in our own...","rel":"","context":"Similar post","block_context":{"text":"Similar post","link":""},"img":{"alt_text":"","src":"https:\/\/i0.wp.com\/ellunhuopa.com\/wp-content\/uploads\/2025\/05\/Title.jpg?fit=1200%2C1200&ssl=1&resize=350%2C200","width":350,"height":200,"srcset":"https:\/\/i0.wp.com\/ellunhuopa.com\/wp-content\/uploads\/2025\/05\/Title.jpg?fit=1200%2C1200&ssl=1&resize=350%2C200 1x, https:\/\/i0.wp.com\/ellunhuopa.com\/wp-content\/uploads\/2025\/05\/Title.jpg?fit=1200%2C1200&ssl=1&resize=525%2C300 1.5x, https:\/\/i0.wp.com\/ellunhuopa.com\/wp-content\/uploads\/2025\/05\/Title.jpg?fit=1200%2C1200&ssl=1&resize=700%2C400 2x, https:\/\/i0.wp.com\/ellunhuopa.com\/wp-content\/uploads\/2025\/05\/Title.jpg?fit=1200%2C1200&ssl=1&resize=1050%2C600 3x"},"classes":[]},{"id":20732,"url":"https:\/\/ellunhuopa.com\/en\/product\/huopataulu-mielentyyneys\/","url_meta":{"origin":19869,"position":1},"title":"Felt board \u201dMentalities\u201d 3D (sold)","author":"Elena Bondar","date":"June 9, 2022","format":false,"excerpt":"Kodin sein\u00e4t voi koristaa kauniilla ja l\u00e4mpimill\u00e4 huovutust\u00f6ill\u00e4. Ellunhuovan tauluilla teid\u00e4n kotinne on l\u00e4mpim\u00e4mpi ja viihtyis\u00e4mpi. 3D Uniikki villamaalaus m\u00e4rk\u00e4- ja neulahuovutustekniikalla. Runko on tehty harmaasta laudasta. Sisustustaulu Mielentyyneys Todella upea ja uniikki villataulu, joka luo kotiisi arvokkaan, viekkaan, ja l\u00e4mp\u00f6isen tunnelman. \ud83c\udfa8 Huovutettu kest\u00e4v\u00e4ll\u00e4 tekniikalla k\u00e4ytt\u00e4en sek\u00e4 m\u00e4rk\u00e4 -\u2026","rel":"","context":"Similar post","block_context":{"text":"Similar post","link":""},"img":{"alt_text":"","src":"https:\/\/i0.wp.com\/ellunhuopa.com\/wp-content\/uploads\/2022\/06\/Mielentyyneys.jpg?fit=1080%2C1080&ssl=1&resize=350%2C200","width":350,"height":200,"srcset":"https:\/\/i0.wp.com\/ellunhuopa.com\/wp-content\/uploads\/2022\/06\/Mielentyyneys.jpg?fit=1080%2C1080&ssl=1&resize=350%2C200 1x, https:\/\/i0.wp.com\/ellunhuopa.com\/wp-content\/uploads\/2022\/06\/Mielentyyneys.jpg?fit=1080%2C1080&ssl=1&resize=525%2C300 1.5x, https:\/\/i0.wp.com\/ellunhuopa.com\/wp-content\/uploads\/2022\/06\/Mielentyyneys.jpg?fit=1080%2C1080&ssl=1&resize=700%2C400 2x, https:\/\/i0.wp.com\/ellunhuopa.com\/wp-content\/uploads\/2022\/06\/Mielentyyneys.jpg?fit=1080%2C1080&ssl=1&resize=1050%2C600 3x"},"classes":[]},{"id":22491,"url":"https:\/\/ellunhuopa.com\/en\/product\/sisustustaulu-mielikuvituksen-voima\/","url_meta":{"origin":19869,"position":2},"title":"*LOST* Decorative board \u201dThe power of imagination\u201d","author":"Elena Bondar","date":"August 8, 2023","format":false,"excerpt":"Kodin sein\u00e4t voi koristaa kauniilla ja l\u00e4mpimill\u00e4 huovutust\u00f6ill\u00e4. Ellunhuovan tauluilla teid\u00e4n kotinne on l\u00e4mpim\u00e4mpi ja viihtyis\u00e4mpi. Tuntemattomuus on aina pelottavaa, mutta tie selvi\u00e4\u00e4 k\u00e4velem\u00e4ll\u00e4 Todella upea ja uniikki villataulu, joka luo kotiisi arvokkaan, viekkaan, ja l\u00e4mp\u00f6isen tunnelman. \ud83c\udfa8 Huovutettu kest\u00e4v\u00e4ll\u00e4 tekniikalla k\u00e4ytt\u00e4en sek\u00e4 m\u00e4rk\u00e4 - ja neulahuovutusta.","rel":"","context":"Similar post","block_context":{"text":"Similar post","link":""},"img":{"alt_text":"","src":"https:\/\/i0.wp.com\/ellunhuopa.com\/wp-content\/uploads\/2023\/08\/imagination-2.jpg?fit=1080%2C1080&ssl=1&resize=350%2C200","width":350,"height":200,"srcset":"https:\/\/i0.wp.com\/ellunhuopa.com\/wp-content\/uploads\/2023\/08\/imagination-2.jpg?fit=1080%2C1080&ssl=1&resize=350%2C200 1x, https:\/\/i0.wp.com\/ellunhuopa.com\/wp-content\/uploads\/2023\/08\/imagination-2.jpg?fit=1080%2C1080&ssl=1&resize=525%2C300 1.5x, https:\/\/i0.wp.com\/ellunhuopa.com\/wp-content\/uploads\/2023\/08\/imagination-2.jpg?fit=1080%2C1080&ssl=1&resize=700%2C400 2x, https:\/\/i0.wp.com\/ellunhuopa.com\/wp-content\/uploads\/2023\/08\/imagination-2.jpg?fit=1080%2C1080&ssl=1&resize=1050%2C600 3x"},"classes":[]},{"id":22628,"url":"https:\/\/ellunhuopa.com\/en\/product\/uskotko-ihmisiin\/","url_meta":{"origin":19869,"position":3},"title":"*LOST* Decorative board \u201dDo you believe in people?\u201d","author":"Elena Bondar","date":"August 28, 2023","format":false,"excerpt":"You can decorate the walls of your home with beautiful and warm felting. With Ellunhuova's wallpapers, your home will be warmer and more cosy. A truly stunning and unique woolen table that will create a precious, cunning, and warm atmosphere in your home. \ud83c\udfa8 Felted with a durable technique using both wet and needle felting.","rel":"","context":"Similar post","block_context":{"text":"Similar post","link":""},"img":{"alt_text":"","src":"https:\/\/i0.wp.com\/ellunhuopa.com\/wp-content\/uploads\/2023\/08\/20230828_185044_0000.jpg?fit=1080%2C1080&ssl=1&resize=350%2C200","width":350,"height":200,"srcset":"https:\/\/i0.wp.com\/ellunhuopa.com\/wp-content\/uploads\/2023\/08\/20230828_185044_0000.jpg?fit=1080%2C1080&ssl=1&resize=350%2C200 1x, https:\/\/i0.wp.com\/ellunhuopa.com\/wp-content\/uploads\/2023\/08\/20230828_185044_0000.jpg?fit=1080%2C1080&ssl=1&resize=525%2C300 1.5x, https:\/\/i0.wp.com\/ellunhuopa.com\/wp-content\/uploads\/2023\/08\/20230828_185044_0000.jpg?fit=1080%2C1080&ssl=1&resize=700%2C400 2x, https:\/\/i0.wp.com\/ellunhuopa.com\/wp-content\/uploads\/2023\/08\/20230828_185044_0000.jpg?fit=1080%2C1080&ssl=1&resize=1050%2C600 3x"},"classes":[]},{"id":22225,"url":"https:\/\/ellunhuopa.com\/en\/product\/kuiskatut-salaisuudet-lumotusta-metsasta\/","url_meta":{"origin":19869,"position":4},"title":"Decoration board \u201dWhispered secrets from the enchanted forest\u201d (sold)","author":"Elena Bondar","date":"May 31, 2023","format":false,"excerpt":"Kodin sein\u00e4t voi koristaa kauniilla ja l\u00e4mpimill\u00e4 huovutust\u00f6ill\u00e4. Ellunhuovan tauluilla teid\u00e4n kotinne on l\u00e4mpim\u00e4mpi ja viihtyis\u00e4mpi. Tuntemattomuus on aina pelottavaa, mutta tie selvi\u00e4\u00e4 k\u00e4velem\u00e4ll\u00e4 Todella upea ja uniikki villataulu, joka luo kotiisi arvokkaan, viekkaan, ja l\u00e4mp\u00f6isen tunnelman. \ud83c\udfa8 Huovutettu kest\u00e4v\u00e4ll\u00e4 tekniikalla k\u00e4ytt\u00e4en sek\u00e4 m\u00e4rk\u00e4 - ja neulahuovutusta.","rel":"","context":"Similar post","block_context":{"text":"Similar post","link":""},"img":{"alt_text":"","src":"https:\/\/i0.wp.com\/ellunhuopa.com\/wp-content\/uploads\/2023\/05\/1-1.jpg?fit=1080%2C1080&ssl=1&resize=350%2C200","width":350,"height":200,"srcset":"https:\/\/i0.wp.com\/ellunhuopa.com\/wp-content\/uploads\/2023\/05\/1-1.jpg?fit=1080%2C1080&ssl=1&resize=350%2C200 1x, https:\/\/i0.wp.com\/ellunhuopa.com\/wp-content\/uploads\/2023\/05\/1-1.jpg?fit=1080%2C1080&ssl=1&resize=525%2C300 1.5x, https:\/\/i0.wp.com\/ellunhuopa.com\/wp-content\/uploads\/2023\/05\/1-1.jpg?fit=1080%2C1080&ssl=1&resize=700%2C400 2x, https:\/\/i0.wp.com\/ellunhuopa.com\/wp-content\/uploads\/2023\/05\/1-1.jpg?fit=1080%2C1080&ssl=1&resize=1050%2C600 3x"},"classes":[]},{"id":23834,"url":"https:\/\/ellunhuopa.com\/en\/product\/villamaalaus-matkailijan-rukous-mini-marvels-circulair-creations-kokoelmasta\/","url_meta":{"origin":19869,"position":5},"title":"Wool painting \u201dThe Traveler's Prayer\u201d from the Mini Marvels: Circulair Creations collection (sold)","author":"Elena Bondar","date":"July 27, 2024","format":false,"excerpt":"You can decorate the walls of your home with beautiful and warm felting. With Ellu wallpapers, your home will be warmer and more cosy. A truly stunning and unique wool table that will create a precious, seductive, and warm atmosphere in your home. \ud83c\udfa8 Felted with a durable technique using needle felting.","rel":"","context":"Similar post","block_context":{"text":"Similar post","link":""},"img":{"alt_text":"","src":"https:\/\/i0.wp.com\/ellunhuopa.com\/wp-content\/uploads\/2024\/07\/Nauti-huolella-valmistetun-villamaalauksen-lumosta-todellisesta-mestariteoksesta-joka-sateilee-viehatysta-ja-lumousta-2.jpg?fit=1200%2C1200&ssl=1&resize=350%2C200","width":350,"height":200,"srcset":"https:\/\/i0.wp.com\/ellunhuopa.com\/wp-content\/uploads\/2024\/07\/Nauti-huolella-valmistetun-villamaalauksen-lumosta-todellisesta-mestariteoksesta-joka-sateilee-viehatysta-ja-lumousta-2.jpg?fit=1200%2C1200&ssl=1&resize=350%2C200 1x, https:\/\/i0.wp.com\/ellunhuopa.com\/wp-content\/uploads\/2024\/07\/Nauti-huolella-valmistetun-villamaalauksen-lumosta-todellisesta-mestariteoksesta-joka-sateilee-viehatysta-ja-lumousta-2.jpg?fit=1200%2C1200&ssl=1&resize=525%2C300 1.5x, https:\/\/i0.wp.com\/ellunhuopa.com\/wp-content\/uploads\/2024\/07\/Nauti-huolella-valmistetun-villamaalauksen-lumosta-todellisesta-mestariteoksesta-joka-sateilee-viehatysta-ja-lumousta-2.jpg?fit=1200%2C1200&ssl=1&resize=700%2C400 2x, https:\/\/i0.wp.com\/ellunhuopa.com\/wp-content\/uploads\/2024\/07\/Nauti-huolella-valmistetun-villamaalauksen-lumosta-todellisesta-mestariteoksesta-joka-sateilee-viehatysta-ja-lumousta-2.jpg?fit=1200%2C1200&ssl=1&resize=1050%2C600 3x"},"classes":[]}],"_links":{"self":[{"href":"https:\/\/ellunhuopa.com\/en\/wp-json\/wp\/v2\/product\/19869","targetHints":{"allow":["GET"]}}],"collection":[{"href":"https:\/\/ellunhuopa.com\/en\/wp-json\/wp\/v2\/product"}],"about":[{"href":"https:\/\/ellunhuopa.com\/en\/wp-json\/wp\/v2\/types\/product"}],"replies":[{"embeddable":true,"href":"https:\/\/ellunhuopa.com\/en\/wp-json\/wp\/v2\/comments?post=19869"}],"wp:featuredmedia":[{"embeddable":true,"href":"https:\/\/ellunhuopa.com\/en\/wp-json\/wp\/v2\/media\/20102"}],"wp:attachment":[{"href":"https:\/\/ellunhuopa.com\/en\/wp-json\/wp\/v2\/media?parent=19869"}],"wp:term":[{"taxonomy":"product_brand","embeddable":true,"href":"https:\/\/ellunhuopa.com\/en\/wp-json\/wp\/v2\/product_brand?post=19869"},{"taxonomy":"product_cat","embeddable":true,"href":"https:\/\/ellunhuopa.com\/en\/wp-json\/wp\/v2\/product_cat?post=19869"},{"taxonomy":"product_tag","embeddable":true,"href":"https:\/\/ellunhuopa.com\/en\/wp-json\/wp\/v2\/product_tag?post=19869"}],"curies":[{"name":"wp","href":"https:\/\/api.w.org\/{rel}","templated":true}]}}