{"id":20106,"date":"2022-03-10T12:32:29","date_gmt":"2022-03-10T10:32:29","guid":{"rendered":"https:\/\/ellunhuopa.com\/?post_type=product&#038;p=20106"},"modified":"2022-11-09T14:28:50","modified_gmt":"2022-11-09T12:28:50","slug":"huopataulu-aamulla-varhain","status":"publish","type":"product","link":"https:\/\/ellunhuopa.com\/en\/product\/huopataulu-aamulla-varhain\/","title":{"rendered":"Felt board &quot;Early in the morning&quot; (sold)"},"content":{"rendered":"<h2 class=\"title style-scope ytd-video-primary-info-renderer\" style=\"text-align: center;\">Early in the morning<\/h2>\n<p style=\"text-align: left;\">Love allows us to look through delusions.<\/p>\n<p>Some days choosing love may seem difficult. In that case, remember to be gentle with ourselves. This can help us return to a state of grace where Love flows easily.<br \/>\nUniversal love is an unshakable frequency that flows throughout life.<br \/>\nThe choice to share the love of the universe means that we express Love by acknowledging and respecting ourselves and others without judging.<br \/>\nEverything we see happening in the world is a direct reflection of what is happening within each of us, whether we accept it or not.<br \/>\nWhen we blame others, we only blame ourselves instead of making a positive impact on the world.<br \/>\nWe simply participate in growing fear instead of entering the world of love.<\/p>\n<p>It is up to each person to change the situation of their choice.<br \/>\nPay attention to your feelings and what you are using your energy for.<\/p>\n<p>Peace and goodness to you!<\/p>\n<p style=\"text-align: left;\">\ud83d\udc9a Halaus \ud83d\udc9a<div class=\"su-divider su-divider-style-default\" style=\"margin:15px 0;border-width:3px;border-color:#999999\"><\/div>\n<h2 style=\"text-align: center;\">A painting that took time and has magic<\/h2>\n<p>Create a home atmosphere with this board that will make your apartment cozy, and a little more special!<\/p>\n<p>Art invigorates, comforts, delights\u2026 The colors of wool last for decades, so this handmade painting retains its value perfectly. The painting is suitable for a wide variety of homes and works great as a slightly unique gift. This felt board arouses a lot of interest in the closeness of nature and the beauty of the world.<\/p>\n<p>The felt board does not require any special care, it is enough as long as you remember to wipe the dust!<\/p>\n<div class=\"su-note\"  style=\"border-color:#d2d2d2;border-radius:10px;-moz-border-radius:10px;-webkit-border-radius:10px;\"><div class=\"su-note-inner su-u-clearfix su-u-trim\" style=\"background-color:#ececec;border-color:#ffffff;color:#000000;border-radius:10px;-moz-border-radius:10px;-webkit-border-radius:10px;\"><div class=\"su-list\" style=\"margin-left:0px\">\n<ul>\n<li><i class=\"sui sui-photo\" style=\"color:#9d562c\"><\/i> The size of the painting is 69 x 69 cm.<\/li>\n<li><i class=\"sui sui-photo\" style=\"color:#9d562c\"><\/i> Felt painting size 57 x 57 cm.<\/li>\n<\/ul>\n<\/div><\/div><\/div>\n<p>When placing a felt board, it is important to remember that direct sunlight and moisture are harmful to the materials on the board. Therefore, wool painting, like other drawn paintings, should never be placed opposite a window, in a damp room or directly on top of a radiator.<\/p>","protected":false},"excerpt":{"rendered":"<p>The walls of the home can be decorated with beautiful and warm felting. With Ellun blankets, your home will be warmer and more comfortable.<\/p>\n<p>Unique wool painting with wet and needle felting technique. The frames are made of gray board, which still makes it just more special.<\/p>\n<p class=\"title style-scope ytd-video-primary-info-renderer\" style=\"text-align: left;\"><strong>Early in the morning<\/strong><\/p>\n<p>A truly stunning and unique wool board that will create a precious, cozy, and warm atmosphere in your home.<\/p>\n<p><span class=\"_5mfr\"><span class=\"_6qdm\">\ud83c\udfa8<\/span><\/span> Felted using durable techniques using both wet and needle felting.<br \/>\nThe board has beautiful frames made of gray board.<\/p>","protected":false},"featured_media":20108,"comment_status":"closed","ping_status":"closed","template":"","meta":{"jetpack_publicize_message":"","jetpack_publicize_feature_enabled":true,"jetpack_social_post_already_shared":true,"jetpack_social_options":{"image_generator_settings":{"template":"highway","default_image_id":0,"font":"","enabled":false},"version":2},"_wpas_customize_per_network":false},"product_brand":[],"product_cat":[604714667],"product_tag":[],"class_list":{"0":"post-20106","1":"product","2":"type-product","3":"status-publish","4":"has-post-thumbnail","6":"product_cat-valmiit_tuotteet","7":"product_shipping_class-paketti","9":"first","10":"outofstock","11":"taxable","12":"shipping-taxable","13":"purchasable","14":"product-type-simple"},"yoast_head":"<!-- This site is optimized with the Yoast SEO plugin v27.4 - https:\/\/yoast.com\/product\/yoast-seo-wordpress\/ -->\n<title>Huopataulu &quot;Aamulla varhain&quot; (myyty) - Ellunhuopa<\/title>\n<meta name=\"description\" content=\"Luo kodin tunnelmaa t\u00e4ll\u00e4 taululla joka tekee asunnostasi kodikkaan, ja hieman erikoisemman! Taide pirist\u00e4\u00e4, lohduttaa, ilahduttaa...\" \/>\n<meta name=\"robots\" content=\"index, follow, max-snippet:-1, max-image-preview:large, max-video-preview:-1\" \/>\n<link rel=\"canonical\" href=\"https:\/\/ellunhuopa.com\/en\/product\/huopataulu-aamulla-varhain\/\" \/>\n<meta property=\"og:locale\" content=\"en_GB\" \/>\n<meta property=\"og:type\" content=\"article\" \/>\n<meta property=\"og:title\" content=\"Huopataulu &quot;Aamulla varhain&quot; (myyty) - Ellunhuopa\" \/>\n<meta property=\"og:description\" content=\"Luo kodin tunnelmaa t\u00e4ll\u00e4 taululla joka tekee asunnostasi kodikkaan, ja hieman erikoisemman! Taide pirist\u00e4\u00e4, lohduttaa, ilahduttaa...\" \/>\n<meta property=\"og:url\" content=\"https:\/\/ellunhuopa.com\/en\/product\/huopataulu-aamulla-varhain\/\" \/>\n<meta property=\"og:site_name\" content=\"Ellunhuopa\" \/>\n<meta property=\"article:publisher\" content=\"https:\/\/www.facebook.com\/ellunhuopa\/?ref=bookmarks\" \/>\n<meta property=\"article:modified_time\" content=\"2022-11-09T12:28:50+00:00\" \/>\n<meta property=\"og:image\" content=\"https:\/\/i0.wp.com\/ellunhuopa.com\/wp-content\/uploads\/2022\/03\/Picsart_22-03-10_12-47-59-648-e1646909938832.jpg?fit=1200%2C1207&ssl=1\" \/>\n\t<meta property=\"og:image:width\" content=\"1200\" \/>\n\t<meta property=\"og:image:height\" content=\"1207\" \/>\n\t<meta property=\"og:image:type\" content=\"image\/jpeg\" \/>\n<meta name=\"twitter:card\" content=\"summary_large_image\" \/>\n<meta name=\"twitter:label1\" content=\"Estimated reading time\" \/>\n\t<meta name=\"twitter:data1\" content=\"2 minutes\" \/>\n<script type=\"application\/ld+json\" class=\"yoast-schema-graph\">{\"@context\":\"https:\\\/\\\/schema.org\",\"@graph\":[{\"@type\":\"WebPage\",\"@id\":\"https:\\\/\\\/ellunhuopa.com\\\/tuote\\\/huopataulu-aamulla-varhain\\\/\",\"url\":\"https:\\\/\\\/ellunhuopa.com\\\/tuote\\\/huopataulu-aamulla-varhain\\\/\",\"name\":\"Huopataulu \\\"Aamulla varhain\\\" (myyty) - Ellunhuopa\",\"isPartOf\":{\"@id\":\"https:\\\/\\\/ellunhuopa.com\\\/#website\"},\"primaryImageOfPage\":{\"@id\":\"https:\\\/\\\/ellunhuopa.com\\\/tuote\\\/huopataulu-aamulla-varhain\\\/#primaryimage\"},\"image\":{\"@id\":\"https:\\\/\\\/ellunhuopa.com\\\/tuote\\\/huopataulu-aamulla-varhain\\\/#primaryimage\"},\"thumbnailUrl\":\"https:\\\/\\\/i0.wp.com\\\/ellunhuopa.com\\\/wp-content\\\/uploads\\\/2022\\\/03\\\/Picsart_22-03-10_12-47-59-648-e1646909938832.jpg?fit=1200%2C1207&ssl=1\",\"datePublished\":\"2022-03-10T10:32:29+00:00\",\"dateModified\":\"2022-11-09T12:28:50+00:00\",\"description\":\"Luo kodin tunnelmaa t\u00e4ll\u00e4 taululla joka tekee asunnostasi kodikkaan, ja hieman erikoisemman! Taide pirist\u00e4\u00e4, lohduttaa, ilahduttaa...\",\"breadcrumb\":{\"@id\":\"https:\\\/\\\/ellunhuopa.com\\\/tuote\\\/huopataulu-aamulla-varhain\\\/#breadcrumb\"},\"inLanguage\":\"en-GB\",\"potentialAction\":[{\"@type\":\"ReadAction\",\"target\":[\"https:\\\/\\\/ellunhuopa.com\\\/tuote\\\/huopataulu-aamulla-varhain\\\/\"]}]},{\"@type\":\"ImageObject\",\"inLanguage\":\"en-GB\",\"@id\":\"https:\\\/\\\/ellunhuopa.com\\\/tuote\\\/huopataulu-aamulla-varhain\\\/#primaryimage\",\"url\":\"https:\\\/\\\/i0.wp.com\\\/ellunhuopa.com\\\/wp-content\\\/uploads\\\/2022\\\/03\\\/Picsart_22-03-10_12-47-59-648-e1646909938832.jpg?fit=1200%2C1207&ssl=1\",\"contentUrl\":\"https:\\\/\\\/i0.wp.com\\\/ellunhuopa.com\\\/wp-content\\\/uploads\\\/2022\\\/03\\\/Picsart_22-03-10_12-47-59-648-e1646909938832.jpg?fit=1200%2C1207&ssl=1\",\"width\":1200,\"height\":1207},{\"@type\":\"BreadcrumbList\",\"@id\":\"https:\\\/\\\/ellunhuopa.com\\\/tuote\\\/huopataulu-aamulla-varhain\\\/#breadcrumb\",\"itemListElement\":[{\"@type\":\"ListItem\",\"position\":1,\"name\":\"Home\",\"item\":\"https:\\\/\\\/ellunhuopa.com\\\/\"},{\"@type\":\"ListItem\",\"position\":2,\"name\":\"Puoti\",\"item\":\"https:\\\/\\\/ellunhuopa.com\\\/puoti\\\/\"},{\"@type\":\"ListItem\",\"position\":3,\"name\":\"Huopataulu &#8221;Aamulla varhain&#8221; (myyty)\"}]},{\"@type\":\"WebSite\",\"@id\":\"https:\\\/\\\/ellunhuopa.com\\\/#website\",\"url\":\"https:\\\/\\\/ellunhuopa.com\\\/\",\"name\":\"ELLU - Wool Art\",\"description\":\"Ellunhuopa - Elena Bondar\",\"publisher\":{\"@id\":\"https:\\\/\\\/ellunhuopa.com\\\/#organization\"},\"potentialAction\":[{\"@type\":\"SearchAction\",\"target\":{\"@type\":\"EntryPoint\",\"urlTemplate\":\"https:\\\/\\\/ellunhuopa.com\\\/?s={search_term_string}\"},\"query-input\":{\"@type\":\"PropertyValueSpecification\",\"valueRequired\":true,\"valueName\":\"search_term_string\"}}],\"inLanguage\":\"en-GB\"},{\"@type\":\"Organization\",\"@id\":\"https:\\\/\\\/ellunhuopa.com\\\/#organization\",\"name\":\"Ellunhuopa\",\"url\":\"https:\\\/\\\/ellunhuopa.com\\\/\",\"logo\":{\"@type\":\"ImageObject\",\"inLanguage\":\"en-GB\",\"@id\":\"https:\\\/\\\/ellunhuopa.com\\\/#\\\/schema\\\/logo\\\/image\\\/\",\"url\":\"https:\\\/\\\/ellunhuopa.com\\\/wp-content\\\/uploads\\\/2018\\\/02\\\/cropped-ellu_logo_ellunhuopa_netti.jpg\",\"contentUrl\":\"https:\\\/\\\/ellunhuopa.com\\\/wp-content\\\/uploads\\\/2018\\\/02\\\/cropped-ellu_logo_ellunhuopa_netti.jpg\",\"width\":348,\"height\":348,\"caption\":\"Ellunhuopa\"},\"image\":{\"@id\":\"https:\\\/\\\/ellunhuopa.com\\\/#\\\/schema\\\/logo\\\/image\\\/\"},\"sameAs\":[\"https:\\\/\\\/www.facebook.com\\\/ellunhuopa\\\/?ref=bookmarks\",\"https:\\\/\\\/www.instagram.com\\\/ellunhuopa\\\/\",\"https:\\\/\\\/www.youtube.com\\\/channel\\\/UCN8xrsHRIySLYr-66w-DUPg\"]}]}<\/script>\n<!-- \/ Yoast SEO plugin. -->","yoast_head_json":{"title":"Huopataulu \"Aamulla varhain\" (myyty) - Ellunhuopa","description":"Luo kodin tunnelmaa t\u00e4ll\u00e4 taululla joka tekee asunnostasi kodikkaan, ja hieman erikoisemman! Taide pirist\u00e4\u00e4, lohduttaa, ilahduttaa...","robots":{"index":"index","follow":"follow","max-snippet":"max-snippet:-1","max-image-preview":"max-image-preview:large","max-video-preview":"max-video-preview:-1"},"canonical":"https:\/\/ellunhuopa.com\/en\/product\/huopataulu-aamulla-varhain\/","og_locale":"en_GB","og_type":"article","og_title":"Huopataulu \"Aamulla varhain\" (myyty) - Ellunhuopa","og_description":"Luo kodin tunnelmaa t\u00e4ll\u00e4 taululla joka tekee asunnostasi kodikkaan, ja hieman erikoisemman! Taide pirist\u00e4\u00e4, lohduttaa, ilahduttaa...","og_url":"https:\/\/ellunhuopa.com\/en\/product\/huopataulu-aamulla-varhain\/","og_site_name":"Ellunhuopa","article_publisher":"https:\/\/www.facebook.com\/ellunhuopa\/?ref=bookmarks","article_modified_time":"2022-11-09T12:28:50+00:00","og_image":[{"width":1200,"height":1207,"url":"https:\/\/i0.wp.com\/ellunhuopa.com\/wp-content\/uploads\/2022\/03\/Picsart_22-03-10_12-47-59-648-e1646909938832.jpg?fit=1200%2C1207&ssl=1","type":"image\/jpeg"}],"twitter_card":"summary_large_image","twitter_misc":{"Estimated reading time":"2 minutes"},"schema":{"@context":"https:\/\/schema.org","@graph":[{"@type":"WebPage","@id":"https:\/\/ellunhuopa.com\/tuote\/huopataulu-aamulla-varhain\/","url":"https:\/\/ellunhuopa.com\/tuote\/huopataulu-aamulla-varhain\/","name":"Huopataulu \"Aamulla varhain\" (myyty) - Ellunhuopa","isPartOf":{"@id":"https:\/\/ellunhuopa.com\/#website"},"primaryImageOfPage":{"@id":"https:\/\/ellunhuopa.com\/tuote\/huopataulu-aamulla-varhain\/#primaryimage"},"image":{"@id":"https:\/\/ellunhuopa.com\/tuote\/huopataulu-aamulla-varhain\/#primaryimage"},"thumbnailUrl":"https:\/\/i0.wp.com\/ellunhuopa.com\/wp-content\/uploads\/2022\/03\/Picsart_22-03-10_12-47-59-648-e1646909938832.jpg?fit=1200%2C1207&ssl=1","datePublished":"2022-03-10T10:32:29+00:00","dateModified":"2022-11-09T12:28:50+00:00","description":"Luo kodin tunnelmaa t\u00e4ll\u00e4 taululla joka tekee asunnostasi kodikkaan, ja hieman erikoisemman! Taide pirist\u00e4\u00e4, lohduttaa, ilahduttaa...","breadcrumb":{"@id":"https:\/\/ellunhuopa.com\/tuote\/huopataulu-aamulla-varhain\/#breadcrumb"},"inLanguage":"en-GB","potentialAction":[{"@type":"ReadAction","target":["https:\/\/ellunhuopa.com\/tuote\/huopataulu-aamulla-varhain\/"]}]},{"@type":"ImageObject","inLanguage":"en-GB","@id":"https:\/\/ellunhuopa.com\/tuote\/huopataulu-aamulla-varhain\/#primaryimage","url":"https:\/\/i0.wp.com\/ellunhuopa.com\/wp-content\/uploads\/2022\/03\/Picsart_22-03-10_12-47-59-648-e1646909938832.jpg?fit=1200%2C1207&ssl=1","contentUrl":"https:\/\/i0.wp.com\/ellunhuopa.com\/wp-content\/uploads\/2022\/03\/Picsart_22-03-10_12-47-59-648-e1646909938832.jpg?fit=1200%2C1207&ssl=1","width":1200,"height":1207},{"@type":"BreadcrumbList","@id":"https:\/\/ellunhuopa.com\/tuote\/huopataulu-aamulla-varhain\/#breadcrumb","itemListElement":[{"@type":"ListItem","position":1,"name":"Home","item":"https:\/\/ellunhuopa.com\/"},{"@type":"ListItem","position":2,"name":"Puoti","item":"https:\/\/ellunhuopa.com\/puoti\/"},{"@type":"ListItem","position":3,"name":"Huopataulu &#8221;Aamulla varhain&#8221; (myyty)"}]},{"@type":"WebSite","@id":"https:\/\/ellunhuopa.com\/#website","url":"https:\/\/ellunhuopa.com\/","name":"ELLU - Wool Art","description":"Ellunhuopa - Elena Bondar","publisher":{"@id":"https:\/\/ellunhuopa.com\/#organization"},"potentialAction":[{"@type":"SearchAction","target":{"@type":"EntryPoint","urlTemplate":"https:\/\/ellunhuopa.com\/?s={search_term_string}"},"query-input":{"@type":"PropertyValueSpecification","valueRequired":true,"valueName":"search_term_string"}}],"inLanguage":"en-GB"},{"@type":"Organization","@id":"https:\/\/ellunhuopa.com\/#organization","name":"Woolrealm","url":"https:\/\/ellunhuopa.com\/","logo":{"@type":"ImageObject","inLanguage":"en-GB","@id":"https:\/\/ellunhuopa.com\/#\/schema\/logo\/image\/","url":"https:\/\/ellunhuopa.com\/wp-content\/uploads\/2018\/02\/cropped-ellu_logo_ellunhuopa_netti.jpg","contentUrl":"https:\/\/ellunhuopa.com\/wp-content\/uploads\/2018\/02\/cropped-ellu_logo_ellunhuopa_netti.jpg","width":348,"height":348,"caption":"Ellunhuopa"},"image":{"@id":"https:\/\/ellunhuopa.com\/#\/schema\/logo\/image\/"},"sameAs":["https:\/\/www.facebook.com\/ellunhuopa\/?ref=bookmarks","https:\/\/www.instagram.com\/ellunhuopa\/","https:\/\/www.youtube.com\/channel\/UCN8xrsHRIySLYr-66w-DUPg"]}]}},"jetpack_publicize_connections":[],"jetpack_sharing_enabled":true,"jetpack_likes_enabled":false,"jetpack-related-posts":[{"id":26334,"url":"https:\/\/ellunhuopa.com\/en\/product\/villamaalaus-rakkaus-joka-kantaa\/","url_meta":{"origin":20106,"position":0},"title":"Villamaalaus \u201dRakkaus joka kantaa\u201d Mini Marvels: Circulair Creations -kokoelmasta (myyty)","author":"Elena Bondar","date":"May 2, 2025","format":false,"excerpt":"You can decorate the walls of your home with beautiful and warm felting. With Ellu wallpapers, your home will be warmer and more cosy. A truly stunning and unique wool table that will create a precious, seductive, and warm atmosphere in your home. \ud83c\udfa8 Felted with a durable technique using needle felting.","rel":"","context":"Similar post","block_context":{"text":"Similar post","link":""},"img":{"alt_text":"","src":"https:\/\/i0.wp.com\/ellunhuopa.com\/wp-content\/uploads\/2025\/05\/Picsart_25-05-01_14-31-38-989.jpg?fit=1200%2C1200&ssl=1&resize=350%2C200","width":350,"height":200,"srcset":"https:\/\/i0.wp.com\/ellunhuopa.com\/wp-content\/uploads\/2025\/05\/Picsart_25-05-01_14-31-38-989.jpg?fit=1200%2C1200&ssl=1&resize=350%2C200 1x, https:\/\/i0.wp.com\/ellunhuopa.com\/wp-content\/uploads\/2025\/05\/Picsart_25-05-01_14-31-38-989.jpg?fit=1200%2C1200&ssl=1&resize=525%2C300 1.5x, https:\/\/i0.wp.com\/ellunhuopa.com\/wp-content\/uploads\/2025\/05\/Picsart_25-05-01_14-31-38-989.jpg?fit=1200%2C1200&ssl=1&resize=700%2C400 2x, https:\/\/i0.wp.com\/ellunhuopa.com\/wp-content\/uploads\/2025\/05\/Picsart_25-05-01_14-31-38-989.jpg?fit=1200%2C1200&ssl=1&resize=1050%2C600 3x"},"classes":[]},{"id":22628,"url":"https:\/\/ellunhuopa.com\/en\/product\/uskotko-ihmisiin\/","url_meta":{"origin":20106,"position":1},"title":"*LOST* Decorative board \u201dDo you believe in people?\u201d","author":"Elena Bondar","date":"August 28, 2023","format":false,"excerpt":"You can decorate the walls of your home with beautiful and warm felting. With Ellunhuova's wallpapers, your home will be warmer and more cosy. A truly stunning and unique woolen table that will create a precious, cunning, and warm atmosphere in your home. \ud83c\udfa8 Felted with a durable technique using both wet and needle felting.","rel":"","context":"Similar post","block_context":{"text":"Similar post","link":""},"img":{"alt_text":"","src":"https:\/\/i0.wp.com\/ellunhuopa.com\/wp-content\/uploads\/2023\/08\/20230828_185044_0000.jpg?fit=1080%2C1080&ssl=1&resize=350%2C200","width":350,"height":200,"srcset":"https:\/\/i0.wp.com\/ellunhuopa.com\/wp-content\/uploads\/2023\/08\/20230828_185044_0000.jpg?fit=1080%2C1080&ssl=1&resize=350%2C200 1x, https:\/\/i0.wp.com\/ellunhuopa.com\/wp-content\/uploads\/2023\/08\/20230828_185044_0000.jpg?fit=1080%2C1080&ssl=1&resize=525%2C300 1.5x, https:\/\/i0.wp.com\/ellunhuopa.com\/wp-content\/uploads\/2023\/08\/20230828_185044_0000.jpg?fit=1080%2C1080&ssl=1&resize=700%2C400 2x, https:\/\/i0.wp.com\/ellunhuopa.com\/wp-content\/uploads\/2023\/08\/20230828_185044_0000.jpg?fit=1080%2C1080&ssl=1&resize=1050%2C600 3x"},"classes":[]},{"id":26126,"url":"https:\/\/ellunhuopa.com\/en\/product\/villamaalaus-aidinrakkaus\/","url_meta":{"origin":20106,"position":2},"title":"Wool painting \u201dMother's Love\u201d from Mini Marvels: Circulair Creations collection (sold)","author":"Elena Bondar","date":"April 10, 2025","format":false,"excerpt":"You can decorate the walls of your home with beautiful and warm felting. With Ellu wallpapers, your home will be warmer and more cosy. A truly stunning and unique wool table that will create a precious, seductive, and warm atmosphere in your home. \ud83c\udfa8 Felted with a durable technique using needle felting.","rel":"","context":"Similar post","block_context":{"text":"Similar post","link":""},"img":{"alt_text":"","src":"https:\/\/i0.wp.com\/ellunhuopa.com\/wp-content\/uploads\/2025\/04\/Picsart_25-04-10_09-43-57-594.jpg?fit=1200%2C1200&ssl=1&resize=350%2C200","width":350,"height":200,"srcset":"https:\/\/i0.wp.com\/ellunhuopa.com\/wp-content\/uploads\/2025\/04\/Picsart_25-04-10_09-43-57-594.jpg?fit=1200%2C1200&ssl=1&resize=350%2C200 1x, https:\/\/i0.wp.com\/ellunhuopa.com\/wp-content\/uploads\/2025\/04\/Picsart_25-04-10_09-43-57-594.jpg?fit=1200%2C1200&ssl=1&resize=525%2C300 1.5x, https:\/\/i0.wp.com\/ellunhuopa.com\/wp-content\/uploads\/2025\/04\/Picsart_25-04-10_09-43-57-594.jpg?fit=1200%2C1200&ssl=1&resize=700%2C400 2x, https:\/\/i0.wp.com\/ellunhuopa.com\/wp-content\/uploads\/2025\/04\/Picsart_25-04-10_09-43-57-594.jpg?fit=1200%2C1200&ssl=1&resize=1050%2C600 3x"},"classes":[]},{"id":20249,"url":"https:\/\/ellunhuopa.com\/en\/product\/huopataulu-kissa\/","url_meta":{"origin":20106,"position":3},"title":"Felt board \u201cCat\u201d (sold)","author":"Elena Bondar","date":"March 23, 2022","format":false,"excerpt":"SOLD The walls of your home can be decorated with beautiful and warm felting. With Ellun blankets, your home will be warmer and more comfortable. Unique wool painting with wet and needle felting technique. The frames are made of gray board, which still makes it just more special. Early in the morning A truly gorgeous and unique wool board that will create a dignified, cozy, and warm atmosphere in your home. \ud83c\udfa8 Felted\u2026","rel":"","context":"Similar post","block_context":{"text":"Similar post","link":""},"img":{"alt_text":"","src":"https:\/\/i0.wp.com\/ellunhuopa.com\/wp-content\/uploads\/2022\/03\/Picsart_22-03-21_09-34-04-734-e1648027693988.jpg?fit=1200%2C1200&ssl=1&resize=350%2C200","width":350,"height":200,"srcset":"https:\/\/i0.wp.com\/ellunhuopa.com\/wp-content\/uploads\/2022\/03\/Picsart_22-03-21_09-34-04-734-e1648027693988.jpg?fit=1200%2C1200&ssl=1&resize=350%2C200 1x, https:\/\/i0.wp.com\/ellunhuopa.com\/wp-content\/uploads\/2022\/03\/Picsart_22-03-21_09-34-04-734-e1648027693988.jpg?fit=1200%2C1200&ssl=1&resize=525%2C300 1.5x, https:\/\/i0.wp.com\/ellunhuopa.com\/wp-content\/uploads\/2022\/03\/Picsart_22-03-21_09-34-04-734-e1648027693988.jpg?fit=1200%2C1200&ssl=1&resize=700%2C400 2x, https:\/\/i0.wp.com\/ellunhuopa.com\/wp-content\/uploads\/2022\/03\/Picsart_22-03-21_09-34-04-734-e1648027693988.jpg?fit=1200%2C1200&ssl=1&resize=1050%2C600 3x"},"classes":[]},{"id":26318,"url":"https:\/\/ellunhuopa.com\/en\/product\/villamaalaus-rakkaus-joka-kantaa-mini-marvels-circulair-creations-kokoelmasta\/","url_meta":{"origin":20106,"position":4},"title":"Wool painting \u201dIn this moment\u201d from Mini Marvels: Circulair Creations collection (sold)","author":"Elena Bondar","date":"May 1, 2025","format":false,"excerpt":"You can decorate the walls of your home with beautiful and warm felting. With Ellu wallpapers, your home will be warmer and more cosy. A truly stunning and unique wool table that will create a precious, seductive, and warm atmosphere in your home. \ud83c\udfa8 Felted with a durable technique using needle felting.","rel":"","context":"Similar post","block_context":{"text":"Similar post","link":""},"img":{"alt_text":"","src":"https:\/\/i0.wp.com\/ellunhuopa.com\/wp-content\/uploads\/2025\/05\/Picsart_25-05-01_15-31-21-033.jpg?fit=1200%2C1200&ssl=1&resize=350%2C200","width":350,"height":200,"srcset":"https:\/\/i0.wp.com\/ellunhuopa.com\/wp-content\/uploads\/2025\/05\/Picsart_25-05-01_15-31-21-033.jpg?fit=1200%2C1200&ssl=1&resize=350%2C200 1x, https:\/\/i0.wp.com\/ellunhuopa.com\/wp-content\/uploads\/2025\/05\/Picsart_25-05-01_15-31-21-033.jpg?fit=1200%2C1200&ssl=1&resize=525%2C300 1.5x, https:\/\/i0.wp.com\/ellunhuopa.com\/wp-content\/uploads\/2025\/05\/Picsart_25-05-01_15-31-21-033.jpg?fit=1200%2C1200&ssl=1&resize=700%2C400 2x, https:\/\/i0.wp.com\/ellunhuopa.com\/wp-content\/uploads\/2025\/05\/Picsart_25-05-01_15-31-21-033.jpg?fit=1200%2C1200&ssl=1&resize=1050%2C600 3x"},"classes":[]},{"id":23645,"url":"https:\/\/ellunhuopa.com\/en\/product\/sisustustaulu-koti-on-siella-missa-sydan-on\/","url_meta":{"origin":20106,"position":5},"title":"Decoration board \u201dHome is where the heart is\u201d (sold)","author":"Elena Bondar","date":"May 16, 2024","format":false,"excerpt":"You can decorate the walls of your home with beautiful and warm felting. With Ellunhuova's wallpapers, your home will be warmer and more cosy. A truly stunning and unique woolen table that will create a precious, cunning, and warm atmosphere in your home. \ud83c\udfa8 Felted with a durable technique using both wet and needle felting.","rel":"","context":"Similar post","block_context":{"text":"Similar post","link":""},"img":{"alt_text":"","src":"https:\/\/i0.wp.com\/ellunhuopa.com\/wp-content\/uploads\/2024\/05\/Copy-of-Black-Ivory-Boho-Aesthetic-Beauty-Blogger-Name-Circle-Logo.jpg?fit=1200%2C1200&ssl=1&resize=350%2C200","width":350,"height":200,"srcset":"https:\/\/i0.wp.com\/ellunhuopa.com\/wp-content\/uploads\/2024\/05\/Copy-of-Black-Ivory-Boho-Aesthetic-Beauty-Blogger-Name-Circle-Logo.jpg?fit=1200%2C1200&ssl=1&resize=350%2C200 1x, https:\/\/i0.wp.com\/ellunhuopa.com\/wp-content\/uploads\/2024\/05\/Copy-of-Black-Ivory-Boho-Aesthetic-Beauty-Blogger-Name-Circle-Logo.jpg?fit=1200%2C1200&ssl=1&resize=525%2C300 1.5x, https:\/\/i0.wp.com\/ellunhuopa.com\/wp-content\/uploads\/2024\/05\/Copy-of-Black-Ivory-Boho-Aesthetic-Beauty-Blogger-Name-Circle-Logo.jpg?fit=1200%2C1200&ssl=1&resize=700%2C400 2x, https:\/\/i0.wp.com\/ellunhuopa.com\/wp-content\/uploads\/2024\/05\/Copy-of-Black-Ivory-Boho-Aesthetic-Beauty-Blogger-Name-Circle-Logo.jpg?fit=1200%2C1200&ssl=1&resize=1050%2C600 3x"},"classes":[]}],"_links":{"self":[{"href":"https:\/\/ellunhuopa.com\/en\/wp-json\/wp\/v2\/product\/20106","targetHints":{"allow":["GET"]}}],"collection":[{"href":"https:\/\/ellunhuopa.com\/en\/wp-json\/wp\/v2\/product"}],"about":[{"href":"https:\/\/ellunhuopa.com\/en\/wp-json\/wp\/v2\/types\/product"}],"replies":[{"embeddable":true,"href":"https:\/\/ellunhuopa.com\/en\/wp-json\/wp\/v2\/comments?post=20106"}],"wp:featuredmedia":[{"embeddable":true,"href":"https:\/\/ellunhuopa.com\/en\/wp-json\/wp\/v2\/media\/20108"}],"wp:attachment":[{"href":"https:\/\/ellunhuopa.com\/en\/wp-json\/wp\/v2\/media?parent=20106"}],"wp:term":[{"taxonomy":"product_brand","embeddable":true,"href":"https:\/\/ellunhuopa.com\/en\/wp-json\/wp\/v2\/product_brand?post=20106"},{"taxonomy":"product_cat","embeddable":true,"href":"https:\/\/ellunhuopa.com\/en\/wp-json\/wp\/v2\/product_cat?post=20106"},{"taxonomy":"product_tag","embeddable":true,"href":"https:\/\/ellunhuopa.com\/en\/wp-json\/wp\/v2\/product_tag?post=20106"}],"curies":[{"name":"wp","href":"https:\/\/api.w.org\/{rel}","templated":true}]}}