{"id":20732,"date":"2022-06-09T13:59:18","date_gmt":"2022-06-09T11:59:18","guid":{"rendered":"https:\/\/ellunhuopa.com\/?post_type=product&#038;p=20732"},"modified":"2022-10-31T12:41:12","modified_gmt":"2022-10-31T10:41:12","slug":"huopataulu-mielentyyneys","status":"publish","type":"product","link":"https:\/\/ellunhuopa.com\/en\/product\/huopataulu-mielentyyneys\/","title":{"rendered":"Felt board \u201dMentalities\u201d 3D (sold)"},"content":{"rendered":"<h2 class=\"title style-scope ytd-video-primary-info-renderer\" style=\"text-align: center;\">Equanimity<\/h2>\n<blockquote><p>&quot;Calmness is the ability to maintain balance when external factors, one&#039;s own choices, or disturbing observations threaten to derail the mind.&quot;<\/p>\n<p>Plutarch<\/p><\/blockquote>\n<p>How to live an interesting life?<br \/>\nTo live an interesting life, you must not be afraid to do new things and be convinced that your path will only lead to profits, to success, to something better.<br \/>\nIf you don\u2019t believe in yourself and are afraid that life will change for the worse as a result of the changes, you can really attract such changes.<br \/>\nThe main secret to a happy life is to live in the stream and not to disturb its natural flow.<br \/>\nThe creek flows into the lake most easily and always achieves its goal if no dams are made on its path.<br \/>\nThe creek is not trying to climb a mountain, it is unnatural for it. Why does a person put various obstacles in his way and beat to decide to achieve a goal?<br \/>\nTo live by the laws of nature means you don\u2019t have to interfere with your natural course of life. Loving yourself and gently guiding you in the direction you want is the principle of an environmentally friendly life and a way to show self-love.<br \/>\nAll the best will not come to us from where we have to fight and win the conditions, but from where we are in favorable conditions.<br \/>\nTake care of yourself and love yourself!<\/p>\n<p style=\"text-align: left;\">\ud83d\udc9a Halaus \ud83d\udc9a<div class=\"su-divider su-divider-style-default\" style=\"margin:15px 0;border-width:3px;border-color:#999999\"><\/div>\n<h2 style=\"text-align: center;\">A painting that took time and has magic<\/h2>\n<p>Create a home atmosphere with this board that will make your apartment cozy, and a little more special!<\/p>\n<p>Art invigorates, comforts, delights\u2026 The colors of wool last for decades, so this handmade painting retains its value perfectly. The painting is suitable for a wide variety of homes and works great as a slightly unique gift. This felt board arouses a lot of interest in the closeness of nature and the beauty of the world.<\/p>\n<p>The felt board does not require any special care, it is enough as long as you remember to wipe the dust!<\/p>\n<div class=\"su-note\"  style=\"border-color:#d2d2d2;border-radius:10px;-moz-border-radius:10px;-webkit-border-radius:10px;\"><div class=\"su-note-inner su-u-clearfix su-u-trim\" style=\"background-color:#ececec;border-color:#ffffff;color:#000000;border-radius:10px;-moz-border-radius:10px;-webkit-border-radius:10px;\"><div class=\"su-list\" style=\"margin-left:0px\">\n<ul>\n<li><i class=\"sui sui-photo\" style=\"color:#9d562c\"><\/i> The size of the painting is 42 x 56 cm.<\/li>\n<\/ul>\n<\/div><\/div><\/div>\n<p>When placing a felt board, it is important to remember that direct sunlight and moisture are harmful to the materials on the board. Therefore, wool painting, like other drawn paintings, should never be placed opposite a window, in a damp room or directly on top of a radiator.<\/p>","protected":false},"excerpt":{"rendered":"<p>The walls of the home can be decorated with beautiful and warm felting. With Ellun blankets, your home will be warmer and more comfortable.<\/p>\n<p>3D Unique wool painting with wet and needle felting technology. The frame is made of gray board.<\/p>\n<p><strong>Decoration table Tranquility<\/strong><\/p>\n<p>A truly stunning and unique wool board that will create a precious, cozy, and warm atmosphere in your home.<\/p>\n<p><span class=\"_5mfr\"><span class=\"_6qdm\">\ud83c\udfa8<\/span><\/span> Felted using durable techniques using both wet and needle felting.<br \/>\nThe board has beautiful frames made of gray board.<\/p>","protected":false},"featured_media":20733,"comment_status":"closed","ping_status":"closed","template":"","meta":{"jetpack_publicize_message":"","jetpack_publicize_feature_enabled":true,"jetpack_social_post_already_shared":true,"jetpack_social_options":{"image_generator_settings":{"template":"highway","default_image_id":0,"font":"","enabled":false},"version":2},"_wpas_customize_per_network":false},"product_brand":[],"product_cat":[604714667],"product_tag":[],"class_list":{"0":"post-20732","1":"product","2":"type-product","3":"status-publish","4":"has-post-thumbnail","6":"product_cat-valmiit_tuotteet","7":"product_shipping_class-paketti","9":"first","10":"outofstock","11":"taxable","12":"shipping-taxable","13":"purchasable","14":"product-type-simple"},"yoast_head":"<!-- This site is optimized with the Yoast SEO plugin v27.4 - https:\/\/yoast.com\/product\/yoast-seo-wordpress\/ -->\n<title>Huopataulu &quot;Mielentyyneys&quot; 3D (myyty) - Ellunhuopa<\/title>\n<meta name=\"description\" content=\"Luo kodin tunnelmaa t\u00e4ll\u00e4 taululla joka tekee asunnostasi kodikkaan, ja hieman erikoisemman! Taide pirist\u00e4\u00e4, lohduttaa, ilahduttaa...\" \/>\n<meta name=\"robots\" content=\"index, follow, max-snippet:-1, max-image-preview:large, max-video-preview:-1\" \/>\n<link rel=\"canonical\" href=\"https:\/\/ellunhuopa.com\/en\/product\/huopataulu-mielentyyneys\/\" \/>\n<meta property=\"og:locale\" content=\"en_GB\" \/>\n<meta property=\"og:type\" content=\"article\" \/>\n<meta property=\"og:title\" content=\"Huopataulu &quot;Mielentyyneys&quot; 3D (myyty) - Ellunhuopa\" \/>\n<meta property=\"og:description\" content=\"Luo kodin tunnelmaa t\u00e4ll\u00e4 taululla joka tekee asunnostasi kodikkaan, ja hieman erikoisemman! Taide pirist\u00e4\u00e4, lohduttaa, ilahduttaa...\" \/>\n<meta property=\"og:url\" content=\"https:\/\/ellunhuopa.com\/en\/product\/huopataulu-mielentyyneys\/\" \/>\n<meta property=\"og:site_name\" content=\"Ellunhuopa\" \/>\n<meta property=\"article:publisher\" content=\"https:\/\/www.facebook.com\/ellunhuopa\/?ref=bookmarks\" \/>\n<meta property=\"article:modified_time\" content=\"2022-10-31T10:41:12+00:00\" \/>\n<meta property=\"og:image\" content=\"https:\/\/i0.wp.com\/ellunhuopa.com\/wp-content\/uploads\/2022\/06\/Mielentyyneys.jpg?fit=1080%2C1080&ssl=1\" \/>\n\t<meta property=\"og:image:width\" content=\"1080\" \/>\n\t<meta property=\"og:image:height\" content=\"1080\" \/>\n\t<meta property=\"og:image:type\" content=\"image\/jpeg\" \/>\n<meta name=\"twitter:card\" content=\"summary_large_image\" \/>\n<meta name=\"twitter:label1\" content=\"Estimated reading time\" \/>\n\t<meta name=\"twitter:data1\" content=\"2 minutes\" \/>\n<script type=\"application\/ld+json\" class=\"yoast-schema-graph\">{\"@context\":\"https:\\\/\\\/schema.org\",\"@graph\":[{\"@type\":\"WebPage\",\"@id\":\"https:\\\/\\\/ellunhuopa.com\\\/tuote\\\/huopataulu-mielentyyneys\\\/\",\"url\":\"https:\\\/\\\/ellunhuopa.com\\\/tuote\\\/huopataulu-mielentyyneys\\\/\",\"name\":\"Huopataulu \\\"Mielentyyneys\\\" 3D (myyty) - Ellunhuopa\",\"isPartOf\":{\"@id\":\"https:\\\/\\\/ellunhuopa.com\\\/#website\"},\"primaryImageOfPage\":{\"@id\":\"https:\\\/\\\/ellunhuopa.com\\\/tuote\\\/huopataulu-mielentyyneys\\\/#primaryimage\"},\"image\":{\"@id\":\"https:\\\/\\\/ellunhuopa.com\\\/tuote\\\/huopataulu-mielentyyneys\\\/#primaryimage\"},\"thumbnailUrl\":\"https:\\\/\\\/i0.wp.com\\\/ellunhuopa.com\\\/wp-content\\\/uploads\\\/2022\\\/06\\\/Mielentyyneys.jpg?fit=1080%2C1080&ssl=1\",\"datePublished\":\"2022-06-09T11:59:18+00:00\",\"dateModified\":\"2022-10-31T10:41:12+00:00\",\"description\":\"Luo kodin tunnelmaa t\u00e4ll\u00e4 taululla joka tekee asunnostasi kodikkaan, ja hieman erikoisemman! Taide pirist\u00e4\u00e4, lohduttaa, ilahduttaa...\",\"breadcrumb\":{\"@id\":\"https:\\\/\\\/ellunhuopa.com\\\/tuote\\\/huopataulu-mielentyyneys\\\/#breadcrumb\"},\"inLanguage\":\"en-GB\",\"potentialAction\":[{\"@type\":\"ReadAction\",\"target\":[\"https:\\\/\\\/ellunhuopa.com\\\/tuote\\\/huopataulu-mielentyyneys\\\/\"]}]},{\"@type\":\"ImageObject\",\"inLanguage\":\"en-GB\",\"@id\":\"https:\\\/\\\/ellunhuopa.com\\\/tuote\\\/huopataulu-mielentyyneys\\\/#primaryimage\",\"url\":\"https:\\\/\\\/i0.wp.com\\\/ellunhuopa.com\\\/wp-content\\\/uploads\\\/2022\\\/06\\\/Mielentyyneys.jpg?fit=1080%2C1080&ssl=1\",\"contentUrl\":\"https:\\\/\\\/i0.wp.com\\\/ellunhuopa.com\\\/wp-content\\\/uploads\\\/2022\\\/06\\\/Mielentyyneys.jpg?fit=1080%2C1080&ssl=1\",\"width\":1080,\"height\":1080},{\"@type\":\"BreadcrumbList\",\"@id\":\"https:\\\/\\\/ellunhuopa.com\\\/tuote\\\/huopataulu-mielentyyneys\\\/#breadcrumb\",\"itemListElement\":[{\"@type\":\"ListItem\",\"position\":1,\"name\":\"Home\",\"item\":\"https:\\\/\\\/ellunhuopa.com\\\/\"},{\"@type\":\"ListItem\",\"position\":2,\"name\":\"Puoti\",\"item\":\"https:\\\/\\\/ellunhuopa.com\\\/puoti\\\/\"},{\"@type\":\"ListItem\",\"position\":3,\"name\":\"Huopataulu &#8221;Mielentyyneys&#8221; 3D (myyty)\"}]},{\"@type\":\"WebSite\",\"@id\":\"https:\\\/\\\/ellunhuopa.com\\\/#website\",\"url\":\"https:\\\/\\\/ellunhuopa.com\\\/\",\"name\":\"ELLU - Wool Art\",\"description\":\"Ellunhuopa - Elena Bondar\",\"publisher\":{\"@id\":\"https:\\\/\\\/ellunhuopa.com\\\/#organization\"},\"potentialAction\":[{\"@type\":\"SearchAction\",\"target\":{\"@type\":\"EntryPoint\",\"urlTemplate\":\"https:\\\/\\\/ellunhuopa.com\\\/?s={search_term_string}\"},\"query-input\":{\"@type\":\"PropertyValueSpecification\",\"valueRequired\":true,\"valueName\":\"search_term_string\"}}],\"inLanguage\":\"en-GB\"},{\"@type\":\"Organization\",\"@id\":\"https:\\\/\\\/ellunhuopa.com\\\/#organization\",\"name\":\"Ellunhuopa\",\"url\":\"https:\\\/\\\/ellunhuopa.com\\\/\",\"logo\":{\"@type\":\"ImageObject\",\"inLanguage\":\"en-GB\",\"@id\":\"https:\\\/\\\/ellunhuopa.com\\\/#\\\/schema\\\/logo\\\/image\\\/\",\"url\":\"https:\\\/\\\/ellunhuopa.com\\\/wp-content\\\/uploads\\\/2018\\\/02\\\/cropped-ellu_logo_ellunhuopa_netti.jpg\",\"contentUrl\":\"https:\\\/\\\/ellunhuopa.com\\\/wp-content\\\/uploads\\\/2018\\\/02\\\/cropped-ellu_logo_ellunhuopa_netti.jpg\",\"width\":348,\"height\":348,\"caption\":\"Ellunhuopa\"},\"image\":{\"@id\":\"https:\\\/\\\/ellunhuopa.com\\\/#\\\/schema\\\/logo\\\/image\\\/\"},\"sameAs\":[\"https:\\\/\\\/www.facebook.com\\\/ellunhuopa\\\/?ref=bookmarks\",\"https:\\\/\\\/www.instagram.com\\\/ellunhuopa\\\/\",\"https:\\\/\\\/www.youtube.com\\\/channel\\\/UCN8xrsHRIySLYr-66w-DUPg\"]}]}<\/script>\n<!-- \/ Yoast SEO plugin. -->","yoast_head_json":{"title":"Huopataulu \"Mielentyyneys\" 3D (myyty) - Ellunhuopa","description":"Luo kodin tunnelmaa t\u00e4ll\u00e4 taululla joka tekee asunnostasi kodikkaan, ja hieman erikoisemman! Taide pirist\u00e4\u00e4, lohduttaa, ilahduttaa...","robots":{"index":"index","follow":"follow","max-snippet":"max-snippet:-1","max-image-preview":"max-image-preview:large","max-video-preview":"max-video-preview:-1"},"canonical":"https:\/\/ellunhuopa.com\/en\/product\/huopataulu-mielentyyneys\/","og_locale":"en_GB","og_type":"article","og_title":"Huopataulu \"Mielentyyneys\" 3D (myyty) - Ellunhuopa","og_description":"Luo kodin tunnelmaa t\u00e4ll\u00e4 taululla joka tekee asunnostasi kodikkaan, ja hieman erikoisemman! Taide pirist\u00e4\u00e4, lohduttaa, ilahduttaa...","og_url":"https:\/\/ellunhuopa.com\/en\/product\/huopataulu-mielentyyneys\/","og_site_name":"Ellunhuopa","article_publisher":"https:\/\/www.facebook.com\/ellunhuopa\/?ref=bookmarks","article_modified_time":"2022-10-31T10:41:12+00:00","og_image":[{"width":1080,"height":1080,"url":"https:\/\/i0.wp.com\/ellunhuopa.com\/wp-content\/uploads\/2022\/06\/Mielentyyneys.jpg?fit=1080%2C1080&ssl=1","type":"image\/jpeg"}],"twitter_card":"summary_large_image","twitter_misc":{"Estimated reading time":"2 minutes"},"schema":{"@context":"https:\/\/schema.org","@graph":[{"@type":"WebPage","@id":"https:\/\/ellunhuopa.com\/tuote\/huopataulu-mielentyyneys\/","url":"https:\/\/ellunhuopa.com\/tuote\/huopataulu-mielentyyneys\/","name":"Huopataulu \"Mielentyyneys\" 3D (myyty) - Ellunhuopa","isPartOf":{"@id":"https:\/\/ellunhuopa.com\/#website"},"primaryImageOfPage":{"@id":"https:\/\/ellunhuopa.com\/tuote\/huopataulu-mielentyyneys\/#primaryimage"},"image":{"@id":"https:\/\/ellunhuopa.com\/tuote\/huopataulu-mielentyyneys\/#primaryimage"},"thumbnailUrl":"https:\/\/i0.wp.com\/ellunhuopa.com\/wp-content\/uploads\/2022\/06\/Mielentyyneys.jpg?fit=1080%2C1080&ssl=1","datePublished":"2022-06-09T11:59:18+00:00","dateModified":"2022-10-31T10:41:12+00:00","description":"Luo kodin tunnelmaa t\u00e4ll\u00e4 taululla joka tekee asunnostasi kodikkaan, ja hieman erikoisemman! Taide pirist\u00e4\u00e4, lohduttaa, ilahduttaa...","breadcrumb":{"@id":"https:\/\/ellunhuopa.com\/tuote\/huopataulu-mielentyyneys\/#breadcrumb"},"inLanguage":"en-GB","potentialAction":[{"@type":"ReadAction","target":["https:\/\/ellunhuopa.com\/tuote\/huopataulu-mielentyyneys\/"]}]},{"@type":"ImageObject","inLanguage":"en-GB","@id":"https:\/\/ellunhuopa.com\/tuote\/huopataulu-mielentyyneys\/#primaryimage","url":"https:\/\/i0.wp.com\/ellunhuopa.com\/wp-content\/uploads\/2022\/06\/Mielentyyneys.jpg?fit=1080%2C1080&ssl=1","contentUrl":"https:\/\/i0.wp.com\/ellunhuopa.com\/wp-content\/uploads\/2022\/06\/Mielentyyneys.jpg?fit=1080%2C1080&ssl=1","width":1080,"height":1080},{"@type":"BreadcrumbList","@id":"https:\/\/ellunhuopa.com\/tuote\/huopataulu-mielentyyneys\/#breadcrumb","itemListElement":[{"@type":"ListItem","position":1,"name":"Home","item":"https:\/\/ellunhuopa.com\/"},{"@type":"ListItem","position":2,"name":"Puoti","item":"https:\/\/ellunhuopa.com\/puoti\/"},{"@type":"ListItem","position":3,"name":"Huopataulu &#8221;Mielentyyneys&#8221; 3D (myyty)"}]},{"@type":"WebSite","@id":"https:\/\/ellunhuopa.com\/#website","url":"https:\/\/ellunhuopa.com\/","name":"ELLU - Wool Art","description":"Ellunhuopa - Elena Bondar","publisher":{"@id":"https:\/\/ellunhuopa.com\/#organization"},"potentialAction":[{"@type":"SearchAction","target":{"@type":"EntryPoint","urlTemplate":"https:\/\/ellunhuopa.com\/?s={search_term_string}"},"query-input":{"@type":"PropertyValueSpecification","valueRequired":true,"valueName":"search_term_string"}}],"inLanguage":"en-GB"},{"@type":"Organization","@id":"https:\/\/ellunhuopa.com\/#organization","name":"Woolrealm","url":"https:\/\/ellunhuopa.com\/","logo":{"@type":"ImageObject","inLanguage":"en-GB","@id":"https:\/\/ellunhuopa.com\/#\/schema\/logo\/image\/","url":"https:\/\/ellunhuopa.com\/wp-content\/uploads\/2018\/02\/cropped-ellu_logo_ellunhuopa_netti.jpg","contentUrl":"https:\/\/ellunhuopa.com\/wp-content\/uploads\/2018\/02\/cropped-ellu_logo_ellunhuopa_netti.jpg","width":348,"height":348,"caption":"Ellunhuopa"},"image":{"@id":"https:\/\/ellunhuopa.com\/#\/schema\/logo\/image\/"},"sameAs":["https:\/\/www.facebook.com\/ellunhuopa\/?ref=bookmarks","https:\/\/www.instagram.com\/ellunhuopa\/","https:\/\/www.youtube.com\/channel\/UCN8xrsHRIySLYr-66w-DUPg"]}]}},"jetpack_publicize_connections":[],"jetpack_sharing_enabled":true,"jetpack_likes_enabled":false,"jetpack-related-posts":[{"id":20785,"url":"https:\/\/ellunhuopa.com\/en\/product\/huopataulu-paradigman-muutos\/","url_meta":{"origin":20732,"position":0},"title":"Felt board \u201dParadigm shift\u201d (sold)","author":"Elena Bondar","date":"July 5, 2022","format":false,"excerpt":"You can decorate the walls of your home with beautiful and warm felting. With Ellunhuova's wallpapers, your home will be warmer and more cosy. 3D Unique wool painting with wet and needle felting technique. The frame is made of grey board. A paradigm shift A truly stunning and unique wool painting that will create a precious, seductive, and warm atmosphere in your home. \ud83c\udfa8 Felted with a durable technique using both wet -...","rel":"","context":"Similar post","block_context":{"text":"Similar post","link":""},"img":{"alt_text":"","src":"https:\/\/i0.wp.com\/ellunhuopa.com\/wp-content\/uploads\/2022\/07\/Sisustustaulu-Paradigman-muutos-Ellunhuopa.jpg?fit=1080%2C1080&ssl=1&resize=350%2C200","width":350,"height":200,"srcset":"https:\/\/i0.wp.com\/ellunhuopa.com\/wp-content\/uploads\/2022\/07\/Sisustustaulu-Paradigman-muutos-Ellunhuopa.jpg?fit=1080%2C1080&ssl=1&resize=350%2C200 1x, https:\/\/i0.wp.com\/ellunhuopa.com\/wp-content\/uploads\/2022\/07\/Sisustustaulu-Paradigman-muutos-Ellunhuopa.jpg?fit=1080%2C1080&ssl=1&resize=525%2C300 1.5x, https:\/\/i0.wp.com\/ellunhuopa.com\/wp-content\/uploads\/2022\/07\/Sisustustaulu-Paradigman-muutos-Ellunhuopa.jpg?fit=1080%2C1080&ssl=1&resize=700%2C400 2x, https:\/\/i0.wp.com\/ellunhuopa.com\/wp-content\/uploads\/2022\/07\/Sisustustaulu-Paradigman-muutos-Ellunhuopa.jpg?fit=1080%2C1080&ssl=1&resize=1050%2C600 3x"},"classes":[]},{"id":25440,"url":"https:\/\/ellunhuopa.com\/en\/product\/mita-mietit_kultaseni\/","url_meta":{"origin":20732,"position":1},"title":"*LOST* Wool painting \u201dWhat are you thinking, darling?\u201d","author":"Elena Bondar","date":"November 22, 2024","format":false,"excerpt":"You can decorate the walls of your home with beautiful and warm felting. With Ellunhuova's wallpapers, your home will be warmer and more cosy. A truly stunning and unique woolen table that will create a precious, cunning, and warm atmosphere in your home. \ud83c\udfa8 Felted with a durable technique using both wet and needle felting.","rel":"","context":"Similar post","block_context":{"text":"Similar post","link":""},"img":{"alt_text":"","src":"https:\/\/i0.wp.com\/ellunhuopa.com\/wp-content\/uploads\/2024\/11\/20241122_144702_0000.jpg?fit=1080%2C1080&ssl=1&resize=350%2C200","width":350,"height":200,"srcset":"https:\/\/i0.wp.com\/ellunhuopa.com\/wp-content\/uploads\/2024\/11\/20241122_144702_0000.jpg?fit=1080%2C1080&ssl=1&resize=350%2C200 1x, https:\/\/i0.wp.com\/ellunhuopa.com\/wp-content\/uploads\/2024\/11\/20241122_144702_0000.jpg?fit=1080%2C1080&ssl=1&resize=525%2C300 1.5x, https:\/\/i0.wp.com\/ellunhuopa.com\/wp-content\/uploads\/2024\/11\/20241122_144702_0000.jpg?fit=1080%2C1080&ssl=1&resize=700%2C400 2x, https:\/\/i0.wp.com\/ellunhuopa.com\/wp-content\/uploads\/2024\/11\/20241122_144702_0000.jpg?fit=1080%2C1080&ssl=1&resize=1050%2C600 3x"},"classes":[]},{"id":22018,"url":"https:\/\/ellunhuopa.com\/en\/product\/sisustustaulu-tuntemattomuus\/","url_meta":{"origin":20732,"position":2},"title":"*LOST* Decorative plaque \u201dThe unknown is always scary, but you can walk the path\u201d","author":"Elena Bondar","date":"April 28, 2023","format":false,"excerpt":"Kodin sein\u00e4t voi koristaa kauniilla ja l\u00e4mpimill\u00e4 huovutust\u00f6ill\u00e4. Ellunhuovan tauluilla teid\u00e4n kotinne on l\u00e4mpim\u00e4mpi ja viihtyis\u00e4mpi. Tuntemattomuus on aina pelottavaa, mutta tie selvi\u00e4\u00e4 k\u00e4velem\u00e4ll\u00e4 Todella upea ja uniikki villataulu, joka luo kotiisi arvokkaan, viekkaan, ja l\u00e4mp\u00f6isen tunnelman. \ud83c\udfa8 Huovutettu kest\u00e4v\u00e4ll\u00e4 tekniikalla k\u00e4ytt\u00e4en sek\u00e4 m\u00e4rk\u00e4 - ja neulahuovutusta.","rel":"","context":"Similar post","block_context":{"text":"Similar post","link":""},"img":{"alt_text":"","src":"https:\/\/i0.wp.com\/ellunhuopa.com\/wp-content\/uploads\/2023\/04\/20230428_104713_0000.jpg?fit=1080%2C1080&ssl=1&resize=350%2C200","width":350,"height":200,"srcset":"https:\/\/i0.wp.com\/ellunhuopa.com\/wp-content\/uploads\/2023\/04\/20230428_104713_0000.jpg?fit=1080%2C1080&ssl=1&resize=350%2C200 1x, https:\/\/i0.wp.com\/ellunhuopa.com\/wp-content\/uploads\/2023\/04\/20230428_104713_0000.jpg?fit=1080%2C1080&ssl=1&resize=525%2C300 1.5x, https:\/\/i0.wp.com\/ellunhuopa.com\/wp-content\/uploads\/2023\/04\/20230428_104713_0000.jpg?fit=1080%2C1080&ssl=1&resize=700%2C400 2x, https:\/\/i0.wp.com\/ellunhuopa.com\/wp-content\/uploads\/2023\/04\/20230428_104713_0000.jpg?fit=1080%2C1080&ssl=1&resize=1050%2C600 3x"},"classes":[]},{"id":19343,"url":"https:\/\/ellunhuopa.com\/en\/product\/sisustustaulu-kilpikonna\/","url_meta":{"origin":20732,"position":3},"title":"Decoration board \u201dThe whole world is inside you\u201d (sold)","author":"Elena Bondar","date":"December 7, 2021","format":false,"excerpt":"The whole world inside you A truly unique wild tableau for your home, in a place worthy of it. This is a real eye-catcher that is sure to leave no one indifferent. It will stir the thoughts of all who see it and the soul of the painting is a landscape that anyone can immerse themselves in. This painting comes alive every time you look at it, it takes you and leads you exactly where you...","rel":"","context":"Similar post","block_context":{"text":"Similar post","link":""},"img":{"alt_text":"","src":"https:\/\/i0.wp.com\/ellunhuopa.com\/wp-content\/uploads\/2021\/12\/20211208_115216_0000.jpg?fit=1080%2C1080&ssl=1&resize=350%2C200","width":350,"height":200,"srcset":"https:\/\/i0.wp.com\/ellunhuopa.com\/wp-content\/uploads\/2021\/12\/20211208_115216_0000.jpg?fit=1080%2C1080&ssl=1&resize=350%2C200 1x, https:\/\/i0.wp.com\/ellunhuopa.com\/wp-content\/uploads\/2021\/12\/20211208_115216_0000.jpg?fit=1080%2C1080&ssl=1&resize=525%2C300 1.5x, https:\/\/i0.wp.com\/ellunhuopa.com\/wp-content\/uploads\/2021\/12\/20211208_115216_0000.jpg?fit=1080%2C1080&ssl=1&resize=700%2C400 2x, https:\/\/i0.wp.com\/ellunhuopa.com\/wp-content\/uploads\/2021\/12\/20211208_115216_0000.jpg?fit=1080%2C1080&ssl=1&resize=1050%2C600 3x"},"classes":[]},{"id":23778,"url":"https:\/\/ellunhuopa.com\/en\/product\/villamaalaus-vapauden-siivet-vapautuminen-ja-elaminen-nyt\/","url_meta":{"origin":20732,"position":4},"title":"*LOST* Wool painting \u201dWings of Freedom: Liberation and Living Now\u201d","author":"Elena Bondar","date":"July 9, 2024","format":false,"excerpt":"You can decorate the walls of your home with beautiful and warm felting. With Ellunhuova's wallpapers, your home will be warmer and more cosy. A truly stunning and unique woolen table that will create a precious, cunning, and warm atmosphere in your home. \ud83c\udfa8 Felted with a durable technique using both wet and needle felting.","rel":"","context":"Similar post","block_context":{"text":"Similar post","link":""},"img":{"alt_text":"","src":"https:\/\/i0.wp.com\/ellunhuopa.com\/wp-content\/uploads\/2024\/07\/White-and-Blue-Torn-Paper-Coming-Soon-Instagram-Post_20240709_105851_0000.jpg?fit=1200%2C1200&ssl=1&resize=350%2C200","width":350,"height":200,"srcset":"https:\/\/i0.wp.com\/ellunhuopa.com\/wp-content\/uploads\/2024\/07\/White-and-Blue-Torn-Paper-Coming-Soon-Instagram-Post_20240709_105851_0000.jpg?fit=1200%2C1200&ssl=1&resize=350%2C200 1x, https:\/\/i0.wp.com\/ellunhuopa.com\/wp-content\/uploads\/2024\/07\/White-and-Blue-Torn-Paper-Coming-Soon-Instagram-Post_20240709_105851_0000.jpg?fit=1200%2C1200&ssl=1&resize=525%2C300 1.5x, https:\/\/i0.wp.com\/ellunhuopa.com\/wp-content\/uploads\/2024\/07\/White-and-Blue-Torn-Paper-Coming-Soon-Instagram-Post_20240709_105851_0000.jpg?fit=1200%2C1200&ssl=1&resize=700%2C400 2x, https:\/\/i0.wp.com\/ellunhuopa.com\/wp-content\/uploads\/2024\/07\/White-and-Blue-Torn-Paper-Coming-Soon-Instagram-Post_20240709_105851_0000.jpg?fit=1200%2C1200&ssl=1&resize=1050%2C600 3x"},"classes":[]},{"id":27756,"url":"https:\/\/ellunhuopa.com\/en\/product\/silloin-kun-ihmiset-nukkuvat\/","url_meta":{"origin":20732,"position":5},"title":"Wool painting \u201dWhen people sleep\u201d","author":"Elena Bondar","date":"January 27, 2026","format":false,"excerpt":"You can decorate the walls of your home with beautiful and warm felting. With Ellunhuova's wallpapers, your home will be warmer and more cosy. A truly stunning and unique woolen table that will create a precious, cunning, and warm atmosphere in your home. \ud83c\udfa8 Felted with a durable technique using both wet and needle felting.","rel":"","context":"Similar post","block_context":{"text":"Similar post","link":""},"img":{"alt_text":"","src":"https:\/\/i0.wp.com\/ellunhuopa.com\/wp-content\/uploads\/2026\/01\/oom_20260127_173336_0000.jpg?fit=1080%2C1080&ssl=1&resize=350%2C200","width":350,"height":200,"srcset":"https:\/\/i0.wp.com\/ellunhuopa.com\/wp-content\/uploads\/2026\/01\/oom_20260127_173336_0000.jpg?fit=1080%2C1080&ssl=1&resize=350%2C200 1x, https:\/\/i0.wp.com\/ellunhuopa.com\/wp-content\/uploads\/2026\/01\/oom_20260127_173336_0000.jpg?fit=1080%2C1080&ssl=1&resize=525%2C300 1.5x, https:\/\/i0.wp.com\/ellunhuopa.com\/wp-content\/uploads\/2026\/01\/oom_20260127_173336_0000.jpg?fit=1080%2C1080&ssl=1&resize=700%2C400 2x, https:\/\/i0.wp.com\/ellunhuopa.com\/wp-content\/uploads\/2026\/01\/oom_20260127_173336_0000.jpg?fit=1080%2C1080&ssl=1&resize=1050%2C600 3x"},"classes":[]}],"_links":{"self":[{"href":"https:\/\/ellunhuopa.com\/en\/wp-json\/wp\/v2\/product\/20732","targetHints":{"allow":["GET"]}}],"collection":[{"href":"https:\/\/ellunhuopa.com\/en\/wp-json\/wp\/v2\/product"}],"about":[{"href":"https:\/\/ellunhuopa.com\/en\/wp-json\/wp\/v2\/types\/product"}],"replies":[{"embeddable":true,"href":"https:\/\/ellunhuopa.com\/en\/wp-json\/wp\/v2\/comments?post=20732"}],"wp:featuredmedia":[{"embeddable":true,"href":"https:\/\/ellunhuopa.com\/en\/wp-json\/wp\/v2\/media\/20733"}],"wp:attachment":[{"href":"https:\/\/ellunhuopa.com\/en\/wp-json\/wp\/v2\/media?parent=20732"}],"wp:term":[{"taxonomy":"product_brand","embeddable":true,"href":"https:\/\/ellunhuopa.com\/en\/wp-json\/wp\/v2\/product_brand?post=20732"},{"taxonomy":"product_cat","embeddable":true,"href":"https:\/\/ellunhuopa.com\/en\/wp-json\/wp\/v2\/product_cat?post=20732"},{"taxonomy":"product_tag","embeddable":true,"href":"https:\/\/ellunhuopa.com\/en\/wp-json\/wp\/v2\/product_tag?post=20732"}],"curies":[{"name":"wp","href":"https:\/\/api.w.org\/{rel}","templated":true}]}}