{"id":20785,"date":"2022-07-05T08:59:44","date_gmt":"2022-07-05T06:59:44","guid":{"rendered":"https:\/\/ellunhuopa.com\/?post_type=product&#038;p=20785"},"modified":"2022-10-31T12:07:27","modified_gmt":"2022-10-31T10:07:27","slug":"huopataulu-paradigman-muutos","status":"publish","type":"product","link":"https:\/\/ellunhuopa.com\/en\/product\/huopataulu-paradigman-muutos\/","title":{"rendered":"Felt board \u201dParadigm shift\u201d (sold)"},"content":{"rendered":"<h2 class=\"title style-scope ytd-video-primary-info-renderer\" style=\"text-align: center;\">Paradigm shift<\/h2>\n<blockquote><p>Every person is on the path of life to a destination and wishes that path to be uncomplicated and easy to navigate. However, every person's path looks different, unique, distinctive. It often happens that, compared to others, our path does not look so smooth and straight. It may even seem that another person's path is much nicer and more beautiful.<br \/>\nHowever, it is a big misunderstanding to think so. After all, each person lives their own unique life. We just need to turn around to face it and learn to live our best life.<br \/>\nThey also say that fate has not been chosen! Perhaps it is. A paradigm is a generally accepted doctrinal structure, a way of thinking, a trend in a discipline.<br \/>\nBut we can choose different scenarios for our fate.<br \/>\nThe future depends on the choices you make today. If something in your destiny does not suit you, you can influence its course. You change the way you think, the way you relate, the way you see...<br \/>\nIf you want to live life to the full, if you want to get the most out of life, you have to change your paradigm of thinking, you have to get rid of limiting beliefs and attitudes.<br \/>\nIf you realise that your faith is not helping you live a better life, you have the right to change it. Life is in your hands.<\/p>\n<p>Be the master of your own destiny! Live it happily!<\/p><\/blockquote>\n<p style=\"text-align: left;\">\ud83d\udc9a Halaus \ud83d\udc9a<div class=\"su-divider su-divider-style-default\" style=\"margin:15px 0;border-width:3px;border-color:#999999\"><\/div>\n<h2 style=\"text-align: center;\">A painting that took time and has magic<\/h2>\n<p>Create a home atmosphere with this board that will make your apartment cozy, and a little more special!<\/p>\n<p>Art invigorates, comforts, delights\u2026 The colors of wool last for decades, so this handmade painting retains its value perfectly. The painting is suitable for a wide variety of homes and works great as a slightly unique gift. This felt board arouses a lot of interest in the closeness of nature and the beauty of the world.<\/p>\n<p>The felt board does not require any special care, it is enough as long as you remember to wipe the dust!<\/p>\n<div class=\"su-note\"  style=\"border-color:#d2d2d2;border-radius:10px;-moz-border-radius:10px;-webkit-border-radius:10px;\"><div class=\"su-note-inner su-u-clearfix su-u-trim\" style=\"background-color:#ececec;border-color:#ffffff;color:#000000;border-radius:10px;-moz-border-radius:10px;-webkit-border-radius:10px;\"><div class=\"su-list\" style=\"margin-left:0px\">\n<ul>\n<li><i class=\"sui sui-photo\" style=\"color:#9d562c\"><\/i> Size 65 x 77 cm.<\/li>\n<li><i class=\"sui sui-photo\" style=\"color:#9d562c\"><\/i> The size of the felt painting is 45 x 58 cm.<\/li>\n<\/ul>\n<\/div><\/div><\/div>\n<p>When placing a felt board, it is important to remember that direct sunlight and moisture are harmful to the materials on the board. Therefore, wool painting, like other drawn paintings, should never be placed opposite a window, in a damp room or directly on top of a radiator.<\/p>","protected":false},"excerpt":{"rendered":"<p>The walls of the home can be decorated with beautiful and warm felting. With Ellun blankets, your home will be warmer and more comfortable.<\/p>\n<p>3D Unique wool painting with wet and needle felting technology. The frame is made of gray board.<\/p>\n<p><strong>Paradigm shift<\/strong><\/p>\n<p>A truly stunning and unique wool board that will create a precious, cozy, and warm atmosphere in your home.<\/p>\n<p><span class=\"_5mfr\"><span class=\"_6qdm\">\ud83c\udfa8<\/span><\/span> Felted using durable techniques using both wet and needle felting.<br \/>\nThe board has beautiful frames made of gray board.<\/p>","protected":false},"featured_media":20790,"comment_status":"closed","ping_status":"closed","template":"","meta":{"jetpack_publicize_message":"","jetpack_publicize_feature_enabled":true,"jetpack_social_post_already_shared":true,"jetpack_social_options":{"image_generator_settings":{"template":"highway","default_image_id":0,"font":"","enabled":false},"version":2},"_wpas_customize_per_network":false},"product_brand":[],"product_cat":[604714667],"product_tag":[],"class_list":{"0":"post-20785","1":"product","2":"type-product","3":"status-publish","4":"has-post-thumbnail","6":"product_cat-valmiit_tuotteet","7":"product_shipping_class-paketti","9":"first","10":"outofstock","11":"taxable","12":"shipping-taxable","13":"purchasable","14":"product-type-simple"},"yoast_head":"<!-- This site is optimized with the Yoast SEO plugin v27.4 - https:\/\/yoast.com\/product\/yoast-seo-wordpress\/ -->\n<title>Huopataulu &quot;Paradigman muutos&quot; (myyty) - Ellunhuopa<\/title>\n<meta name=\"description\" content=\"Luo kodin tunnelmaa t\u00e4ll\u00e4 taululla joka tekee asunnostasi kodikkaan, ja hieman erikoisemman! Taide pirist\u00e4\u00e4, lohduttaa, ilahduttaa...\" \/>\n<meta name=\"robots\" content=\"index, follow, max-snippet:-1, max-image-preview:large, max-video-preview:-1\" \/>\n<link rel=\"canonical\" href=\"https:\/\/ellunhuopa.com\/en\/tuote\/huopataulu-paradigman-muutos\/\" \/>\n<meta property=\"og:locale\" content=\"en_GB\" \/>\n<meta property=\"og:type\" content=\"article\" \/>\n<meta property=\"og:title\" content=\"Huopataulu &quot;Paradigman muutos&quot; (myyty) - Ellunhuopa\" \/>\n<meta property=\"og:description\" content=\"Luo kodin tunnelmaa t\u00e4ll\u00e4 taululla joka tekee asunnostasi kodikkaan, ja hieman erikoisemman! Taide pirist\u00e4\u00e4, lohduttaa, ilahduttaa...\" \/>\n<meta property=\"og:url\" content=\"https:\/\/ellunhuopa.com\/en\/tuote\/huopataulu-paradigman-muutos\/\" \/>\n<meta property=\"og:site_name\" content=\"Ellunhuopa\" \/>\n<meta property=\"article:publisher\" content=\"https:\/\/www.facebook.com\/ellunhuopa\/?ref=bookmarks\" \/>\n<meta property=\"article:modified_time\" content=\"2022-10-31T10:07:27+00:00\" \/>\n<meta property=\"og:image\" content=\"https:\/\/i0.wp.com\/ellunhuopa.com\/wp-content\/uploads\/2022\/07\/Sisustustaulu-Paradigman-muutos-Ellunhuopa.jpg?fit=1080%2C1080&ssl=1\" \/>\n\t<meta property=\"og:image:width\" content=\"1080\" \/>\n\t<meta property=\"og:image:height\" content=\"1080\" \/>\n\t<meta property=\"og:image:type\" content=\"image\/jpeg\" \/>\n<meta name=\"twitter:card\" content=\"summary_large_image\" \/>\n<meta name=\"twitter:label1\" content=\"Estimated reading time\" \/>\n\t<meta name=\"twitter:data1\" content=\"2 minutes\" \/>\n<script type=\"application\/ld+json\" class=\"yoast-schema-graph\">{\"@context\":\"https:\\\/\\\/schema.org\",\"@graph\":[{\"@type\":\"WebPage\",\"@id\":\"https:\\\/\\\/ellunhuopa.com\\\/en\\\/tuote\\\/huopataulu-paradigman-muutos\\\/\",\"url\":\"https:\\\/\\\/ellunhuopa.com\\\/en\\\/tuote\\\/huopataulu-paradigman-muutos\\\/\",\"name\":\"Huopataulu \\\"Paradigman muutos\\\" (myyty) - Ellunhuopa\",\"isPartOf\":{\"@id\":\"https:\\\/\\\/ellunhuopa.com\\\/#website\"},\"primaryImageOfPage\":{\"@id\":\"https:\\\/\\\/ellunhuopa.com\\\/en\\\/tuote\\\/huopataulu-paradigman-muutos\\\/#primaryimage\"},\"image\":{\"@id\":\"https:\\\/\\\/ellunhuopa.com\\\/en\\\/tuote\\\/huopataulu-paradigman-muutos\\\/#primaryimage\"},\"thumbnailUrl\":\"https:\\\/\\\/i0.wp.com\\\/ellunhuopa.com\\\/wp-content\\\/uploads\\\/2022\\\/07\\\/Sisustustaulu-Paradigman-muutos-Ellunhuopa.jpg?fit=1080%2C1080&ssl=1\",\"datePublished\":\"2022-07-05T06:59:44+00:00\",\"dateModified\":\"2022-10-31T10:07:27+00:00\",\"description\":\"Luo kodin tunnelmaa t\u00e4ll\u00e4 taululla joka tekee asunnostasi kodikkaan, ja hieman erikoisemman! Taide pirist\u00e4\u00e4, lohduttaa, ilahduttaa...\",\"breadcrumb\":{\"@id\":\"https:\\\/\\\/ellunhuopa.com\\\/en\\\/tuote\\\/huopataulu-paradigman-muutos\\\/#breadcrumb\"},\"inLanguage\":\"en-GB\",\"potentialAction\":[{\"@type\":\"ReadAction\",\"target\":[\"https:\\\/\\\/ellunhuopa.com\\\/en\\\/tuote\\\/huopataulu-paradigman-muutos\\\/\"]}]},{\"@type\":\"ImageObject\",\"inLanguage\":\"en-GB\",\"@id\":\"https:\\\/\\\/ellunhuopa.com\\\/en\\\/tuote\\\/huopataulu-paradigman-muutos\\\/#primaryimage\",\"url\":\"https:\\\/\\\/i0.wp.com\\\/ellunhuopa.com\\\/wp-content\\\/uploads\\\/2022\\\/07\\\/Sisustustaulu-Paradigman-muutos-Ellunhuopa.jpg?fit=1080%2C1080&ssl=1\",\"contentUrl\":\"https:\\\/\\\/i0.wp.com\\\/ellunhuopa.com\\\/wp-content\\\/uploads\\\/2022\\\/07\\\/Sisustustaulu-Paradigman-muutos-Ellunhuopa.jpg?fit=1080%2C1080&ssl=1\",\"width\":1080,\"height\":1080},{\"@type\":\"BreadcrumbList\",\"@id\":\"https:\\\/\\\/ellunhuopa.com\\\/en\\\/tuote\\\/huopataulu-paradigman-muutos\\\/#breadcrumb\",\"itemListElement\":[{\"@type\":\"ListItem\",\"position\":1,\"name\":\"Home\",\"item\":\"https:\\\/\\\/ellunhuopa.com\\\/\"},{\"@type\":\"ListItem\",\"position\":2,\"name\":\"Puoti\",\"item\":\"https:\\\/\\\/ellunhuopa.com\\\/puoti\\\/\"},{\"@type\":\"ListItem\",\"position\":3,\"name\":\"Huopataulu &#8221;Paradigman muutos&#8221; (myyty)\"}]},{\"@type\":\"WebSite\",\"@id\":\"https:\\\/\\\/ellunhuopa.com\\\/#website\",\"url\":\"https:\\\/\\\/ellunhuopa.com\\\/\",\"name\":\"ELLU - Wool Art\",\"description\":\"Ellunhuopa - Elena Bondar\",\"publisher\":{\"@id\":\"https:\\\/\\\/ellunhuopa.com\\\/#organization\"},\"potentialAction\":[{\"@type\":\"SearchAction\",\"target\":{\"@type\":\"EntryPoint\",\"urlTemplate\":\"https:\\\/\\\/ellunhuopa.com\\\/?s={search_term_string}\"},\"query-input\":{\"@type\":\"PropertyValueSpecification\",\"valueRequired\":true,\"valueName\":\"search_term_string\"}}],\"inLanguage\":\"en-GB\"},{\"@type\":\"Organization\",\"@id\":\"https:\\\/\\\/ellunhuopa.com\\\/#organization\",\"name\":\"Ellunhuopa\",\"url\":\"https:\\\/\\\/ellunhuopa.com\\\/\",\"logo\":{\"@type\":\"ImageObject\",\"inLanguage\":\"en-GB\",\"@id\":\"https:\\\/\\\/ellunhuopa.com\\\/#\\\/schema\\\/logo\\\/image\\\/\",\"url\":\"https:\\\/\\\/ellunhuopa.com\\\/wp-content\\\/uploads\\\/2018\\\/02\\\/cropped-ellu_logo_ellunhuopa_netti.jpg\",\"contentUrl\":\"https:\\\/\\\/ellunhuopa.com\\\/wp-content\\\/uploads\\\/2018\\\/02\\\/cropped-ellu_logo_ellunhuopa_netti.jpg\",\"width\":348,\"height\":348,\"caption\":\"Ellunhuopa\"},\"image\":{\"@id\":\"https:\\\/\\\/ellunhuopa.com\\\/#\\\/schema\\\/logo\\\/image\\\/\"},\"sameAs\":[\"https:\\\/\\\/www.facebook.com\\\/ellunhuopa\\\/?ref=bookmarks\",\"https:\\\/\\\/www.instagram.com\\\/ellunhuopa\\\/\",\"https:\\\/\\\/www.youtube.com\\\/channel\\\/UCN8xrsHRIySLYr-66w-DUPg\"]}]}<\/script>\n<!-- \/ Yoast SEO plugin. -->","yoast_head_json":{"title":"Huopataulu \"Paradigman muutos\" (myyty) - Ellunhuopa","description":"Luo kodin tunnelmaa t\u00e4ll\u00e4 taululla joka tekee asunnostasi kodikkaan, ja hieman erikoisemman! Taide pirist\u00e4\u00e4, lohduttaa, ilahduttaa...","robots":{"index":"index","follow":"follow","max-snippet":"max-snippet:-1","max-image-preview":"max-image-preview:large","max-video-preview":"max-video-preview:-1"},"canonical":"https:\/\/ellunhuopa.com\/en\/tuote\/huopataulu-paradigman-muutos\/","og_locale":"en_GB","og_type":"article","og_title":"Huopataulu \"Paradigman muutos\" (myyty) - Ellunhuopa","og_description":"Luo kodin tunnelmaa t\u00e4ll\u00e4 taululla joka tekee asunnostasi kodikkaan, ja hieman erikoisemman! Taide pirist\u00e4\u00e4, lohduttaa, ilahduttaa...","og_url":"https:\/\/ellunhuopa.com\/en\/tuote\/huopataulu-paradigman-muutos\/","og_site_name":"Ellunhuopa","article_publisher":"https:\/\/www.facebook.com\/ellunhuopa\/?ref=bookmarks","article_modified_time":"2022-10-31T10:07:27+00:00","og_image":[{"width":1080,"height":1080,"url":"https:\/\/i0.wp.com\/ellunhuopa.com\/wp-content\/uploads\/2022\/07\/Sisustustaulu-Paradigman-muutos-Ellunhuopa.jpg?fit=1080%2C1080&ssl=1","type":"image\/jpeg"}],"twitter_card":"summary_large_image","twitter_misc":{"Estimated reading time":"2 minutes"},"schema":{"@context":"https:\/\/schema.org","@graph":[{"@type":"WebPage","@id":"https:\/\/ellunhuopa.com\/en\/tuote\/huopataulu-paradigman-muutos\/","url":"https:\/\/ellunhuopa.com\/en\/tuote\/huopataulu-paradigman-muutos\/","name":"Huopataulu \"Paradigman muutos\" (myyty) - Ellunhuopa","isPartOf":{"@id":"https:\/\/ellunhuopa.com\/#website"},"primaryImageOfPage":{"@id":"https:\/\/ellunhuopa.com\/en\/tuote\/huopataulu-paradigman-muutos\/#primaryimage"},"image":{"@id":"https:\/\/ellunhuopa.com\/en\/tuote\/huopataulu-paradigman-muutos\/#primaryimage"},"thumbnailUrl":"https:\/\/i0.wp.com\/ellunhuopa.com\/wp-content\/uploads\/2022\/07\/Sisustustaulu-Paradigman-muutos-Ellunhuopa.jpg?fit=1080%2C1080&ssl=1","datePublished":"2022-07-05T06:59:44+00:00","dateModified":"2022-10-31T10:07:27+00:00","description":"Luo kodin tunnelmaa t\u00e4ll\u00e4 taululla joka tekee asunnostasi kodikkaan, ja hieman erikoisemman! Taide pirist\u00e4\u00e4, lohduttaa, ilahduttaa...","breadcrumb":{"@id":"https:\/\/ellunhuopa.com\/en\/tuote\/huopataulu-paradigman-muutos\/#breadcrumb"},"inLanguage":"en-GB","potentialAction":[{"@type":"ReadAction","target":["https:\/\/ellunhuopa.com\/en\/tuote\/huopataulu-paradigman-muutos\/"]}]},{"@type":"ImageObject","inLanguage":"en-GB","@id":"https:\/\/ellunhuopa.com\/en\/tuote\/huopataulu-paradigman-muutos\/#primaryimage","url":"https:\/\/i0.wp.com\/ellunhuopa.com\/wp-content\/uploads\/2022\/07\/Sisustustaulu-Paradigman-muutos-Ellunhuopa.jpg?fit=1080%2C1080&ssl=1","contentUrl":"https:\/\/i0.wp.com\/ellunhuopa.com\/wp-content\/uploads\/2022\/07\/Sisustustaulu-Paradigman-muutos-Ellunhuopa.jpg?fit=1080%2C1080&ssl=1","width":1080,"height":1080},{"@type":"BreadcrumbList","@id":"https:\/\/ellunhuopa.com\/en\/tuote\/huopataulu-paradigman-muutos\/#breadcrumb","itemListElement":[{"@type":"ListItem","position":1,"name":"Home","item":"https:\/\/ellunhuopa.com\/"},{"@type":"ListItem","position":2,"name":"Puoti","item":"https:\/\/ellunhuopa.com\/puoti\/"},{"@type":"ListItem","position":3,"name":"Huopataulu &#8221;Paradigman muutos&#8221; (myyty)"}]},{"@type":"WebSite","@id":"https:\/\/ellunhuopa.com\/#website","url":"https:\/\/ellunhuopa.com\/","name":"ELLU - Wool Art","description":"Ellunhuopa - Elena Bondar","publisher":{"@id":"https:\/\/ellunhuopa.com\/#organization"},"potentialAction":[{"@type":"SearchAction","target":{"@type":"EntryPoint","urlTemplate":"https:\/\/ellunhuopa.com\/?s={search_term_string}"},"query-input":{"@type":"PropertyValueSpecification","valueRequired":true,"valueName":"search_term_string"}}],"inLanguage":"en-GB"},{"@type":"Organization","@id":"https:\/\/ellunhuopa.com\/#organization","name":"Woolrealm","url":"https:\/\/ellunhuopa.com\/","logo":{"@type":"ImageObject","inLanguage":"en-GB","@id":"https:\/\/ellunhuopa.com\/#\/schema\/logo\/image\/","url":"https:\/\/ellunhuopa.com\/wp-content\/uploads\/2018\/02\/cropped-ellu_logo_ellunhuopa_netti.jpg","contentUrl":"https:\/\/ellunhuopa.com\/wp-content\/uploads\/2018\/02\/cropped-ellu_logo_ellunhuopa_netti.jpg","width":348,"height":348,"caption":"Ellunhuopa"},"image":{"@id":"https:\/\/ellunhuopa.com\/#\/schema\/logo\/image\/"},"sameAs":["https:\/\/www.facebook.com\/ellunhuopa\/?ref=bookmarks","https:\/\/www.instagram.com\/ellunhuopa\/","https:\/\/www.youtube.com\/channel\/UCN8xrsHRIySLYr-66w-DUPg"]}]}},"jetpack_publicize_connections":[],"jetpack_sharing_enabled":true,"jetpack_likes_enabled":false,"jetpack-related-posts":[{"id":25440,"url":"https:\/\/ellunhuopa.com\/en\/product\/mita-mietit_kultaseni\/","url_meta":{"origin":20785,"position":0},"title":"*LOST* Wool painting \u201dWhat are you thinking, darling?\u201d","author":"Elena Bondar","date":"November 22, 2024","format":false,"excerpt":"You can decorate the walls of your home with beautiful and warm felting. With Ellunhuova's wallpapers, your home will be warmer and more cosy. A truly stunning and unique woolen table that will create a precious, cunning, and warm atmosphere in your home. \ud83c\udfa8 Felted with a durable technique using both wet and needle felting.","rel":"","context":"Similar post","block_context":{"text":"Similar post","link":""},"img":{"alt_text":"","src":"https:\/\/i0.wp.com\/ellunhuopa.com\/wp-content\/uploads\/2024\/11\/20241122_144702_0000.jpg?fit=1080%2C1080&ssl=1&resize=350%2C200","width":350,"height":200,"srcset":"https:\/\/i0.wp.com\/ellunhuopa.com\/wp-content\/uploads\/2024\/11\/20241122_144702_0000.jpg?fit=1080%2C1080&ssl=1&resize=350%2C200 1x, https:\/\/i0.wp.com\/ellunhuopa.com\/wp-content\/uploads\/2024\/11\/20241122_144702_0000.jpg?fit=1080%2C1080&ssl=1&resize=525%2C300 1.5x, https:\/\/i0.wp.com\/ellunhuopa.com\/wp-content\/uploads\/2024\/11\/20241122_144702_0000.jpg?fit=1080%2C1080&ssl=1&resize=700%2C400 2x, https:\/\/i0.wp.com\/ellunhuopa.com\/wp-content\/uploads\/2024\/11\/20241122_144702_0000.jpg?fit=1080%2C1080&ssl=1&resize=1050%2C600 3x"},"classes":[]},{"id":27756,"url":"https:\/\/ellunhuopa.com\/en\/product\/silloin-kun-ihmiset-nukkuvat\/","url_meta":{"origin":20785,"position":1},"title":"Wool painting \u201dWhen people sleep\u201d","author":"Elena Bondar","date":"January 27, 2026","format":false,"excerpt":"You can decorate the walls of your home with beautiful and warm felting. With Ellunhuova's wallpapers, your home will be warmer and more cosy. A truly stunning and unique woolen table that will create a precious, cunning, and warm atmosphere in your home. \ud83c\udfa8 Felted with a durable technique using both wet and needle felting.","rel":"","context":"Similar post","block_context":{"text":"Similar post","link":""},"img":{"alt_text":"","src":"https:\/\/i0.wp.com\/ellunhuopa.com\/wp-content\/uploads\/2026\/01\/oom_20260127_173336_0000.jpg?fit=1080%2C1080&ssl=1&resize=350%2C200","width":350,"height":200,"srcset":"https:\/\/i0.wp.com\/ellunhuopa.com\/wp-content\/uploads\/2026\/01\/oom_20260127_173336_0000.jpg?fit=1080%2C1080&ssl=1&resize=350%2C200 1x, https:\/\/i0.wp.com\/ellunhuopa.com\/wp-content\/uploads\/2026\/01\/oom_20260127_173336_0000.jpg?fit=1080%2C1080&ssl=1&resize=525%2C300 1.5x, https:\/\/i0.wp.com\/ellunhuopa.com\/wp-content\/uploads\/2026\/01\/oom_20260127_173336_0000.jpg?fit=1080%2C1080&ssl=1&resize=700%2C400 2x, https:\/\/i0.wp.com\/ellunhuopa.com\/wp-content\/uploads\/2026\/01\/oom_20260127_173336_0000.jpg?fit=1080%2C1080&ssl=1&resize=1050%2C600 3x"},"classes":[]},{"id":20732,"url":"https:\/\/ellunhuopa.com\/en\/product\/huopataulu-mielentyyneys\/","url_meta":{"origin":20785,"position":2},"title":"Felt board \u201dMentalities\u201d 3D (sold)","author":"Elena Bondar","date":"June 9, 2022","format":false,"excerpt":"Kodin sein\u00e4t voi koristaa kauniilla ja l\u00e4mpimill\u00e4 huovutust\u00f6ill\u00e4. Ellunhuovan tauluilla teid\u00e4n kotinne on l\u00e4mpim\u00e4mpi ja viihtyis\u00e4mpi. 3D Uniikki villamaalaus m\u00e4rk\u00e4- ja neulahuovutustekniikalla. Runko on tehty harmaasta laudasta. Sisustustaulu Mielentyyneys Todella upea ja uniikki villataulu, joka luo kotiisi arvokkaan, viekkaan, ja l\u00e4mp\u00f6isen tunnelman. \ud83c\udfa8 Huovutettu kest\u00e4v\u00e4ll\u00e4 tekniikalla k\u00e4ytt\u00e4en sek\u00e4 m\u00e4rk\u00e4 -\u2026","rel":"","context":"Similar post","block_context":{"text":"Similar post","link":""},"img":{"alt_text":"","src":"https:\/\/i0.wp.com\/ellunhuopa.com\/wp-content\/uploads\/2022\/06\/Mielentyyneys.jpg?fit=1080%2C1080&ssl=1&resize=350%2C200","width":350,"height":200,"srcset":"https:\/\/i0.wp.com\/ellunhuopa.com\/wp-content\/uploads\/2022\/06\/Mielentyyneys.jpg?fit=1080%2C1080&ssl=1&resize=350%2C200 1x, https:\/\/i0.wp.com\/ellunhuopa.com\/wp-content\/uploads\/2022\/06\/Mielentyyneys.jpg?fit=1080%2C1080&ssl=1&resize=525%2C300 1.5x, https:\/\/i0.wp.com\/ellunhuopa.com\/wp-content\/uploads\/2022\/06\/Mielentyyneys.jpg?fit=1080%2C1080&ssl=1&resize=700%2C400 2x, https:\/\/i0.wp.com\/ellunhuopa.com\/wp-content\/uploads\/2022\/06\/Mielentyyneys.jpg?fit=1080%2C1080&ssl=1&resize=1050%2C600 3x"},"classes":[]},{"id":27442,"url":"https:\/\/ellunhuopa.com\/en\/product\/villataide-huovutettu-taulu-punakettu-revontulet-lapin-taide-kasityo-ellunhuopa\/","url_meta":{"origin":20785,"position":3},"title":"Wool painting \u201dInvitation of the heart\u201d (sold)","author":"Elena Bondar","date":"October 22, 2025","format":false,"excerpt":"You can decorate the walls of your home with beautiful and warm felting. With Ellunhuova's wallpapers, your home will be warmer and more cosy. A truly stunning and unique woolen table that will create a precious, cunning, and warm atmosphere in your home. \ud83c\udfa8 Felted with a durable technique using both wet and needle felting.","rel":"","context":"Similar post","block_context":{"text":"Similar post","link":""},"img":{"alt_text":"","src":"https:\/\/i0.wp.com\/ellunhuopa.com\/wp-content\/uploads\/2025\/10\/Picsart_25-10-22_09-58-51-005.jpg?fit=1200%2C1200&ssl=1&resize=350%2C200","width":350,"height":200,"srcset":"https:\/\/i0.wp.com\/ellunhuopa.com\/wp-content\/uploads\/2025\/10\/Picsart_25-10-22_09-58-51-005.jpg?fit=1200%2C1200&ssl=1&resize=350%2C200 1x, https:\/\/i0.wp.com\/ellunhuopa.com\/wp-content\/uploads\/2025\/10\/Picsart_25-10-22_09-58-51-005.jpg?fit=1200%2C1200&ssl=1&resize=525%2C300 1.5x, https:\/\/i0.wp.com\/ellunhuopa.com\/wp-content\/uploads\/2025\/10\/Picsart_25-10-22_09-58-51-005.jpg?fit=1200%2C1200&ssl=1&resize=700%2C400 2x, https:\/\/i0.wp.com\/ellunhuopa.com\/wp-content\/uploads\/2025\/10\/Picsart_25-10-22_09-58-51-005.jpg?fit=1200%2C1200&ssl=1&resize=1050%2C600 3x"},"classes":[]},{"id":22018,"url":"https:\/\/ellunhuopa.com\/en\/product\/sisustustaulu-tuntemattomuus\/","url_meta":{"origin":20785,"position":4},"title":"*LOST* Decorative plaque \u201dThe unknown is always scary, but you can walk the path\u201d","author":"Elena Bondar","date":"April 28, 2023","format":false,"excerpt":"Kodin sein\u00e4t voi koristaa kauniilla ja l\u00e4mpimill\u00e4 huovutust\u00f6ill\u00e4. Ellunhuovan tauluilla teid\u00e4n kotinne on l\u00e4mpim\u00e4mpi ja viihtyis\u00e4mpi. Tuntemattomuus on aina pelottavaa, mutta tie selvi\u00e4\u00e4 k\u00e4velem\u00e4ll\u00e4 Todella upea ja uniikki villataulu, joka luo kotiisi arvokkaan, viekkaan, ja l\u00e4mp\u00f6isen tunnelman. \ud83c\udfa8 Huovutettu kest\u00e4v\u00e4ll\u00e4 tekniikalla k\u00e4ytt\u00e4en sek\u00e4 m\u00e4rk\u00e4 - ja neulahuovutusta.","rel":"","context":"Similar post","block_context":{"text":"Similar post","link":""},"img":{"alt_text":"","src":"https:\/\/i0.wp.com\/ellunhuopa.com\/wp-content\/uploads\/2023\/04\/20230428_104713_0000.jpg?fit=1080%2C1080&ssl=1&resize=350%2C200","width":350,"height":200,"srcset":"https:\/\/i0.wp.com\/ellunhuopa.com\/wp-content\/uploads\/2023\/04\/20230428_104713_0000.jpg?fit=1080%2C1080&ssl=1&resize=350%2C200 1x, https:\/\/i0.wp.com\/ellunhuopa.com\/wp-content\/uploads\/2023\/04\/20230428_104713_0000.jpg?fit=1080%2C1080&ssl=1&resize=525%2C300 1.5x, https:\/\/i0.wp.com\/ellunhuopa.com\/wp-content\/uploads\/2023\/04\/20230428_104713_0000.jpg?fit=1080%2C1080&ssl=1&resize=700%2C400 2x, https:\/\/i0.wp.com\/ellunhuopa.com\/wp-content\/uploads\/2023\/04\/20230428_104713_0000.jpg?fit=1080%2C1080&ssl=1&resize=1050%2C600 3x"},"classes":[]},{"id":25711,"url":"https:\/\/ellunhuopa.com\/en\/product\/villamaalaus-mita-mika-pitaa-sinua-mika-houkuttelee-sinua\/","url_meta":{"origin":20785,"position":5},"title":"*LISTENED* Wool painting \u201dWhat keeps you, what attracts you?\u201d","author":"Elena Bondar","date":"January 31, 2025","format":false,"excerpt":"You can decorate the walls of your home with beautiful and warm felting. With Ellunhuova's wallpapers, your home will be warmer and more cosy. A truly stunning and unique woolen table that will create a precious, cunning, and warm atmosphere in your home. \ud83c\udfa8 Felted with a durable technique using both wet and needle felting.","rel":"","context":"Similar post","block_context":{"text":"Similar post","link":""},"img":{"alt_text":"","src":"https:\/\/i0.wp.com\/ellunhuopa.com\/wp-content\/uploads\/2025\/01\/White-and-Blue-Torn-Paper-Coming-Soon-Instagram-Post_20250131_092417_0000.jpg?fit=1080%2C1080&ssl=1&resize=350%2C200","width":350,"height":200,"srcset":"https:\/\/i0.wp.com\/ellunhuopa.com\/wp-content\/uploads\/2025\/01\/White-and-Blue-Torn-Paper-Coming-Soon-Instagram-Post_20250131_092417_0000.jpg?fit=1080%2C1080&ssl=1&resize=350%2C200 1x, https:\/\/i0.wp.com\/ellunhuopa.com\/wp-content\/uploads\/2025\/01\/White-and-Blue-Torn-Paper-Coming-Soon-Instagram-Post_20250131_092417_0000.jpg?fit=1080%2C1080&ssl=1&resize=525%2C300 1.5x, https:\/\/i0.wp.com\/ellunhuopa.com\/wp-content\/uploads\/2025\/01\/White-and-Blue-Torn-Paper-Coming-Soon-Instagram-Post_20250131_092417_0000.jpg?fit=1080%2C1080&ssl=1&resize=700%2C400 2x, https:\/\/i0.wp.com\/ellunhuopa.com\/wp-content\/uploads\/2025\/01\/White-and-Blue-Torn-Paper-Coming-Soon-Instagram-Post_20250131_092417_0000.jpg?fit=1080%2C1080&ssl=1&resize=1050%2C600 3x"},"classes":[]}],"_links":{"self":[{"href":"https:\/\/ellunhuopa.com\/en\/wp-json\/wp\/v2\/product\/20785","targetHints":{"allow":["GET"]}}],"collection":[{"href":"https:\/\/ellunhuopa.com\/en\/wp-json\/wp\/v2\/product"}],"about":[{"href":"https:\/\/ellunhuopa.com\/en\/wp-json\/wp\/v2\/types\/product"}],"replies":[{"embeddable":true,"href":"https:\/\/ellunhuopa.com\/en\/wp-json\/wp\/v2\/comments?post=20785"}],"wp:featuredmedia":[{"embeddable":true,"href":"https:\/\/ellunhuopa.com\/en\/wp-json\/wp\/v2\/media\/20790"}],"wp:attachment":[{"href":"https:\/\/ellunhuopa.com\/en\/wp-json\/wp\/v2\/media?parent=20785"}],"wp:term":[{"taxonomy":"product_brand","embeddable":true,"href":"https:\/\/ellunhuopa.com\/en\/wp-json\/wp\/v2\/product_brand?post=20785"},{"taxonomy":"product_cat","embeddable":true,"href":"https:\/\/ellunhuopa.com\/en\/wp-json\/wp\/v2\/product_cat?post=20785"},{"taxonomy":"product_tag","embeddable":true,"href":"https:\/\/ellunhuopa.com\/en\/wp-json\/wp\/v2\/product_tag?post=20785"}],"curies":[{"name":"wp","href":"https:\/\/api.w.org\/{rel}","templated":true}]}}