{"id":20858,"date":"2022-07-29T15:18:22","date_gmt":"2022-07-29T13:18:22","guid":{"rendered":"https:\/\/ellunhuopa.com\/?post_type=product&#038;p=20858"},"modified":"2022-11-04T17:52:18","modified_gmt":"2022-11-04T15:52:18","slug":"huopataulu-virtaus","status":"publish","type":"product","link":"https:\/\/ellunhuopa.com\/en\/product\/huopataulu-virtaus\/","title":{"rendered":"Decoration board \u201dFlow\u201d (sold)"},"content":{"rendered":"<h2 class=\"title style-scope ytd-video-primary-info-renderer\" style=\"text-align: center;\">Flow<\/h2>\n<p>The world is constantly giving us signs that we can make the most of our lives.<br \/>\nHowever, our minds do not always allow us to recognise the signs. The mind usually has a strong idea of how life should unfold. For anything that does not conform to the plan, the conscious mind simply ignores. In this way, the signs of the soul are ignored and the person continues to struggle with life.<\/p>\n<p>Wouldn't it be easier to let life itself guide us, so that we don't drown in the current, but go with the flow smoothly?<br \/>\nHowever, it is much easier and more efficient to go with the flow of life and use all the gifts that fate offers us.<br \/>\nNature always tries to make the task as easy as possible. Only man can invent difficulties for himself and then try to overcome them.<br \/>\nBeing in the flow doesn't mean you have to go anywhere. It means finding the right direction and learning to control it.<br \/>\nTo catch up with the flow, you have to learn to observe the course of life. To do this, control must be replaced by trust.<\/p>\n<p>Let the flow show you the way to a better life.<\/p>\n<p style=\"text-align: left;\">\ud83d\udc9a Halaus \ud83d\udc9a<div class=\"su-divider su-divider-style-default\" style=\"margin:15px 0;border-width:3px;border-color:#999999\"><\/div>\n<div id=\"v-1QmvR033-1\" class=\"video-player\"><iframe title='VideoPress Video Player' aria-label='VideoPress Video Player' width='400' height='224' src='https:\/\/videopress.com\/embed\/1QmvR033?hd=1&amp;cover=1&amp;loop=0&amp;autoPlay=0&amp;permalink=1&amp;muted=0&amp;controls=1&amp;playsinline=0&amp;useAverageColor=0&amp;preloadContent=metadata' frameborder='0' allowfullscreen data-resize-to-parent=\"true\" allow='clipboard-write'><\/iframe><script data-jetpack-boost=\"ignore\" src='https:\/\/s0.wp.com\/wp-content\/plugins\/video\/assets\/js\/next\/videopress-iframe.js'><\/script><\/div>\n<h2 style=\"text-align: center;\">A painting that took time and has magic<\/h2>\n<p>Create a home atmosphere with this board that will make your apartment cozy, and a little more special!<\/p>\n<p>Art invigorates, comforts, delights\u2026 The colors of wool last for decades, so this handmade painting retains its value perfectly. The painting is suitable for a wide variety of homes and works great as a slightly unique gift. This felt board arouses a lot of interest in the closeness of nature and the beauty of the world.<\/p>\n<p>The felt board does not require any special care, it is enough as long as you remember to wipe the dust!<\/p>\n<div class=\"su-note\"  style=\"border-color:#d2d2d2;border-radius:10px;-moz-border-radius:10px;-webkit-border-radius:10px;\"><div class=\"su-note-inner su-u-clearfix su-u-trim\" style=\"background-color:#ececec;border-color:#ffffff;color:#000000;border-radius:10px;-moz-border-radius:10px;-webkit-border-radius:10px;\"><div class=\"su-list\" style=\"margin-left:0px\">\n<ul>\n<li><i class=\"sui sui-photo\" style=\"color:#9d562c\"><\/i> The size of the board is 70 x 45 cm.<\/li>\n<li><i class=\"sui sui-photo\" style=\"color:#9d562c\"><\/i> The size of the felt painting is 85 x 59 cm.<\/li>\n<\/ul>\n<\/div><\/div><\/div>\n<p>When placing a felt board, it is important to remember that direct sunlight and moisture are harmful to the materials on the board. Therefore, wool painting, like other drawn paintings, should never be placed opposite a window, in a damp room or directly on top of a radiator.<\/p>","protected":false},"excerpt":{"rendered":"<p>The walls of the home can be decorated with beautiful and warm felting. With Ellun blankets, your home will be warmer and more comfortable.<\/p>\n<p>Uniikki villamaalaus m\u00e4rk\u00e4- ja neulahuovutustekniikalla. Runko on tehty harmaasta laudasta, maalattu mustaksi.<\/p>\n<p class=\"title style-scope ytd-video-primary-info-renderer\" style=\"text-align: left;\"><strong>Flow<\/strong><\/p>\n<p>A truly stunning and unique wool board that will create a precious, cozy, and warm atmosphere in your home.<\/p>\n<p><span class=\"_5mfr\"><span class=\"_6qdm\">\ud83c\udfa8<\/span><\/span> Felted using durable techniques using both wet and needle felting.<\/p>","protected":false},"featured_media":20866,"comment_status":"closed","ping_status":"closed","template":"","meta":{"jetpack_publicize_message":"","jetpack_publicize_feature_enabled":true,"jetpack_social_post_already_shared":true,"jetpack_social_options":{"image_generator_settings":{"template":"highway","default_image_id":0,"font":"","enabled":false},"version":2},"_wpas_customize_per_network":false},"product_brand":[],"product_cat":[604714667],"product_tag":[],"class_list":{"0":"post-20858","1":"product","2":"type-product","3":"status-publish","4":"has-post-thumbnail","6":"product_cat-valmiit_tuotteet","7":"product_shipping_class-paketti","9":"first","10":"outofstock","11":"taxable","12":"shipping-taxable","13":"purchasable","14":"product-type-simple"},"yoast_head":"<!-- This site is optimized with the Yoast SEO plugin v27.5 - https:\/\/yoast.com\/product\/yoast-seo-wordpress\/ -->\n<title>Sisustustaulu &quot;Virtaus&quot; (myyty) - Ellunhuopa<\/title>\n<meta name=\"description\" content=\"Luo kodin tunnelmaa t\u00e4ll\u00e4 taululla joka tekee asunnostasi kodikkaan, ja hieman erikoisemman! Taide pirist\u00e4\u00e4, lohduttaa, ilahduttaa...\" \/>\n<meta name=\"robots\" content=\"index, follow, max-snippet:-1, max-image-preview:large, max-video-preview:-1\" \/>\n<link rel=\"canonical\" href=\"https:\/\/ellunhuopa.com\/en\/product\/huopataulu-virtaus\/\" \/>\n<meta property=\"og:locale\" content=\"en_GB\" \/>\n<meta property=\"og:type\" content=\"article\" \/>\n<meta property=\"og:title\" content=\"Sisustustaulu &quot;Virtaus&quot; (myyty) - Ellunhuopa\" \/>\n<meta property=\"og:description\" content=\"Luo kodin tunnelmaa t\u00e4ll\u00e4 taululla joka tekee asunnostasi kodikkaan, ja hieman erikoisemman! Taide pirist\u00e4\u00e4, lohduttaa, ilahduttaa...\" \/>\n<meta property=\"og:url\" content=\"https:\/\/ellunhuopa.com\/en\/product\/huopataulu-virtaus\/\" \/>\n<meta property=\"og:site_name\" content=\"Ellunhuopa\" \/>\n<meta property=\"article:publisher\" content=\"https:\/\/www.facebook.com\/ellunhuopa\/?ref=bookmarks\" \/>\n<meta property=\"article:modified_time\" content=\"2022-11-04T15:52:18+00:00\" \/>\n<meta property=\"og:image\" content=\"https:\/\/i0.wp.com\/ellunhuopa.com\/wp-content\/uploads\/2022\/07\/20220729_140543_0000.jpg?fit=1080%2C1080&ssl=1\" \/>\n\t<meta property=\"og:image:width\" content=\"1080\" \/>\n\t<meta property=\"og:image:height\" content=\"1080\" \/>\n\t<meta property=\"og:image:type\" content=\"image\/jpeg\" \/>\n<meta name=\"twitter:card\" content=\"summary_large_image\" \/>\n<meta name=\"twitter:label1\" content=\"Estimated reading time\" \/>\n\t<meta name=\"twitter:data1\" content=\"2 minutes\" \/>\n<script type=\"application\/ld+json\" class=\"yoast-schema-graph\">{\"@context\":\"https:\\\/\\\/schema.org\",\"@graph\":[{\"@type\":\"WebPage\",\"@id\":\"https:\\\/\\\/ellunhuopa.com\\\/tuote\\\/huopataulu-virtaus\\\/\",\"url\":\"https:\\\/\\\/ellunhuopa.com\\\/tuote\\\/huopataulu-virtaus\\\/\",\"name\":\"Sisustustaulu \\\"Virtaus\\\" (myyty) - Ellunhuopa\",\"isPartOf\":{\"@id\":\"https:\\\/\\\/ellunhuopa.com\\\/#website\"},\"primaryImageOfPage\":{\"@id\":\"https:\\\/\\\/ellunhuopa.com\\\/tuote\\\/huopataulu-virtaus\\\/#primaryimage\"},\"image\":{\"@id\":\"https:\\\/\\\/ellunhuopa.com\\\/tuote\\\/huopataulu-virtaus\\\/#primaryimage\"},\"thumbnailUrl\":\"https:\\\/\\\/i0.wp.com\\\/ellunhuopa.com\\\/wp-content\\\/uploads\\\/2022\\\/07\\\/20220729_140543_0000.jpg?fit=1080%2C1080&ssl=1\",\"datePublished\":\"2022-07-29T13:18:22+00:00\",\"dateModified\":\"2022-11-04T15:52:18+00:00\",\"description\":\"Luo kodin tunnelmaa t\u00e4ll\u00e4 taululla joka tekee asunnostasi kodikkaan, ja hieman erikoisemman! Taide pirist\u00e4\u00e4, lohduttaa, ilahduttaa...\",\"breadcrumb\":{\"@id\":\"https:\\\/\\\/ellunhuopa.com\\\/tuote\\\/huopataulu-virtaus\\\/#breadcrumb\"},\"inLanguage\":\"en-GB\",\"potentialAction\":[{\"@type\":\"ReadAction\",\"target\":[\"https:\\\/\\\/ellunhuopa.com\\\/tuote\\\/huopataulu-virtaus\\\/\"]}]},{\"@type\":\"ImageObject\",\"inLanguage\":\"en-GB\",\"@id\":\"https:\\\/\\\/ellunhuopa.com\\\/tuote\\\/huopataulu-virtaus\\\/#primaryimage\",\"url\":\"https:\\\/\\\/i0.wp.com\\\/ellunhuopa.com\\\/wp-content\\\/uploads\\\/2022\\\/07\\\/20220729_140543_0000.jpg?fit=1080%2C1080&ssl=1\",\"contentUrl\":\"https:\\\/\\\/i0.wp.com\\\/ellunhuopa.com\\\/wp-content\\\/uploads\\\/2022\\\/07\\\/20220729_140543_0000.jpg?fit=1080%2C1080&ssl=1\",\"width\":1080,\"height\":1080},{\"@type\":\"BreadcrumbList\",\"@id\":\"https:\\\/\\\/ellunhuopa.com\\\/tuote\\\/huopataulu-virtaus\\\/#breadcrumb\",\"itemListElement\":[{\"@type\":\"ListItem\",\"position\":1,\"name\":\"Home\",\"item\":\"https:\\\/\\\/ellunhuopa.com\\\/\"},{\"@type\":\"ListItem\",\"position\":2,\"name\":\"Puoti\",\"item\":\"https:\\\/\\\/ellunhuopa.com\\\/puoti\\\/\"},{\"@type\":\"ListItem\",\"position\":3,\"name\":\"Sisustustaulu &#8221;Virtaus&#8221; (myyty)\"}]},{\"@type\":\"WebSite\",\"@id\":\"https:\\\/\\\/ellunhuopa.com\\\/#website\",\"url\":\"https:\\\/\\\/ellunhuopa.com\\\/\",\"name\":\"ELLU - Wool Art\",\"description\":\"Ellunhuopa - Elena Bondar\",\"publisher\":{\"@id\":\"https:\\\/\\\/ellunhuopa.com\\\/#organization\"},\"potentialAction\":[{\"@type\":\"SearchAction\",\"target\":{\"@type\":\"EntryPoint\",\"urlTemplate\":\"https:\\\/\\\/ellunhuopa.com\\\/?s={search_term_string}\"},\"query-input\":{\"@type\":\"PropertyValueSpecification\",\"valueRequired\":true,\"valueName\":\"search_term_string\"}}],\"inLanguage\":\"en-GB\"},{\"@type\":\"Organization\",\"@id\":\"https:\\\/\\\/ellunhuopa.com\\\/#organization\",\"name\":\"Ellunhuopa\",\"url\":\"https:\\\/\\\/ellunhuopa.com\\\/\",\"logo\":{\"@type\":\"ImageObject\",\"inLanguage\":\"en-GB\",\"@id\":\"https:\\\/\\\/ellunhuopa.com\\\/#\\\/schema\\\/logo\\\/image\\\/\",\"url\":\"https:\\\/\\\/ellunhuopa.com\\\/wp-content\\\/uploads\\\/2018\\\/02\\\/cropped-ellu_logo_ellunhuopa_netti.jpg\",\"contentUrl\":\"https:\\\/\\\/ellunhuopa.com\\\/wp-content\\\/uploads\\\/2018\\\/02\\\/cropped-ellu_logo_ellunhuopa_netti.jpg\",\"width\":348,\"height\":348,\"caption\":\"Ellunhuopa\"},\"image\":{\"@id\":\"https:\\\/\\\/ellunhuopa.com\\\/#\\\/schema\\\/logo\\\/image\\\/\"},\"sameAs\":[\"https:\\\/\\\/www.facebook.com\\\/ellunhuopa\\\/?ref=bookmarks\",\"https:\\\/\\\/www.instagram.com\\\/ellunhuopa\\\/\",\"https:\\\/\\\/www.youtube.com\\\/channel\\\/UCN8xrsHRIySLYr-66w-DUPg\"]}]}<\/script>\n<!-- \/ Yoast SEO plugin. -->","yoast_head_json":{"title":"Sisustustaulu \"Virtaus\" (myyty) - Ellunhuopa","description":"Luo kodin tunnelmaa t\u00e4ll\u00e4 taululla joka tekee asunnostasi kodikkaan, ja hieman erikoisemman! Taide pirist\u00e4\u00e4, lohduttaa, ilahduttaa...","robots":{"index":"index","follow":"follow","max-snippet":"max-snippet:-1","max-image-preview":"max-image-preview:large","max-video-preview":"max-video-preview:-1"},"canonical":"https:\/\/ellunhuopa.com\/en\/product\/huopataulu-virtaus\/","og_locale":"en_GB","og_type":"article","og_title":"Sisustustaulu \"Virtaus\" (myyty) - Ellunhuopa","og_description":"Luo kodin tunnelmaa t\u00e4ll\u00e4 taululla joka tekee asunnostasi kodikkaan, ja hieman erikoisemman! Taide pirist\u00e4\u00e4, lohduttaa, ilahduttaa...","og_url":"https:\/\/ellunhuopa.com\/en\/product\/huopataulu-virtaus\/","og_site_name":"Ellunhuopa","article_publisher":"https:\/\/www.facebook.com\/ellunhuopa\/?ref=bookmarks","article_modified_time":"2022-11-04T15:52:18+00:00","og_image":[{"width":1080,"height":1080,"url":"https:\/\/i0.wp.com\/ellunhuopa.com\/wp-content\/uploads\/2022\/07\/20220729_140543_0000.jpg?fit=1080%2C1080&ssl=1","type":"image\/jpeg"}],"twitter_card":"summary_large_image","twitter_misc":{"Estimated reading time":"2 minutes"},"schema":{"@context":"https:\/\/schema.org","@graph":[{"@type":"WebPage","@id":"https:\/\/ellunhuopa.com\/tuote\/huopataulu-virtaus\/","url":"https:\/\/ellunhuopa.com\/tuote\/huopataulu-virtaus\/","name":"Sisustustaulu \"Virtaus\" (myyty) - Ellunhuopa","isPartOf":{"@id":"https:\/\/ellunhuopa.com\/#website"},"primaryImageOfPage":{"@id":"https:\/\/ellunhuopa.com\/tuote\/huopataulu-virtaus\/#primaryimage"},"image":{"@id":"https:\/\/ellunhuopa.com\/tuote\/huopataulu-virtaus\/#primaryimage"},"thumbnailUrl":"https:\/\/i0.wp.com\/ellunhuopa.com\/wp-content\/uploads\/2022\/07\/20220729_140543_0000.jpg?fit=1080%2C1080&ssl=1","datePublished":"2022-07-29T13:18:22+00:00","dateModified":"2022-11-04T15:52:18+00:00","description":"Luo kodin tunnelmaa t\u00e4ll\u00e4 taululla joka tekee asunnostasi kodikkaan, ja hieman erikoisemman! Taide pirist\u00e4\u00e4, lohduttaa, ilahduttaa...","breadcrumb":{"@id":"https:\/\/ellunhuopa.com\/tuote\/huopataulu-virtaus\/#breadcrumb"},"inLanguage":"en-GB","potentialAction":[{"@type":"ReadAction","target":["https:\/\/ellunhuopa.com\/tuote\/huopataulu-virtaus\/"]}]},{"@type":"ImageObject","inLanguage":"en-GB","@id":"https:\/\/ellunhuopa.com\/tuote\/huopataulu-virtaus\/#primaryimage","url":"https:\/\/i0.wp.com\/ellunhuopa.com\/wp-content\/uploads\/2022\/07\/20220729_140543_0000.jpg?fit=1080%2C1080&ssl=1","contentUrl":"https:\/\/i0.wp.com\/ellunhuopa.com\/wp-content\/uploads\/2022\/07\/20220729_140543_0000.jpg?fit=1080%2C1080&ssl=1","width":1080,"height":1080},{"@type":"BreadcrumbList","@id":"https:\/\/ellunhuopa.com\/tuote\/huopataulu-virtaus\/#breadcrumb","itemListElement":[{"@type":"ListItem","position":1,"name":"Home","item":"https:\/\/ellunhuopa.com\/"},{"@type":"ListItem","position":2,"name":"Puoti","item":"https:\/\/ellunhuopa.com\/puoti\/"},{"@type":"ListItem","position":3,"name":"Sisustustaulu &#8221;Virtaus&#8221; (myyty)"}]},{"@type":"WebSite","@id":"https:\/\/ellunhuopa.com\/#website","url":"https:\/\/ellunhuopa.com\/","name":"ELLU - Wool Art","description":"Ellunhuopa - Elena Bondar","publisher":{"@id":"https:\/\/ellunhuopa.com\/#organization"},"potentialAction":[{"@type":"SearchAction","target":{"@type":"EntryPoint","urlTemplate":"https:\/\/ellunhuopa.com\/?s={search_term_string}"},"query-input":{"@type":"PropertyValueSpecification","valueRequired":true,"valueName":"search_term_string"}}],"inLanguage":"en-GB"},{"@type":"Organization","@id":"https:\/\/ellunhuopa.com\/#organization","name":"Woolrealm","url":"https:\/\/ellunhuopa.com\/","logo":{"@type":"ImageObject","inLanguage":"en-GB","@id":"https:\/\/ellunhuopa.com\/#\/schema\/logo\/image\/","url":"https:\/\/ellunhuopa.com\/wp-content\/uploads\/2018\/02\/cropped-ellu_logo_ellunhuopa_netti.jpg","contentUrl":"https:\/\/ellunhuopa.com\/wp-content\/uploads\/2018\/02\/cropped-ellu_logo_ellunhuopa_netti.jpg","width":348,"height":348,"caption":"Ellunhuopa"},"image":{"@id":"https:\/\/ellunhuopa.com\/#\/schema\/logo\/image\/"},"sameAs":["https:\/\/www.facebook.com\/ellunhuopa\/?ref=bookmarks","https:\/\/www.instagram.com\/ellunhuopa\/","https:\/\/www.youtube.com\/channel\/UCN8xrsHRIySLYr-66w-DUPg"]}]}},"jetpack_publicize_connections":[],"jetpack_sharing_enabled":true,"jetpack_likes_enabled":false,"jetpack-related-posts":[{"id":20732,"url":"https:\/\/ellunhuopa.com\/en\/product\/huopataulu-mielentyyneys\/","url_meta":{"origin":20858,"position":0},"title":"Felt board \u201dMentalities\u201d 3D (sold)","author":"Elena Bondar","date":"June 9, 2022","format":false,"excerpt":"Kodin sein\u00e4t voi koristaa kauniilla ja l\u00e4mpimill\u00e4 huovutust\u00f6ill\u00e4. Ellunhuovan tauluilla teid\u00e4n kotinne on l\u00e4mpim\u00e4mpi ja viihtyis\u00e4mpi. 3D Uniikki villamaalaus m\u00e4rk\u00e4- ja neulahuovutustekniikalla. Runko on tehty harmaasta laudasta. Sisustustaulu Mielentyyneys Todella upea ja uniikki villataulu, joka luo kotiisi arvokkaan, viekkaan, ja l\u00e4mp\u00f6isen tunnelman. \ud83c\udfa8 Huovutettu kest\u00e4v\u00e4ll\u00e4 tekniikalla k\u00e4ytt\u00e4en sek\u00e4 m\u00e4rk\u00e4 -\u2026","rel":"","context":"Similar post","block_context":{"text":"Similar post","link":""},"img":{"alt_text":"","src":"https:\/\/i0.wp.com\/ellunhuopa.com\/wp-content\/uploads\/2022\/06\/Mielentyyneys.jpg?fit=1080%2C1080&ssl=1&resize=350%2C200","width":350,"height":200,"srcset":"https:\/\/i0.wp.com\/ellunhuopa.com\/wp-content\/uploads\/2022\/06\/Mielentyyneys.jpg?fit=1080%2C1080&ssl=1&resize=350%2C200 1x, https:\/\/i0.wp.com\/ellunhuopa.com\/wp-content\/uploads\/2022\/06\/Mielentyyneys.jpg?fit=1080%2C1080&ssl=1&resize=525%2C300 1.5x, https:\/\/i0.wp.com\/ellunhuopa.com\/wp-content\/uploads\/2022\/06\/Mielentyyneys.jpg?fit=1080%2C1080&ssl=1&resize=700%2C400 2x, https:\/\/i0.wp.com\/ellunhuopa.com\/wp-content\/uploads\/2022\/06\/Mielentyyneys.jpg?fit=1080%2C1080&ssl=1&resize=1050%2C600 3x"},"classes":[]},{"id":23334,"url":"https:\/\/ellunhuopa.com\/en\/product\/akustiikkapaneeli-aamurauha\/","url_meta":{"origin":20858,"position":1},"title":"Acoustic panel \u201dMorning Peace\u201d (sold)","author":"Elena Bondar","date":"March 11, 2024","format":false,"excerpt":"Hyv\u00e4 akustiikka edist\u00e4\u00e4 hyvinvointia, v\u00e4hent\u00e4\u00e4 stressi\u00e4 ja parantaa vuorovaikutusta. Ellunhuovan villa-taidetuotteet ovat erinomainen akustiikkaa parantava vaihtoehto. \ud83c\udfa8 Huovutettu kest\u00e4v\u00e4ll\u00e4 tekniikalla k\u00e4ytt\u00e4en sek\u00e4 m\u00e4rk\u00e4 - ja neulahuovutusta.","rel":"","context":"Similar post","block_context":{"text":"Similar post","link":""},"img":{"alt_text":"","src":"https:\/\/i0.wp.com\/ellunhuopa.com\/wp-content\/uploads\/2024\/03\/Picsart_24-03-11_10-50-13-194.jpg?fit=1063%2C1063&ssl=1&resize=350%2C200","width":350,"height":200,"srcset":"https:\/\/i0.wp.com\/ellunhuopa.com\/wp-content\/uploads\/2024\/03\/Picsart_24-03-11_10-50-13-194.jpg?fit=1063%2C1063&ssl=1&resize=350%2C200 1x, https:\/\/i0.wp.com\/ellunhuopa.com\/wp-content\/uploads\/2024\/03\/Picsart_24-03-11_10-50-13-194.jpg?fit=1063%2C1063&ssl=1&resize=525%2C300 1.5x, https:\/\/i0.wp.com\/ellunhuopa.com\/wp-content\/uploads\/2024\/03\/Picsart_24-03-11_10-50-13-194.jpg?fit=1063%2C1063&ssl=1&resize=700%2C400 2x, https:\/\/i0.wp.com\/ellunhuopa.com\/wp-content\/uploads\/2024\/03\/Picsart_24-03-11_10-50-13-194.jpg?fit=1063%2C1063&ssl=1&resize=1050%2C600 3x"},"classes":[]},{"id":21977,"url":"https:\/\/ellunhuopa.com\/en\/product\/sisustustaulu-maan-tasolla\/","url_meta":{"origin":20858,"position":2},"title":"3D Decoration board \u201dAt Earth Level\u201d (sold)","author":"Elena Bondar","date":"April 14, 2023","format":false,"excerpt":"Kodin sein\u00e4t voi koristaa kauniilla ja l\u00e4mpimill\u00e4 huovutust\u00f6ill\u00e4. Ellunhuovan tauluilla teid\u00e4n kotinne on l\u00e4mpim\u00e4mpi ja viihtyis\u00e4mpi. Taulu on valmistettu sekoittamalla monia erilaisia villoja ja tekniikoita: m\u00e4rk\u00e4huovutus, neulahuovutus, kirjonta, tuftaus. Maan tasolla Todella upea ja uniikki villataulu, joka luo kotiisi arvokkaan, viekkaan, ja l\u00e4mp\u00f6isen tunnelman. \ud83c\udfa8 Huovutettu kest\u00e4v\u00e4ll\u00e4 tekniikalla k\u00e4ytt\u00e4en sek\u00e4\u2026","rel":"","context":"Similar post","block_context":{"text":"Similar post","link":""},"img":{"alt_text":"","src":"https:\/\/i0.wp.com\/ellunhuopa.com\/wp-content\/uploads\/2023\/04\/Maan-tasolla-1.jpg?fit=1080%2C1080&ssl=1&resize=350%2C200","width":350,"height":200,"srcset":"https:\/\/i0.wp.com\/ellunhuopa.com\/wp-content\/uploads\/2023\/04\/Maan-tasolla-1.jpg?fit=1080%2C1080&ssl=1&resize=350%2C200 1x, https:\/\/i0.wp.com\/ellunhuopa.com\/wp-content\/uploads\/2023\/04\/Maan-tasolla-1.jpg?fit=1080%2C1080&ssl=1&resize=525%2C300 1.5x, https:\/\/i0.wp.com\/ellunhuopa.com\/wp-content\/uploads\/2023\/04\/Maan-tasolla-1.jpg?fit=1080%2C1080&ssl=1&resize=700%2C400 2x, https:\/\/i0.wp.com\/ellunhuopa.com\/wp-content\/uploads\/2023\/04\/Maan-tasolla-1.jpg?fit=1080%2C1080&ssl=1&resize=1050%2C600 3x"},"classes":[]},{"id":23676,"url":"https:\/\/ellunhuopa.com\/en\/product\/lemmikin-paan-veistos-huovasta\/","url_meta":{"origin":20858,"position":3},"title":"Sculpture of a pet's head in felt","author":"Elena Bondar","date":"May 24, 2024","format":false,"excerpt":"Imagine a breathtaking portrait of your pet brought to life in felt - as a brooch or framed artwork. This handmade masterpiece brings out your pet's personality in a way you've never seen before. Each portrait is created with love and precision, so that your pet's expressions and details glow as if in real life. Portrait sizes vary from 6-8 cm depending on your pet's appearance. If you wish, we can...","rel":"","context":"Similar post","block_context":{"text":"Similar post","link":""},"img":{"alt_text":"","src":"https:\/\/i0.wp.com\/ellunhuopa.com\/wp-content\/uploads\/2024\/05\/7c0ac860-ef47-4b35-88bb-65f8b8720eed.jpeg?fit=1200%2C1200&ssl=1&resize=350%2C200","width":350,"height":200,"srcset":"https:\/\/i0.wp.com\/ellunhuopa.com\/wp-content\/uploads\/2024\/05\/7c0ac860-ef47-4b35-88bb-65f8b8720eed.jpeg?fit=1200%2C1200&ssl=1&resize=350%2C200 1x, https:\/\/i0.wp.com\/ellunhuopa.com\/wp-content\/uploads\/2024\/05\/7c0ac860-ef47-4b35-88bb-65f8b8720eed.jpeg?fit=1200%2C1200&ssl=1&resize=525%2C300 1.5x, https:\/\/i0.wp.com\/ellunhuopa.com\/wp-content\/uploads\/2024\/05\/7c0ac860-ef47-4b35-88bb-65f8b8720eed.jpeg?fit=1200%2C1200&ssl=1&resize=700%2C400 2x, https:\/\/i0.wp.com\/ellunhuopa.com\/wp-content\/uploads\/2024\/05\/7c0ac860-ef47-4b35-88bb-65f8b8720eed.jpeg?fit=1200%2C1200&ssl=1&resize=1050%2C600 3x"},"classes":[]},{"id":22562,"url":"https:\/\/ellunhuopa.com\/en\/product\/taitava-huovutus-taydellinen-opas-villahuovutukseen\/","url_meta":{"origin":20858,"position":4},"title":"Skilled Felting - The Complete Guide to Wool Felting","author":"Elena Bondar","date":"August 16, 2023","format":false,"excerpt":"Want to become a felting master? I've created a fantastic Felting School that will open the way for you to become a professional felting artist. During your studies, you will learn both the basics and the deeper world of felting. During the course, you will get to know wool in depth and learn how to use it professionally. Don't let fear stop you, make your learning journey clear, motivating and informative. With us, you can pay with ePassport.","rel":"","context":"Similar post","block_context":{"text":"Similar post","link":""},"img":{"alt_text":"","src":"https:\/\/i0.wp.com\/ellunhuopa.com\/wp-content\/uploads\/2023\/08\/Kuinka-oppia-arvostamaan-itseaan-2.jpg?fit=1200%2C675&ssl=1&resize=350%2C200","width":350,"height":200,"srcset":"https:\/\/i0.wp.com\/ellunhuopa.com\/wp-content\/uploads\/2023\/08\/Kuinka-oppia-arvostamaan-itseaan-2.jpg?fit=1200%2C675&ssl=1&resize=350%2C200 1x, https:\/\/i0.wp.com\/ellunhuopa.com\/wp-content\/uploads\/2023\/08\/Kuinka-oppia-arvostamaan-itseaan-2.jpg?fit=1200%2C675&ssl=1&resize=525%2C300 1.5x, https:\/\/i0.wp.com\/ellunhuopa.com\/wp-content\/uploads\/2023\/08\/Kuinka-oppia-arvostamaan-itseaan-2.jpg?fit=1200%2C675&ssl=1&resize=700%2C400 2x, https:\/\/i0.wp.com\/ellunhuopa.com\/wp-content\/uploads\/2023\/08\/Kuinka-oppia-arvostamaan-itseaan-2.jpg?fit=1200%2C675&ssl=1&resize=1050%2C600 3x"},"classes":[]},{"id":25711,"url":"https:\/\/ellunhuopa.com\/en\/product\/villamaalaus-mita-mika-pitaa-sinua-mika-houkuttelee-sinua\/","url_meta":{"origin":20858,"position":5},"title":"*LISTENED* Wool painting \u201dWhat keeps you, what attracts you?\u201d","author":"Elena Bondar","date":"January 31, 2025","format":false,"excerpt":"You can decorate the walls of your home with beautiful and warm felting. With Ellunhuova's wallpapers, your home will be warmer and more cosy. A truly stunning and unique woolen table that will create a precious, cunning, and warm atmosphere in your home. \ud83c\udfa8 Felted with a durable technique using both wet and needle felting.","rel":"","context":"Similar post","block_context":{"text":"Similar post","link":""},"img":{"alt_text":"","src":"https:\/\/i0.wp.com\/ellunhuopa.com\/wp-content\/uploads\/2025\/01\/White-and-Blue-Torn-Paper-Coming-Soon-Instagram-Post_20250131_092417_0000.jpg?fit=1080%2C1080&ssl=1&resize=350%2C200","width":350,"height":200,"srcset":"https:\/\/i0.wp.com\/ellunhuopa.com\/wp-content\/uploads\/2025\/01\/White-and-Blue-Torn-Paper-Coming-Soon-Instagram-Post_20250131_092417_0000.jpg?fit=1080%2C1080&ssl=1&resize=350%2C200 1x, https:\/\/i0.wp.com\/ellunhuopa.com\/wp-content\/uploads\/2025\/01\/White-and-Blue-Torn-Paper-Coming-Soon-Instagram-Post_20250131_092417_0000.jpg?fit=1080%2C1080&ssl=1&resize=525%2C300 1.5x, https:\/\/i0.wp.com\/ellunhuopa.com\/wp-content\/uploads\/2025\/01\/White-and-Blue-Torn-Paper-Coming-Soon-Instagram-Post_20250131_092417_0000.jpg?fit=1080%2C1080&ssl=1&resize=700%2C400 2x, https:\/\/i0.wp.com\/ellunhuopa.com\/wp-content\/uploads\/2025\/01\/White-and-Blue-Torn-Paper-Coming-Soon-Instagram-Post_20250131_092417_0000.jpg?fit=1080%2C1080&ssl=1&resize=1050%2C600 3x"},"classes":[]}],"_links":{"self":[{"href":"https:\/\/ellunhuopa.com\/en\/wp-json\/wp\/v2\/product\/20858","targetHints":{"allow":["GET"]}}],"collection":[{"href":"https:\/\/ellunhuopa.com\/en\/wp-json\/wp\/v2\/product"}],"about":[{"href":"https:\/\/ellunhuopa.com\/en\/wp-json\/wp\/v2\/types\/product"}],"replies":[{"embeddable":true,"href":"https:\/\/ellunhuopa.com\/en\/wp-json\/wp\/v2\/comments?post=20858"}],"wp:featuredmedia":[{"embeddable":true,"href":"https:\/\/ellunhuopa.com\/en\/wp-json\/wp\/v2\/media\/20866"}],"wp:attachment":[{"href":"https:\/\/ellunhuopa.com\/en\/wp-json\/wp\/v2\/media?parent=20858"}],"wp:term":[{"taxonomy":"product_brand","embeddable":true,"href":"https:\/\/ellunhuopa.com\/en\/wp-json\/wp\/v2\/product_brand?post=20858"},{"taxonomy":"product_cat","embeddable":true,"href":"https:\/\/ellunhuopa.com\/en\/wp-json\/wp\/v2\/product_cat?post=20858"},{"taxonomy":"product_tag","embeddable":true,"href":"https:\/\/ellunhuopa.com\/en\/wp-json\/wp\/v2\/product_tag?post=20858"}],"curies":[{"name":"wp","href":"https:\/\/api.w.org\/{rel}","templated":true}]}}