{"id":20937,"date":"2022-08-22T17:59:41","date_gmt":"2022-08-22T15:59:41","guid":{"rendered":"https:\/\/ellunhuopa.com\/?post_type=product&#038;p=20937"},"modified":"2025-01-20T13:47:29","modified_gmt":"2025-01-20T11:47:29","slug":"huopakivi","status":"publish","type":"product","link":"https:\/\/ellunhuopa.com\/en\/product\/huopakivi\/","title":{"rendered":"Whipped stone"},"content":{"rendered":"<p><img data-recalc-dims=\"1\" loading=\"lazy\" decoding=\"async\" data-attachment-id=\"21075\" data-permalink=\"https:\/\/ellunhuopa.com\/en\/?attachment_id=21075\" data-orig-file=\"https:\/\/i0.wp.com\/ellunhuopa.com\/wp-content\/uploads\/2022\/08\/Picsart_22-09-21_17-19-49-205.jpg?fit=4618%2C2598&amp;ssl=1\" data-orig-size=\"4618,2598\" data-comments-opened=\"1\" data-image-meta=\"{&quot;aperture&quot;:&quot;1.69&quot;,&quot;credit&quot;:&quot;353024561018101&quot;,&quot;camera&quot;:&quot;Mi 10&quot;,&quot;caption&quot;:&quot;&quot;,&quot;created_timestamp&quot;:&quot;0&quot;,&quot;copyright&quot;:&quot;&quot;,&quot;focal_length&quot;:&quot;6.72&quot;,&quot;iso&quot;:&quot;50&quot;,&quot;shutter_speed&quot;:&quot;0.0054&quot;,&quot;title&quot;:&quot;&quot;,&quot;orientation&quot;:&quot;1&quot;}\" data-image-title=\"Picsart_22-09-21_17-19-49-205\" data-image-description=\"\" data-image-caption=\"\" data-large-file=\"https:\/\/i0.wp.com\/ellunhuopa.com\/wp-content\/uploads\/2022\/08\/Picsart_22-09-21_17-19-49-205.jpg?fit=500%2C281&amp;ssl=1\" class=\"alignleft size-full wp-image-21075\" src=\"https:\/\/i0.wp.com\/ellunhuopa.com\/wp-content\/uploads\/2022\/08\/Picsart_22-09-21_17-19-49-205.jpg?resize=4618%2C2598&#038;ssl=1\" alt=\"\" width=\"4618\" height=\"2598\" srcset=\"https:\/\/i0.wp.com\/ellunhuopa.com\/wp-content\/uploads\/2022\/08\/Picsart_22-09-21_17-19-49-205.jpg?w=4618&amp;ssl=1 4618w, https:\/\/i0.wp.com\/ellunhuopa.com\/wp-content\/uploads\/2022\/08\/Picsart_22-09-21_17-19-49-205.jpg?resize=300%2C169&amp;ssl=1 300w, https:\/\/i0.wp.com\/ellunhuopa.com\/wp-content\/uploads\/2022\/08\/Picsart_22-09-21_17-19-49-205.jpg?resize=500%2C281&amp;ssl=1 500w, https:\/\/i0.wp.com\/ellunhuopa.com\/wp-content\/uploads\/2022\/08\/Picsart_22-09-21_17-19-49-205.jpg?resize=150%2C84&amp;ssl=1 150w, https:\/\/i0.wp.com\/ellunhuopa.com\/wp-content\/uploads\/2022\/08\/Picsart_22-09-21_17-19-49-205.jpg?resize=768%2C432&amp;ssl=1 768w, https:\/\/i0.wp.com\/ellunhuopa.com\/wp-content\/uploads\/2022\/08\/Picsart_22-09-21_17-19-49-205.jpg?resize=1536%2C864&amp;ssl=1 1536w, https:\/\/i0.wp.com\/ellunhuopa.com\/wp-content\/uploads\/2022\/08\/Picsart_22-09-21_17-19-49-205.jpg?resize=2048%2C1152&amp;ssl=1 2048w, https:\/\/i0.wp.com\/ellunhuopa.com\/wp-content\/uploads\/2022\/08\/Picsart_22-09-21_17-19-49-205.jpg?resize=18%2C10&amp;ssl=1 18w, https:\/\/i0.wp.com\/ellunhuopa.com\/wp-content\/uploads\/2022\/08\/Picsart_22-09-21_17-19-49-205.jpg?resize=982%2C552&amp;ssl=1 982w, https:\/\/i0.wp.com\/ellunhuopa.com\/wp-content\/uploads\/2022\/08\/Picsart_22-09-21_17-19-49-205.jpg?resize=366%2C206&amp;ssl=1 366w, https:\/\/i0.wp.com\/ellunhuopa.com\/wp-content\/uploads\/2022\/08\/Picsart_22-09-21_17-19-49-205.jpg?resize=89%2C50&amp;ssl=1 89w, https:\/\/i0.wp.com\/ellunhuopa.com\/wp-content\/uploads\/2022\/08\/Picsart_22-09-21_17-19-49-205.jpg?w=3000&amp;ssl=1 3000w\" sizes=\"auto, (max-width: 1000px) 100vw, 1000px\" \/><\/p>\n<p>Felt decorations can be used to create a striking look for your interior. The stones are made of high-quality sheep's wool. The filler in the stone is craft wax.<\/p>\n<p>\u2705 any shades<br \/>\n\u2705 all sizes according to your choice<br \/>\n\u2705 100% satisfaction guarantee<\/p>\n<p>Wool naturally repels dirt, so it requires no special maintenance.<\/p>\n<p>&nbsp;<\/p>\n<p>&nbsp;<\/p>","protected":false},"excerpt":{"rendered":"<p>Huopakivi kotiin &#8211; luonto on l\u00e4hell\u00e4!<br \/>\nHuopakiviss\u00e4 villa on k\u00e4sin k\u00e4sitelty tukevaksi kankaaksi.<\/p>","protected":false},"featured_media":21026,"comment_status":"open","ping_status":"closed","template":"","meta":{"jetpack_publicize_message":"","jetpack_publicize_feature_enabled":true,"jetpack_social_post_already_shared":true,"jetpack_social_options":{"image_generator_settings":{"template":"highway","default_image_id":0,"font":"","enabled":false},"version":2},"_wpas_customize_per_network":false},"product_brand":[],"product_cat":[604714599],"product_tag":[],"class_list":{"0":"post-20937","1":"product","2":"type-product","3":"status-publish","4":"has-post-thumbnail","6":"product_cat-tehty_tilauksesta","7":"product_shipping_class-paketti","9":"first","10":"instock","11":"sold-individually","12":"taxable","13":"shipping-taxable","14":"purchasable","15":"product-type-simple"},"yoast_head":"<!-- This site is optimized with the Yoast SEO plugin v27.4 - https:\/\/yoast.com\/product\/yoast-seo-wordpress\/ -->\n<title>Huopakivi - Ellunhuopa<\/title>\n<meta name=\"robots\" content=\"index, follow, max-snippet:-1, max-image-preview:large, max-video-preview:-1\" \/>\n<link rel=\"canonical\" href=\"https:\/\/ellunhuopa.com\/en\/product\/huopakivi\/\" \/>\n<meta property=\"og:locale\" content=\"en_GB\" \/>\n<meta property=\"og:type\" content=\"article\" \/>\n<meta property=\"og:title\" content=\"Huopakivi - Ellunhuopa\" \/>\n<meta property=\"og:description\" content=\"Huopakivi kotiin - luonto on l\u00e4hell\u00e4! Huopakiviss\u00e4 villa on k\u00e4sin k\u00e4sitelty tukevaksi kankaaksi.\" \/>\n<meta property=\"og:url\" content=\"https:\/\/ellunhuopa.com\/en\/product\/huopakivi\/\" \/>\n<meta property=\"og:site_name\" content=\"Ellunhuopa\" \/>\n<meta property=\"article:publisher\" content=\"https:\/\/www.facebook.com\/ellunhuopa\/?ref=bookmarks\" \/>\n<meta property=\"article:modified_time\" content=\"2025-01-20T11:47:29+00:00\" \/>\n<meta property=\"og:image\" content=\"https:\/\/ellunhuopa.com\/wp-content\/uploads\/2022\/08\/Picsart_22-09-08_12-26-38-879-e1662629343151.jpg\" \/>\n\t<meta property=\"og:image:width\" content=\"1200\" \/>\n\t<meta property=\"og:image:height\" content=\"1200\" \/>\n\t<meta property=\"og:image:type\" content=\"image\/jpeg\" \/>\n<meta name=\"twitter:card\" content=\"summary_large_image\" \/>\n<script type=\"application\/ld+json\" class=\"yoast-schema-graph\">{\"@context\":\"https:\\\/\\\/schema.org\",\"@graph\":[{\"@type\":\"WebPage\",\"@id\":\"https:\\\/\\\/ellunhuopa.com\\\/tuote\\\/huopakivi\\\/\",\"url\":\"https:\\\/\\\/ellunhuopa.com\\\/tuote\\\/huopakivi\\\/\",\"name\":\"Huopakivi - Ellunhuopa\",\"isPartOf\":{\"@id\":\"https:\\\/\\\/ellunhuopa.com\\\/#website\"},\"primaryImageOfPage\":{\"@id\":\"https:\\\/\\\/ellunhuopa.com\\\/tuote\\\/huopakivi\\\/#primaryimage\"},\"image\":{\"@id\":\"https:\\\/\\\/ellunhuopa.com\\\/tuote\\\/huopakivi\\\/#primaryimage\"},\"thumbnailUrl\":\"https:\\\/\\\/i0.wp.com\\\/ellunhuopa.com\\\/wp-content\\\/uploads\\\/2022\\\/08\\\/Picsart_22-09-08_12-26-38-879-e1662629343151.jpg?fit=1200%2C1200&ssl=1\",\"datePublished\":\"2022-08-22T15:59:41+00:00\",\"dateModified\":\"2025-01-20T11:47:29+00:00\",\"breadcrumb\":{\"@id\":\"https:\\\/\\\/ellunhuopa.com\\\/tuote\\\/huopakivi\\\/#breadcrumb\"},\"inLanguage\":\"en-GB\",\"potentialAction\":[{\"@type\":\"ReadAction\",\"target\":[\"https:\\\/\\\/ellunhuopa.com\\\/tuote\\\/huopakivi\\\/\"]}]},{\"@type\":\"ImageObject\",\"inLanguage\":\"en-GB\",\"@id\":\"https:\\\/\\\/ellunhuopa.com\\\/tuote\\\/huopakivi\\\/#primaryimage\",\"url\":\"https:\\\/\\\/i0.wp.com\\\/ellunhuopa.com\\\/wp-content\\\/uploads\\\/2022\\\/08\\\/Picsart_22-09-08_12-26-38-879-e1662629343151.jpg?fit=1200%2C1200&ssl=1\",\"contentUrl\":\"https:\\\/\\\/i0.wp.com\\\/ellunhuopa.com\\\/wp-content\\\/uploads\\\/2022\\\/08\\\/Picsart_22-09-08_12-26-38-879-e1662629343151.jpg?fit=1200%2C1200&ssl=1\",\"width\":1200,\"height\":1200},{\"@type\":\"BreadcrumbList\",\"@id\":\"https:\\\/\\\/ellunhuopa.com\\\/tuote\\\/huopakivi\\\/#breadcrumb\",\"itemListElement\":[{\"@type\":\"ListItem\",\"position\":1,\"name\":\"Home\",\"item\":\"https:\\\/\\\/ellunhuopa.com\\\/\"},{\"@type\":\"ListItem\",\"position\":2,\"name\":\"Puoti\",\"item\":\"https:\\\/\\\/ellunhuopa.com\\\/puoti\\\/\"},{\"@type\":\"ListItem\",\"position\":3,\"name\":\"Huopakivi\"}]},{\"@type\":\"WebSite\",\"@id\":\"https:\\\/\\\/ellunhuopa.com\\\/#website\",\"url\":\"https:\\\/\\\/ellunhuopa.com\\\/\",\"name\":\"ELLU - Wool Art\",\"description\":\"Ellunhuopa - Elena Bondar\",\"publisher\":{\"@id\":\"https:\\\/\\\/ellunhuopa.com\\\/#organization\"},\"potentialAction\":[{\"@type\":\"SearchAction\",\"target\":{\"@type\":\"EntryPoint\",\"urlTemplate\":\"https:\\\/\\\/ellunhuopa.com\\\/?s={search_term_string}\"},\"query-input\":{\"@type\":\"PropertyValueSpecification\",\"valueRequired\":true,\"valueName\":\"search_term_string\"}}],\"inLanguage\":\"en-GB\"},{\"@type\":\"Organization\",\"@id\":\"https:\\\/\\\/ellunhuopa.com\\\/#organization\",\"name\":\"Ellunhuopa\",\"url\":\"https:\\\/\\\/ellunhuopa.com\\\/\",\"logo\":{\"@type\":\"ImageObject\",\"inLanguage\":\"en-GB\",\"@id\":\"https:\\\/\\\/ellunhuopa.com\\\/#\\\/schema\\\/logo\\\/image\\\/\",\"url\":\"https:\\\/\\\/ellunhuopa.com\\\/wp-content\\\/uploads\\\/2018\\\/02\\\/cropped-ellu_logo_ellunhuopa_netti.jpg\",\"contentUrl\":\"https:\\\/\\\/ellunhuopa.com\\\/wp-content\\\/uploads\\\/2018\\\/02\\\/cropped-ellu_logo_ellunhuopa_netti.jpg\",\"width\":348,\"height\":348,\"caption\":\"Ellunhuopa\"},\"image\":{\"@id\":\"https:\\\/\\\/ellunhuopa.com\\\/#\\\/schema\\\/logo\\\/image\\\/\"},\"sameAs\":[\"https:\\\/\\\/www.facebook.com\\\/ellunhuopa\\\/?ref=bookmarks\",\"https:\\\/\\\/www.instagram.com\\\/ellunhuopa\\\/\",\"https:\\\/\\\/www.youtube.com\\\/channel\\\/UCN8xrsHRIySLYr-66w-DUPg\"]}]}<\/script>\n<!-- \/ Yoast SEO plugin. -->","yoast_head_json":{"title":"Huopakivi - Ellunhuopa","robots":{"index":"index","follow":"follow","max-snippet":"max-snippet:-1","max-image-preview":"max-image-preview:large","max-video-preview":"max-video-preview:-1"},"canonical":"https:\/\/ellunhuopa.com\/en\/product\/huopakivi\/","og_locale":"en_GB","og_type":"article","og_title":"Huopakivi - Ellunhuopa","og_description":"Huopakivi kotiin - luonto on l\u00e4hell\u00e4! Huopakiviss\u00e4 villa on k\u00e4sin k\u00e4sitelty tukevaksi kankaaksi.","og_url":"https:\/\/ellunhuopa.com\/en\/product\/huopakivi\/","og_site_name":"Ellunhuopa","article_publisher":"https:\/\/www.facebook.com\/ellunhuopa\/?ref=bookmarks","article_modified_time":"2025-01-20T11:47:29+00:00","og_image":[{"width":1200,"height":1200,"url":"https:\/\/ellunhuopa.com\/wp-content\/uploads\/2022\/08\/Picsart_22-09-08_12-26-38-879-e1662629343151.jpg","type":"image\/jpeg"}],"twitter_card":"summary_large_image","schema":{"@context":"https:\/\/schema.org","@graph":[{"@type":"WebPage","@id":"https:\/\/ellunhuopa.com\/tuote\/huopakivi\/","url":"https:\/\/ellunhuopa.com\/tuote\/huopakivi\/","name":"Huopakivi - Ellunhuopa","isPartOf":{"@id":"https:\/\/ellunhuopa.com\/#website"},"primaryImageOfPage":{"@id":"https:\/\/ellunhuopa.com\/tuote\/huopakivi\/#primaryimage"},"image":{"@id":"https:\/\/ellunhuopa.com\/tuote\/huopakivi\/#primaryimage"},"thumbnailUrl":"https:\/\/i0.wp.com\/ellunhuopa.com\/wp-content\/uploads\/2022\/08\/Picsart_22-09-08_12-26-38-879-e1662629343151.jpg?fit=1200%2C1200&ssl=1","datePublished":"2022-08-22T15:59:41+00:00","dateModified":"2025-01-20T11:47:29+00:00","breadcrumb":{"@id":"https:\/\/ellunhuopa.com\/tuote\/huopakivi\/#breadcrumb"},"inLanguage":"en-GB","potentialAction":[{"@type":"ReadAction","target":["https:\/\/ellunhuopa.com\/tuote\/huopakivi\/"]}]},{"@type":"ImageObject","inLanguage":"en-GB","@id":"https:\/\/ellunhuopa.com\/tuote\/huopakivi\/#primaryimage","url":"https:\/\/i0.wp.com\/ellunhuopa.com\/wp-content\/uploads\/2022\/08\/Picsart_22-09-08_12-26-38-879-e1662629343151.jpg?fit=1200%2C1200&ssl=1","contentUrl":"https:\/\/i0.wp.com\/ellunhuopa.com\/wp-content\/uploads\/2022\/08\/Picsart_22-09-08_12-26-38-879-e1662629343151.jpg?fit=1200%2C1200&ssl=1","width":1200,"height":1200},{"@type":"BreadcrumbList","@id":"https:\/\/ellunhuopa.com\/tuote\/huopakivi\/#breadcrumb","itemListElement":[{"@type":"ListItem","position":1,"name":"Home","item":"https:\/\/ellunhuopa.com\/"},{"@type":"ListItem","position":2,"name":"Puoti","item":"https:\/\/ellunhuopa.com\/puoti\/"},{"@type":"ListItem","position":3,"name":"Huopakivi"}]},{"@type":"WebSite","@id":"https:\/\/ellunhuopa.com\/#website","url":"https:\/\/ellunhuopa.com\/","name":"ELLU - Wool Art","description":"Ellunhuopa - Elena Bondar","publisher":{"@id":"https:\/\/ellunhuopa.com\/#organization"},"potentialAction":[{"@type":"SearchAction","target":{"@type":"EntryPoint","urlTemplate":"https:\/\/ellunhuopa.com\/?s={search_term_string}"},"query-input":{"@type":"PropertyValueSpecification","valueRequired":true,"valueName":"search_term_string"}}],"inLanguage":"en-GB"},{"@type":"Organization","@id":"https:\/\/ellunhuopa.com\/#organization","name":"Woolrealm","url":"https:\/\/ellunhuopa.com\/","logo":{"@type":"ImageObject","inLanguage":"en-GB","@id":"https:\/\/ellunhuopa.com\/#\/schema\/logo\/image\/","url":"https:\/\/ellunhuopa.com\/wp-content\/uploads\/2018\/02\/cropped-ellu_logo_ellunhuopa_netti.jpg","contentUrl":"https:\/\/ellunhuopa.com\/wp-content\/uploads\/2018\/02\/cropped-ellu_logo_ellunhuopa_netti.jpg","width":348,"height":348,"caption":"Ellunhuopa"},"image":{"@id":"https:\/\/ellunhuopa.com\/#\/schema\/logo\/image\/"},"sameAs":["https:\/\/www.facebook.com\/ellunhuopa\/?ref=bookmarks","https:\/\/www.instagram.com\/ellunhuopa\/","https:\/\/www.youtube.com\/channel\/UCN8xrsHRIySLYr-66w-DUPg"]}]}},"jetpack_publicize_connections":[],"jetpack_sharing_enabled":true,"jetpack_likes_enabled":false,"jetpack-related-posts":[{"id":22300,"url":"https:\/\/ellunhuopa.com\/en\/product\/painettu-versio-villalla-maalaten-huovutuksen-taiteellinen-kasikirja-copy\/","url_meta":{"origin":20937,"position":0},"title":"printed version \u201dPainting with wool. The artistic handbook of felting.\u201d","author":"Elena Bondar","date":"June 21, 2023","format":false,"excerpt":"Drawing with wool brings art to life! Drawing with wool opens the door to unlimited creativity. You can create soft landscapes, delicate bouquets or even animal figures that come to life at the touch of wool fibres. This book offers a comprehensive guide to the secrets of needle felting and inspiring instructions for creating creative works of art. Order your copy now and step boldly into the world of wool drawing. Let the art...","rel":"","context":"Similar post","block_context":{"text":"Similar post","link":""},"img":{"alt_text":"","src":"https:\/\/i0.wp.com\/ellunhuopa.com\/wp-content\/uploads\/2023\/06\/Purple-Pastel-Blue-Calming-Floral-Gradients-Self-Care-Affirmations-Self-Care-Instagram-Post-3.jpg?fit=1080%2C1080&ssl=1&resize=350%2C200","width":350,"height":200,"srcset":"https:\/\/i0.wp.com\/ellunhuopa.com\/wp-content\/uploads\/2023\/06\/Purple-Pastel-Blue-Calming-Floral-Gradients-Self-Care-Affirmations-Self-Care-Instagram-Post-3.jpg?fit=1080%2C1080&ssl=1&resize=350%2C200 1x, https:\/\/i0.wp.com\/ellunhuopa.com\/wp-content\/uploads\/2023\/06\/Purple-Pastel-Blue-Calming-Floral-Gradients-Self-Care-Affirmations-Self-Care-Instagram-Post-3.jpg?fit=1080%2C1080&ssl=1&resize=525%2C300 1.5x, https:\/\/i0.wp.com\/ellunhuopa.com\/wp-content\/uploads\/2023\/06\/Purple-Pastel-Blue-Calming-Floral-Gradients-Self-Care-Affirmations-Self-Care-Instagram-Post-3.jpg?fit=1080%2C1080&ssl=1&resize=700%2C400 2x, https:\/\/i0.wp.com\/ellunhuopa.com\/wp-content\/uploads\/2023\/06\/Purple-Pastel-Blue-Calming-Floral-Gradients-Self-Care-Affirmations-Self-Care-Instagram-Post-3.jpg?fit=1080%2C1080&ssl=1&resize=1050%2C600 3x"},"classes":[]},{"id":22290,"url":"https:\/\/ellunhuopa.com\/en\/product\/e-kirja-villalla-maalaten-huovutuksen-taiteellinen-kasikirja\/","url_meta":{"origin":20937,"position":1},"title":"e-book \u201dPainting with wool. The artistic handbook of felting.\u201d","author":"Elena Bondar","date":"June 21, 2023","format":false,"excerpt":"Welcome to an enchanting world where drawing with wool brings art to life! I am excited to introduce you to my book that will take you one step closer to the secrets of needle felting. Take the first step on your journey into the magical world of needle felting and open the door to endless possibilities. You can easily get the book in digital format and enjoy its contents anytime, anywhere. The electronic version offers...","rel":"","context":"Similar post","block_context":{"text":"Similar post","link":""},"img":{"alt_text":"","src":"https:\/\/i0.wp.com\/ellunhuopa.com\/wp-content\/uploads\/2023\/06\/Purple-Pastel-Blue-Calming-Floral-Gradients-Self-Care-Affirmations-Self-Care-Instagram-Post-1.jpg?fit=1080%2C1080&ssl=1&resize=350%2C200","width":350,"height":200,"srcset":"https:\/\/i0.wp.com\/ellunhuopa.com\/wp-content\/uploads\/2023\/06\/Purple-Pastel-Blue-Calming-Floral-Gradients-Self-Care-Affirmations-Self-Care-Instagram-Post-1.jpg?fit=1080%2C1080&ssl=1&resize=350%2C200 1x, https:\/\/i0.wp.com\/ellunhuopa.com\/wp-content\/uploads\/2023\/06\/Purple-Pastel-Blue-Calming-Floral-Gradients-Self-Care-Affirmations-Self-Care-Instagram-Post-1.jpg?fit=1080%2C1080&ssl=1&resize=525%2C300 1.5x, https:\/\/i0.wp.com\/ellunhuopa.com\/wp-content\/uploads\/2023\/06\/Purple-Pastel-Blue-Calming-Floral-Gradients-Self-Care-Affirmations-Self-Care-Instagram-Post-1.jpg?fit=1080%2C1080&ssl=1&resize=700%2C400 2x, https:\/\/i0.wp.com\/ellunhuopa.com\/wp-content\/uploads\/2023\/06\/Purple-Pastel-Blue-Calming-Floral-Gradients-Self-Care-Affirmations-Self-Care-Instagram-Post-1.jpg?fit=1080%2C1080&ssl=1&resize=1050%2C600 3x"},"classes":[]},{"id":10009,"url":"https:\/\/ellunhuopa.com\/en\/product\/huopikkaat\/","url_meta":{"origin":20937,"position":2},"title":"Finnish Felt Slippers","author":"Elena Bondar","date":"May 15, 2019","format":false,"excerpt":"Aesthetics and practicality. Warm adult felt shoes with rubber soles are particularly soft on the feet. Making felt shoes is magic. The shoes are individually handcrafted to order for the customer.","rel":"","context":"With 1 comment","block_context":{"text":"With 1 comment","link":"https:\/\/ellunhuopa.com\/en\/product\/huopikkaat\/#comments"},"img":{"alt_text":"","src":"https:\/\/i0.wp.com\/ellunhuopa.com\/wp-content\/uploads\/2019\/05\/20200128_072454_0000-e1581148161339.png?fit=1200%2C1200&ssl=1&resize=350%2C200","width":350,"height":200,"srcset":"https:\/\/i0.wp.com\/ellunhuopa.com\/wp-content\/uploads\/2019\/05\/20200128_072454_0000-e1581148161339.png?fit=1200%2C1200&ssl=1&resize=350%2C200 1x, https:\/\/i0.wp.com\/ellunhuopa.com\/wp-content\/uploads\/2019\/05\/20200128_072454_0000-e1581148161339.png?fit=1200%2C1200&ssl=1&resize=525%2C300 1.5x, https:\/\/i0.wp.com\/ellunhuopa.com\/wp-content\/uploads\/2019\/05\/20200128_072454_0000-e1581148161339.png?fit=1200%2C1200&ssl=1&resize=700%2C400 2x, https:\/\/i0.wp.com\/ellunhuopa.com\/wp-content\/uploads\/2019\/05\/20200128_072454_0000-e1581148161339.png?fit=1200%2C1200&ssl=1&resize=1050%2C600 3x"},"classes":[]},{"id":27521,"url":"https:\/\/ellunhuopa.com\/en\/product\/wool-stone\/","url_meta":{"origin":20937,"position":3},"title":"Wool Stone - hand felted wool stone","author":"Elena Bondar","date":"November 20, 2025","format":false,"excerpt":"Each wool stone is hand felted from pure wool. The tightly felted texture makes it durable, smooth and pleasant to the touch - a small object that feels warm and safe in the hand.","rel":"","context":"Similar post","block_context":{"text":"Similar post","link":""},"img":{"alt_text":"","src":"https:\/\/i0.wp.com\/ellunhuopa.com\/wp-content\/uploads\/2025\/11\/Picsart_25-11-20_08-52-54-682.jpg?fit=1200%2C1200&ssl=1&resize=350%2C200","width":350,"height":200,"srcset":"https:\/\/i0.wp.com\/ellunhuopa.com\/wp-content\/uploads\/2025\/11\/Picsart_25-11-20_08-52-54-682.jpg?fit=1200%2C1200&ssl=1&resize=350%2C200 1x, https:\/\/i0.wp.com\/ellunhuopa.com\/wp-content\/uploads\/2025\/11\/Picsart_25-11-20_08-52-54-682.jpg?fit=1200%2C1200&ssl=1&resize=525%2C300 1.5x, https:\/\/i0.wp.com\/ellunhuopa.com\/wp-content\/uploads\/2025\/11\/Picsart_25-11-20_08-52-54-682.jpg?fit=1200%2C1200&ssl=1&resize=700%2C400 2x, https:\/\/i0.wp.com\/ellunhuopa.com\/wp-content\/uploads\/2025\/11\/Picsart_25-11-20_08-52-54-682.jpg?fit=1200%2C1200&ssl=1&resize=1050%2C600 3x"},"classes":[]},{"id":8912,"url":"https:\/\/ellunhuopa.com\/en\/product\/huovutusvillan-varipaletti-10g\/","url_meta":{"origin":20937,"position":4},"title":"Felt wool color palette","author":"Elena Bondar","date":"June 20, 2018","format":false,"excerpt":"Quilter's colour palette. By using different shades of wool in your felt design, you can achieve stunning results. This product contains one colour of different shades! \u00a0","rel":"","context":"Similar post","block_context":{"text":"Similar post","link":""},"img":{"alt_text":"","src":"https:\/\/i0.wp.com\/ellunhuopa.com\/wp-content\/uploads\/2018\/06\/2018-06-20_15.09.57-e1529496703149.jpg?fit=600%2C600&ssl=1&resize=350%2C200","width":350,"height":200,"srcset":"https:\/\/i0.wp.com\/ellunhuopa.com\/wp-content\/uploads\/2018\/06\/2018-06-20_15.09.57-e1529496703149.jpg?fit=600%2C600&ssl=1&resize=350%2C200 1x, https:\/\/i0.wp.com\/ellunhuopa.com\/wp-content\/uploads\/2018\/06\/2018-06-20_15.09.57-e1529496703149.jpg?fit=600%2C600&ssl=1&resize=525%2C300 1.5x"},"classes":[]},{"id":26032,"url":"https:\/\/ellunhuopa.com\/en\/product\/koiran-muistoesine\/","url_meta":{"origin":20937,"position":5},"title":"Heart of memories - felted heart made from your pet's own wool","author":"Elena Bondar","date":"March 31, 2025","format":false,"excerpt":"Do you want to preserve the memory of your beloved pet in a unique way? The Heart of Memories is a hand felted heart made from your pet's fur. This unique keepsake will bring warmth and sentimental value to your home.","rel":"","context":"Similar post","block_context":{"text":"Similar post","link":""},"img":{"alt_text":"","src":"https:\/\/i0.wp.com\/ellunhuopa.com\/wp-content\/uploads\/2025\/03\/Picsart_25-03-31_17-15-33-864.jpg?fit=1200%2C1200&ssl=1&resize=350%2C200","width":350,"height":200,"srcset":"https:\/\/i0.wp.com\/ellunhuopa.com\/wp-content\/uploads\/2025\/03\/Picsart_25-03-31_17-15-33-864.jpg?fit=1200%2C1200&ssl=1&resize=350%2C200 1x, https:\/\/i0.wp.com\/ellunhuopa.com\/wp-content\/uploads\/2025\/03\/Picsart_25-03-31_17-15-33-864.jpg?fit=1200%2C1200&ssl=1&resize=525%2C300 1.5x, https:\/\/i0.wp.com\/ellunhuopa.com\/wp-content\/uploads\/2025\/03\/Picsart_25-03-31_17-15-33-864.jpg?fit=1200%2C1200&ssl=1&resize=700%2C400 2x, https:\/\/i0.wp.com\/ellunhuopa.com\/wp-content\/uploads\/2025\/03\/Picsart_25-03-31_17-15-33-864.jpg?fit=1200%2C1200&ssl=1&resize=1050%2C600 3x"},"classes":[]}],"_links":{"self":[{"href":"https:\/\/ellunhuopa.com\/en\/wp-json\/wp\/v2\/product\/20937","targetHints":{"allow":["GET"]}}],"collection":[{"href":"https:\/\/ellunhuopa.com\/en\/wp-json\/wp\/v2\/product"}],"about":[{"href":"https:\/\/ellunhuopa.com\/en\/wp-json\/wp\/v2\/types\/product"}],"replies":[{"embeddable":true,"href":"https:\/\/ellunhuopa.com\/en\/wp-json\/wp\/v2\/comments?post=20937"}],"wp:featuredmedia":[{"embeddable":true,"href":"https:\/\/ellunhuopa.com\/en\/wp-json\/wp\/v2\/media\/21026"}],"wp:attachment":[{"href":"https:\/\/ellunhuopa.com\/en\/wp-json\/wp\/v2\/media?parent=20937"}],"wp:term":[{"taxonomy":"product_brand","embeddable":true,"href":"https:\/\/ellunhuopa.com\/en\/wp-json\/wp\/v2\/product_brand?post=20937"},{"taxonomy":"product_cat","embeddable":true,"href":"https:\/\/ellunhuopa.com\/en\/wp-json\/wp\/v2\/product_cat?post=20937"},{"taxonomy":"product_tag","embeddable":true,"href":"https:\/\/ellunhuopa.com\/en\/wp-json\/wp\/v2\/product_tag?post=20937"}],"curies":[{"name":"wp","href":"https:\/\/api.w.org\/{rel}","templated":true}]}}