{"id":21406,"date":"2022-12-13T10:39:24","date_gmt":"2022-12-13T08:39:24","guid":{"rendered":"https:\/\/ellunhuopa.com\/?post_type=product&#038;p=21406"},"modified":"2024-04-30T15:17:57","modified_gmt":"2024-04-30T13:17:57","slug":"sisustustaulu-kala","status":"publish","type":"product","link":"https:\/\/ellunhuopa.com\/en\/product\/sisustustaulu-kala\/","title":{"rendered":"Decoration board \u201dFish\u201d (sold)"},"content":{"rendered":"<p>Create a home atmosphere with this board that will make your apartment cozy, and a little more special!<\/p>\n<p>Art invigorates, comforts, delights\u2026 The colors of wool last for decades, so this handmade painting retains its value perfectly. The painting is suitable for a wide variety of homes and works great as a slightly unique gift. This felt board arouses a lot of interest in the closeness of nature and the beauty of the world.<\/p>\n<p>The felt board does not require any special care, it is enough as long as you remember to wipe the dust!<\/p>\n<div class=\"su-note\"  style=\"border-color:#d2d2d2;border-radius:10px;-moz-border-radius:10px;-webkit-border-radius:10px;\"><div class=\"su-note-inner su-u-clearfix su-u-trim\" style=\"background-color:#ececec;border-color:#ffffff;color:#000000;border-radius:10px;-moz-border-radius:10px;-webkit-border-radius:10px;\"><div class=\"su-list\" style=\"margin-left:0px\">\n<ul>\n<li><i class=\"sui sui-photo\" style=\"color:#9d562c\"><\/i> Board size: diameter 23 cm.<\/li>\n<\/ul>\n<\/div><\/div><\/div>\n<p>When placing a felt board, it is important to remember that direct sunlight and moisture are harmful to the materials on the board. Therefore, wool painting, like other drawn paintings, should never be placed opposite a window, in a damp room or directly on top of a radiator.<\/p>","protected":false},"excerpt":{"rendered":"<p>The walls of the home can be decorated with beautiful and warm felting. With Ellun blankets, your home will be warmer and more comfortable.<\/p>\n<p>Uniikki villamaalaus m\u00e4rk\u00e4- ja neulahuovutustekniikalla. Kirjontakehys.<br \/>\nHuovutettu kest\u00e4v\u00e4ll\u00e4 tekniikalla k\u00e4ytt\u00e4en neulahuovutusta.<\/p>","protected":false},"featured_media":21396,"comment_status":"closed","ping_status":"closed","template":"","meta":{"jetpack_post_was_ever_published":false,"jetpack_publicize_message":"","jetpack_publicize_feature_enabled":true,"jetpack_social_post_already_shared":true,"jetpack_social_options":{"image_generator_settings":{"template":"highway","default_image_id":0,"font":"","enabled":false},"version":2},"_wpas_customize_per_network":false},"product_brand":[],"product_cat":[604714667],"product_tag":[],"class_list":{"0":"post-21406","1":"product","2":"type-product","3":"status-publish","4":"has-post-thumbnail","6":"product_cat-valmiit_tuotteet","7":"product_shipping_class-paketti","9":"first","10":"outofstock","11":"taxable","12":"shipping-taxable","13":"purchasable","14":"product-type-simple"},"yoast_head":"<!-- This site is optimized with the Yoast SEO plugin v27.2 - https:\/\/yoast.com\/product\/yoast-seo-wordpress\/ -->\n<title>Sisustustaulu &quot;Kala&quot; (myyty) - Ellunhuopa<\/title>\n<meta name=\"description\" content=\"Luo kodin tunnelmaa t\u00e4ll\u00e4 taululla joka tekee asunnostasi kodikkaan, ja hieman erikoisemman! Taide pirist\u00e4\u00e4, lohduttaa, ilahduttaa...\" \/>\n<meta name=\"robots\" content=\"index, follow, max-snippet:-1, max-image-preview:large, max-video-preview:-1\" \/>\n<link rel=\"canonical\" href=\"https:\/\/ellunhuopa.com\/en\/product\/sisustustaulu-kala\/\" \/>\n<meta property=\"og:locale\" content=\"en_GB\" \/>\n<meta property=\"og:type\" content=\"article\" \/>\n<meta property=\"og:title\" content=\"Sisustustaulu &quot;Kala&quot; (myyty) - Ellunhuopa\" \/>\n<meta property=\"og:description\" content=\"Luo kodin tunnelmaa t\u00e4ll\u00e4 taululla joka tekee asunnostasi kodikkaan, ja hieman erikoisemman! Taide pirist\u00e4\u00e4, lohduttaa, ilahduttaa...\" \/>\n<meta property=\"og:url\" content=\"https:\/\/ellunhuopa.com\/en\/product\/sisustustaulu-kala\/\" \/>\n<meta property=\"og:site_name\" content=\"Ellunhuopa\" \/>\n<meta property=\"article:publisher\" content=\"https:\/\/www.facebook.com\/ellunhuopa\/?ref=bookmarks\" \/>\n<meta property=\"article:modified_time\" content=\"2024-04-30T13:17:57+00:00\" \/>\n<meta property=\"og:image\" content=\"https:\/\/i0.wp.com\/ellunhuopa.com\/wp-content\/uploads\/2022\/12\/Picsart_22-12-02_12-20-42-532.jpg?fit=2598%2C2598&ssl=1\" \/>\n\t<meta property=\"og:image:width\" content=\"2598\" \/>\n\t<meta property=\"og:image:height\" content=\"2598\" \/>\n\t<meta property=\"og:image:type\" content=\"image\/jpeg\" \/>\n<meta name=\"twitter:card\" content=\"summary_large_image\" \/>\n<meta name=\"twitter:label1\" content=\"Estimated reading time\" \/>\n\t<meta name=\"twitter:data1\" content=\"2 minutes\" \/>\n<script type=\"application\/ld+json\" class=\"yoast-schema-graph\">{\"@context\":\"https:\/\/schema.org\",\"@graph\":[{\"@type\":\"WebPage\",\"@id\":\"https:\/\/ellunhuopa.com\/tuote\/sisustustaulu-kala\/\",\"url\":\"https:\/\/ellunhuopa.com\/tuote\/sisustustaulu-kala\/\",\"name\":\"Sisustustaulu \\\"Kala\\\" (myyty) - Ellunhuopa\",\"isPartOf\":{\"@id\":\"https:\/\/ellunhuopa.com\/#website\"},\"primaryImageOfPage\":{\"@id\":\"https:\/\/ellunhuopa.com\/tuote\/sisustustaulu-kala\/#primaryimage\"},\"image\":{\"@id\":\"https:\/\/ellunhuopa.com\/tuote\/sisustustaulu-kala\/#primaryimage\"},\"thumbnailUrl\":\"https:\/\/i0.wp.com\/ellunhuopa.com\/wp-content\/uploads\/2022\/12\/Picsart_22-12-02_12-20-42-532.jpg?fit=2598%2C2598&ssl=1\",\"datePublished\":\"2022-12-13T08:39:24+00:00\",\"dateModified\":\"2024-04-30T13:17:57+00:00\",\"description\":\"Luo kodin tunnelmaa t\u00e4ll\u00e4 taululla joka tekee asunnostasi kodikkaan, ja hieman erikoisemman! Taide pirist\u00e4\u00e4, lohduttaa, ilahduttaa...\",\"breadcrumb\":{\"@id\":\"https:\/\/ellunhuopa.com\/tuote\/sisustustaulu-kala\/#breadcrumb\"},\"inLanguage\":\"en-GB\",\"potentialAction\":[{\"@type\":\"ReadAction\",\"target\":[\"https:\/\/ellunhuopa.com\/tuote\/sisustustaulu-kala\/\"]}]},{\"@type\":\"ImageObject\",\"inLanguage\":\"en-GB\",\"@id\":\"https:\/\/ellunhuopa.com\/tuote\/sisustustaulu-kala\/#primaryimage\",\"url\":\"https:\/\/i0.wp.com\/ellunhuopa.com\/wp-content\/uploads\/2022\/12\/Picsart_22-12-02_12-20-42-532.jpg?fit=2598%2C2598&ssl=1\",\"contentUrl\":\"https:\/\/i0.wp.com\/ellunhuopa.com\/wp-content\/uploads\/2022\/12\/Picsart_22-12-02_12-20-42-532.jpg?fit=2598%2C2598&ssl=1\",\"width\":2598,\"height\":2598},{\"@type\":\"BreadcrumbList\",\"@id\":\"https:\/\/ellunhuopa.com\/tuote\/sisustustaulu-kala\/#breadcrumb\",\"itemListElement\":[{\"@type\":\"ListItem\",\"position\":1,\"name\":\"Home\",\"item\":\"https:\/\/ellunhuopa.com\/\"},{\"@type\":\"ListItem\",\"position\":2,\"name\":\"Puoti\",\"item\":\"https:\/\/ellunhuopa.com\/puoti\/\"},{\"@type\":\"ListItem\",\"position\":3,\"name\":\"Sisustustaulu &#8221;Kala&#8221; (myyty)\"}]},{\"@type\":\"WebSite\",\"@id\":\"https:\/\/ellunhuopa.com\/#website\",\"url\":\"https:\/\/ellunhuopa.com\/\",\"name\":\"ELLU - Wool Art\",\"description\":\"Ellunhuopa - Elena Bondar\",\"publisher\":{\"@id\":\"https:\/\/ellunhuopa.com\/#organization\"},\"potentialAction\":[{\"@type\":\"SearchAction\",\"target\":{\"@type\":\"EntryPoint\",\"urlTemplate\":\"https:\/\/ellunhuopa.com\/?s={search_term_string}\"},\"query-input\":{\"@type\":\"PropertyValueSpecification\",\"valueRequired\":true,\"valueName\":\"search_term_string\"}}],\"inLanguage\":\"en-GB\"},{\"@type\":\"Organization\",\"@id\":\"https:\/\/ellunhuopa.com\/#organization\",\"name\":\"Ellunhuopa\",\"url\":\"https:\/\/ellunhuopa.com\/\",\"logo\":{\"@type\":\"ImageObject\",\"inLanguage\":\"en-GB\",\"@id\":\"https:\/\/ellunhuopa.com\/#\/schema\/logo\/image\/\",\"url\":\"https:\/\/ellunhuopa.com\/wp-content\/uploads\/2018\/02\/cropped-ellu_logo_ellunhuopa_netti.jpg\",\"contentUrl\":\"https:\/\/ellunhuopa.com\/wp-content\/uploads\/2018\/02\/cropped-ellu_logo_ellunhuopa_netti.jpg\",\"width\":348,\"height\":348,\"caption\":\"Ellunhuopa\"},\"image\":{\"@id\":\"https:\/\/ellunhuopa.com\/#\/schema\/logo\/image\/\"},\"sameAs\":[\"https:\/\/www.facebook.com\/ellunhuopa\/?ref=bookmarks\",\"https:\/\/www.instagram.com\/ellunhuopa\/\",\"https:\/\/www.youtube.com\/channel\/UCN8xrsHRIySLYr-66w-DUPg\"]}]}<\/script>\n<!-- \/ Yoast SEO plugin. -->","yoast_head_json":{"title":"Sisustustaulu \"Kala\" (myyty) - Ellunhuopa","description":"Luo kodin tunnelmaa t\u00e4ll\u00e4 taululla joka tekee asunnostasi kodikkaan, ja hieman erikoisemman! Taide pirist\u00e4\u00e4, lohduttaa, ilahduttaa...","robots":{"index":"index","follow":"follow","max-snippet":"max-snippet:-1","max-image-preview":"max-image-preview:large","max-video-preview":"max-video-preview:-1"},"canonical":"https:\/\/ellunhuopa.com\/en\/product\/sisustustaulu-kala\/","og_locale":"en_GB","og_type":"article","og_title":"Sisustustaulu \"Kala\" (myyty) - Ellunhuopa","og_description":"Luo kodin tunnelmaa t\u00e4ll\u00e4 taululla joka tekee asunnostasi kodikkaan, ja hieman erikoisemman! Taide pirist\u00e4\u00e4, lohduttaa, ilahduttaa...","og_url":"https:\/\/ellunhuopa.com\/en\/product\/sisustustaulu-kala\/","og_site_name":"Ellunhuopa","article_publisher":"https:\/\/www.facebook.com\/ellunhuopa\/?ref=bookmarks","article_modified_time":"2024-04-30T13:17:57+00:00","og_image":[{"width":2598,"height":2598,"url":"https:\/\/i0.wp.com\/ellunhuopa.com\/wp-content\/uploads\/2022\/12\/Picsart_22-12-02_12-20-42-532.jpg?fit=2598%2C2598&ssl=1","type":"image\/jpeg"}],"twitter_card":"summary_large_image","twitter_misc":{"Estimated reading time":"2 minutes"},"schema":{"@context":"https:\/\/schema.org","@graph":[{"@type":"WebPage","@id":"https:\/\/ellunhuopa.com\/tuote\/sisustustaulu-kala\/","url":"https:\/\/ellunhuopa.com\/tuote\/sisustustaulu-kala\/","name":"Sisustustaulu \"Kala\" (myyty) - Ellunhuopa","isPartOf":{"@id":"https:\/\/ellunhuopa.com\/#website"},"primaryImageOfPage":{"@id":"https:\/\/ellunhuopa.com\/tuote\/sisustustaulu-kala\/#primaryimage"},"image":{"@id":"https:\/\/ellunhuopa.com\/tuote\/sisustustaulu-kala\/#primaryimage"},"thumbnailUrl":"https:\/\/i0.wp.com\/ellunhuopa.com\/wp-content\/uploads\/2022\/12\/Picsart_22-12-02_12-20-42-532.jpg?fit=2598%2C2598&ssl=1","datePublished":"2022-12-13T08:39:24+00:00","dateModified":"2024-04-30T13:17:57+00:00","description":"Luo kodin tunnelmaa t\u00e4ll\u00e4 taululla joka tekee asunnostasi kodikkaan, ja hieman erikoisemman! Taide pirist\u00e4\u00e4, lohduttaa, ilahduttaa...","breadcrumb":{"@id":"https:\/\/ellunhuopa.com\/tuote\/sisustustaulu-kala\/#breadcrumb"},"inLanguage":"en-GB","potentialAction":[{"@type":"ReadAction","target":["https:\/\/ellunhuopa.com\/tuote\/sisustustaulu-kala\/"]}]},{"@type":"ImageObject","inLanguage":"en-GB","@id":"https:\/\/ellunhuopa.com\/tuote\/sisustustaulu-kala\/#primaryimage","url":"https:\/\/i0.wp.com\/ellunhuopa.com\/wp-content\/uploads\/2022\/12\/Picsart_22-12-02_12-20-42-532.jpg?fit=2598%2C2598&ssl=1","contentUrl":"https:\/\/i0.wp.com\/ellunhuopa.com\/wp-content\/uploads\/2022\/12\/Picsart_22-12-02_12-20-42-532.jpg?fit=2598%2C2598&ssl=1","width":2598,"height":2598},{"@type":"BreadcrumbList","@id":"https:\/\/ellunhuopa.com\/tuote\/sisustustaulu-kala\/#breadcrumb","itemListElement":[{"@type":"ListItem","position":1,"name":"Home","item":"https:\/\/ellunhuopa.com\/"},{"@type":"ListItem","position":2,"name":"Puoti","item":"https:\/\/ellunhuopa.com\/puoti\/"},{"@type":"ListItem","position":3,"name":"Sisustustaulu &#8221;Kala&#8221; (myyty)"}]},{"@type":"WebSite","@id":"https:\/\/ellunhuopa.com\/#website","url":"https:\/\/ellunhuopa.com\/","name":"ELLU - Wool Art","description":"Ellunhuopa - Elena Bondar","publisher":{"@id":"https:\/\/ellunhuopa.com\/#organization"},"potentialAction":[{"@type":"SearchAction","target":{"@type":"EntryPoint","urlTemplate":"https:\/\/ellunhuopa.com\/?s={search_term_string}"},"query-input":{"@type":"PropertyValueSpecification","valueRequired":true,"valueName":"search_term_string"}}],"inLanguage":"en-GB"},{"@type":"Organization","@id":"https:\/\/ellunhuopa.com\/#organization","name":"Woolrealm","url":"https:\/\/ellunhuopa.com\/","logo":{"@type":"ImageObject","inLanguage":"en-GB","@id":"https:\/\/ellunhuopa.com\/#\/schema\/logo\/image\/","url":"https:\/\/ellunhuopa.com\/wp-content\/uploads\/2018\/02\/cropped-ellu_logo_ellunhuopa_netti.jpg","contentUrl":"https:\/\/ellunhuopa.com\/wp-content\/uploads\/2018\/02\/cropped-ellu_logo_ellunhuopa_netti.jpg","width":348,"height":348,"caption":"Ellunhuopa"},"image":{"@id":"https:\/\/ellunhuopa.com\/#\/schema\/logo\/image\/"},"sameAs":["https:\/\/www.facebook.com\/ellunhuopa\/?ref=bookmarks","https:\/\/www.instagram.com\/ellunhuopa\/","https:\/\/www.youtube.com\/channel\/UCN8xrsHRIySLYr-66w-DUPg"]}]}},"jetpack_publicize_connections":[],"jetpack_sharing_enabled":true,"jetpack_likes_enabled":false,"jetpack-related-posts":[{"id":21407,"url":"https:\/\/ellunhuopa.com\/en\/product\/sisustustaulu-orava\/","url_meta":{"origin":21406,"position":0},"title":"Interior painting &quot;Squirrel&quot; (sold)","author":"Elena Bondar","date":"December 13, 2022","format":false,"excerpt":"You can decorate the walls of your home with beautiful and warm felting. With Ellunhuova's wallpapers, your home will be warmer and more cosy. Unique wool painting with wet and needle felting technique. Embroidery frame. Felted in a durable technique using needle felting.","rel":"","context":"Similar post","block_context":{"text":"Similar post","link":""},"img":{"alt_text":"","src":"https:\/\/i0.wp.com\/ellunhuopa.com\/wp-content\/uploads\/2022\/12\/Picsart_22-12-02_12-24-35-753.jpg?fit=1200%2C1200&ssl=1&resize=350%2C200","width":350,"height":200,"srcset":"https:\/\/i0.wp.com\/ellunhuopa.com\/wp-content\/uploads\/2022\/12\/Picsart_22-12-02_12-24-35-753.jpg?fit=1200%2C1200&ssl=1&resize=350%2C200 1x, https:\/\/i0.wp.com\/ellunhuopa.com\/wp-content\/uploads\/2022\/12\/Picsart_22-12-02_12-24-35-753.jpg?fit=1200%2C1200&ssl=1&resize=525%2C300 1.5x, https:\/\/i0.wp.com\/ellunhuopa.com\/wp-content\/uploads\/2022\/12\/Picsart_22-12-02_12-24-35-753.jpg?fit=1200%2C1200&ssl=1&resize=700%2C400 2x, https:\/\/i0.wp.com\/ellunhuopa.com\/wp-content\/uploads\/2022\/12\/Picsart_22-12-02_12-24-35-753.jpg?fit=1200%2C1200&ssl=1&resize=1050%2C600 3x"},"classes":[]},{"id":20249,"url":"https:\/\/ellunhuopa.com\/en\/product\/huopataulu-kissa\/","url_meta":{"origin":21406,"position":1},"title":"Felt board \u201cCat\u201d (sold)","author":"Elena Bondar","date":"March 23, 2022","format":false,"excerpt":"SOLD The walls of your home can be decorated with beautiful and warm felting. With Ellun blankets, your home will be warmer and more comfortable. Unique wool painting with wet and needle felting technique. The frames are made of gray board, which still makes it just more special. Early in the morning A truly gorgeous and unique wool board that will create a dignified, cozy, and warm atmosphere in your home. \ud83c\udfa8 Felted\u2026","rel":"","context":"Similar post","block_context":{"text":"Similar post","link":""},"img":{"alt_text":"","src":"https:\/\/i0.wp.com\/ellunhuopa.com\/wp-content\/uploads\/2022\/03\/Picsart_22-03-21_09-34-04-734-e1648027693988.jpg?fit=1200%2C1200&ssl=1&resize=350%2C200","width":350,"height":200,"srcset":"https:\/\/i0.wp.com\/ellunhuopa.com\/wp-content\/uploads\/2022\/03\/Picsart_22-03-21_09-34-04-734-e1648027693988.jpg?fit=1200%2C1200&ssl=1&resize=350%2C200 1x, https:\/\/i0.wp.com\/ellunhuopa.com\/wp-content\/uploads\/2022\/03\/Picsart_22-03-21_09-34-04-734-e1648027693988.jpg?fit=1200%2C1200&ssl=1&resize=525%2C300 1.5x, https:\/\/i0.wp.com\/ellunhuopa.com\/wp-content\/uploads\/2022\/03\/Picsart_22-03-21_09-34-04-734-e1648027693988.jpg?fit=1200%2C1200&ssl=1&resize=700%2C400 2x, https:\/\/i0.wp.com\/ellunhuopa.com\/wp-content\/uploads\/2022\/03\/Picsart_22-03-21_09-34-04-734-e1648027693988.jpg?fit=1200%2C1200&ssl=1&resize=1050%2C600 3x"},"classes":[]},{"id":21393,"url":"https:\/\/ellunhuopa.com\/en\/product\/sisustustaulu-lintu-ja-perhonen\/","url_meta":{"origin":21406,"position":2},"title":"Decoration board \u201dBird and butterfly\u201d (sold)","author":"Elena Bondar","date":"December 13, 2022","format":false,"excerpt":"You can decorate the walls of your home with beautiful and warm felting. With Ellunhuova's wallpapers, your home will be warmer and more cosy. Unique wool painting with wet and needle felting technique. Wooden frame. Felted with a durable technique using both wet and needle felting.","rel":"","context":"Similar post","block_context":{"text":"Similar post","link":""},"img":{"alt_text":"","src":"https:\/\/i0.wp.com\/ellunhuopa.com\/wp-content\/uploads\/2022\/12\/Picsart_22-12-02_12-30-06-284.jpg?fit=1200%2C1200&ssl=1&resize=350%2C200","width":350,"height":200,"srcset":"https:\/\/i0.wp.com\/ellunhuopa.com\/wp-content\/uploads\/2022\/12\/Picsart_22-12-02_12-30-06-284.jpg?fit=1200%2C1200&ssl=1&resize=350%2C200 1x, https:\/\/i0.wp.com\/ellunhuopa.com\/wp-content\/uploads\/2022\/12\/Picsart_22-12-02_12-30-06-284.jpg?fit=1200%2C1200&ssl=1&resize=525%2C300 1.5x, https:\/\/i0.wp.com\/ellunhuopa.com\/wp-content\/uploads\/2022\/12\/Picsart_22-12-02_12-30-06-284.jpg?fit=1200%2C1200&ssl=1&resize=700%2C400 2x, https:\/\/i0.wp.com\/ellunhuopa.com\/wp-content\/uploads\/2022\/12\/Picsart_22-12-02_12-30-06-284.jpg?fit=1200%2C1200&ssl=1&resize=1050%2C600 3x"},"classes":[]},{"id":19869,"url":"https:\/\/ellunhuopa.com\/en\/product\/huopataulu-vuoret-ovat-vallan-vartijoita\/","url_meta":{"origin":21406,"position":3},"title":"Felt board \u201dThe mountains are the guardians of power\u201d (sold)","author":"Ilja Bondar","date":"February 9, 2022","format":false,"excerpt":"You can decorate the walls of your home with beautiful and warm felting. With Ellunhuova's wallpapers, your home will be warmer and more cosy. Unique wool painting with wet and needle felting technique. The frames are thehdyt from grey board, which still makes it even more special. The mountains are the guardians of power A truly stunning and unique wool painting that will create a precious, seductive, and warm atmosphere in your home. \ud83c\udfa8...","rel":"","context":"Similar post","block_context":{"text":"Similar post","link":""},"img":{"alt_text":"","src":"https:\/\/i0.wp.com\/ellunhuopa.com\/wp-content\/uploads\/2022\/02\/20220310_101619_0000.jpg?fit=1080%2C1080&ssl=1&resize=350%2C200","width":350,"height":200,"srcset":"https:\/\/i0.wp.com\/ellunhuopa.com\/wp-content\/uploads\/2022\/02\/20220310_101619_0000.jpg?fit=1080%2C1080&ssl=1&resize=350%2C200 1x, https:\/\/i0.wp.com\/ellunhuopa.com\/wp-content\/uploads\/2022\/02\/20220310_101619_0000.jpg?fit=1080%2C1080&ssl=1&resize=525%2C300 1.5x, https:\/\/i0.wp.com\/ellunhuopa.com\/wp-content\/uploads\/2022\/02\/20220310_101619_0000.jpg?fit=1080%2C1080&ssl=1&resize=700%2C400 2x, https:\/\/i0.wp.com\/ellunhuopa.com\/wp-content\/uploads\/2022\/02\/20220310_101619_0000.jpg?fit=1080%2C1080&ssl=1&resize=1050%2C600 3x"},"classes":[]},{"id":20106,"url":"https:\/\/ellunhuopa.com\/en\/product\/huopataulu-aamulla-varhain\/","url_meta":{"origin":21406,"position":4},"title":"Felt board &quot;Early in the morning&quot; (sold)","author":"Elena Bondar","date":"March 10, 2022","format":false,"excerpt":"The walls of the home can be decorated with beautiful and warm felting. With Ellun blankets, your home will be warmer and more comfortable. Unique wool painting with wet and needle felting technique. The frames are made of gray board, which still makes it just more special. Early in the morning A truly gorgeous and unique wool board that will create a dignified, cozy, and warm atmosphere in your home. \ud83c\udfa8 Felted with durable\u2026","rel":"","context":"Similar post","block_context":{"text":"Similar post","link":""},"img":{"alt_text":"","src":"https:\/\/i0.wp.com\/ellunhuopa.com\/wp-content\/uploads\/2022\/03\/Picsart_22-03-10_12-47-59-648-e1646909938832.jpg?fit=1193%2C1200&ssl=1&resize=350%2C200","width":350,"height":200,"srcset":"https:\/\/i0.wp.com\/ellunhuopa.com\/wp-content\/uploads\/2022\/03\/Picsart_22-03-10_12-47-59-648-e1646909938832.jpg?fit=1193%2C1200&ssl=1&resize=350%2C200 1x, https:\/\/i0.wp.com\/ellunhuopa.com\/wp-content\/uploads\/2022\/03\/Picsart_22-03-10_12-47-59-648-e1646909938832.jpg?fit=1193%2C1200&ssl=1&resize=525%2C300 1.5x, https:\/\/i0.wp.com\/ellunhuopa.com\/wp-content\/uploads\/2022\/03\/Picsart_22-03-10_12-47-59-648-e1646909938832.jpg?fit=1193%2C1200&ssl=1&resize=700%2C400 2x, https:\/\/i0.wp.com\/ellunhuopa.com\/wp-content\/uploads\/2022\/03\/Picsart_22-03-10_12-47-59-648-e1646909938832.jpg?fit=1193%2C1200&ssl=1&resize=1050%2C600 3x"},"classes":[]},{"id":20732,"url":"https:\/\/ellunhuopa.com\/en\/product\/huopataulu-mielentyyneys\/","url_meta":{"origin":21406,"position":5},"title":"Felt board \u201dMentalities\u201d 3D (sold)","author":"Elena Bondar","date":"June 9, 2022","format":false,"excerpt":"Kodin sein\u00e4t voi koristaa kauniilla ja l\u00e4mpimill\u00e4 huovutust\u00f6ill\u00e4. Ellunhuovan tauluilla teid\u00e4n kotinne on l\u00e4mpim\u00e4mpi ja viihtyis\u00e4mpi. 3D Uniikki villamaalaus m\u00e4rk\u00e4- ja neulahuovutustekniikalla. Runko on tehty harmaasta laudasta. Sisustustaulu Mielentyyneys Todella upea ja uniikki villataulu, joka luo kotiisi arvokkaan, viekkaan, ja l\u00e4mp\u00f6isen tunnelman. \ud83c\udfa8 Huovutettu kest\u00e4v\u00e4ll\u00e4 tekniikalla k\u00e4ytt\u00e4en sek\u00e4 m\u00e4rk\u00e4 -\u2026","rel":"","context":"Similar post","block_context":{"text":"Similar post","link":""},"img":{"alt_text":"","src":"https:\/\/i0.wp.com\/ellunhuopa.com\/wp-content\/uploads\/2022\/06\/Mielentyyneys.jpg?fit=1080%2C1080&ssl=1&resize=350%2C200","width":350,"height":200,"srcset":"https:\/\/i0.wp.com\/ellunhuopa.com\/wp-content\/uploads\/2022\/06\/Mielentyyneys.jpg?fit=1080%2C1080&ssl=1&resize=350%2C200 1x, https:\/\/i0.wp.com\/ellunhuopa.com\/wp-content\/uploads\/2022\/06\/Mielentyyneys.jpg?fit=1080%2C1080&ssl=1&resize=525%2C300 1.5x, https:\/\/i0.wp.com\/ellunhuopa.com\/wp-content\/uploads\/2022\/06\/Mielentyyneys.jpg?fit=1080%2C1080&ssl=1&resize=700%2C400 2x, https:\/\/i0.wp.com\/ellunhuopa.com\/wp-content\/uploads\/2022\/06\/Mielentyyneys.jpg?fit=1080%2C1080&ssl=1&resize=1050%2C600 3x"},"classes":[]}],"_links":{"self":[{"href":"https:\/\/ellunhuopa.com\/en\/wp-json\/wp\/v2\/product\/21406","targetHints":{"allow":["GET"]}}],"collection":[{"href":"https:\/\/ellunhuopa.com\/en\/wp-json\/wp\/v2\/product"}],"about":[{"href":"https:\/\/ellunhuopa.com\/en\/wp-json\/wp\/v2\/types\/product"}],"replies":[{"embeddable":true,"href":"https:\/\/ellunhuopa.com\/en\/wp-json\/wp\/v2\/comments?post=21406"}],"wp:featuredmedia":[{"embeddable":true,"href":"https:\/\/ellunhuopa.com\/en\/wp-json\/wp\/v2\/media\/21396"}],"wp:attachment":[{"href":"https:\/\/ellunhuopa.com\/en\/wp-json\/wp\/v2\/media?parent=21406"}],"wp:term":[{"taxonomy":"product_brand","embeddable":true,"href":"https:\/\/ellunhuopa.com\/en\/wp-json\/wp\/v2\/product_brand?post=21406"},{"taxonomy":"product_cat","embeddable":true,"href":"https:\/\/ellunhuopa.com\/en\/wp-json\/wp\/v2\/product_cat?post=21406"},{"taxonomy":"product_tag","embeddable":true,"href":"https:\/\/ellunhuopa.com\/en\/wp-json\/wp\/v2\/product_tag?post=21406"}],"curies":[{"name":"wp","href":"https:\/\/api.w.org\/{rel}","templated":true}]}}