{"id":22628,"date":"2023-08-28T17:21:57","date_gmt":"2023-08-28T15:21:57","guid":{"rendered":"https:\/\/ellunhuopa.com\/?post_type=product&#038;p=22628"},"modified":"2026-01-02T11:47:46","modified_gmt":"2026-01-02T09:47:46","slug":"uskotko-ihmisiin","status":"publish","type":"product","link":"https:\/\/ellunhuopa.com\/en\/product\/uskotko-ihmisiin\/","title":{"rendered":"*LOST* Decorative board \u201dDo you believe in people?\u201d"},"content":{"rendered":"<h2 class=\"title style-scope ytd-video-primary-info-renderer\" style=\"text-align: center;\">Behind every painting lies a fascinating story<\/h2>\n<p class=\"title style-scope ytd-video-primary-info-renderer\" style=\"text-align: left;\"><strong>\u201dDo you believe in people\u201d<\/strong><\/p>\n<p>\u201dIn an age of advanced technology, where our lives seem to be tightly connected to digital wonders and AI is an inescapable presence, the question arises: do we still believe in the human core?<\/p>\n<p>In a world of innovation, it is crucial to reflect on the true purpose of our existence. The depth of our emotional life, the wide range of emotions we experience and our very core define us as human beings. At a time when it is easy to fall in love with technology, it is essential to recognise that our true power lies in something essentially human.<\/p>\n<p>Our capacity to feel, love and empathise is what sets us apart. In the midst of algorithms and data, our emotions remain a distinctly human trait. These emotions, rooted in love, shape our connections, our experiences and our impact on the world.<\/p>\n<p>As we move through the modern era, let us not underestimate the power of our humanity. In a world where technology seems to hold the answers, let us remember that our capacity to know and love truly defines us.\u201d<\/p>\n<p style=\"text-align: left;\">\ud83d\udc9a Halaus \ud83d\udc9a<div class=\"su-divider su-divider-style-default\" style=\"margin:15px 0;border-width:3px;border-color:#999999\"><\/div>\n<h2><\/h2>\n<h2 style=\"text-align: center;\">A painting that took time and has magic<\/h2>\n<p>Create a home atmosphere with this board that will make your apartment cozy, and a little more special!<\/p>\n<p>Art cheers, comforts, delights... The colours of wool will last for decades, so this handmade painting will keep its value well. Suitable for a wide range of homes, it makes an excellent, slightly unique gift.<\/p>\n<p>A felt board doesn't require any special care, just remember to wipe the dust off! The board is framed in a fabric frame. The wool painting is ready to hang on the wall. If you wish, you can frame the artwork on a wooden frame.<\/p>\n<div class=\"su-note\"  style=\"border-color:#d2d2d2;border-radius:10px;-moz-border-radius:10px;-webkit-border-radius:10px;\"><div class=\"su-note-inner su-u-clearfix su-u-trim\" style=\"background-color:#ececec;border-color:#ffffff;color:#000000;border-radius:10px;-moz-border-radius:10px;-webkit-border-radius:10px;\"><div class=\"su-list\" style=\"margin-left:0px\">\n<ul>\n<li><i class=\"sui sui-photo\" style=\"color:#9d562c\"><\/i> Size 79 x 131 cm.<\/li>\n<li><i class=\"sui sui-photo\" style=\"color:#9d562c\"><\/i> Painting size with frame 86 x 138 cm<\/li>\n<\/ul>\n<\/div><\/div><\/div>\n<p>When placing a felt board, it is important to remember that direct sunlight and moisture are harmful to the materials on the board. Therefore, wool painting, like other drawn paintings, should never be placed opposite a window, in a damp room or directly on top of a radiator.<\/p>\n<p style=\"text-align: center;\"><a href=\"https:\/\/ellunhuopa.com\/en\/jopa-mestariteosmaalaus-voi-pilata-sisustuksesi-jos-et-noudata-naita-kohtia\/\" class=\"su-button su-button-style-default\" style=\"color:#FFFFFF;background-color:#417a30;border-color:#346227;border-radius:5px\" target=\"_blank\" rel=\"noopener noreferrer\"><span style=\"color:#FFFFFF;padding:0px 16px;font-size:13px;line-height:26px;border-color:#7aa26f;border-radius:5px;text-shadow:none\"> Choose the right place for the board<\/span><\/a>\n<p>Enjoy free worldwide delivery with this exceptional product. We believe that everyone should be able to enjoy its beauty, regardless of their location. With our free shipping, you can effortlessly bring this product to your home, wherever you are.<\/p>\n<h2 style=\"text-align: center;\"><strong>Satisfaction Guarantee:<\/strong><\/h2>\n<ol>\n<li><strong>Satisfaction Guarantee:<\/strong> We want you to be completely satisfied with your purchase. If for some reason you are not, you can return the painting within 12 days and receive a full refund or exchange it for another work.<\/li>\n<li><strong>Guarantee of authenticity:<\/strong> Each wool painting is delivered with a certificate of authenticity, which guarantees its originality and assures that it is the original art of Ellu Bondar.<\/li>\n<li><strong>Quality guarantee:<\/strong> We pride ourselves on the quality of our art. Our paintings are carefully made from high-quality materials so that they last and retain their beauty for a long time.<\/li>\n<li><strong>Safe packaging and delivery:<\/strong> We understand the importance of safe delivery. Each painting is carefully packed to protect it during transport. We also offer insurance as additional protection.<\/li>\n<li><strong>Excellent customer service<\/strong>: We are committed to providing excellent customer service. If you have any questions or concerns, I am ready to help you quickly and professionally.<\/li>\n<\/ol>\n<p>You can shop with confidence, because your satisfaction is our primary goal. Experience the joy of owning a unique piece of art that brings beauty and inspiration to your space.<\/p>\n<p>&nbsp;<\/p>\n<p>&nbsp;<\/p>","protected":false},"excerpt":{"rendered":"<p>The walls of the home can be decorated with beautiful and warm felting. With Ellun blankets, your home will be warmer and more comfortable.<\/p>\n<p>A truly stunning and unique wool board that will create a precious, cozy, and warm atmosphere in your home.<\/p>\n<p><span class=\"_5mfr\"><span class=\"_6qdm\">\ud83c\udfa8<\/span><\/span> Felted using durable techniques using both wet and needle felting.<\/p>","protected":false},"featured_media":22630,"comment_status":"open","ping_status":"closed","template":"","meta":{"jetpack_publicize_message":"","jetpack_publicize_feature_enabled":true,"jetpack_social_post_already_shared":true,"jetpack_social_options":{"image_generator_settings":{"template":"highway","default_image_id":0,"font":"","enabled":false},"version":2},"_wpas_customize_per_network":false},"product_brand":[],"product_cat":[604714667],"product_tag":[],"class_list":{"0":"post-22628","1":"product","2":"type-product","3":"status-publish","4":"has-post-thumbnail","6":"product_cat-valmiit_tuotteet","7":"product_shipping_class-letter","9":"first","10":"instock","11":"taxable","12":"shipping-taxable","13":"purchasable","14":"product-type-simple"},"yoast_head":"<!-- This site is optimized with the Yoast SEO plugin v27.4 - https:\/\/yoast.com\/product\/yoast-seo-wordpress\/ -->\n<title>*VARATTU* Sisustustaulu &quot;Uskotko ihmisiin?&quot; - Ellunhuopa<\/title>\n<meta name=\"description\" content=\"Luo kodin tunnelmaa t\u00e4ll\u00e4 taululla joka tekee asunnostasi kodikkaan, ja hieman erikoisemman! Taide pirist\u00e4\u00e4, lohduttaa, ilahduttaa...\" \/>\n<meta name=\"robots\" content=\"index, follow, max-snippet:-1, max-image-preview:large, max-video-preview:-1\" \/>\n<link rel=\"canonical\" href=\"https:\/\/ellunhuopa.com\/en\/product\/uskotko-ihmisiin\/\" \/>\n<meta property=\"og:locale\" content=\"en_GB\" \/>\n<meta property=\"og:type\" content=\"article\" \/>\n<meta property=\"og:title\" content=\"*VARATTU* Sisustustaulu &quot;Uskotko ihmisiin?&quot; - Ellunhuopa\" \/>\n<meta property=\"og:description\" content=\"Luo kodin tunnelmaa t\u00e4ll\u00e4 taululla joka tekee asunnostasi kodikkaan, ja hieman erikoisemman! Taide pirist\u00e4\u00e4, lohduttaa, ilahduttaa...\" \/>\n<meta property=\"og:url\" content=\"https:\/\/ellunhuopa.com\/en\/product\/uskotko-ihmisiin\/\" \/>\n<meta property=\"og:site_name\" content=\"Ellunhuopa\" \/>\n<meta property=\"article:publisher\" content=\"https:\/\/www.facebook.com\/ellunhuopa\/?ref=bookmarks\" \/>\n<meta property=\"article:modified_time\" content=\"2026-01-02T09:47:46+00:00\" \/>\n<meta property=\"og:image\" content=\"https:\/\/ellunhuopa.com\/wp-content\/uploads\/2023\/08\/20230828_185044_0000.jpg\" \/>\n\t<meta property=\"og:image:width\" content=\"1080\" \/>\n\t<meta property=\"og:image:height\" content=\"1080\" \/>\n\t<meta property=\"og:image:type\" content=\"image\/jpeg\" \/>\n<meta name=\"twitter:card\" content=\"summary_large_image\" \/>\n<meta name=\"twitter:label1\" content=\"Estimated reading time\" \/>\n\t<meta name=\"twitter:data1\" content=\"2 minutes\" \/>\n<script type=\"application\/ld+json\" class=\"yoast-schema-graph\">{\"@context\":\"https:\\\/\\\/schema.org\",\"@graph\":[{\"@type\":\"WebPage\",\"@id\":\"https:\\\/\\\/ellunhuopa.com\\\/tuote\\\/uskotko-ihmisiin\\\/\",\"url\":\"https:\\\/\\\/ellunhuopa.com\\\/tuote\\\/uskotko-ihmisiin\\\/\",\"name\":\"*VARATTU* Sisustustaulu \\\"Uskotko ihmisiin?\\\" - Ellunhuopa\",\"isPartOf\":{\"@id\":\"https:\\\/\\\/ellunhuopa.com\\\/#website\"},\"primaryImageOfPage\":{\"@id\":\"https:\\\/\\\/ellunhuopa.com\\\/tuote\\\/uskotko-ihmisiin\\\/#primaryimage\"},\"image\":{\"@id\":\"https:\\\/\\\/ellunhuopa.com\\\/tuote\\\/uskotko-ihmisiin\\\/#primaryimage\"},\"thumbnailUrl\":\"https:\\\/\\\/i0.wp.com\\\/ellunhuopa.com\\\/wp-content\\\/uploads\\\/2023\\\/08\\\/20230828_185044_0000.jpg?fit=1080%2C1080&ssl=1\",\"datePublished\":\"2023-08-28T15:21:57+00:00\",\"dateModified\":\"2026-01-02T09:47:46+00:00\",\"description\":\"Luo kodin tunnelmaa t\u00e4ll\u00e4 taululla joka tekee asunnostasi kodikkaan, ja hieman erikoisemman! Taide pirist\u00e4\u00e4, lohduttaa, ilahduttaa...\",\"breadcrumb\":{\"@id\":\"https:\\\/\\\/ellunhuopa.com\\\/tuote\\\/uskotko-ihmisiin\\\/#breadcrumb\"},\"inLanguage\":\"en-GB\",\"potentialAction\":[{\"@type\":\"ReadAction\",\"target\":[\"https:\\\/\\\/ellunhuopa.com\\\/tuote\\\/uskotko-ihmisiin\\\/\"]}]},{\"@type\":\"ImageObject\",\"inLanguage\":\"en-GB\",\"@id\":\"https:\\\/\\\/ellunhuopa.com\\\/tuote\\\/uskotko-ihmisiin\\\/#primaryimage\",\"url\":\"https:\\\/\\\/i0.wp.com\\\/ellunhuopa.com\\\/wp-content\\\/uploads\\\/2023\\\/08\\\/20230828_185044_0000.jpg?fit=1080%2C1080&ssl=1\",\"contentUrl\":\"https:\\\/\\\/i0.wp.com\\\/ellunhuopa.com\\\/wp-content\\\/uploads\\\/2023\\\/08\\\/20230828_185044_0000.jpg?fit=1080%2C1080&ssl=1\",\"width\":1080,\"height\":1080},{\"@type\":\"BreadcrumbList\",\"@id\":\"https:\\\/\\\/ellunhuopa.com\\\/tuote\\\/uskotko-ihmisiin\\\/#breadcrumb\",\"itemListElement\":[{\"@type\":\"ListItem\",\"position\":1,\"name\":\"Home\",\"item\":\"https:\\\/\\\/ellunhuopa.com\\\/\"},{\"@type\":\"ListItem\",\"position\":2,\"name\":\"Puoti\",\"item\":\"https:\\\/\\\/ellunhuopa.com\\\/puoti\\\/\"},{\"@type\":\"ListItem\",\"position\":3,\"name\":\"*VARATTU* Sisustustaulu &#8220;Uskotko ihmisiin?&#8221;\"}]},{\"@type\":\"WebSite\",\"@id\":\"https:\\\/\\\/ellunhuopa.com\\\/#website\",\"url\":\"https:\\\/\\\/ellunhuopa.com\\\/\",\"name\":\"ELLU - Wool Art\",\"description\":\"Ellunhuopa - Elena Bondar\",\"publisher\":{\"@id\":\"https:\\\/\\\/ellunhuopa.com\\\/#organization\"},\"potentialAction\":[{\"@type\":\"SearchAction\",\"target\":{\"@type\":\"EntryPoint\",\"urlTemplate\":\"https:\\\/\\\/ellunhuopa.com\\\/?s={search_term_string}\"},\"query-input\":{\"@type\":\"PropertyValueSpecification\",\"valueRequired\":true,\"valueName\":\"search_term_string\"}}],\"inLanguage\":\"en-GB\"},{\"@type\":\"Organization\",\"@id\":\"https:\\\/\\\/ellunhuopa.com\\\/#organization\",\"name\":\"Ellunhuopa\",\"url\":\"https:\\\/\\\/ellunhuopa.com\\\/\",\"logo\":{\"@type\":\"ImageObject\",\"inLanguage\":\"en-GB\",\"@id\":\"https:\\\/\\\/ellunhuopa.com\\\/#\\\/schema\\\/logo\\\/image\\\/\",\"url\":\"https:\\\/\\\/ellunhuopa.com\\\/wp-content\\\/uploads\\\/2018\\\/02\\\/cropped-ellu_logo_ellunhuopa_netti.jpg\",\"contentUrl\":\"https:\\\/\\\/ellunhuopa.com\\\/wp-content\\\/uploads\\\/2018\\\/02\\\/cropped-ellu_logo_ellunhuopa_netti.jpg\",\"width\":348,\"height\":348,\"caption\":\"Ellunhuopa\"},\"image\":{\"@id\":\"https:\\\/\\\/ellunhuopa.com\\\/#\\\/schema\\\/logo\\\/image\\\/\"},\"sameAs\":[\"https:\\\/\\\/www.facebook.com\\\/ellunhuopa\\\/?ref=bookmarks\",\"https:\\\/\\\/www.instagram.com\\\/ellunhuopa\\\/\",\"https:\\\/\\\/www.youtube.com\\\/channel\\\/UCN8xrsHRIySLYr-66w-DUPg\"]}]}<\/script>\n<!-- \/ Yoast SEO plugin. -->","yoast_head_json":{"title":"*VARATTU* Sisustustaulu \"Uskotko ihmisiin?\" - Ellunhuopa","description":"Luo kodin tunnelmaa t\u00e4ll\u00e4 taululla joka tekee asunnostasi kodikkaan, ja hieman erikoisemman! Taide pirist\u00e4\u00e4, lohduttaa, ilahduttaa...","robots":{"index":"index","follow":"follow","max-snippet":"max-snippet:-1","max-image-preview":"max-image-preview:large","max-video-preview":"max-video-preview:-1"},"canonical":"https:\/\/ellunhuopa.com\/en\/product\/uskotko-ihmisiin\/","og_locale":"en_GB","og_type":"article","og_title":"*VARATTU* Sisustustaulu \"Uskotko ihmisiin?\" - Ellunhuopa","og_description":"Luo kodin tunnelmaa t\u00e4ll\u00e4 taululla joka tekee asunnostasi kodikkaan, ja hieman erikoisemman! Taide pirist\u00e4\u00e4, lohduttaa, ilahduttaa...","og_url":"https:\/\/ellunhuopa.com\/en\/product\/uskotko-ihmisiin\/","og_site_name":"Ellunhuopa","article_publisher":"https:\/\/www.facebook.com\/ellunhuopa\/?ref=bookmarks","article_modified_time":"2026-01-02T09:47:46+00:00","og_image":[{"width":1080,"height":1080,"url":"https:\/\/ellunhuopa.com\/wp-content\/uploads\/2023\/08\/20230828_185044_0000.jpg","type":"image\/jpeg"}],"twitter_card":"summary_large_image","twitter_misc":{"Estimated reading time":"2 minutes"},"schema":{"@context":"https:\/\/schema.org","@graph":[{"@type":"WebPage","@id":"https:\/\/ellunhuopa.com\/tuote\/uskotko-ihmisiin\/","url":"https:\/\/ellunhuopa.com\/tuote\/uskotko-ihmisiin\/","name":"*VARATTU* Sisustustaulu \"Uskotko ihmisiin?\" - Ellunhuopa","isPartOf":{"@id":"https:\/\/ellunhuopa.com\/#website"},"primaryImageOfPage":{"@id":"https:\/\/ellunhuopa.com\/tuote\/uskotko-ihmisiin\/#primaryimage"},"image":{"@id":"https:\/\/ellunhuopa.com\/tuote\/uskotko-ihmisiin\/#primaryimage"},"thumbnailUrl":"https:\/\/i0.wp.com\/ellunhuopa.com\/wp-content\/uploads\/2023\/08\/20230828_185044_0000.jpg?fit=1080%2C1080&ssl=1","datePublished":"2023-08-28T15:21:57+00:00","dateModified":"2026-01-02T09:47:46+00:00","description":"Luo kodin tunnelmaa t\u00e4ll\u00e4 taululla joka tekee asunnostasi kodikkaan, ja hieman erikoisemman! Taide pirist\u00e4\u00e4, lohduttaa, ilahduttaa...","breadcrumb":{"@id":"https:\/\/ellunhuopa.com\/tuote\/uskotko-ihmisiin\/#breadcrumb"},"inLanguage":"en-GB","potentialAction":[{"@type":"ReadAction","target":["https:\/\/ellunhuopa.com\/tuote\/uskotko-ihmisiin\/"]}]},{"@type":"ImageObject","inLanguage":"en-GB","@id":"https:\/\/ellunhuopa.com\/tuote\/uskotko-ihmisiin\/#primaryimage","url":"https:\/\/i0.wp.com\/ellunhuopa.com\/wp-content\/uploads\/2023\/08\/20230828_185044_0000.jpg?fit=1080%2C1080&ssl=1","contentUrl":"https:\/\/i0.wp.com\/ellunhuopa.com\/wp-content\/uploads\/2023\/08\/20230828_185044_0000.jpg?fit=1080%2C1080&ssl=1","width":1080,"height":1080},{"@type":"BreadcrumbList","@id":"https:\/\/ellunhuopa.com\/tuote\/uskotko-ihmisiin\/#breadcrumb","itemListElement":[{"@type":"ListItem","position":1,"name":"Home","item":"https:\/\/ellunhuopa.com\/"},{"@type":"ListItem","position":2,"name":"Puoti","item":"https:\/\/ellunhuopa.com\/puoti\/"},{"@type":"ListItem","position":3,"name":"*VARATTU* Sisustustaulu &#8220;Uskotko ihmisiin?&#8221;"}]},{"@type":"WebSite","@id":"https:\/\/ellunhuopa.com\/#website","url":"https:\/\/ellunhuopa.com\/","name":"ELLU - Wool Art","description":"Ellunhuopa - Elena Bondar","publisher":{"@id":"https:\/\/ellunhuopa.com\/#organization"},"potentialAction":[{"@type":"SearchAction","target":{"@type":"EntryPoint","urlTemplate":"https:\/\/ellunhuopa.com\/?s={search_term_string}"},"query-input":{"@type":"PropertyValueSpecification","valueRequired":true,"valueName":"search_term_string"}}],"inLanguage":"en-GB"},{"@type":"Organization","@id":"https:\/\/ellunhuopa.com\/#organization","name":"Woolrealm","url":"https:\/\/ellunhuopa.com\/","logo":{"@type":"ImageObject","inLanguage":"en-GB","@id":"https:\/\/ellunhuopa.com\/#\/schema\/logo\/image\/","url":"https:\/\/ellunhuopa.com\/wp-content\/uploads\/2018\/02\/cropped-ellu_logo_ellunhuopa_netti.jpg","contentUrl":"https:\/\/ellunhuopa.com\/wp-content\/uploads\/2018\/02\/cropped-ellu_logo_ellunhuopa_netti.jpg","width":348,"height":348,"caption":"Ellunhuopa"},"image":{"@id":"https:\/\/ellunhuopa.com\/#\/schema\/logo\/image\/"},"sameAs":["https:\/\/www.facebook.com\/ellunhuopa\/?ref=bookmarks","https:\/\/www.instagram.com\/ellunhuopa\/","https:\/\/www.youtube.com\/channel\/UCN8xrsHRIySLYr-66w-DUPg"]}]}},"jetpack_publicize_connections":[],"jetpack_sharing_enabled":true,"jetpack_likes_enabled":false,"jetpack-related-posts":[{"id":27756,"url":"https:\/\/ellunhuopa.com\/en\/product\/silloin-kun-ihmiset-nukkuvat\/","url_meta":{"origin":22628,"position":0},"title":"Wool painting \u201dWhen people sleep\u201d","author":"Elena Bondar","date":"January 27, 2026","format":false,"excerpt":"You can decorate the walls of your home with beautiful and warm felting. With Ellunhuova's wallpapers, your home will be warmer and more cosy. A truly stunning and unique woolen table that will create a precious, cunning, and warm atmosphere in your home. \ud83c\udfa8 Felted with a durable technique using both wet and needle felting.","rel":"","context":"Similar post","block_context":{"text":"Similar post","link":""},"img":{"alt_text":"","src":"https:\/\/i0.wp.com\/ellunhuopa.com\/wp-content\/uploads\/2026\/01\/oom_20260127_173336_0000.jpg?fit=1080%2C1080&ssl=1&resize=350%2C200","width":350,"height":200,"srcset":"https:\/\/i0.wp.com\/ellunhuopa.com\/wp-content\/uploads\/2026\/01\/oom_20260127_173336_0000.jpg?fit=1080%2C1080&ssl=1&resize=350%2C200 1x, https:\/\/i0.wp.com\/ellunhuopa.com\/wp-content\/uploads\/2026\/01\/oom_20260127_173336_0000.jpg?fit=1080%2C1080&ssl=1&resize=525%2C300 1.5x, https:\/\/i0.wp.com\/ellunhuopa.com\/wp-content\/uploads\/2026\/01\/oom_20260127_173336_0000.jpg?fit=1080%2C1080&ssl=1&resize=700%2C400 2x, https:\/\/i0.wp.com\/ellunhuopa.com\/wp-content\/uploads\/2026\/01\/oom_20260127_173336_0000.jpg?fit=1080%2C1080&ssl=1&resize=1050%2C600 3x"},"classes":[]},{"id":27442,"url":"https:\/\/ellunhuopa.com\/en\/product\/villataide-huovutettu-taulu-punakettu-revontulet-lapin-taide-kasityo-ellunhuopa\/","url_meta":{"origin":22628,"position":1},"title":"Wool painting \u201dInvitation of the heart\u201d (sold)","author":"Elena Bondar","date":"October 22, 2025","format":false,"excerpt":"You can decorate the walls of your home with beautiful and warm felting. With Ellunhuova's wallpapers, your home will be warmer and more cosy. A truly stunning and unique woolen table that will create a precious, cunning, and warm atmosphere in your home. \ud83c\udfa8 Felted with a durable technique using both wet and needle felting.","rel":"","context":"Similar post","block_context":{"text":"Similar post","link":""},"img":{"alt_text":"","src":"https:\/\/i0.wp.com\/ellunhuopa.com\/wp-content\/uploads\/2025\/10\/Picsart_25-10-22_09-58-51-005.jpg?fit=1200%2C1200&ssl=1&resize=350%2C200","width":350,"height":200,"srcset":"https:\/\/i0.wp.com\/ellunhuopa.com\/wp-content\/uploads\/2025\/10\/Picsart_25-10-22_09-58-51-005.jpg?fit=1200%2C1200&ssl=1&resize=350%2C200 1x, https:\/\/i0.wp.com\/ellunhuopa.com\/wp-content\/uploads\/2025\/10\/Picsart_25-10-22_09-58-51-005.jpg?fit=1200%2C1200&ssl=1&resize=525%2C300 1.5x, https:\/\/i0.wp.com\/ellunhuopa.com\/wp-content\/uploads\/2025\/10\/Picsart_25-10-22_09-58-51-005.jpg?fit=1200%2C1200&ssl=1&resize=700%2C400 2x, https:\/\/i0.wp.com\/ellunhuopa.com\/wp-content\/uploads\/2025\/10\/Picsart_25-10-22_09-58-51-005.jpg?fit=1200%2C1200&ssl=1&resize=1050%2C600 3x"},"classes":[]},{"id":25711,"url":"https:\/\/ellunhuopa.com\/en\/product\/villamaalaus-mita-mika-pitaa-sinua-mika-houkuttelee-sinua\/","url_meta":{"origin":22628,"position":2},"title":"*LISTENED* Wool painting \u201dWhat keeps you, what attracts you?\u201d","author":"Elena Bondar","date":"January 31, 2025","format":false,"excerpt":"You can decorate the walls of your home with beautiful and warm felting. With Ellunhuova's wallpapers, your home will be warmer and more cosy. A truly stunning and unique woolen table that will create a precious, cunning, and warm atmosphere in your home. \ud83c\udfa8 Felted with a durable technique using both wet and needle felting.","rel":"","context":"Similar post","block_context":{"text":"Similar post","link":""},"img":{"alt_text":"","src":"https:\/\/i0.wp.com\/ellunhuopa.com\/wp-content\/uploads\/2025\/01\/White-and-Blue-Torn-Paper-Coming-Soon-Instagram-Post_20250131_092417_0000.jpg?fit=1080%2C1080&ssl=1&resize=350%2C200","width":350,"height":200,"srcset":"https:\/\/i0.wp.com\/ellunhuopa.com\/wp-content\/uploads\/2025\/01\/White-and-Blue-Torn-Paper-Coming-Soon-Instagram-Post_20250131_092417_0000.jpg?fit=1080%2C1080&ssl=1&resize=350%2C200 1x, https:\/\/i0.wp.com\/ellunhuopa.com\/wp-content\/uploads\/2025\/01\/White-and-Blue-Torn-Paper-Coming-Soon-Instagram-Post_20250131_092417_0000.jpg?fit=1080%2C1080&ssl=1&resize=525%2C300 1.5x, https:\/\/i0.wp.com\/ellunhuopa.com\/wp-content\/uploads\/2025\/01\/White-and-Blue-Torn-Paper-Coming-Soon-Instagram-Post_20250131_092417_0000.jpg?fit=1080%2C1080&ssl=1&resize=700%2C400 2x, https:\/\/i0.wp.com\/ellunhuopa.com\/wp-content\/uploads\/2025\/01\/White-and-Blue-Torn-Paper-Coming-Soon-Instagram-Post_20250131_092417_0000.jpg?fit=1080%2C1080&ssl=1&resize=1050%2C600 3x"},"classes":[]},{"id":23164,"url":"https:\/\/ellunhuopa.com\/en\/product\/sisustustaulu-tunteettomuuden-saikeet\/","url_meta":{"origin":22628,"position":3},"title":"*LOST* Decorative board \u201dThreads of emotionlessness\u201d","author":"Elena Bondar","date":"February 5, 2024","format":false,"excerpt":"You can decorate the walls of your home with beautiful and warm felting. With Ellunhuova's wallpapers, your home will be warmer and more cosy. A truly stunning and unique woolen table that will create a precious, cunning, and warm atmosphere in your home. \ud83c\udfa8 Felted with a durable technique using both wet and needle felting.","rel":"","context":"Similar post","block_context":{"text":"Similar post","link":""},"img":{"alt_text":"","src":"https:\/\/i0.wp.com\/ellunhuopa.com\/wp-content\/uploads\/2024\/02\/Purple-Pastel-Blue-Calming-Floral-Gradients-Self-Care-Affirmations-Self-Care-Instagram-Post-6.jpg?fit=1200%2C1200&ssl=1&resize=350%2C200","width":350,"height":200,"srcset":"https:\/\/i0.wp.com\/ellunhuopa.com\/wp-content\/uploads\/2024\/02\/Purple-Pastel-Blue-Calming-Floral-Gradients-Self-Care-Affirmations-Self-Care-Instagram-Post-6.jpg?fit=1200%2C1200&ssl=1&resize=350%2C200 1x, https:\/\/i0.wp.com\/ellunhuopa.com\/wp-content\/uploads\/2024\/02\/Purple-Pastel-Blue-Calming-Floral-Gradients-Self-Care-Affirmations-Self-Care-Instagram-Post-6.jpg?fit=1200%2C1200&ssl=1&resize=525%2C300 1.5x, https:\/\/i0.wp.com\/ellunhuopa.com\/wp-content\/uploads\/2024\/02\/Purple-Pastel-Blue-Calming-Floral-Gradients-Self-Care-Affirmations-Self-Care-Instagram-Post-6.jpg?fit=1200%2C1200&ssl=1&resize=700%2C400 2x, https:\/\/i0.wp.com\/ellunhuopa.com\/wp-content\/uploads\/2024\/02\/Purple-Pastel-Blue-Calming-Floral-Gradients-Self-Care-Affirmations-Self-Care-Instagram-Post-6.jpg?fit=1200%2C1200&ssl=1&resize=1050%2C600 3x"},"classes":[]},{"id":25440,"url":"https:\/\/ellunhuopa.com\/en\/product\/mita-mietit_kultaseni\/","url_meta":{"origin":22628,"position":4},"title":"*LOST* Wool painting \u201dWhat are you thinking, darling?\u201d","author":"Elena Bondar","date":"November 22, 2024","format":false,"excerpt":"You can decorate the walls of your home with beautiful and warm felting. With Ellunhuova's wallpapers, your home will be warmer and more cosy. A truly stunning and unique woolen table that will create a precious, cunning, and warm atmosphere in your home. \ud83c\udfa8 Felted with a durable technique using both wet and needle felting.","rel":"","context":"Similar post","block_context":{"text":"Similar post","link":""},"img":{"alt_text":"","src":"https:\/\/i0.wp.com\/ellunhuopa.com\/wp-content\/uploads\/2024\/11\/20241122_144702_0000.jpg?fit=1080%2C1080&ssl=1&resize=350%2C200","width":350,"height":200,"srcset":"https:\/\/i0.wp.com\/ellunhuopa.com\/wp-content\/uploads\/2024\/11\/20241122_144702_0000.jpg?fit=1080%2C1080&ssl=1&resize=350%2C200 1x, https:\/\/i0.wp.com\/ellunhuopa.com\/wp-content\/uploads\/2024\/11\/20241122_144702_0000.jpg?fit=1080%2C1080&ssl=1&resize=525%2C300 1.5x, https:\/\/i0.wp.com\/ellunhuopa.com\/wp-content\/uploads\/2024\/11\/20241122_144702_0000.jpg?fit=1080%2C1080&ssl=1&resize=700%2C400 2x, https:\/\/i0.wp.com\/ellunhuopa.com\/wp-content\/uploads\/2024\/11\/20241122_144702_0000.jpg?fit=1080%2C1080&ssl=1&resize=1050%2C600 3x"},"classes":[]},{"id":26140,"url":"https:\/\/ellunhuopa.com\/en\/product\/sisustusvalaisin-luonnonhenki-lyren\/","url_meta":{"origin":22628,"position":5},"title":"*LOST* Decorative lamp \u201dSpirit of Nature Lyre\u201d from the series \u201dWho's there?\u201d","author":"Elena Bondar","date":"April 10, 2025","format":false,"excerpt":"Bring a unique atmosphere to your home with handmade wool paintings and decorative accessories. Each piece is unique - full of colour, shape and emotion. Ellunhuova's works will bring warmth and comfort to your home walls. They tell stories, evoke memories and invite you to pause for a moment. Browse the selection and find a piece that will make you smile - every time you look at it.","rel":"","context":"Similar post","block_context":{"text":"Similar post","link":""},"img":{"alt_text":"","src":"https:\/\/i0.wp.com\/ellunhuopa.com\/wp-content\/uploads\/2025\/04\/Picsart_25-04-11_09-27-26-953.jpg?fit=1200%2C1200&ssl=1&resize=350%2C200","width":350,"height":200,"srcset":"https:\/\/i0.wp.com\/ellunhuopa.com\/wp-content\/uploads\/2025\/04\/Picsart_25-04-11_09-27-26-953.jpg?fit=1200%2C1200&ssl=1&resize=350%2C200 1x, https:\/\/i0.wp.com\/ellunhuopa.com\/wp-content\/uploads\/2025\/04\/Picsart_25-04-11_09-27-26-953.jpg?fit=1200%2C1200&ssl=1&resize=525%2C300 1.5x, https:\/\/i0.wp.com\/ellunhuopa.com\/wp-content\/uploads\/2025\/04\/Picsart_25-04-11_09-27-26-953.jpg?fit=1200%2C1200&ssl=1&resize=700%2C400 2x, https:\/\/i0.wp.com\/ellunhuopa.com\/wp-content\/uploads\/2025\/04\/Picsart_25-04-11_09-27-26-953.jpg?fit=1200%2C1200&ssl=1&resize=1050%2C600 3x"},"classes":[]}],"_links":{"self":[{"href":"https:\/\/ellunhuopa.com\/en\/wp-json\/wp\/v2\/product\/22628","targetHints":{"allow":["GET"]}}],"collection":[{"href":"https:\/\/ellunhuopa.com\/en\/wp-json\/wp\/v2\/product"}],"about":[{"href":"https:\/\/ellunhuopa.com\/en\/wp-json\/wp\/v2\/types\/product"}],"replies":[{"embeddable":true,"href":"https:\/\/ellunhuopa.com\/en\/wp-json\/wp\/v2\/comments?post=22628"}],"wp:featuredmedia":[{"embeddable":true,"href":"https:\/\/ellunhuopa.com\/en\/wp-json\/wp\/v2\/media\/22630"}],"wp:attachment":[{"href":"https:\/\/ellunhuopa.com\/en\/wp-json\/wp\/v2\/media?parent=22628"}],"wp:term":[{"taxonomy":"product_brand","embeddable":true,"href":"https:\/\/ellunhuopa.com\/en\/wp-json\/wp\/v2\/product_brand?post=22628"},{"taxonomy":"product_cat","embeddable":true,"href":"https:\/\/ellunhuopa.com\/en\/wp-json\/wp\/v2\/product_cat?post=22628"},{"taxonomy":"product_tag","embeddable":true,"href":"https:\/\/ellunhuopa.com\/en\/wp-json\/wp\/v2\/product_tag?post=22628"}],"curies":[{"name":"wp","href":"https:\/\/api.w.org\/{rel}","templated":true}]}}