{"id":23334,"date":"2024-03-11T10:55:11","date_gmt":"2024-03-11T08:55:11","guid":{"rendered":"https:\/\/ellunhuopa.com\/?post_type=product&#038;p=23334"},"modified":"2024-04-29T18:30:40","modified_gmt":"2024-04-29T16:30:40","slug":"akustiikkapaneeli-aamurauha","status":"publish","type":"product","link":"https:\/\/ellunhuopa.com\/en\/product\/akustiikkapaneeli-aamurauha\/","title":{"rendered":"Acoustic panel \u201dMorning Peace\u201d (sold)"},"content":{"rendered":"<h2 class=\"title style-scope ytd-video-primary-info-renderer\" style=\"text-align: center;\">Breakfast<\/h2>\n<p>People are so immersed in everyday life. We are busy with all sorts of important things. We may even like this kind of life, but at some point it stops bringing us joy. Even if you do your favourite things, over time you get tired and need to rest. Nature offers us a good rest. Yet so rarely do many have the opportunity to visit the forest, which provides peace of mind, inner strength and a sense of balance.<\/p>\n<p>I made this painting in the flow of inspiration, as if nature itself was telling me what to depict in it. This painting has lovely hornbills, the pebbles and moss offer the same feeling of being in the forest, but this feeling will be at home. The painting will look like this when a piece of the forest in your house. The 3D painting is very beautiful and down to earth.<\/p>\n<p style=\"text-align: left;\">\ud83d\udc9a Halaus \ud83d\udc9a<div class=\"su-divider su-divider-style-default\" style=\"margin:15px 0;border-width:3px;border-color:#999999\"><\/div>\n<p>&nbsp;<\/p>\n<h2 style=\"text-align: center;\">A painting that took time and has magic<\/h2>\n<p>Create a home atmosphere with this board that will make your apartment cozy, and a little more special!<\/p>\n<p>Art invigorates, comforts, delights\u2026 The colors of wool last for decades, so this handmade painting retains its value perfectly. The painting is suitable for a wide variety of homes and works great as a slightly unique gift. This felt board arouses a lot of interest in the closeness of nature and the beauty of the world.<\/p>\n<p>The felt board does not require any special care, it is enough as long as you remember to wipe the dust!<\/p>\n<div class=\"su-note\"  style=\"border-color:#d2d2d2;border-radius:10px;-moz-border-radius:10px;-webkit-border-radius:10px;\"><div class=\"su-note-inner su-u-clearfix su-u-trim\" style=\"background-color:#ececec;border-color:#ffffff;color:#000000;border-radius:10px;-moz-border-radius:10px;-webkit-border-radius:10px;\"><div class=\"su-list\" style=\"margin-left:0px\">\n<ul>\n<li><i class=\"sui sui-photo\" style=\"color:#9d562c\"><\/i> 3D Board size 84 x 56 x 6 cm.<\/li>\n<\/ul>\n<\/div><\/div><\/div>\n<p>When placing a felt board, it is important to remember that direct sunlight and moisture are harmful to the materials on the board. Therefore, wool painting, like other drawn paintings, should never be placed opposite a window, in a damp room or directly on top of a radiator.<\/p>\n<p style=\"text-align: center;\"><a href=\"https:\/\/ellunhuopa.com\/en\/jopa-mestariteosmaalaus-voi-pilata-sisustuksesi-jos-et-noudata-naita-kohtia\/\" class=\"su-button su-button-style-default\" style=\"color:#FFFFFF;background-color:#417a30;border-color:#346227;border-radius:5px\" target=\"_blank\" rel=\"noopener noreferrer\"><span style=\"color:#FFFFFF;padding:0px 16px;font-size:13px;line-height:26px;border-color:#7aa26f;border-radius:5px;text-shadow:none\"> Choose the right place for the board<\/span><\/a>\n<h2 style=\"text-align: center;\"><strong>Satisfaction Guarantee:<\/strong><\/h2>\n<ol>\n<li><strong>Satisfaction Guarantee:<\/strong> We want you to be completely satisfied with your purchase. If for any reason you are not, you can return the painting within 12 days for a full refund or exchange it for another piece. Please note that the shipping costs are non-refundable and the customer is responsible for the shipping costs.<\/li>\n<li><strong>Guarantee of authenticity:<\/strong>\u00a0Each wool painting is delivered with a certificate of authenticity, which guarantees its originality and assures that it is the original art of Ellu Bondar.<\/li>\n<li><strong>Quality guarantee:<\/strong>\u00a0We pride ourselves on the quality of our art. Our paintings are carefully made from high-quality materials so that they last and retain their beauty for a long time.<\/li>\n<li><strong>Safe packaging and delivery:<\/strong>\u00a0We understand the importance of safe delivery. Each painting is carefully packed to protect it during transport. We also offer insurance as additional protection.<\/li>\n<li><strong>Excellent customer service<\/strong>: We are committed to providing excellent customer service. If you have any questions or concerns, I am ready to help you quickly and professionally.<\/li>\n<\/ol>\n<p>You can shop with confidence, because your satisfaction is our primary goal. Experience the joy of owning a unique piece of art that brings beauty and inspiration to your space.<\/p>","protected":false},"excerpt":{"rendered":"<p>Hyv\u00e4 akustiikka edist\u00e4\u00e4 hyvinvointia, v\u00e4hent\u00e4\u00e4 stressi\u00e4 ja parantaa vuorovaikutusta. Ellunhuovan villa-taidetuotteet ovat erinomainen akustiikkaa parantava vaihtoehto.<\/p>\n<p><span class=\"_5mfr\"><span class=\"_6qdm\">\ud83c\udfa8<\/span><\/span> Felted using durable techniques using both wet and needle felting.<\/p>","protected":false},"featured_media":23335,"comment_status":"closed","ping_status":"closed","template":"","meta":{"jetpack_publicize_message":"","jetpack_publicize_feature_enabled":true,"jetpack_social_post_already_shared":true,"jetpack_social_options":{"image_generator_settings":{"template":"highway","default_image_id":0,"font":"","enabled":false},"version":2},"_wpas_customize_per_network":false},"product_brand":[],"product_cat":[604714667],"product_tag":[],"class_list":{"0":"post-23334","1":"product","2":"type-product","3":"status-publish","4":"has-post-thumbnail","6":"product_cat-valmiit_tuotteet","7":"product_shipping_class-paketti","9":"first","10":"outofstock","11":"taxable","12":"shipping-taxable","13":"purchasable","14":"product-type-simple"},"yoast_head":"<!-- This site is optimized with the Yoast SEO plugin v27.4 - https:\/\/yoast.com\/product\/yoast-seo-wordpress\/ -->\n<title>Akustiikkapaneeli &quot;Aamurauha&quot; (myyty) - Ellunhuopa<\/title>\n<meta name=\"description\" content=\"Hyv\u00e4 akustiikka edist\u00e4\u00e4 hyvinvointia ja v\u00e4hent\u00e4\u00e4 stressi\u00e4. Ellunhuovan villa-taidetuotteet ovat erinomainen akustiikkaa parantava vaihtoehto.\" \/>\n<meta name=\"robots\" content=\"index, follow, max-snippet:-1, max-image-preview:large, max-video-preview:-1\" \/>\n<link rel=\"canonical\" href=\"https:\/\/ellunhuopa.com\/en\/product\/akustiikkapaneeli-aamurauha\/\" \/>\n<meta property=\"og:locale\" content=\"en_GB\" \/>\n<meta property=\"og:type\" content=\"article\" \/>\n<meta property=\"og:title\" content=\"Akustiikkapaneeli &quot;Aamurauha&quot; (myyty) - Ellunhuopa\" \/>\n<meta property=\"og:description\" content=\"Hyv\u00e4 akustiikka edist\u00e4\u00e4 hyvinvointia ja v\u00e4hent\u00e4\u00e4 stressi\u00e4. Ellunhuovan villa-taidetuotteet ovat erinomainen akustiikkaa parantava vaihtoehto.\" \/>\n<meta property=\"og:url\" content=\"https:\/\/ellunhuopa.com\/en\/product\/akustiikkapaneeli-aamurauha\/\" \/>\n<meta property=\"og:site_name\" content=\"Ellunhuopa\" \/>\n<meta property=\"article:publisher\" content=\"https:\/\/www.facebook.com\/ellunhuopa\/?ref=bookmarks\" \/>\n<meta property=\"article:modified_time\" content=\"2024-04-29T16:30:40+00:00\" \/>\n<meta property=\"og:image\" content=\"https:\/\/i0.wp.com\/ellunhuopa.com\/wp-content\/uploads\/2024\/03\/Picsart_24-03-11_10-50-13-194.jpg?fit=1063%2C1063&ssl=1\" \/>\n\t<meta property=\"og:image:width\" content=\"1063\" \/>\n\t<meta property=\"og:image:height\" content=\"1063\" \/>\n\t<meta property=\"og:image:type\" content=\"image\/jpeg\" \/>\n<meta name=\"twitter:card\" content=\"summary_large_image\" \/>\n<meta name=\"twitter:label1\" content=\"Estimated reading time\" \/>\n\t<meta name=\"twitter:data1\" content=\"2 minutes\" \/>\n<script type=\"application\/ld+json\" class=\"yoast-schema-graph\">{\"@context\":\"https:\\\/\\\/schema.org\",\"@graph\":[{\"@type\":\"WebPage\",\"@id\":\"https:\\\/\\\/ellunhuopa.com\\\/tuote\\\/akustiikkapaneeli-aamurauha\\\/\",\"url\":\"https:\\\/\\\/ellunhuopa.com\\\/tuote\\\/akustiikkapaneeli-aamurauha\\\/\",\"name\":\"Akustiikkapaneeli \\\"Aamurauha\\\" (myyty) - Ellunhuopa\",\"isPartOf\":{\"@id\":\"https:\\\/\\\/ellunhuopa.com\\\/#website\"},\"primaryImageOfPage\":{\"@id\":\"https:\\\/\\\/ellunhuopa.com\\\/tuote\\\/akustiikkapaneeli-aamurauha\\\/#primaryimage\"},\"image\":{\"@id\":\"https:\\\/\\\/ellunhuopa.com\\\/tuote\\\/akustiikkapaneeli-aamurauha\\\/#primaryimage\"},\"thumbnailUrl\":\"https:\\\/\\\/i0.wp.com\\\/ellunhuopa.com\\\/wp-content\\\/uploads\\\/2024\\\/03\\\/Picsart_24-03-11_10-50-13-194.jpg?fit=1063%2C1063&ssl=1\",\"datePublished\":\"2024-03-11T08:55:11+00:00\",\"dateModified\":\"2024-04-29T16:30:40+00:00\",\"description\":\"Hyv\u00e4 akustiikka edist\u00e4\u00e4 hyvinvointia ja v\u00e4hent\u00e4\u00e4 stressi\u00e4. Ellunhuovan villa-taidetuotteet ovat erinomainen akustiikkaa parantava vaihtoehto.\",\"breadcrumb\":{\"@id\":\"https:\\\/\\\/ellunhuopa.com\\\/tuote\\\/akustiikkapaneeli-aamurauha\\\/#breadcrumb\"},\"inLanguage\":\"en-GB\",\"potentialAction\":[{\"@type\":\"ReadAction\",\"target\":[\"https:\\\/\\\/ellunhuopa.com\\\/tuote\\\/akustiikkapaneeli-aamurauha\\\/\"]}]},{\"@type\":\"ImageObject\",\"inLanguage\":\"en-GB\",\"@id\":\"https:\\\/\\\/ellunhuopa.com\\\/tuote\\\/akustiikkapaneeli-aamurauha\\\/#primaryimage\",\"url\":\"https:\\\/\\\/i0.wp.com\\\/ellunhuopa.com\\\/wp-content\\\/uploads\\\/2024\\\/03\\\/Picsart_24-03-11_10-50-13-194.jpg?fit=1063%2C1063&ssl=1\",\"contentUrl\":\"https:\\\/\\\/i0.wp.com\\\/ellunhuopa.com\\\/wp-content\\\/uploads\\\/2024\\\/03\\\/Picsart_24-03-11_10-50-13-194.jpg?fit=1063%2C1063&ssl=1\",\"width\":1063,\"height\":1063},{\"@type\":\"BreadcrumbList\",\"@id\":\"https:\\\/\\\/ellunhuopa.com\\\/tuote\\\/akustiikkapaneeli-aamurauha\\\/#breadcrumb\",\"itemListElement\":[{\"@type\":\"ListItem\",\"position\":1,\"name\":\"Home\",\"item\":\"https:\\\/\\\/ellunhuopa.com\\\/\"},{\"@type\":\"ListItem\",\"position\":2,\"name\":\"Puoti\",\"item\":\"https:\\\/\\\/ellunhuopa.com\\\/puoti\\\/\"},{\"@type\":\"ListItem\",\"position\":3,\"name\":\"Akustiikkapaneeli &#8221;Aamurauha&#8221; (myyty)\"}]},{\"@type\":\"WebSite\",\"@id\":\"https:\\\/\\\/ellunhuopa.com\\\/#website\",\"url\":\"https:\\\/\\\/ellunhuopa.com\\\/\",\"name\":\"ELLU - Wool Art\",\"description\":\"Ellunhuopa - Elena Bondar\",\"publisher\":{\"@id\":\"https:\\\/\\\/ellunhuopa.com\\\/#organization\"},\"potentialAction\":[{\"@type\":\"SearchAction\",\"target\":{\"@type\":\"EntryPoint\",\"urlTemplate\":\"https:\\\/\\\/ellunhuopa.com\\\/?s={search_term_string}\"},\"query-input\":{\"@type\":\"PropertyValueSpecification\",\"valueRequired\":true,\"valueName\":\"search_term_string\"}}],\"inLanguage\":\"en-GB\"},{\"@type\":\"Organization\",\"@id\":\"https:\\\/\\\/ellunhuopa.com\\\/#organization\",\"name\":\"Ellunhuopa\",\"url\":\"https:\\\/\\\/ellunhuopa.com\\\/\",\"logo\":{\"@type\":\"ImageObject\",\"inLanguage\":\"en-GB\",\"@id\":\"https:\\\/\\\/ellunhuopa.com\\\/#\\\/schema\\\/logo\\\/image\\\/\",\"url\":\"https:\\\/\\\/ellunhuopa.com\\\/wp-content\\\/uploads\\\/2018\\\/02\\\/cropped-ellu_logo_ellunhuopa_netti.jpg\",\"contentUrl\":\"https:\\\/\\\/ellunhuopa.com\\\/wp-content\\\/uploads\\\/2018\\\/02\\\/cropped-ellu_logo_ellunhuopa_netti.jpg\",\"width\":348,\"height\":348,\"caption\":\"Ellunhuopa\"},\"image\":{\"@id\":\"https:\\\/\\\/ellunhuopa.com\\\/#\\\/schema\\\/logo\\\/image\\\/\"},\"sameAs\":[\"https:\\\/\\\/www.facebook.com\\\/ellunhuopa\\\/?ref=bookmarks\",\"https:\\\/\\\/www.instagram.com\\\/ellunhuopa\\\/\",\"https:\\\/\\\/www.youtube.com\\\/channel\\\/UCN8xrsHRIySLYr-66w-DUPg\"]}]}<\/script>\n<!-- \/ Yoast SEO plugin. -->","yoast_head_json":{"title":"Akustiikkapaneeli \"Aamurauha\" (myyty) - Ellunhuopa","description":"Hyv\u00e4 akustiikka edist\u00e4\u00e4 hyvinvointia ja v\u00e4hent\u00e4\u00e4 stressi\u00e4. Ellunhuovan villa-taidetuotteet ovat erinomainen akustiikkaa parantava vaihtoehto.","robots":{"index":"index","follow":"follow","max-snippet":"max-snippet:-1","max-image-preview":"max-image-preview:large","max-video-preview":"max-video-preview:-1"},"canonical":"https:\/\/ellunhuopa.com\/en\/product\/akustiikkapaneeli-aamurauha\/","og_locale":"en_GB","og_type":"article","og_title":"Akustiikkapaneeli \"Aamurauha\" (myyty) - Ellunhuopa","og_description":"Hyv\u00e4 akustiikka edist\u00e4\u00e4 hyvinvointia ja v\u00e4hent\u00e4\u00e4 stressi\u00e4. Ellunhuovan villa-taidetuotteet ovat erinomainen akustiikkaa parantava vaihtoehto.","og_url":"https:\/\/ellunhuopa.com\/en\/product\/akustiikkapaneeli-aamurauha\/","og_site_name":"Ellunhuopa","article_publisher":"https:\/\/www.facebook.com\/ellunhuopa\/?ref=bookmarks","article_modified_time":"2024-04-29T16:30:40+00:00","og_image":[{"width":1063,"height":1063,"url":"https:\/\/i0.wp.com\/ellunhuopa.com\/wp-content\/uploads\/2024\/03\/Picsart_24-03-11_10-50-13-194.jpg?fit=1063%2C1063&ssl=1","type":"image\/jpeg"}],"twitter_card":"summary_large_image","twitter_misc":{"Estimated reading time":"2 minutes"},"schema":{"@context":"https:\/\/schema.org","@graph":[{"@type":"WebPage","@id":"https:\/\/ellunhuopa.com\/tuote\/akustiikkapaneeli-aamurauha\/","url":"https:\/\/ellunhuopa.com\/tuote\/akustiikkapaneeli-aamurauha\/","name":"Akustiikkapaneeli \"Aamurauha\" (myyty) - Ellunhuopa","isPartOf":{"@id":"https:\/\/ellunhuopa.com\/#website"},"primaryImageOfPage":{"@id":"https:\/\/ellunhuopa.com\/tuote\/akustiikkapaneeli-aamurauha\/#primaryimage"},"image":{"@id":"https:\/\/ellunhuopa.com\/tuote\/akustiikkapaneeli-aamurauha\/#primaryimage"},"thumbnailUrl":"https:\/\/i0.wp.com\/ellunhuopa.com\/wp-content\/uploads\/2024\/03\/Picsart_24-03-11_10-50-13-194.jpg?fit=1063%2C1063&ssl=1","datePublished":"2024-03-11T08:55:11+00:00","dateModified":"2024-04-29T16:30:40+00:00","description":"Hyv\u00e4 akustiikka edist\u00e4\u00e4 hyvinvointia ja v\u00e4hent\u00e4\u00e4 stressi\u00e4. Ellunhuovan villa-taidetuotteet ovat erinomainen akustiikkaa parantava vaihtoehto.","breadcrumb":{"@id":"https:\/\/ellunhuopa.com\/tuote\/akustiikkapaneeli-aamurauha\/#breadcrumb"},"inLanguage":"en-GB","potentialAction":[{"@type":"ReadAction","target":["https:\/\/ellunhuopa.com\/tuote\/akustiikkapaneeli-aamurauha\/"]}]},{"@type":"ImageObject","inLanguage":"en-GB","@id":"https:\/\/ellunhuopa.com\/tuote\/akustiikkapaneeli-aamurauha\/#primaryimage","url":"https:\/\/i0.wp.com\/ellunhuopa.com\/wp-content\/uploads\/2024\/03\/Picsart_24-03-11_10-50-13-194.jpg?fit=1063%2C1063&ssl=1","contentUrl":"https:\/\/i0.wp.com\/ellunhuopa.com\/wp-content\/uploads\/2024\/03\/Picsart_24-03-11_10-50-13-194.jpg?fit=1063%2C1063&ssl=1","width":1063,"height":1063},{"@type":"BreadcrumbList","@id":"https:\/\/ellunhuopa.com\/tuote\/akustiikkapaneeli-aamurauha\/#breadcrumb","itemListElement":[{"@type":"ListItem","position":1,"name":"Home","item":"https:\/\/ellunhuopa.com\/"},{"@type":"ListItem","position":2,"name":"Puoti","item":"https:\/\/ellunhuopa.com\/puoti\/"},{"@type":"ListItem","position":3,"name":"Akustiikkapaneeli &#8221;Aamurauha&#8221; (myyty)"}]},{"@type":"WebSite","@id":"https:\/\/ellunhuopa.com\/#website","url":"https:\/\/ellunhuopa.com\/","name":"ELLU - Wool Art","description":"Ellunhuopa - Elena Bondar","publisher":{"@id":"https:\/\/ellunhuopa.com\/#organization"},"potentialAction":[{"@type":"SearchAction","target":{"@type":"EntryPoint","urlTemplate":"https:\/\/ellunhuopa.com\/?s={search_term_string}"},"query-input":{"@type":"PropertyValueSpecification","valueRequired":true,"valueName":"search_term_string"}}],"inLanguage":"en-GB"},{"@type":"Organization","@id":"https:\/\/ellunhuopa.com\/#organization","name":"Woolrealm","url":"https:\/\/ellunhuopa.com\/","logo":{"@type":"ImageObject","inLanguage":"en-GB","@id":"https:\/\/ellunhuopa.com\/#\/schema\/logo\/image\/","url":"https:\/\/ellunhuopa.com\/wp-content\/uploads\/2018\/02\/cropped-ellu_logo_ellunhuopa_netti.jpg","contentUrl":"https:\/\/ellunhuopa.com\/wp-content\/uploads\/2018\/02\/cropped-ellu_logo_ellunhuopa_netti.jpg","width":348,"height":348,"caption":"Ellunhuopa"},"image":{"@id":"https:\/\/ellunhuopa.com\/#\/schema\/logo\/image\/"},"sameAs":["https:\/\/www.facebook.com\/ellunhuopa\/?ref=bookmarks","https:\/\/www.instagram.com\/ellunhuopa\/","https:\/\/www.youtube.com\/channel\/UCN8xrsHRIySLYr-66w-DUPg"]}]}},"jetpack_publicize_connections":[],"jetpack_sharing_enabled":true,"jetpack_likes_enabled":false,"jetpack-related-posts":[{"id":21977,"url":"https:\/\/ellunhuopa.com\/en\/product\/sisustustaulu-maan-tasolla\/","url_meta":{"origin":23334,"position":0},"title":"3D Decoration board \u201dAt Earth Level\u201d (sold)","author":"Elena Bondar","date":"April 14, 2023","format":false,"excerpt":"Kodin sein\u00e4t voi koristaa kauniilla ja l\u00e4mpimill\u00e4 huovutust\u00f6ill\u00e4. Ellunhuovan tauluilla teid\u00e4n kotinne on l\u00e4mpim\u00e4mpi ja viihtyis\u00e4mpi. Taulu on valmistettu sekoittamalla monia erilaisia villoja ja tekniikoita: m\u00e4rk\u00e4huovutus, neulahuovutus, kirjonta, tuftaus. Maan tasolla Todella upea ja uniikki villataulu, joka luo kotiisi arvokkaan, viekkaan, ja l\u00e4mp\u00f6isen tunnelman. \ud83c\udfa8 Huovutettu kest\u00e4v\u00e4ll\u00e4 tekniikalla k\u00e4ytt\u00e4en sek\u00e4\u2026","rel":"","context":"Similar post","block_context":{"text":"Similar post","link":""},"img":{"alt_text":"","src":"https:\/\/i0.wp.com\/ellunhuopa.com\/wp-content\/uploads\/2023\/04\/Maan-tasolla-1.jpg?fit=1080%2C1080&ssl=1&resize=350%2C200","width":350,"height":200,"srcset":"https:\/\/i0.wp.com\/ellunhuopa.com\/wp-content\/uploads\/2023\/04\/Maan-tasolla-1.jpg?fit=1080%2C1080&ssl=1&resize=350%2C200 1x, https:\/\/i0.wp.com\/ellunhuopa.com\/wp-content\/uploads\/2023\/04\/Maan-tasolla-1.jpg?fit=1080%2C1080&ssl=1&resize=525%2C300 1.5x, https:\/\/i0.wp.com\/ellunhuopa.com\/wp-content\/uploads\/2023\/04\/Maan-tasolla-1.jpg?fit=1080%2C1080&ssl=1&resize=700%2C400 2x, https:\/\/i0.wp.com\/ellunhuopa.com\/wp-content\/uploads\/2023\/04\/Maan-tasolla-1.jpg?fit=1080%2C1080&ssl=1&resize=1050%2C600 3x"},"classes":[]},{"id":22225,"url":"https:\/\/ellunhuopa.com\/en\/product\/kuiskatut-salaisuudet-lumotusta-metsasta\/","url_meta":{"origin":23334,"position":1},"title":"Decoration board \u201dWhispered secrets from the enchanted forest\u201d (sold)","author":"Elena Bondar","date":"May 31, 2023","format":false,"excerpt":"Kodin sein\u00e4t voi koristaa kauniilla ja l\u00e4mpimill\u00e4 huovutust\u00f6ill\u00e4. Ellunhuovan tauluilla teid\u00e4n kotinne on l\u00e4mpim\u00e4mpi ja viihtyis\u00e4mpi. Tuntemattomuus on aina pelottavaa, mutta tie selvi\u00e4\u00e4 k\u00e4velem\u00e4ll\u00e4 Todella upea ja uniikki villataulu, joka luo kotiisi arvokkaan, viekkaan, ja l\u00e4mp\u00f6isen tunnelman. \ud83c\udfa8 Huovutettu kest\u00e4v\u00e4ll\u00e4 tekniikalla k\u00e4ytt\u00e4en sek\u00e4 m\u00e4rk\u00e4 - ja neulahuovutusta.","rel":"","context":"Similar post","block_context":{"text":"Similar post","link":""},"img":{"alt_text":"","src":"https:\/\/i0.wp.com\/ellunhuopa.com\/wp-content\/uploads\/2023\/05\/1-1.jpg?fit=1080%2C1080&ssl=1&resize=350%2C200","width":350,"height":200,"srcset":"https:\/\/i0.wp.com\/ellunhuopa.com\/wp-content\/uploads\/2023\/05\/1-1.jpg?fit=1080%2C1080&ssl=1&resize=350%2C200 1x, https:\/\/i0.wp.com\/ellunhuopa.com\/wp-content\/uploads\/2023\/05\/1-1.jpg?fit=1080%2C1080&ssl=1&resize=525%2C300 1.5x, https:\/\/i0.wp.com\/ellunhuopa.com\/wp-content\/uploads\/2023\/05\/1-1.jpg?fit=1080%2C1080&ssl=1&resize=700%2C400 2x, https:\/\/i0.wp.com\/ellunhuopa.com\/wp-content\/uploads\/2023\/05\/1-1.jpg?fit=1080%2C1080&ssl=1&resize=1050%2C600 3x"},"classes":[]},{"id":22514,"url":"https:\/\/ellunhuopa.com\/en\/product\/sisustustaulu-kukkakoristeltu-metsan-kuningas\/","url_meta":{"origin":23334,"position":2},"title":"Decoration board \u201dFlower-decorated King of the Forest\u201d from the series \u201dFree Spirits in the Fairy Tale Forest in Bloom\u201d (sold)","author":"Elena Bondar","date":"August 11, 2023","format":false,"excerpt":"You can decorate the walls of your home with beautiful and warm felting. With Ellunhuova's wallpapers, your home will be warmer and more cosy. A truly stunning and unique woolen table that will create a precious, cunning, and warm atmosphere in your home. \ud83c\udfa8 Felted with a durable technique using both wet and needle felting. This wool painting is framed in a golden yellow wood frame. The passepartout is made of strong cardboard.","rel":"","context":"Similar post","block_context":{"text":"Similar post","link":""},"img":{"alt_text":"","src":"https:\/\/i0.wp.com\/ellunhuopa.com\/wp-content\/uploads\/2023\/08\/Purple-Pastel-Blue-Calming-Floral-Gradients-Self-Care-Affirmations-Self-Care-Instagram-Post-9-1.jpg?fit=1080%2C1080&ssl=1&resize=350%2C200","width":350,"height":200,"srcset":"https:\/\/i0.wp.com\/ellunhuopa.com\/wp-content\/uploads\/2023\/08\/Purple-Pastel-Blue-Calming-Floral-Gradients-Self-Care-Affirmations-Self-Care-Instagram-Post-9-1.jpg?fit=1080%2C1080&ssl=1&resize=350%2C200 1x, https:\/\/i0.wp.com\/ellunhuopa.com\/wp-content\/uploads\/2023\/08\/Purple-Pastel-Blue-Calming-Floral-Gradients-Self-Care-Affirmations-Self-Care-Instagram-Post-9-1.jpg?fit=1080%2C1080&ssl=1&resize=525%2C300 1.5x, https:\/\/i0.wp.com\/ellunhuopa.com\/wp-content\/uploads\/2023\/08\/Purple-Pastel-Blue-Calming-Floral-Gradients-Self-Care-Affirmations-Self-Care-Instagram-Post-9-1.jpg?fit=1080%2C1080&ssl=1&resize=700%2C400 2x, https:\/\/i0.wp.com\/ellunhuopa.com\/wp-content\/uploads\/2023\/08\/Purple-Pastel-Blue-Calming-Floral-Gradients-Self-Care-Affirmations-Self-Care-Instagram-Post-9-1.jpg?fit=1080%2C1080&ssl=1&resize=1050%2C600 3x"},"classes":[]},{"id":10410,"url":"https:\/\/ellunhuopa.com\/en\/product\/postikortti-karhu\/","url_meta":{"origin":23334,"position":3},"title":"Postcard \u201cThe Elf of the Forest\u201d","author":"Elena Bondar","date":"July 6, 2019","format":false,"excerpt":"Art postcards. Pictures of Ellun blanket postcards are printed on Ellu Bondar&#039;s felt boards. They describe Finland&#039;s nature with calm eyes. The work pays a lot of attention to the details of the forest and its beauty. Realistic and at the same time a bit fabulous works are full of love for nature and life. This postcard belongs to the same series of four cards. Buy 1pc or the whole set.","rel":"","context":"Similar post","block_context":{"text":"Similar post","link":""},"img":{"alt_text":"","src":"https:\/\/i0.wp.com\/ellunhuopa.com\/wp-content\/uploads\/2019\/07\/ELLUNHUOPA-postikortit-Karhu-e1562436736513.jpg?fit=396%2C396&ssl=1&resize=350%2C200","width":350,"height":200},"classes":[]},{"id":26562,"url":"https:\/\/ellunhuopa.com\/en\/product\/huovutuspaketti-savo-kukkaniitty-ja-metsa\/","url_meta":{"origin":23334,"position":4},"title":"Quilting package: Savo - Flower meadow (video + written instructions)","author":"Elena Bondar","date":"May 31, 2025","format":false,"excerpt":"Felted landscape - paint with wool and create beauty by hand. The felting kit contains everything you need to create a flower meadow and woodland landscape with needle felting. Including quality materials, written instructions and a tutorial video, the kit is ideal for both the beginner and the more experienced maker.","rel":"","context":"Similar post","block_context":{"text":"Similar post","link":""},"img":{"alt_text":"","src":"https:\/\/i0.wp.com\/ellunhuopa.com\/wp-content\/uploads\/2025\/05\/Copy-of-Black-Ivory-Boho-Aesthetic-Beauty-Blogger-Name-Circle-Logo-1.jpg?fit=500%2C500&ssl=1&resize=350%2C200","width":350,"height":200},"classes":[]},{"id":22513,"url":"https:\/\/ellunhuopa.com\/en\/product\/sisustustaulu-lumoutunut-sinisesta-kukinnosta-sarjasta-vapaiden-henkien-satumetsassa-kukkii\/","url_meta":{"origin":23334,"position":5},"title":"Decoration board \u201dEnchanted by the Blue Flower\u201d from the series \u201dFree Spirits in the Fairy Forest Blooms\u201d (sold)","author":"Elena Bondar","date":"August 11, 2023","format":false,"excerpt":"You can decorate the walls of your home with beautiful and warm felting. With Ellunhuova's wallpapers, your home will be warmer and more cosy. A truly stunning and unique woolen table that will create a precious, cunning, and warm atmosphere in your home. \ud83c\udfa8 Felted with a durable technique using both wet and needle felting. This wool painting is framed in a golden yellow wood frame. The passepartout is made of strong cardboard.","rel":"","context":"Similar post","block_context":{"text":"Similar post","link":""},"img":{"alt_text":"","src":"https:\/\/i0.wp.com\/ellunhuopa.com\/wp-content\/uploads\/2023\/08\/Purple-Pastel-Blue-Calming-Floral-Gradients-Self-Care-Affirmations-Self-Care-Instagram-Post-7-1.jpg?fit=1080%2C1080&ssl=1&resize=350%2C200","width":350,"height":200,"srcset":"https:\/\/i0.wp.com\/ellunhuopa.com\/wp-content\/uploads\/2023\/08\/Purple-Pastel-Blue-Calming-Floral-Gradients-Self-Care-Affirmations-Self-Care-Instagram-Post-7-1.jpg?fit=1080%2C1080&ssl=1&resize=350%2C200 1x, https:\/\/i0.wp.com\/ellunhuopa.com\/wp-content\/uploads\/2023\/08\/Purple-Pastel-Blue-Calming-Floral-Gradients-Self-Care-Affirmations-Self-Care-Instagram-Post-7-1.jpg?fit=1080%2C1080&ssl=1&resize=525%2C300 1.5x, https:\/\/i0.wp.com\/ellunhuopa.com\/wp-content\/uploads\/2023\/08\/Purple-Pastel-Blue-Calming-Floral-Gradients-Self-Care-Affirmations-Self-Care-Instagram-Post-7-1.jpg?fit=1080%2C1080&ssl=1&resize=700%2C400 2x, https:\/\/i0.wp.com\/ellunhuopa.com\/wp-content\/uploads\/2023\/08\/Purple-Pastel-Blue-Calming-Floral-Gradients-Self-Care-Affirmations-Self-Care-Instagram-Post-7-1.jpg?fit=1080%2C1080&ssl=1&resize=1050%2C600 3x"},"classes":[]}],"_links":{"self":[{"href":"https:\/\/ellunhuopa.com\/en\/wp-json\/wp\/v2\/product\/23334","targetHints":{"allow":["GET"]}}],"collection":[{"href":"https:\/\/ellunhuopa.com\/en\/wp-json\/wp\/v2\/product"}],"about":[{"href":"https:\/\/ellunhuopa.com\/en\/wp-json\/wp\/v2\/types\/product"}],"replies":[{"embeddable":true,"href":"https:\/\/ellunhuopa.com\/en\/wp-json\/wp\/v2\/comments?post=23334"}],"wp:featuredmedia":[{"embeddable":true,"href":"https:\/\/ellunhuopa.com\/en\/wp-json\/wp\/v2\/media\/23335"}],"wp:attachment":[{"href":"https:\/\/ellunhuopa.com\/en\/wp-json\/wp\/v2\/media?parent=23334"}],"wp:term":[{"taxonomy":"product_brand","embeddable":true,"href":"https:\/\/ellunhuopa.com\/en\/wp-json\/wp\/v2\/product_brand?post=23334"},{"taxonomy":"product_cat","embeddable":true,"href":"https:\/\/ellunhuopa.com\/en\/wp-json\/wp\/v2\/product_cat?post=23334"},{"taxonomy":"product_tag","embeddable":true,"href":"https:\/\/ellunhuopa.com\/en\/wp-json\/wp\/v2\/product_tag?post=23334"}],"curies":[{"name":"wp","href":"https:\/\/api.w.org\/{rel}","templated":true}]}}