{"id":23676,"date":"2024-05-24T10:35:32","date_gmt":"2024-05-24T08:35:32","guid":{"rendered":"https:\/\/ellunhuopa.com\/?post_type=product&#038;p=23676"},"modified":"2026-01-02T11:52:17","modified_gmt":"2026-01-02T09:52:17","slug":"lemmikin-paan-veistos-huovasta","status":"publish","type":"product","link":"https:\/\/ellunhuopa.com\/en\/product\/lemmikin-paan-veistos-huovasta\/","title":{"rendered":"Sculpture of a pet's head in felt"},"content":{"rendered":"<p>This unique piece of art is the perfect gift for any pet owner who wants to keep their loved one forever. The pet head sculpture in felt is not just a decoration, but a token of love that will bring joy and warmth to any space. Give your friends and family a gift that tells a story - a gift that pulses with life and love.<\/p>\n<h2 style=\"text-align: center;\">Features:<\/h2>\n<ul>\n<li>Handmade with care and precision based on photographs<\/li>\n<li>Incorporate your pet's unique features and expressions<\/li>\n<li>Exclusive and unique - no two are alike<\/li>\n<li>A focal point of the interior, bringing warmth and personality to the home<\/li>\n<li>Small size and suitable for all budgets<\/li>\n<li>Arrives in a beautiful gift box, ready to surprise and delight<\/li>\n<\/ul>\n<p>Give your pet an eternal place in your heart and home with the art of Ellu Bondar. Order yours and experience how art and love come together!<\/p>\n<p>All pieces are handcrafted with love and precision to incorporate your pet's unique features and expressions. This makes each piece exclusive and unique - no two are alike.<\/p>\n<p>Order yours and give your pet a forever place in your heart and home.<\/p>\n<h2 style=\"text-align: center;\">Frequently asked questions:<\/h2>\n<p><strong>Where to send pet photos?<\/strong><br \/>\nAfter payment, you can send me photos by email to info@ellunhuopa.com. The more pictures, the easier it is to identify the individual characteristics of your pet, but make sure the pictures are from the same life stage. Photos should be from different angles, side, top, bottom and straight on.<\/p>\n<p><strong>How does the creative process work?<\/strong><br \/>\nEach \u201dPet's Main Character from Blanket\u201d is handcrafted using photographs of your pet to accurately reproduce individual features. Manufacturing technique: needle felting. You can also send your pet's fur to make the product even more personal.<\/p>\n<p><strong>How long does it take to prepare?<\/strong><br \/>\nProduction time depends on the current load, but usually takes around 3-6 weeks. However, this time may be longer, so make sure you order your gifts as early as possible.<\/p>\n<p><strong>How is delivery done?<\/strong><br \/>\nDelivery is by post to the nearest post office. All products are carefully packed to ensure their safety during transport. Delivery times depend on your location.<\/p>\n<p><strong>What are the editing options?<\/strong><br \/>\nYou can choose the size (6-8 cm) and shape of the product (flat, brooch, necklace, etc.). You can also add your pet's fur to add personality. I am always open to discuss other requests.<\/p>\n<h2 style=\"text-align: center;\">Examples of use<\/h2>\n<p>- Birthday gifts for pet lovers<br \/>\n- Gifts for those who have lost a pet<br \/>\n- Personalised jewellery for special events<\/p>\n<h2 style=\"text-align: center;\">Take contact<\/h2>\n<p>If you have any further questions or would like to discuss a personalised order, please feel free to contact us. I am always ready to help create a unique and memorable gift for you or your loved ones.<\/p>\n<p>&nbsp;<\/p>","protected":false},"excerpt":{"rendered":"<p>Kuvittele lemmikkisi henke\u00e4salpaava muotokuva el\u00e4v\u00e4sti toteutettuna huovasta \u2013 rintaneulana tai kehystettyn\u00e4 taideteoksena. T\u00e4m\u00e4 k\u00e4sintehty mestariteos tuo lemmikkisi persoonallisuuden esiin tavalla, jota et ole koskaan n\u00e4hnyt. Jokainen muotokuva luodaan rakkaudella ja tarkkuudella, jotta lemmikkisi ilmeet ja yksityiskohdat hehkuvat kuin oikeassa el\u00e4m\u00e4ss\u00e4.<\/p>\n<p>Muotokuvan koko vaihtelee 6-8 cm lemmikkisi ulkon\u00e4\u00f6n mukaan. Halutessasi voimme sis\u00e4llytt\u00e4\u00e4 teokseen ihanan lemmikkisi oikeata karvaa, mik\u00e4 tekee muistosta entist\u00e4kin henkil\u00f6kohtaisemman ja ainutlaatuisemman. Olipa teos sitten pieni taulu, rintaneula, kaulakoru tai jokin muu, voit esitt\u00e4\u00e4 toiveesi tilauksen yhteydess\u00e4. Olen valmis keskustelemaan kaikista vaihtoehdoista, jotta lopputulos vastaa toiveitasi t\u00e4ydellisesti! \ud83d\udc9a<\/p>","protected":false},"featured_media":23681,"comment_status":"open","ping_status":"closed","template":"","meta":{"jetpack_post_was_ever_published":false,"jetpack_publicize_message":"","jetpack_publicize_feature_enabled":true,"jetpack_social_post_already_shared":true,"jetpack_social_options":{"image_generator_settings":{"template":"highway","default_image_id":0,"font":"","enabled":false},"version":2},"_wpas_customize_per_network":false},"product_brand":[],"product_cat":[604714599],"product_tag":[604714622,604714617],"class_list":{"0":"post-23676","1":"product","2":"type-product","3":"status-publish","4":"has-post-thumbnail","6":"product_cat-tehty_tilauksesta","7":"product_tag-lemmikin-valokuvasta","8":"product_tag-tehty-tilauksesta","9":"product_shipping_class-paketti","11":"first","12":"instock","13":"sold-individually","14":"taxable","15":"shipping-taxable","16":"purchasable","17":"product-type-simple"},"yoast_head":"<!-- This site is optimized with the Yoast SEO plugin v27.3 - https:\/\/yoast.com\/product\/yoast-seo-wordpress\/ -->\n<title>Lemmikin p\u00e4\u00e4n veistos huovasta - Ellunhuopa<\/title>\n<meta name=\"robots\" content=\"index, follow, max-snippet:-1, max-image-preview:large, max-video-preview:-1\" \/>\n<link rel=\"canonical\" href=\"https:\/\/ellunhuopa.com\/en\/product\/lemmikin-paan-veistos-huovasta\/\" \/>\n<meta property=\"og:locale\" content=\"en_GB\" \/>\n<meta property=\"og:type\" content=\"article\" \/>\n<meta property=\"og:title\" content=\"Lemmikin p\u00e4\u00e4n veistos huovasta - Ellunhuopa\" \/>\n<meta property=\"og:description\" content=\"Kuvittele lemmikkisi henke\u00e4salpaava muotokuva el\u00e4v\u00e4sti toteutettuna huovasta \u2013 rintaneulana tai kehystettyn\u00e4 taideteoksena. T\u00e4m\u00e4 k\u00e4sintehty mestariteos tuo lemmikkisi persoonallisuuden esiin tavalla, jota et ole koskaan n\u00e4hnyt. Jokainen muotokuva luodaan rakkaudella ja tarkkuudella, jotta lemmikkisi ilmeet ja yksityiskohdat hehkuvat kuin oikeassa el\u00e4m\u00e4ss\u00e4.  Muotokuvan koko vaihtelee 6-8 cm lemmikkisi ulkon\u00e4\u00f6n mukaan. Halutessasi voimme sis\u00e4llytt\u00e4\u00e4 teokseen ihanan lemmikkisi oikeata karvaa, mik\u00e4 tekee muistosta entist\u00e4kin henkil\u00f6kohtaisemman ja ainutlaatuisemman. Olipa teos sitten pieni taulu, rintaneula, kaulakoru tai jokin muu, voit esitt\u00e4\u00e4 toiveesi tilauksen yhteydess\u00e4. Olen valmis keskustelemaan kaikista vaihtoehdoista, jotta lopputulos vastaa toiveitasi t\u00e4ydellisesti! \ud83d\udc9a\" \/>\n<meta property=\"og:url\" content=\"https:\/\/ellunhuopa.com\/en\/product\/lemmikin-paan-veistos-huovasta\/\" \/>\n<meta property=\"og:site_name\" content=\"Ellunhuopa\" \/>\n<meta property=\"article:publisher\" content=\"https:\/\/www.facebook.com\/ellunhuopa\/?ref=bookmarks\" \/>\n<meta property=\"article:modified_time\" content=\"2026-01-02T09:52:17+00:00\" \/>\n<meta property=\"og:image\" content=\"https:\/\/ellunhuopa.com\/wp-content\/uploads\/2024\/05\/7c0ac860-ef47-4b35-88bb-65f8b8720eed-500x500.jpeg\" \/>\n\t<meta property=\"og:image:width\" content=\"500\" \/>\n\t<meta property=\"og:image:height\" content=\"500\" \/>\n\t<meta property=\"og:image:type\" content=\"image\/jpeg\" \/>\n<meta name=\"twitter:card\" content=\"summary_large_image\" \/>\n<meta name=\"twitter:label1\" content=\"Estimated reading time\" \/>\n\t<meta name=\"twitter:data1\" content=\"2 minutes\" \/>\n<script type=\"application\/ld+json\" class=\"yoast-schema-graph\">{\"@context\":\"https:\\\/\\\/schema.org\",\"@graph\":[{\"@type\":\"WebPage\",\"@id\":\"https:\\\/\\\/ellunhuopa.com\\\/tuote\\\/lemmikin-paan-veistos-huovasta\\\/\",\"url\":\"https:\\\/\\\/ellunhuopa.com\\\/tuote\\\/lemmikin-paan-veistos-huovasta\\\/\",\"name\":\"Lemmikin p\u00e4\u00e4n veistos huovasta - Ellunhuopa\",\"isPartOf\":{\"@id\":\"https:\\\/\\\/ellunhuopa.com\\\/#website\"},\"primaryImageOfPage\":{\"@id\":\"https:\\\/\\\/ellunhuopa.com\\\/tuote\\\/lemmikin-paan-veistos-huovasta\\\/#primaryimage\"},\"image\":{\"@id\":\"https:\\\/\\\/ellunhuopa.com\\\/tuote\\\/lemmikin-paan-veistos-huovasta\\\/#primaryimage\"},\"thumbnailUrl\":\"https:\\\/\\\/i0.wp.com\\\/ellunhuopa.com\\\/wp-content\\\/uploads\\\/2024\\\/05\\\/7c0ac860-ef47-4b35-88bb-65f8b8720eed.jpeg?fit=4096%2C4096&ssl=1\",\"datePublished\":\"2024-05-24T08:35:32+00:00\",\"dateModified\":\"2026-01-02T09:52:17+00:00\",\"breadcrumb\":{\"@id\":\"https:\\\/\\\/ellunhuopa.com\\\/tuote\\\/lemmikin-paan-veistos-huovasta\\\/#breadcrumb\"},\"inLanguage\":\"en-GB\",\"potentialAction\":[{\"@type\":\"ReadAction\",\"target\":[\"https:\\\/\\\/ellunhuopa.com\\\/tuote\\\/lemmikin-paan-veistos-huovasta\\\/\"]}]},{\"@type\":\"ImageObject\",\"inLanguage\":\"en-GB\",\"@id\":\"https:\\\/\\\/ellunhuopa.com\\\/tuote\\\/lemmikin-paan-veistos-huovasta\\\/#primaryimage\",\"url\":\"https:\\\/\\\/i0.wp.com\\\/ellunhuopa.com\\\/wp-content\\\/uploads\\\/2024\\\/05\\\/7c0ac860-ef47-4b35-88bb-65f8b8720eed.jpeg?fit=4096%2C4096&ssl=1\",\"contentUrl\":\"https:\\\/\\\/i0.wp.com\\\/ellunhuopa.com\\\/wp-content\\\/uploads\\\/2024\\\/05\\\/7c0ac860-ef47-4b35-88bb-65f8b8720eed.jpeg?fit=4096%2C4096&ssl=1\",\"width\":4096,\"height\":4096},{\"@type\":\"BreadcrumbList\",\"@id\":\"https:\\\/\\\/ellunhuopa.com\\\/tuote\\\/lemmikin-paan-veistos-huovasta\\\/#breadcrumb\",\"itemListElement\":[{\"@type\":\"ListItem\",\"position\":1,\"name\":\"Home\",\"item\":\"https:\\\/\\\/ellunhuopa.com\\\/\"},{\"@type\":\"ListItem\",\"position\":2,\"name\":\"Puoti\",\"item\":\"https:\\\/\\\/ellunhuopa.com\\\/puoti\\\/\"},{\"@type\":\"ListItem\",\"position\":3,\"name\":\"Lemmikin p\u00e4\u00e4n veistos huovasta\"}]},{\"@type\":\"WebSite\",\"@id\":\"https:\\\/\\\/ellunhuopa.com\\\/#website\",\"url\":\"https:\\\/\\\/ellunhuopa.com\\\/\",\"name\":\"ELLU - Wool Art\",\"description\":\"Ellunhuopa - Elena Bondar\",\"publisher\":{\"@id\":\"https:\\\/\\\/ellunhuopa.com\\\/#organization\"},\"potentialAction\":[{\"@type\":\"SearchAction\",\"target\":{\"@type\":\"EntryPoint\",\"urlTemplate\":\"https:\\\/\\\/ellunhuopa.com\\\/?s={search_term_string}\"},\"query-input\":{\"@type\":\"PropertyValueSpecification\",\"valueRequired\":true,\"valueName\":\"search_term_string\"}}],\"inLanguage\":\"en-GB\"},{\"@type\":\"Organization\",\"@id\":\"https:\\\/\\\/ellunhuopa.com\\\/#organization\",\"name\":\"Ellunhuopa\",\"url\":\"https:\\\/\\\/ellunhuopa.com\\\/\",\"logo\":{\"@type\":\"ImageObject\",\"inLanguage\":\"en-GB\",\"@id\":\"https:\\\/\\\/ellunhuopa.com\\\/#\\\/schema\\\/logo\\\/image\\\/\",\"url\":\"https:\\\/\\\/ellunhuopa.com\\\/wp-content\\\/uploads\\\/2018\\\/02\\\/cropped-ellu_logo_ellunhuopa_netti.jpg\",\"contentUrl\":\"https:\\\/\\\/ellunhuopa.com\\\/wp-content\\\/uploads\\\/2018\\\/02\\\/cropped-ellu_logo_ellunhuopa_netti.jpg\",\"width\":348,\"height\":348,\"caption\":\"Ellunhuopa\"},\"image\":{\"@id\":\"https:\\\/\\\/ellunhuopa.com\\\/#\\\/schema\\\/logo\\\/image\\\/\"},\"sameAs\":[\"https:\\\/\\\/www.facebook.com\\\/ellunhuopa\\\/?ref=bookmarks\",\"https:\\\/\\\/www.instagram.com\\\/ellunhuopa\\\/\",\"https:\\\/\\\/www.youtube.com\\\/channel\\\/UCN8xrsHRIySLYr-66w-DUPg\"]}]}<\/script>\n<!-- \/ Yoast SEO plugin. -->","yoast_head_json":{"title":"Lemmikin p\u00e4\u00e4n veistos huovasta - Ellunhuopa","robots":{"index":"index","follow":"follow","max-snippet":"max-snippet:-1","max-image-preview":"max-image-preview:large","max-video-preview":"max-video-preview:-1"},"canonical":"https:\/\/ellunhuopa.com\/en\/product\/lemmikin-paan-veistos-huovasta\/","og_locale":"en_GB","og_type":"article","og_title":"Lemmikin p\u00e4\u00e4n veistos huovasta - Ellunhuopa","og_description":"Kuvittele lemmikkisi henke\u00e4salpaava muotokuva el\u00e4v\u00e4sti toteutettuna huovasta \u2013 rintaneulana tai kehystettyn\u00e4 taideteoksena. T\u00e4m\u00e4 k\u00e4sintehty mestariteos tuo lemmikkisi persoonallisuuden esiin tavalla, jota et ole koskaan n\u00e4hnyt. Jokainen muotokuva luodaan rakkaudella ja tarkkuudella, jotta lemmikkisi ilmeet ja yksityiskohdat hehkuvat kuin oikeassa el\u00e4m\u00e4ss\u00e4.  Muotokuvan koko vaihtelee 6-8 cm lemmikkisi ulkon\u00e4\u00f6n mukaan. Halutessasi voimme sis\u00e4llytt\u00e4\u00e4 teokseen ihanan lemmikkisi oikeata karvaa, mik\u00e4 tekee muistosta entist\u00e4kin henkil\u00f6kohtaisemman ja ainutlaatuisemman. Olipa teos sitten pieni taulu, rintaneula, kaulakoru tai jokin muu, voit esitt\u00e4\u00e4 toiveesi tilauksen yhteydess\u00e4. Olen valmis keskustelemaan kaikista vaihtoehdoista, jotta lopputulos vastaa toiveitasi t\u00e4ydellisesti! \ud83d\udc9a","og_url":"https:\/\/ellunhuopa.com\/en\/product\/lemmikin-paan-veistos-huovasta\/","og_site_name":"Ellunhuopa","article_publisher":"https:\/\/www.facebook.com\/ellunhuopa\/?ref=bookmarks","article_modified_time":"2026-01-02T09:52:17+00:00","og_image":[{"width":500,"height":500,"url":"https:\/\/ellunhuopa.com\/wp-content\/uploads\/2024\/05\/7c0ac860-ef47-4b35-88bb-65f8b8720eed-500x500.jpeg","type":"image\/jpeg"}],"twitter_card":"summary_large_image","twitter_misc":{"Estimated reading time":"2 minutes"},"schema":{"@context":"https:\/\/schema.org","@graph":[{"@type":"WebPage","@id":"https:\/\/ellunhuopa.com\/tuote\/lemmikin-paan-veistos-huovasta\/","url":"https:\/\/ellunhuopa.com\/tuote\/lemmikin-paan-veistos-huovasta\/","name":"Lemmikin p\u00e4\u00e4n veistos huovasta - Ellunhuopa","isPartOf":{"@id":"https:\/\/ellunhuopa.com\/#website"},"primaryImageOfPage":{"@id":"https:\/\/ellunhuopa.com\/tuote\/lemmikin-paan-veistos-huovasta\/#primaryimage"},"image":{"@id":"https:\/\/ellunhuopa.com\/tuote\/lemmikin-paan-veistos-huovasta\/#primaryimage"},"thumbnailUrl":"https:\/\/i0.wp.com\/ellunhuopa.com\/wp-content\/uploads\/2024\/05\/7c0ac860-ef47-4b35-88bb-65f8b8720eed.jpeg?fit=4096%2C4096&ssl=1","datePublished":"2024-05-24T08:35:32+00:00","dateModified":"2026-01-02T09:52:17+00:00","breadcrumb":{"@id":"https:\/\/ellunhuopa.com\/tuote\/lemmikin-paan-veistos-huovasta\/#breadcrumb"},"inLanguage":"en-GB","potentialAction":[{"@type":"ReadAction","target":["https:\/\/ellunhuopa.com\/tuote\/lemmikin-paan-veistos-huovasta\/"]}]},{"@type":"ImageObject","inLanguage":"en-GB","@id":"https:\/\/ellunhuopa.com\/tuote\/lemmikin-paan-veistos-huovasta\/#primaryimage","url":"https:\/\/i0.wp.com\/ellunhuopa.com\/wp-content\/uploads\/2024\/05\/7c0ac860-ef47-4b35-88bb-65f8b8720eed.jpeg?fit=4096%2C4096&ssl=1","contentUrl":"https:\/\/i0.wp.com\/ellunhuopa.com\/wp-content\/uploads\/2024\/05\/7c0ac860-ef47-4b35-88bb-65f8b8720eed.jpeg?fit=4096%2C4096&ssl=1","width":4096,"height":4096},{"@type":"BreadcrumbList","@id":"https:\/\/ellunhuopa.com\/tuote\/lemmikin-paan-veistos-huovasta\/#breadcrumb","itemListElement":[{"@type":"ListItem","position":1,"name":"Home","item":"https:\/\/ellunhuopa.com\/"},{"@type":"ListItem","position":2,"name":"Puoti","item":"https:\/\/ellunhuopa.com\/puoti\/"},{"@type":"ListItem","position":3,"name":"Lemmikin p\u00e4\u00e4n veistos huovasta"}]},{"@type":"WebSite","@id":"https:\/\/ellunhuopa.com\/#website","url":"https:\/\/ellunhuopa.com\/","name":"ELLU - Wool Art","description":"Ellunhuopa - Elena Bondar","publisher":{"@id":"https:\/\/ellunhuopa.com\/#organization"},"potentialAction":[{"@type":"SearchAction","target":{"@type":"EntryPoint","urlTemplate":"https:\/\/ellunhuopa.com\/?s={search_term_string}"},"query-input":{"@type":"PropertyValueSpecification","valueRequired":true,"valueName":"search_term_string"}}],"inLanguage":"en-GB"},{"@type":"Organization","@id":"https:\/\/ellunhuopa.com\/#organization","name":"Woolrealm","url":"https:\/\/ellunhuopa.com\/","logo":{"@type":"ImageObject","inLanguage":"en-GB","@id":"https:\/\/ellunhuopa.com\/#\/schema\/logo\/image\/","url":"https:\/\/ellunhuopa.com\/wp-content\/uploads\/2018\/02\/cropped-ellu_logo_ellunhuopa_netti.jpg","contentUrl":"https:\/\/ellunhuopa.com\/wp-content\/uploads\/2018\/02\/cropped-ellu_logo_ellunhuopa_netti.jpg","width":348,"height":348,"caption":"Ellunhuopa"},"image":{"@id":"https:\/\/ellunhuopa.com\/#\/schema\/logo\/image\/"},"sameAs":["https:\/\/www.facebook.com\/ellunhuopa\/?ref=bookmarks","https:\/\/www.instagram.com\/ellunhuopa\/","https:\/\/www.youtube.com\/channel\/UCN8xrsHRIySLYr-66w-DUPg"]}]}},"jetpack_publicize_connections":[],"jetpack_sharing_enabled":true,"jetpack_likes_enabled":false,"jetpack-related-posts":[{"id":26032,"url":"https:\/\/ellunhuopa.com\/en\/product\/koiran-muistoesine\/","url_meta":{"origin":23676,"position":0},"title":"Heart of memories - felted heart made from your pet's own wool","author":"Elena Bondar","date":"March 31, 2025","format":false,"excerpt":"Do you want to preserve the memory of your beloved pet in a unique way? The Heart of Memories is a hand felted heart made from your pet's fur. This unique keepsake will bring warmth and sentimental value to your home.","rel":"","context":"Similar post","block_context":{"text":"Similar post","link":""},"img":{"alt_text":"","src":"https:\/\/i0.wp.com\/ellunhuopa.com\/wp-content\/uploads\/2025\/03\/Picsart_25-03-31_17-15-33-864.jpg?fit=1200%2C1200&ssl=1&resize=350%2C200","width":350,"height":200,"srcset":"https:\/\/i0.wp.com\/ellunhuopa.com\/wp-content\/uploads\/2025\/03\/Picsart_25-03-31_17-15-33-864.jpg?fit=1200%2C1200&ssl=1&resize=350%2C200 1x, https:\/\/i0.wp.com\/ellunhuopa.com\/wp-content\/uploads\/2025\/03\/Picsart_25-03-31_17-15-33-864.jpg?fit=1200%2C1200&ssl=1&resize=525%2C300 1.5x, https:\/\/i0.wp.com\/ellunhuopa.com\/wp-content\/uploads\/2025\/03\/Picsart_25-03-31_17-15-33-864.jpg?fit=1200%2C1200&ssl=1&resize=700%2C400 2x, https:\/\/i0.wp.com\/ellunhuopa.com\/wp-content\/uploads\/2025\/03\/Picsart_25-03-31_17-15-33-864.jpg?fit=1200%2C1200&ssl=1&resize=1050%2C600 3x"},"classes":[]},{"id":22951,"url":"https:\/\/ellunhuopa.com\/en\/product\/miniatyyri-lemmikista\/","url_meta":{"origin":23676,"position":1},"title":"Miniature of a pet - PREPAYMENT","author":"Elena Bondar","date":"December 4, 2023","format":false,"excerpt":"This product listing is for a deposit of \u20ac200 to secure your place on the Elena Bondar needle felted pet sculpture waiting list. The remaining balance will be invoiced after booking.","rel":"","context":"Similar post","block_context":{"text":"Similar post","link":""},"img":{"alt_text":"","src":"https:\/\/i0.wp.com\/ellunhuopa.com\/wp-content\/uploads\/2023\/12\/ff13d4d4-fcc8-4e85-8251-5629e3c5dcc4.jpeg?fit=1200%2C1200&ssl=1&resize=350%2C200","width":350,"height":200,"srcset":"https:\/\/i0.wp.com\/ellunhuopa.com\/wp-content\/uploads\/2023\/12\/ff13d4d4-fcc8-4e85-8251-5629e3c5dcc4.jpeg?fit=1200%2C1200&ssl=1&resize=350%2C200 1x, https:\/\/i0.wp.com\/ellunhuopa.com\/wp-content\/uploads\/2023\/12\/ff13d4d4-fcc8-4e85-8251-5629e3c5dcc4.jpeg?fit=1200%2C1200&ssl=1&resize=525%2C300 1.5x, https:\/\/i0.wp.com\/ellunhuopa.com\/wp-content\/uploads\/2023\/12\/ff13d4d4-fcc8-4e85-8251-5629e3c5dcc4.jpeg?fit=1200%2C1200&ssl=1&resize=700%2C400 2x, https:\/\/i0.wp.com\/ellunhuopa.com\/wp-content\/uploads\/2023\/12\/ff13d4d4-fcc8-4e85-8251-5629e3c5dcc4.jpeg?fit=1200%2C1200&ssl=1&resize=1050%2C600 3x"},"classes":[]},{"id":7866,"url":"https:\/\/ellunhuopa.com\/en\/product\/huopataulu-valokuvasta\/","url_meta":{"origin":23676,"position":2},"title":"Felt board from Pet Photo - PREPAYMENT","author":"Elena Bondar","date":"February 18, 2018","format":false,"excerpt":"This product listing is for a \u20ac200 deposit to reserve your place in Elena Bondar's bespoke felted pet portrait. The remaining balance will be invoiced after booking.","rel":"","context":"With 6 comments","block_context":{"text":"With 6 comments","link":"https:\/\/ellunhuopa.com\/en\/product\/huopataulu-valokuvasta\/#comments"},"img":{"alt_text":"","src":"https:\/\/i0.wp.com\/ellunhuopa.com\/wp-content\/uploads\/2018\/02\/Koiran-taulu-ELLUNHUOPA-1-e1588221998107.jpg?fit=1200%2C1200&ssl=1&resize=350%2C200","width":350,"height":200,"srcset":"https:\/\/i0.wp.com\/ellunhuopa.com\/wp-content\/uploads\/2018\/02\/Koiran-taulu-ELLUNHUOPA-1-e1588221998107.jpg?fit=1200%2C1200&ssl=1&resize=350%2C200 1x, https:\/\/i0.wp.com\/ellunhuopa.com\/wp-content\/uploads\/2018\/02\/Koiran-taulu-ELLUNHUOPA-1-e1588221998107.jpg?fit=1200%2C1200&ssl=1&resize=525%2C300 1.5x, https:\/\/i0.wp.com\/ellunhuopa.com\/wp-content\/uploads\/2018\/02\/Koiran-taulu-ELLUNHUOPA-1-e1588221998107.jpg?fit=1200%2C1200&ssl=1&resize=700%2C400 2x, https:\/\/i0.wp.com\/ellunhuopa.com\/wp-content\/uploads\/2018\/02\/Koiran-taulu-ELLUNHUOPA-1-e1588221998107.jpg?fit=1200%2C1200&ssl=1&resize=1050%2C600 3x"},"classes":[]},{"id":23105,"url":"https:\/\/ellunhuopa.com\/en\/product\/design-huovutettu-kissanpesa\/","url_meta":{"origin":23676,"position":3},"title":"Felted nest for cat made of natural wool","author":"Elena Bondar","date":"January 25, 2024","format":false,"excerpt":"Haluatko luoda kotiisi l\u00e4mpim\u00e4n ja rauhallisen ilmapiirin, jossa my\u00f6s lemmikkisi tuntee olonsa turvalliseksi? Ellunhuopa-kissanpes\u00e4t valmistetaan k\u00e4sity\u00f6n\u00e4 huovuttamalla lampaanvillasta. Luonnon kivien inspiroima muoto ja orgaaninen pinta tekev\u00e4t pes\u00e4st\u00e4 kodin sisustukseen sulautuvan, mutta samalla ainutlaatuisen sisustuselementin. Villainen pes\u00e4 on hengitt\u00e4v\u00e4, l\u00e4mmin ja mukautuu kissan kehon mukaan tarjoten sille rauhallisen paikan lep\u00e4\u00e4miseen. T\u00e4m\u00e4\u2026","rel":"","context":"Similar post","block_context":{"text":"Similar post","link":""},"img":{"alt_text":"","src":"https:\/\/i0.wp.com\/ellunhuopa.com\/wp-content\/uploads\/2024\/01\/Picsart_24-01-24_06-51-58-222.jpg?fit=1200%2C1200&ssl=1&resize=350%2C200","width":350,"height":200,"srcset":"https:\/\/i0.wp.com\/ellunhuopa.com\/wp-content\/uploads\/2024\/01\/Picsart_24-01-24_06-51-58-222.jpg?fit=1200%2C1200&ssl=1&resize=350%2C200 1x, https:\/\/i0.wp.com\/ellunhuopa.com\/wp-content\/uploads\/2024\/01\/Picsart_24-01-24_06-51-58-222.jpg?fit=1200%2C1200&ssl=1&resize=525%2C300 1.5x, https:\/\/i0.wp.com\/ellunhuopa.com\/wp-content\/uploads\/2024\/01\/Picsart_24-01-24_06-51-58-222.jpg?fit=1200%2C1200&ssl=1&resize=700%2C400 2x, https:\/\/i0.wp.com\/ellunhuopa.com\/wp-content\/uploads\/2024\/01\/Picsart_24-01-24_06-51-58-222.jpg?fit=1200%2C1200&ssl=1&resize=1050%2C600 3x"},"classes":[]},{"id":21449,"url":"https:\/\/ellunhuopa.com\/en\/product\/uniikki-saunahattu-paljuhattu-paan-suojaksi\/","url_meta":{"origin":23676,"position":4},"title":"Unique Sauna Hat Pale Hat - to protect your head","author":"Elena Bondar","date":"December 15, 2022","format":false,"excerpt":"I make different kinds of high-quality sauna hats according to your wishes. How nice it is to go to the sauna in a beautiful hat that makes the sauna more interesting and fun! Price from 150\u20ac + delivery costs. The details of the hat will be added to the price according to the agreement. If necessary, I will make sketches.","rel":"","context":"Similar post","block_context":{"text":"Similar post","link":""},"img":{"alt_text":"","src":"https:\/\/i0.wp.com\/ellunhuopa.com\/wp-content\/uploads\/2022\/12\/saunahattu-Tirza.jpg?fit=1200%2C1134&ssl=1&resize=350%2C200","width":350,"height":200,"srcset":"https:\/\/i0.wp.com\/ellunhuopa.com\/wp-content\/uploads\/2022\/12\/saunahattu-Tirza.jpg?fit=1200%2C1134&ssl=1&resize=350%2C200 1x, https:\/\/i0.wp.com\/ellunhuopa.com\/wp-content\/uploads\/2022\/12\/saunahattu-Tirza.jpg?fit=1200%2C1134&ssl=1&resize=525%2C300 1.5x, https:\/\/i0.wp.com\/ellunhuopa.com\/wp-content\/uploads\/2022\/12\/saunahattu-Tirza.jpg?fit=1200%2C1134&ssl=1&resize=700%2C400 2x, https:\/\/i0.wp.com\/ellunhuopa.com\/wp-content\/uploads\/2022\/12\/saunahattu-Tirza.jpg?fit=1200%2C1134&ssl=1&resize=1050%2C600 3x"},"classes":[]},{"id":21448,"url":"https:\/\/ellunhuopa.com\/en\/product\/aivan-ihana-huopahattu\/","url_meta":{"origin":23676,"position":5},"title":"Just a lovely Floppy Hat","author":"Elena Bondar","date":"December 15, 2022","format":false,"excerpt":"I make a range of quality felt hats for men, women and children to order This opportunity is just for you: if you don't want to wear typical, boring hats if you want to stand out and want something personal and unique","rel":"","context":"Similar post","block_context":{"text":"Similar post","link":""},"img":{"alt_text":"","src":"https:\/\/i0.wp.com\/ellunhuopa.com\/wp-content\/uploads\/2022\/12\/1647850065584-e1671098052771.jpg?fit=1200%2C1200&ssl=1&resize=350%2C200","width":350,"height":200,"srcset":"https:\/\/i0.wp.com\/ellunhuopa.com\/wp-content\/uploads\/2022\/12\/1647850065584-e1671098052771.jpg?fit=1200%2C1200&ssl=1&resize=350%2C200 1x, https:\/\/i0.wp.com\/ellunhuopa.com\/wp-content\/uploads\/2022\/12\/1647850065584-e1671098052771.jpg?fit=1200%2C1200&ssl=1&resize=525%2C300 1.5x, https:\/\/i0.wp.com\/ellunhuopa.com\/wp-content\/uploads\/2022\/12\/1647850065584-e1671098052771.jpg?fit=1200%2C1200&ssl=1&resize=700%2C400 2x, https:\/\/i0.wp.com\/ellunhuopa.com\/wp-content\/uploads\/2022\/12\/1647850065584-e1671098052771.jpg?fit=1200%2C1200&ssl=1&resize=1050%2C600 3x"},"classes":[]}],"_links":{"self":[{"href":"https:\/\/ellunhuopa.com\/en\/wp-json\/wp\/v2\/product\/23676","targetHints":{"allow":["GET"]}}],"collection":[{"href":"https:\/\/ellunhuopa.com\/en\/wp-json\/wp\/v2\/product"}],"about":[{"href":"https:\/\/ellunhuopa.com\/en\/wp-json\/wp\/v2\/types\/product"}],"replies":[{"embeddable":true,"href":"https:\/\/ellunhuopa.com\/en\/wp-json\/wp\/v2\/comments?post=23676"}],"wp:featuredmedia":[{"embeddable":true,"href":"https:\/\/ellunhuopa.com\/en\/wp-json\/wp\/v2\/media\/23681"}],"wp:attachment":[{"href":"https:\/\/ellunhuopa.com\/en\/wp-json\/wp\/v2\/media?parent=23676"}],"wp:term":[{"taxonomy":"product_brand","embeddable":true,"href":"https:\/\/ellunhuopa.com\/en\/wp-json\/wp\/v2\/product_brand?post=23676"},{"taxonomy":"product_cat","embeddable":true,"href":"https:\/\/ellunhuopa.com\/en\/wp-json\/wp\/v2\/product_cat?post=23676"},{"taxonomy":"product_tag","embeddable":true,"href":"https:\/\/ellunhuopa.com\/en\/wp-json\/wp\/v2\/product_tag?post=23676"}],"curies":[{"name":"wp","href":"https:\/\/api.w.org\/{rel}","templated":true}]}}