{"id":26918,"date":"2025-08-06T22:15:17","date_gmt":"2025-08-06T20:15:17","guid":{"rendered":"https:\/\/ellunhuopa.com\/?post_type=product&#038;p=26918"},"modified":"2025-11-17T11:11:19","modified_gmt":"2025-11-17T09:11:19","slug":"huipulla","status":"publish","type":"product","link":"https:\/\/ellunhuopa.com\/en\/product\/huipulla\/","title":{"rendered":"Wool painting \u201dAt the top\u201d from Mini Marvels: Circulair Creations collection (sold)"},"content":{"rendered":"<h2 class=\"title style-scope ytd-video-primary-info-renderer\" style=\"text-align: left;\"><strong>Wool painting \u201dAt the top<\/strong><strong>\u201d Mini Marvels: from the Circulair Creations collection<\/strong><\/h2>\n<p data-start=\"99\" data-end=\"209\"><strong data-start=\"496\" data-end=\"530\">You don't always need a big board.<\/strong><br data-start=\"530\" data-end=\"533\" \/>Sometimes a small picture can say exactly what's in your heart.<br data-start=\"597\" data-end=\"600\" \/>These wool paintings were created when words were not enough.<br data-start=\"664\" data-end=\"667\" \/>They don't take up much space - but they have a feeling that lasts.<br data-start=\"731\" data-end=\"734\" \/>Maybe one of them speaks to you too?<\/p>\n<h2 style=\"text-align: center;\">A painting that took time and has magic<\/h2>\n<p>Create a home atmosphere with this board that will make your apartment cozy, and a little more special!<\/p>\n<p>Art cheers, comforts, delights... The colours of wool will last for decades, so this handmade painting will keep its value well. Suitable for a wide range of homes, it makes an excellent, slightly unique gift. This felt board will attract a lot of interest in the closeness of nature and the beauty of the world. Enjoy the magic of a carefully crafted wool painting, a true masterpiece that radiates charm and enchantment!<\/p>\n<p>The felt board does not require any special care, it is enough as long as you remember to wipe the dust!<\/p>\n<div class=\"su-note\"  style=\"border-color:#d2d2d2;border-radius:10px;-moz-border-radius:10px;-webkit-border-radius:10px;\"><div class=\"su-note-inner su-u-clearfix su-u-trim\" style=\"background-color:#ececec;border-color:#ffffff;color:#000000;border-radius:10px;-moz-border-radius:10px;-webkit-border-radius:10px;\"><div class=\"su-list\" style=\"margin-left:0px\">\n<ul>\n<li><i class=\"sui sui-photo\" style=\"color:#9d562c\"><\/i> The size of the board is about 15 x 15 cm.<\/li>\n<\/ul>\n<\/div><\/div><\/div>\n<p>When placing a felt board, it is important to remember that direct sunlight and moisture are harmful to the materials on the board. Therefore, wool painting, like other drawn paintings, should never be placed opposite a window, in a damp room or directly on top of a radiator.<\/p>\n<p style=\"text-align: center;\"><a href=\"https:\/\/ellunhuopa.com\/en\/jopa-mestariteosmaalaus-voi-pilata-sisustuksesi-jos-et-noudata-naita-kohtia\/\" class=\"su-button su-button-style-default\" style=\"color:#FFFFFF;background-color:#417a30;border-color:#346227;border-radius:5px\" target=\"_blank\" rel=\"noopener noreferrer\"><span style=\"color:#FFFFFF;padding:0px 16px;font-size:13px;line-height:26px;border-color:#7aa26f;border-radius:5px;text-shadow:none\"> Choose the right place for the board<\/span><\/a>\n<h2 style=\"text-align: center;\"><strong>Satisfaction Guarantee:<\/strong><\/h2>\n<ol>\n<li><strong>Satisfaction Guarantee:<\/strong> We want you to be completely satisfied with your purchase. If for some reason you are not, you can return the painting within 12 days and receive a full refund or exchange it for another work.<\/li>\n<li><strong>Guarantee of authenticity:<\/strong> Each wool painting is delivered with a certificate of authenticity, which guarantees its originality and assures that it is the original art of Ellu Bondar.<\/li>\n<li><strong>Quality guarantee:<\/strong> We pride ourselves on the quality of our art. Our paintings are carefully made from high-quality materials so that they last and retain their beauty for a long time.<\/li>\n<li><strong>Safe packaging and delivery:<\/strong> We understand the importance of safe delivery. Each painting is carefully packed to protect it during transport. We also offer insurance as additional protection.<\/li>\n<li><strong>Excellent customer service<\/strong>: We are committed to providing excellent customer service. If you have any questions or concerns, I am ready to help you quickly and professionally.<\/li>\n<\/ol>\n<p>You can shop with confidence, because your satisfaction is our primary goal. Experience the joy of owning a unique piece of art that brings beauty and inspiration to your space.<\/p>\n<p>&nbsp;<\/p>\n<p>&nbsp;<\/p>","protected":false},"excerpt":{"rendered":"<p>Kodin sein\u00e4t voi koristaa kauniilla ja l\u00e4mpimill\u00e4 huovutust\u00f6ill\u00e4. Ellun tauluilla teid\u00e4n kotinne on l\u00e4mpim\u00e4mpi ja viihtyis\u00e4mpi.<\/p>\n<p>A truly stunning and unique wool board that will create a precious, cozy, and warm atmosphere in your home.<\/p>\n<p><span class=\"_5mfr\"><span class=\"_6qdm\">\ud83c\udfa8<\/span><\/span> Huovutettu kest\u00e4v\u00e4ll\u00e4 tekniikalla k\u00e4ytt\u00e4en neulahuovutusta.<\/p>","protected":false},"featured_media":26919,"comment_status":"closed","ping_status":"closed","template":"","meta":{"jetpack_post_was_ever_published":false,"jetpack_publicize_message":"","jetpack_publicize_feature_enabled":true,"jetpack_social_post_already_shared":true,"jetpack_social_options":{"image_generator_settings":{"template":"highway","default_image_id":0,"font":"","enabled":false},"version":2},"_wpas_customize_per_network":false},"product_brand":[],"product_cat":[604714667],"product_tag":[],"class_list":{"0":"post-26918","1":"product","2":"type-product","3":"status-publish","4":"has-post-thumbnail","6":"product_cat-valmiit_tuotteet","7":"product_shipping_class-kirje","9":"first","10":"outofstock","11":"taxable","12":"shipping-taxable","13":"purchasable","14":"product-type-simple"},"yoast_head":"<!-- This site is optimized with the Yoast SEO plugin v27.3 - https:\/\/yoast.com\/product\/yoast-seo-wordpress\/ -->\n<title>Villamaalaus &quot;Huipulla&quot; Mini Marvels: Circulair Creations -kokoelmasta (myyty) - Ellunhuopa %<\/title>\n<meta name=\"description\" content=\"Ei tarvitse esitt\u00e4\u00e4, suorittaa tai olla parempi. Pieni hiiri on k\u00e4pertynyt ker\u00e4lle, aivan omaan rauhaansa.Ehk\u00e4 h\u00e4n uneksii\u2026 tai ehk\u00e4 vain on.\" \/>\n<meta name=\"robots\" content=\"index, follow, max-snippet:-1, max-image-preview:large, max-video-preview:-1\" \/>\n<link rel=\"canonical\" href=\"https:\/\/ellunhuopa.com\/en\/product\/huipulla\/\" \/>\n<meta property=\"og:locale\" content=\"en_GB\" \/>\n<meta property=\"og:type\" content=\"article\" \/>\n<meta property=\"og:title\" content=\"Villamaalaus &quot;Huipulla&quot; Mini Marvels: Circulair Creations -kokoelmasta (myyty) - Ellunhuopa %\" \/>\n<meta property=\"og:description\" content=\"Ei tarvitse esitt\u00e4\u00e4, suorittaa tai olla parempi. Pieni hiiri on k\u00e4pertynyt ker\u00e4lle, aivan omaan rauhaansa.Ehk\u00e4 h\u00e4n uneksii\u2026 tai ehk\u00e4 vain on.\" \/>\n<meta property=\"og:url\" content=\"https:\/\/ellunhuopa.com\/en\/product\/huipulla\/\" \/>\n<meta property=\"og:site_name\" content=\"Ellunhuopa\" \/>\n<meta property=\"article:publisher\" content=\"https:\/\/www.facebook.com\/ellunhuopa\/?ref=bookmarks\" \/>\n<meta property=\"article:modified_time\" content=\"2025-11-17T09:11:19+00:00\" \/>\n<meta property=\"og:image\" content=\"https:\/\/ellunhuopa.com\/wp-content\/uploads\/2025\/08\/Picsart_25-08-06_20-47-04-635-500x500.jpg\" \/>\n\t<meta property=\"og:image:width\" content=\"500\" \/>\n\t<meta property=\"og:image:height\" content=\"500\" \/>\n\t<meta property=\"og:image:type\" content=\"image\/jpeg\" \/>\n<meta name=\"twitter:card\" content=\"summary_large_image\" \/>\n<meta name=\"twitter:label1\" content=\"Estimated reading time\" \/>\n\t<meta name=\"twitter:data1\" content=\"2 minutes\" \/>\n<script type=\"application\/ld+json\" class=\"yoast-schema-graph\">{\"@context\":\"https:\\\/\\\/schema.org\",\"@graph\":[{\"@type\":\"WebPage\",\"@id\":\"https:\\\/\\\/ellunhuopa.com\\\/tuote\\\/huipulla\\\/\",\"url\":\"https:\\\/\\\/ellunhuopa.com\\\/tuote\\\/huipulla\\\/\",\"name\":\"Villamaalaus \\\"Huipulla\\\" Mini Marvels: Circulair Creations -kokoelmasta (myyty) - Ellunhuopa %\",\"isPartOf\":{\"@id\":\"https:\\\/\\\/ellunhuopa.com\\\/#website\"},\"primaryImageOfPage\":{\"@id\":\"https:\\\/\\\/ellunhuopa.com\\\/tuote\\\/huipulla\\\/#primaryimage\"},\"image\":{\"@id\":\"https:\\\/\\\/ellunhuopa.com\\\/tuote\\\/huipulla\\\/#primaryimage\"},\"thumbnailUrl\":\"https:\\\/\\\/i0.wp.com\\\/ellunhuopa.com\\\/wp-content\\\/uploads\\\/2025\\\/08\\\/Picsart_25-08-06_20-47-04-635.jpg?fit=4095%2C4095&ssl=1\",\"datePublished\":\"2025-08-06T20:15:17+00:00\",\"dateModified\":\"2025-11-17T09:11:19+00:00\",\"description\":\"Ei tarvitse esitt\u00e4\u00e4, suorittaa tai olla parempi. Pieni hiiri on k\u00e4pertynyt ker\u00e4lle, aivan omaan rauhaansa.Ehk\u00e4 h\u00e4n uneksii\u2026 tai ehk\u00e4 vain on.\",\"breadcrumb\":{\"@id\":\"https:\\\/\\\/ellunhuopa.com\\\/tuote\\\/huipulla\\\/#breadcrumb\"},\"inLanguage\":\"en-GB\",\"potentialAction\":[{\"@type\":\"ReadAction\",\"target\":[\"https:\\\/\\\/ellunhuopa.com\\\/tuote\\\/huipulla\\\/\"]}]},{\"@type\":\"ImageObject\",\"inLanguage\":\"en-GB\",\"@id\":\"https:\\\/\\\/ellunhuopa.com\\\/tuote\\\/huipulla\\\/#primaryimage\",\"url\":\"https:\\\/\\\/i0.wp.com\\\/ellunhuopa.com\\\/wp-content\\\/uploads\\\/2025\\\/08\\\/Picsart_25-08-06_20-47-04-635.jpg?fit=4095%2C4095&ssl=1\",\"contentUrl\":\"https:\\\/\\\/i0.wp.com\\\/ellunhuopa.com\\\/wp-content\\\/uploads\\\/2025\\\/08\\\/Picsart_25-08-06_20-47-04-635.jpg?fit=4095%2C4095&ssl=1\",\"width\":4095,\"height\":4095},{\"@type\":\"BreadcrumbList\",\"@id\":\"https:\\\/\\\/ellunhuopa.com\\\/tuote\\\/huipulla\\\/#breadcrumb\",\"itemListElement\":[{\"@type\":\"ListItem\",\"position\":1,\"name\":\"Home\",\"item\":\"https:\\\/\\\/ellunhuopa.com\\\/\"},{\"@type\":\"ListItem\",\"position\":2,\"name\":\"Puoti\",\"item\":\"https:\\\/\\\/ellunhuopa.com\\\/puoti\\\/\"},{\"@type\":\"ListItem\",\"position\":3,\"name\":\"Villamaalaus &#8220;Huipulla&#8221; Mini Marvels: Circulair Creations -kokoelmasta (myyty)\"}]},{\"@type\":\"WebSite\",\"@id\":\"https:\\\/\\\/ellunhuopa.com\\\/#website\",\"url\":\"https:\\\/\\\/ellunhuopa.com\\\/\",\"name\":\"ELLU - Wool Art\",\"description\":\"Ellunhuopa - Elena Bondar\",\"publisher\":{\"@id\":\"https:\\\/\\\/ellunhuopa.com\\\/#organization\"},\"potentialAction\":[{\"@type\":\"SearchAction\",\"target\":{\"@type\":\"EntryPoint\",\"urlTemplate\":\"https:\\\/\\\/ellunhuopa.com\\\/?s={search_term_string}\"},\"query-input\":{\"@type\":\"PropertyValueSpecification\",\"valueRequired\":true,\"valueName\":\"search_term_string\"}}],\"inLanguage\":\"en-GB\"},{\"@type\":\"Organization\",\"@id\":\"https:\\\/\\\/ellunhuopa.com\\\/#organization\",\"name\":\"Ellunhuopa\",\"url\":\"https:\\\/\\\/ellunhuopa.com\\\/\",\"logo\":{\"@type\":\"ImageObject\",\"inLanguage\":\"en-GB\",\"@id\":\"https:\\\/\\\/ellunhuopa.com\\\/#\\\/schema\\\/logo\\\/image\\\/\",\"url\":\"https:\\\/\\\/ellunhuopa.com\\\/wp-content\\\/uploads\\\/2018\\\/02\\\/cropped-ellu_logo_ellunhuopa_netti.jpg\",\"contentUrl\":\"https:\\\/\\\/ellunhuopa.com\\\/wp-content\\\/uploads\\\/2018\\\/02\\\/cropped-ellu_logo_ellunhuopa_netti.jpg\",\"width\":348,\"height\":348,\"caption\":\"Ellunhuopa\"},\"image\":{\"@id\":\"https:\\\/\\\/ellunhuopa.com\\\/#\\\/schema\\\/logo\\\/image\\\/\"},\"sameAs\":[\"https:\\\/\\\/www.facebook.com\\\/ellunhuopa\\\/?ref=bookmarks\",\"https:\\\/\\\/www.instagram.com\\\/ellunhuopa\\\/\",\"https:\\\/\\\/www.youtube.com\\\/channel\\\/UCN8xrsHRIySLYr-66w-DUPg\"]}]}<\/script>\n<!-- \/ Yoast SEO plugin. -->","yoast_head_json":{"title":"Villamaalaus \"Huipulla\" Mini Marvels: Circulair Creations -kokoelmasta (myyty) - Ellunhuopa %","description":"Ei tarvitse esitt\u00e4\u00e4, suorittaa tai olla parempi. Pieni hiiri on k\u00e4pertynyt ker\u00e4lle, aivan omaan rauhaansa.Ehk\u00e4 h\u00e4n uneksii\u2026 tai ehk\u00e4 vain on.","robots":{"index":"index","follow":"follow","max-snippet":"max-snippet:-1","max-image-preview":"max-image-preview:large","max-video-preview":"max-video-preview:-1"},"canonical":"https:\/\/ellunhuopa.com\/en\/product\/huipulla\/","og_locale":"en_GB","og_type":"article","og_title":"Villamaalaus \"Huipulla\" Mini Marvels: Circulair Creations -kokoelmasta (myyty) - Ellunhuopa %","og_description":"Ei tarvitse esitt\u00e4\u00e4, suorittaa tai olla parempi. Pieni hiiri on k\u00e4pertynyt ker\u00e4lle, aivan omaan rauhaansa.Ehk\u00e4 h\u00e4n uneksii\u2026 tai ehk\u00e4 vain on.","og_url":"https:\/\/ellunhuopa.com\/en\/product\/huipulla\/","og_site_name":"Ellunhuopa","article_publisher":"https:\/\/www.facebook.com\/ellunhuopa\/?ref=bookmarks","article_modified_time":"2025-11-17T09:11:19+00:00","og_image":[{"width":500,"height":500,"url":"https:\/\/ellunhuopa.com\/wp-content\/uploads\/2025\/08\/Picsart_25-08-06_20-47-04-635-500x500.jpg","type":"image\/jpeg"}],"twitter_card":"summary_large_image","twitter_misc":{"Estimated reading time":"2 minutes"},"schema":{"@context":"https:\/\/schema.org","@graph":[{"@type":"WebPage","@id":"https:\/\/ellunhuopa.com\/tuote\/huipulla\/","url":"https:\/\/ellunhuopa.com\/tuote\/huipulla\/","name":"Villamaalaus \"Huipulla\" Mini Marvels: Circulair Creations -kokoelmasta (myyty) - Ellunhuopa %","isPartOf":{"@id":"https:\/\/ellunhuopa.com\/#website"},"primaryImageOfPage":{"@id":"https:\/\/ellunhuopa.com\/tuote\/huipulla\/#primaryimage"},"image":{"@id":"https:\/\/ellunhuopa.com\/tuote\/huipulla\/#primaryimage"},"thumbnailUrl":"https:\/\/i0.wp.com\/ellunhuopa.com\/wp-content\/uploads\/2025\/08\/Picsart_25-08-06_20-47-04-635.jpg?fit=4095%2C4095&ssl=1","datePublished":"2025-08-06T20:15:17+00:00","dateModified":"2025-11-17T09:11:19+00:00","description":"Ei tarvitse esitt\u00e4\u00e4, suorittaa tai olla parempi. Pieni hiiri on k\u00e4pertynyt ker\u00e4lle, aivan omaan rauhaansa.Ehk\u00e4 h\u00e4n uneksii\u2026 tai ehk\u00e4 vain on.","breadcrumb":{"@id":"https:\/\/ellunhuopa.com\/tuote\/huipulla\/#breadcrumb"},"inLanguage":"en-GB","potentialAction":[{"@type":"ReadAction","target":["https:\/\/ellunhuopa.com\/tuote\/huipulla\/"]}]},{"@type":"ImageObject","inLanguage":"en-GB","@id":"https:\/\/ellunhuopa.com\/tuote\/huipulla\/#primaryimage","url":"https:\/\/i0.wp.com\/ellunhuopa.com\/wp-content\/uploads\/2025\/08\/Picsart_25-08-06_20-47-04-635.jpg?fit=4095%2C4095&ssl=1","contentUrl":"https:\/\/i0.wp.com\/ellunhuopa.com\/wp-content\/uploads\/2025\/08\/Picsart_25-08-06_20-47-04-635.jpg?fit=4095%2C4095&ssl=1","width":4095,"height":4095},{"@type":"BreadcrumbList","@id":"https:\/\/ellunhuopa.com\/tuote\/huipulla\/#breadcrumb","itemListElement":[{"@type":"ListItem","position":1,"name":"Home","item":"https:\/\/ellunhuopa.com\/"},{"@type":"ListItem","position":2,"name":"Puoti","item":"https:\/\/ellunhuopa.com\/puoti\/"},{"@type":"ListItem","position":3,"name":"Villamaalaus &#8220;Huipulla&#8221; Mini Marvels: Circulair Creations -kokoelmasta (myyty)"}]},{"@type":"WebSite","@id":"https:\/\/ellunhuopa.com\/#website","url":"https:\/\/ellunhuopa.com\/","name":"ELLU - Wool Art","description":"Ellunhuopa - Elena Bondar","publisher":{"@id":"https:\/\/ellunhuopa.com\/#organization"},"potentialAction":[{"@type":"SearchAction","target":{"@type":"EntryPoint","urlTemplate":"https:\/\/ellunhuopa.com\/?s={search_term_string}"},"query-input":{"@type":"PropertyValueSpecification","valueRequired":true,"valueName":"search_term_string"}}],"inLanguage":"en-GB"},{"@type":"Organization","@id":"https:\/\/ellunhuopa.com\/#organization","name":"Woolrealm","url":"https:\/\/ellunhuopa.com\/","logo":{"@type":"ImageObject","inLanguage":"en-GB","@id":"https:\/\/ellunhuopa.com\/#\/schema\/logo\/image\/","url":"https:\/\/ellunhuopa.com\/wp-content\/uploads\/2018\/02\/cropped-ellu_logo_ellunhuopa_netti.jpg","contentUrl":"https:\/\/ellunhuopa.com\/wp-content\/uploads\/2018\/02\/cropped-ellu_logo_ellunhuopa_netti.jpg","width":348,"height":348,"caption":"Ellunhuopa"},"image":{"@id":"https:\/\/ellunhuopa.com\/#\/schema\/logo\/image\/"},"sameAs":["https:\/\/www.facebook.com\/ellunhuopa\/?ref=bookmarks","https:\/\/www.instagram.com\/ellunhuopa\/","https:\/\/www.youtube.com\/channel\/UCN8xrsHRIySLYr-66w-DUPg"]}]}},"jetpack_publicize_connections":[],"jetpack_sharing_enabled":true,"jetpack_likes_enabled":false,"jetpack-related-posts":[{"id":26875,"url":"https:\/\/ellunhuopa.com\/en\/product\/mini-marvels-poro\/","url_meta":{"origin":26918,"position":0},"title":"Wool painting \u201dReindeer\u201d from the Mini Marvels: Circulair Creations collection (sold)","author":"Elena Bondar","date":"August 6, 2025","format":false,"excerpt":"You can decorate the walls of your home with beautiful and warm felting. With Ellu wallpapers, your home will be warmer and more cosy. A truly stunning and unique wool table that will create a precious, seductive, and warm atmosphere in your home. \ud83c\udfa8 Felted with a durable technique using needle felting.","rel":"","context":"Similar post","block_context":{"text":"Similar post","link":""},"img":{"alt_text":"","src":"https:\/\/i0.wp.com\/ellunhuopa.com\/wp-content\/uploads\/2025\/08\/Picsart_25-08-06_18-55-25-656.jpg?fit=1200%2C1200&ssl=1&resize=350%2C200","width":350,"height":200,"srcset":"https:\/\/i0.wp.com\/ellunhuopa.com\/wp-content\/uploads\/2025\/08\/Picsart_25-08-06_18-55-25-656.jpg?fit=1200%2C1200&ssl=1&resize=350%2C200 1x, https:\/\/i0.wp.com\/ellunhuopa.com\/wp-content\/uploads\/2025\/08\/Picsart_25-08-06_18-55-25-656.jpg?fit=1200%2C1200&ssl=1&resize=525%2C300 1.5x, https:\/\/i0.wp.com\/ellunhuopa.com\/wp-content\/uploads\/2025\/08\/Picsart_25-08-06_18-55-25-656.jpg?fit=1200%2C1200&ssl=1&resize=700%2C400 2x, https:\/\/i0.wp.com\/ellunhuopa.com\/wp-content\/uploads\/2025\/08\/Picsart_25-08-06_18-55-25-656.jpg?fit=1200%2C1200&ssl=1&resize=1050%2C600 3x"},"classes":[]},{"id":26318,"url":"https:\/\/ellunhuopa.com\/en\/product\/villamaalaus-rakkaus-joka-kantaa-mini-marvels-circulair-creations-kokoelmasta\/","url_meta":{"origin":26918,"position":1},"title":"Wool painting \u201dIn this moment\u201d from Mini Marvels: Circulair Creations collection (sold)","author":"Elena Bondar","date":"May 1, 2025","format":false,"excerpt":"You can decorate the walls of your home with beautiful and warm felting. With Ellu wallpapers, your home will be warmer and more cosy. A truly stunning and unique wool table that will create a precious, seductive, and warm atmosphere in your home. \ud83c\udfa8 Felted with a durable technique using needle felting.","rel":"","context":"Similar post","block_context":{"text":"Similar post","link":""},"img":{"alt_text":"","src":"https:\/\/i0.wp.com\/ellunhuopa.com\/wp-content\/uploads\/2025\/05\/Picsart_25-05-01_15-31-21-033.jpg?fit=1200%2C1200&ssl=1&resize=350%2C200","width":350,"height":200,"srcset":"https:\/\/i0.wp.com\/ellunhuopa.com\/wp-content\/uploads\/2025\/05\/Picsart_25-05-01_15-31-21-033.jpg?fit=1200%2C1200&ssl=1&resize=350%2C200 1x, https:\/\/i0.wp.com\/ellunhuopa.com\/wp-content\/uploads\/2025\/05\/Picsart_25-05-01_15-31-21-033.jpg?fit=1200%2C1200&ssl=1&resize=525%2C300 1.5x, https:\/\/i0.wp.com\/ellunhuopa.com\/wp-content\/uploads\/2025\/05\/Picsart_25-05-01_15-31-21-033.jpg?fit=1200%2C1200&ssl=1&resize=700%2C400 2x, https:\/\/i0.wp.com\/ellunhuopa.com\/wp-content\/uploads\/2025\/05\/Picsart_25-05-01_15-31-21-033.jpg?fit=1200%2C1200&ssl=1&resize=1050%2C600 3x"},"classes":[]},{"id":26473,"url":"https:\/\/ellunhuopa.com\/en\/product\/villamaalaus-siivet-hiljaisuudessa-mini-marvels-circulair-creations-kokoelmasta\/","url_meta":{"origin":26918,"position":2},"title":"Wool painting \u201dWings in Silence\u201d from Mini Marvels: Circulair Creations collection (sold)","author":"Elena Bondar","date":"May 19, 2025","format":false,"excerpt":"You can decorate the walls of your home with beautiful and warm felting. With Ellu wallpapers, your home will be warmer and more cosy. A truly stunning and unique wool table that will create a precious, seductive, and warm atmosphere in your home. \ud83c\udfa8 Felted with a durable technique using needle felting.","rel":"","context":"Similar post","block_context":{"text":"Similar post","link":""},"img":{"alt_text":"","src":"https:\/\/i0.wp.com\/ellunhuopa.com\/wp-content\/uploads\/2025\/05\/Title-1.jpg?fit=1200%2C1200&ssl=1&resize=350%2C200","width":350,"height":200,"srcset":"https:\/\/i0.wp.com\/ellunhuopa.com\/wp-content\/uploads\/2025\/05\/Title-1.jpg?fit=1200%2C1200&ssl=1&resize=350%2C200 1x, https:\/\/i0.wp.com\/ellunhuopa.com\/wp-content\/uploads\/2025\/05\/Title-1.jpg?fit=1200%2C1200&ssl=1&resize=525%2C300 1.5x, https:\/\/i0.wp.com\/ellunhuopa.com\/wp-content\/uploads\/2025\/05\/Title-1.jpg?fit=1200%2C1200&ssl=1&resize=700%2C400 2x, https:\/\/i0.wp.com\/ellunhuopa.com\/wp-content\/uploads\/2025\/05\/Title-1.jpg?fit=1200%2C1200&ssl=1&resize=1050%2C600 3x"},"classes":[]},{"id":23888,"url":"https:\/\/ellunhuopa.com\/en\/product\/villamaalaus-unien-suojelija-mini-marvels-circulair-creations-kokoelmasta\/","url_meta":{"origin":26918,"position":3},"title":"Wool painting \u201dGuardian of Dreams\u201d from Mini Marvels: Circulair Creations collection (sold)","author":"Elena Bondar","date":"August 12, 2024","format":false,"excerpt":"You can decorate the walls of your home with beautiful and warm felting. With Ellu wallpapers, your home will be warmer and more cosy. A truly stunning and unique wool table that will create a precious, seductive, and warm atmosphere in your home. \ud83c\udfa8 Felted with a durable technique using needle felting.","rel":"","context":"Similar post","block_context":{"text":"Similar post","link":""},"img":{"alt_text":"","src":"https:\/\/i0.wp.com\/ellunhuopa.com\/wp-content\/uploads\/2024\/08\/1723450327742.png?fit=1200%2C1198&ssl=1&resize=350%2C200","width":350,"height":200,"srcset":"https:\/\/i0.wp.com\/ellunhuopa.com\/wp-content\/uploads\/2024\/08\/1723450327742.png?fit=1200%2C1198&ssl=1&resize=350%2C200 1x, https:\/\/i0.wp.com\/ellunhuopa.com\/wp-content\/uploads\/2024\/08\/1723450327742.png?fit=1200%2C1198&ssl=1&resize=525%2C300 1.5x, https:\/\/i0.wp.com\/ellunhuopa.com\/wp-content\/uploads\/2024\/08\/1723450327742.png?fit=1200%2C1198&ssl=1&resize=700%2C400 2x, https:\/\/i0.wp.com\/ellunhuopa.com\/wp-content\/uploads\/2024\/08\/1723450327742.png?fit=1200%2C1198&ssl=1&resize=1050%2C600 3x"},"classes":[]},{"id":24043,"url":"https:\/\/ellunhuopa.com\/en\/product\/villamaalaus-toivo-mini-marvels-circulair-creations-kokoelmasta\/","url_meta":{"origin":26918,"position":4},"title":"Wool painting \u201dHope\u201d from Mini Marvels: Circulair Creations collection (sold)","author":"Elena Bondar","date":"September 3, 2024","format":false,"excerpt":"You can decorate the walls of your home with beautiful and warm felting. With Ellu wallpapers, your home will be warmer and more cosy. A truly stunning and unique wool table that will create a precious, seductive, and warm atmosphere in your home. \ud83c\udfa8 Felted with a durable technique using needle felting.","rel":"","context":"Similar post","block_context":{"text":"Similar post","link":""},"img":{"alt_text":"","src":"https:\/\/i0.wp.com\/ellunhuopa.com\/wp-content\/uploads\/2024\/09\/Blue-Ocean-Photo-Summer-Instagram-Post.jpg?fit=1080%2C1080&ssl=1&resize=350%2C200","width":350,"height":200,"srcset":"https:\/\/i0.wp.com\/ellunhuopa.com\/wp-content\/uploads\/2024\/09\/Blue-Ocean-Photo-Summer-Instagram-Post.jpg?fit=1080%2C1080&ssl=1&resize=350%2C200 1x, https:\/\/i0.wp.com\/ellunhuopa.com\/wp-content\/uploads\/2024\/09\/Blue-Ocean-Photo-Summer-Instagram-Post.jpg?fit=1080%2C1080&ssl=1&resize=525%2C300 1.5x, https:\/\/i0.wp.com\/ellunhuopa.com\/wp-content\/uploads\/2024\/09\/Blue-Ocean-Photo-Summer-Instagram-Post.jpg?fit=1080%2C1080&ssl=1&resize=700%2C400 2x, https:\/\/i0.wp.com\/ellunhuopa.com\/wp-content\/uploads\/2024\/09\/Blue-Ocean-Photo-Summer-Instagram-Post.jpg?fit=1080%2C1080&ssl=1&resize=1050%2C600 3x"},"classes":[]},{"id":26701,"url":"https:\/\/ellunhuopa.com\/en\/product\/villamaalaus-kun-kaikki-on-hyvin-mini-marvels-circulair-creations-kokoelmasta\/","url_meta":{"origin":26918,"position":5},"title":"Wool painting \u201dWhen all is well\u201d from Mini Marvels: Circulair Creations collection (sold)","author":"Elena Bondar","date":"June 29, 2025","format":false,"excerpt":"You can decorate the walls of your home with beautiful and warm felting. With Ellu wallpapers, your home will be warmer and more cosy. A truly stunning and unique wool table that will create a precious, seductive, and warm atmosphere in your home. \ud83c\udfa8 Felted with a durable technique using needle felting.","rel":"","context":"Similar post","block_context":{"text":"Similar post","link":""},"img":{"alt_text":"","src":"https:\/\/i0.wp.com\/ellunhuopa.com\/wp-content\/uploads\/2025\/06\/Picsart_25-06-11_09-29-50-306.jpg?fit=1200%2C1200&ssl=1&resize=350%2C200","width":350,"height":200,"srcset":"https:\/\/i0.wp.com\/ellunhuopa.com\/wp-content\/uploads\/2025\/06\/Picsart_25-06-11_09-29-50-306.jpg?fit=1200%2C1200&ssl=1&resize=350%2C200 1x, https:\/\/i0.wp.com\/ellunhuopa.com\/wp-content\/uploads\/2025\/06\/Picsart_25-06-11_09-29-50-306.jpg?fit=1200%2C1200&ssl=1&resize=525%2C300 1.5x, https:\/\/i0.wp.com\/ellunhuopa.com\/wp-content\/uploads\/2025\/06\/Picsart_25-06-11_09-29-50-306.jpg?fit=1200%2C1200&ssl=1&resize=700%2C400 2x, https:\/\/i0.wp.com\/ellunhuopa.com\/wp-content\/uploads\/2025\/06\/Picsart_25-06-11_09-29-50-306.jpg?fit=1200%2C1200&ssl=1&resize=1050%2C600 3x"},"classes":[]}],"_links":{"self":[{"href":"https:\/\/ellunhuopa.com\/en\/wp-json\/wp\/v2\/product\/26918","targetHints":{"allow":["GET"]}}],"collection":[{"href":"https:\/\/ellunhuopa.com\/en\/wp-json\/wp\/v2\/product"}],"about":[{"href":"https:\/\/ellunhuopa.com\/en\/wp-json\/wp\/v2\/types\/product"}],"replies":[{"embeddable":true,"href":"https:\/\/ellunhuopa.com\/en\/wp-json\/wp\/v2\/comments?post=26918"}],"wp:featuredmedia":[{"embeddable":true,"href":"https:\/\/ellunhuopa.com\/en\/wp-json\/wp\/v2\/media\/26919"}],"wp:attachment":[{"href":"https:\/\/ellunhuopa.com\/en\/wp-json\/wp\/v2\/media?parent=26918"}],"wp:term":[{"taxonomy":"product_brand","embeddable":true,"href":"https:\/\/ellunhuopa.com\/en\/wp-json\/wp\/v2\/product_brand?post=26918"},{"taxonomy":"product_cat","embeddable":true,"href":"https:\/\/ellunhuopa.com\/en\/wp-json\/wp\/v2\/product_cat?post=26918"},{"taxonomy":"product_tag","embeddable":true,"href":"https:\/\/ellunhuopa.com\/en\/wp-json\/wp\/v2\/product_tag?post=26918"}],"curies":[{"name":"wp","href":"https:\/\/api.w.org\/{rel}","templated":true}]}}