{"id":8214,"date":"2018-03-01T20:44:07","date_gmt":"2018-03-01T18:44:07","guid":{"rendered":"https:\/\/ellunhuopa.com\/?post_type=product&#038;p=8214"},"modified":"2025-03-24T07:32:54","modified_gmt":"2025-03-24T05:32:54","slug":"neulahuovutuksen-aloituspakkaus","status":"publish","type":"product","link":"https:\/\/ellunhuopa.com\/en\/product\/neulahuovutuksen-aloituspakkaus\/","title":{"rendered":"Needle Felt Starter Kit"},"content":{"rendered":"<h4>The package includes: 3 lovely felt colours x 10gr, (tell us your wish in the message), 3 different shaped stencils (flower, star, heart), white craft felt 200mm x 200mm x 1mm x 3pcs, felting pad and felting needle 2pcs.<\/h4>\n<p><strong><a href=\"https:\/\/ellunhuopa.com\/en\/portfolio\/neulahuovutus-sydan-huovasta\/\" target=\"_blank\" rel=\"noopener\">See how to make your own wool heart &gt;&gt; <\/a>\u00a0<\/strong><\/p>\n<h4><strong><a href=\"https:\/\/ellunhuopa.com\/en\/askarteluvinkki\/\" target=\"_blank\" rel=\"noopener noreferrer\">See other crafting tips &gt;&gt;<\/a><\/strong><\/h4>","protected":false},"excerpt":{"rendered":"<h4>The needle felting starter kit contains everything you need to start a felting hobby.<\/h4>","protected":false},"featured_media":21578,"comment_status":"open","ping_status":"closed","template":"","meta":{"jetpack_publicize_message":"","jetpack_publicize_feature_enabled":true,"jetpack_social_post_already_shared":true,"jetpack_social_options":{"image_generator_settings":{"template":"highway","default_image_id":0,"font":"","enabled":false},"version":2},"_wpas_customize_per_network":false},"product_brand":[],"product_cat":[604714608],"product_tag":[604714610,604714631,604714637],"class_list":{"0":"post-8214","1":"product","2":"type-product","3":"status-publish","4":"has-post-thumbnail","6":"product_cat-tarvikkeet","7":"product_tag-huovutus","8":"product_tag-neulahuovutus","9":"product_tag-tarvikkeet","10":"product_shipping_class-paketti","12":"first","13":"instock","14":"taxable","15":"shipping-taxable","16":"purchasable","17":"product-type-simple"},"yoast_head":"<!-- This site is optimized with the Yoast SEO plugin v27.4 - https:\/\/yoast.com\/product\/yoast-seo-wordpress\/ -->\n<title>Neulahuovutuksen aloituspakkaus. Askartelupaketti huovutus<\/title>\n<meta name=\"robots\" content=\"index, follow, max-snippet:-1, max-image-preview:large, max-video-preview:-1\" \/>\n<link rel=\"canonical\" href=\"https:\/\/ellunhuopa.com\/en\/product\/neulahuovutuksen-aloituspakkaus\/\" \/>\n<meta property=\"og:locale\" content=\"en_GB\" \/>\n<meta property=\"og:type\" content=\"article\" \/>\n<meta property=\"og:title\" content=\"Neulahuovutuksen aloituspakkaus. Askartelupaketti huovutus\" \/>\n<meta property=\"og:description\" content=\"Neulahuovutuksen\u00a0aloituspakkaus sis\u00e4lt\u00e4\u00e4 kaiken mit\u00e4 tarvitset huovutusharrastuksen\u00a0aloittamiseen.\" \/>\n<meta property=\"og:url\" content=\"https:\/\/ellunhuopa.com\/en\/product\/neulahuovutuksen-aloituspakkaus\/\" \/>\n<meta property=\"og:site_name\" content=\"Ellunhuopa\" \/>\n<meta property=\"article:publisher\" content=\"https:\/\/www.facebook.com\/ellunhuopa\/?ref=bookmarks\" \/>\n<meta property=\"article:modified_time\" content=\"2025-03-24T05:32:54+00:00\" \/>\n<meta property=\"og:image\" content=\"https:\/\/ellunhuopa.com\/wp-content\/uploads\/2018\/03\/e202f86a-7815-4d85-8606-b4f8cc589782-e1673259510509.jpeg\" \/>\n\t<meta property=\"og:image:width\" content=\"1200\" \/>\n\t<meta property=\"og:image:height\" content=\"1200\" \/>\n\t<meta property=\"og:image:type\" content=\"image\/jpeg\" \/>\n<meta name=\"twitter:card\" content=\"summary_large_image\" \/>\n<script type=\"application\/ld+json\" class=\"yoast-schema-graph\">{\"@context\":\"https:\\\/\\\/schema.org\",\"@graph\":[{\"@type\":\"WebPage\",\"@id\":\"https:\\\/\\\/ellunhuopa.com\\\/tuote\\\/neulahuovutuksen-aloituspakkaus\\\/\",\"url\":\"https:\\\/\\\/ellunhuopa.com\\\/tuote\\\/neulahuovutuksen-aloituspakkaus\\\/\",\"name\":\"Neulahuovutuksen aloituspakkaus. Askartelupaketti huovutus\",\"isPartOf\":{\"@id\":\"https:\\\/\\\/ellunhuopa.com\\\/#website\"},\"primaryImageOfPage\":{\"@id\":\"https:\\\/\\\/ellunhuopa.com\\\/tuote\\\/neulahuovutuksen-aloituspakkaus\\\/#primaryimage\"},\"image\":{\"@id\":\"https:\\\/\\\/ellunhuopa.com\\\/tuote\\\/neulahuovutuksen-aloituspakkaus\\\/#primaryimage\"},\"thumbnailUrl\":\"https:\\\/\\\/i0.wp.com\\\/ellunhuopa.com\\\/wp-content\\\/uploads\\\/2018\\\/03\\\/e202f86a-7815-4d85-8606-b4f8cc589782-e1673259510509.jpeg?fit=1200%2C1200&ssl=1\",\"datePublished\":\"2018-03-01T18:44:07+00:00\",\"dateModified\":\"2025-03-24T05:32:54+00:00\",\"breadcrumb\":{\"@id\":\"https:\\\/\\\/ellunhuopa.com\\\/tuote\\\/neulahuovutuksen-aloituspakkaus\\\/#breadcrumb\"},\"inLanguage\":\"en-GB\",\"potentialAction\":[{\"@type\":\"ReadAction\",\"target\":[\"https:\\\/\\\/ellunhuopa.com\\\/tuote\\\/neulahuovutuksen-aloituspakkaus\\\/\"]}]},{\"@type\":\"ImageObject\",\"inLanguage\":\"en-GB\",\"@id\":\"https:\\\/\\\/ellunhuopa.com\\\/tuote\\\/neulahuovutuksen-aloituspakkaus\\\/#primaryimage\",\"url\":\"https:\\\/\\\/i0.wp.com\\\/ellunhuopa.com\\\/wp-content\\\/uploads\\\/2018\\\/03\\\/e202f86a-7815-4d85-8606-b4f8cc589782-e1673259510509.jpeg?fit=1200%2C1200&ssl=1\",\"contentUrl\":\"https:\\\/\\\/i0.wp.com\\\/ellunhuopa.com\\\/wp-content\\\/uploads\\\/2018\\\/03\\\/e202f86a-7815-4d85-8606-b4f8cc589782-e1673259510509.jpeg?fit=1200%2C1200&ssl=1\",\"width\":1200,\"height\":1200},{\"@type\":\"BreadcrumbList\",\"@id\":\"https:\\\/\\\/ellunhuopa.com\\\/tuote\\\/neulahuovutuksen-aloituspakkaus\\\/#breadcrumb\",\"itemListElement\":[{\"@type\":\"ListItem\",\"position\":1,\"name\":\"Home\",\"item\":\"https:\\\/\\\/ellunhuopa.com\\\/\"},{\"@type\":\"ListItem\",\"position\":2,\"name\":\"Puoti\",\"item\":\"https:\\\/\\\/ellunhuopa.com\\\/puoti\\\/\"},{\"@type\":\"ListItem\",\"position\":3,\"name\":\"Neulahuovutuksen Aloituspakkaus\"}]},{\"@type\":\"WebSite\",\"@id\":\"https:\\\/\\\/ellunhuopa.com\\\/#website\",\"url\":\"https:\\\/\\\/ellunhuopa.com\\\/\",\"name\":\"ELLU - Wool Art\",\"description\":\"Ellunhuopa - Elena Bondar\",\"publisher\":{\"@id\":\"https:\\\/\\\/ellunhuopa.com\\\/#organization\"},\"potentialAction\":[{\"@type\":\"SearchAction\",\"target\":{\"@type\":\"EntryPoint\",\"urlTemplate\":\"https:\\\/\\\/ellunhuopa.com\\\/?s={search_term_string}\"},\"query-input\":{\"@type\":\"PropertyValueSpecification\",\"valueRequired\":true,\"valueName\":\"search_term_string\"}}],\"inLanguage\":\"en-GB\"},{\"@type\":\"Organization\",\"@id\":\"https:\\\/\\\/ellunhuopa.com\\\/#organization\",\"name\":\"Ellunhuopa\",\"url\":\"https:\\\/\\\/ellunhuopa.com\\\/\",\"logo\":{\"@type\":\"ImageObject\",\"inLanguage\":\"en-GB\",\"@id\":\"https:\\\/\\\/ellunhuopa.com\\\/#\\\/schema\\\/logo\\\/image\\\/\",\"url\":\"https:\\\/\\\/ellunhuopa.com\\\/wp-content\\\/uploads\\\/2018\\\/02\\\/cropped-ellu_logo_ellunhuopa_netti.jpg\",\"contentUrl\":\"https:\\\/\\\/ellunhuopa.com\\\/wp-content\\\/uploads\\\/2018\\\/02\\\/cropped-ellu_logo_ellunhuopa_netti.jpg\",\"width\":348,\"height\":348,\"caption\":\"Ellunhuopa\"},\"image\":{\"@id\":\"https:\\\/\\\/ellunhuopa.com\\\/#\\\/schema\\\/logo\\\/image\\\/\"},\"sameAs\":[\"https:\\\/\\\/www.facebook.com\\\/ellunhuopa\\\/?ref=bookmarks\",\"https:\\\/\\\/www.instagram.com\\\/ellunhuopa\\\/\",\"https:\\\/\\\/www.youtube.com\\\/channel\\\/UCN8xrsHRIySLYr-66w-DUPg\"]}]}<\/script>\n<!-- \/ Yoast SEO plugin. -->","yoast_head_json":{"title":"Needle donation starter kit. Felting starter kit","robots":{"index":"index","follow":"follow","max-snippet":"max-snippet:-1","max-image-preview":"max-image-preview:large","max-video-preview":"max-video-preview:-1"},"canonical":"https:\/\/ellunhuopa.com\/en\/product\/neulahuovutuksen-aloituspakkaus\/","og_locale":"en_GB","og_type":"article","og_title":"Neulahuovutuksen aloituspakkaus. Askartelupaketti huovutus","og_description":"Neulahuovutuksen\u00a0aloituspakkaus sis\u00e4lt\u00e4\u00e4 kaiken mit\u00e4 tarvitset huovutusharrastuksen\u00a0aloittamiseen.","og_url":"https:\/\/ellunhuopa.com\/en\/product\/neulahuovutuksen-aloituspakkaus\/","og_site_name":"Ellunhuopa","article_publisher":"https:\/\/www.facebook.com\/ellunhuopa\/?ref=bookmarks","article_modified_time":"2025-03-24T05:32:54+00:00","og_image":[{"width":1200,"height":1200,"url":"https:\/\/ellunhuopa.com\/wp-content\/uploads\/2018\/03\/e202f86a-7815-4d85-8606-b4f8cc589782-e1673259510509.jpeg","type":"image\/jpeg"}],"twitter_card":"summary_large_image","schema":{"@context":"https:\/\/schema.org","@graph":[{"@type":"WebPage","@id":"https:\/\/ellunhuopa.com\/tuote\/neulahuovutuksen-aloituspakkaus\/","url":"https:\/\/ellunhuopa.com\/tuote\/neulahuovutuksen-aloituspakkaus\/","name":"Needle donation starter kit. Felting starter kit","isPartOf":{"@id":"https:\/\/ellunhuopa.com\/#website"},"primaryImageOfPage":{"@id":"https:\/\/ellunhuopa.com\/tuote\/neulahuovutuksen-aloituspakkaus\/#primaryimage"},"image":{"@id":"https:\/\/ellunhuopa.com\/tuote\/neulahuovutuksen-aloituspakkaus\/#primaryimage"},"thumbnailUrl":"https:\/\/i0.wp.com\/ellunhuopa.com\/wp-content\/uploads\/2018\/03\/e202f86a-7815-4d85-8606-b4f8cc589782-e1673259510509.jpeg?fit=1200%2C1200&ssl=1","datePublished":"2018-03-01T18:44:07+00:00","dateModified":"2025-03-24T05:32:54+00:00","breadcrumb":{"@id":"https:\/\/ellunhuopa.com\/tuote\/neulahuovutuksen-aloituspakkaus\/#breadcrumb"},"inLanguage":"en-GB","potentialAction":[{"@type":"ReadAction","target":["https:\/\/ellunhuopa.com\/tuote\/neulahuovutuksen-aloituspakkaus\/"]}]},{"@type":"ImageObject","inLanguage":"en-GB","@id":"https:\/\/ellunhuopa.com\/tuote\/neulahuovutuksen-aloituspakkaus\/#primaryimage","url":"https:\/\/i0.wp.com\/ellunhuopa.com\/wp-content\/uploads\/2018\/03\/e202f86a-7815-4d85-8606-b4f8cc589782-e1673259510509.jpeg?fit=1200%2C1200&ssl=1","contentUrl":"https:\/\/i0.wp.com\/ellunhuopa.com\/wp-content\/uploads\/2018\/03\/e202f86a-7815-4d85-8606-b4f8cc589782-e1673259510509.jpeg?fit=1200%2C1200&ssl=1","width":1200,"height":1200},{"@type":"BreadcrumbList","@id":"https:\/\/ellunhuopa.com\/tuote\/neulahuovutuksen-aloituspakkaus\/#breadcrumb","itemListElement":[{"@type":"ListItem","position":1,"name":"Home","item":"https:\/\/ellunhuopa.com\/"},{"@type":"ListItem","position":2,"name":"Puoti","item":"https:\/\/ellunhuopa.com\/puoti\/"},{"@type":"ListItem","position":3,"name":"Neulahuovutuksen Aloituspakkaus"}]},{"@type":"WebSite","@id":"https:\/\/ellunhuopa.com\/#website","url":"https:\/\/ellunhuopa.com\/","name":"ELLU - Wool Art","description":"Ellunhuopa - Elena Bondar","publisher":{"@id":"https:\/\/ellunhuopa.com\/#organization"},"potentialAction":[{"@type":"SearchAction","target":{"@type":"EntryPoint","urlTemplate":"https:\/\/ellunhuopa.com\/?s={search_term_string}"},"query-input":{"@type":"PropertyValueSpecification","valueRequired":true,"valueName":"search_term_string"}}],"inLanguage":"en-GB"},{"@type":"Organization","@id":"https:\/\/ellunhuopa.com\/#organization","name":"Woolrealm","url":"https:\/\/ellunhuopa.com\/","logo":{"@type":"ImageObject","inLanguage":"en-GB","@id":"https:\/\/ellunhuopa.com\/#\/schema\/logo\/image\/","url":"https:\/\/ellunhuopa.com\/wp-content\/uploads\/2018\/02\/cropped-ellu_logo_ellunhuopa_netti.jpg","contentUrl":"https:\/\/ellunhuopa.com\/wp-content\/uploads\/2018\/02\/cropped-ellu_logo_ellunhuopa_netti.jpg","width":348,"height":348,"caption":"Ellunhuopa"},"image":{"@id":"https:\/\/ellunhuopa.com\/#\/schema\/logo\/image\/"},"sameAs":["https:\/\/www.facebook.com\/ellunhuopa\/?ref=bookmarks","https:\/\/www.instagram.com\/ellunhuopa\/","https:\/\/www.youtube.com\/channel\/UCN8xrsHRIySLYr-66w-DUPg"]}]}},"jetpack_publicize_connections":[],"jetpack_sharing_enabled":true,"jetpack_likes_enabled":false,"jetpack-related-posts":[{"id":26335,"url":"https:\/\/ellunhuopa.com\/en\/product\/sinua-varten\/","url_meta":{"origin":8214,"position":0},"title":"Wool painting \u201dFor You\u201d from Mini Marvels: Circulair Creations collection (sold)","author":"Elena Bondar","date":"May 2, 2025","format":false,"excerpt":"You can decorate the walls of your home with beautiful and warm felting. With Ellu wallpapers, your home will be warmer and more cosy. A truly stunning and unique wool table that will create a precious, seductive, and warm atmosphere in your home. \ud83c\udfa8 Felted with a durable technique using needle felting.","rel":"","context":"Similar post","block_context":{"text":"Similar post","link":""},"img":{"alt_text":"","src":"https:\/\/i0.wp.com\/ellunhuopa.com\/wp-content\/uploads\/2025\/05\/Picsart_25-05-02_13-32-40-641.jpg?fit=1200%2C1200&ssl=1&resize=350%2C200","width":350,"height":200,"srcset":"https:\/\/i0.wp.com\/ellunhuopa.com\/wp-content\/uploads\/2025\/05\/Picsart_25-05-02_13-32-40-641.jpg?fit=1200%2C1200&ssl=1&resize=350%2C200 1x, https:\/\/i0.wp.com\/ellunhuopa.com\/wp-content\/uploads\/2025\/05\/Picsart_25-05-02_13-32-40-641.jpg?fit=1200%2C1200&ssl=1&resize=525%2C300 1.5x, https:\/\/i0.wp.com\/ellunhuopa.com\/wp-content\/uploads\/2025\/05\/Picsart_25-05-02_13-32-40-641.jpg?fit=1200%2C1200&ssl=1&resize=700%2C400 2x, https:\/\/i0.wp.com\/ellunhuopa.com\/wp-content\/uploads\/2025\/05\/Picsart_25-05-02_13-32-40-641.jpg?fit=1200%2C1200&ssl=1&resize=1050%2C600 3x"},"classes":[]},{"id":24043,"url":"https:\/\/ellunhuopa.com\/en\/product\/villamaalaus-toivo-mini-marvels-circulair-creations-kokoelmasta\/","url_meta":{"origin":8214,"position":1},"title":"Wool painting \u201dHope\u201d from Mini Marvels: Circulair Creations collection (sold)","author":"Elena Bondar","date":"September 3, 2024","format":false,"excerpt":"You can decorate the walls of your home with beautiful and warm felting. With Ellu wallpapers, your home will be warmer and more cosy. A truly stunning and unique wool table that will create a precious, seductive, and warm atmosphere in your home. \ud83c\udfa8 Felted with a durable technique using needle felting.","rel":"","context":"Similar post","block_context":{"text":"Similar post","link":""},"img":{"alt_text":"","src":"https:\/\/i0.wp.com\/ellunhuopa.com\/wp-content\/uploads\/2024\/09\/Blue-Ocean-Photo-Summer-Instagram-Post.jpg?fit=1080%2C1080&ssl=1&resize=350%2C200","width":350,"height":200,"srcset":"https:\/\/i0.wp.com\/ellunhuopa.com\/wp-content\/uploads\/2024\/09\/Blue-Ocean-Photo-Summer-Instagram-Post.jpg?fit=1080%2C1080&ssl=1&resize=350%2C200 1x, https:\/\/i0.wp.com\/ellunhuopa.com\/wp-content\/uploads\/2024\/09\/Blue-Ocean-Photo-Summer-Instagram-Post.jpg?fit=1080%2C1080&ssl=1&resize=525%2C300 1.5x, https:\/\/i0.wp.com\/ellunhuopa.com\/wp-content\/uploads\/2024\/09\/Blue-Ocean-Photo-Summer-Instagram-Post.jpg?fit=1080%2C1080&ssl=1&resize=700%2C400 2x, https:\/\/i0.wp.com\/ellunhuopa.com\/wp-content\/uploads\/2024\/09\/Blue-Ocean-Photo-Summer-Instagram-Post.jpg?fit=1080%2C1080&ssl=1&resize=1050%2C600 3x"},"classes":[]},{"id":26133,"url":"https:\/\/ellunhuopa.com\/en\/product\/ratkaisu-loytyy-aina\/","url_meta":{"origin":8214,"position":2},"title":"Wool painting \u201dThere is always a solution\u201d from Mini Marvels: Circulair Creations collection (sold)","author":"Elena Bondar","date":"April 10, 2025","format":false,"excerpt":"You can decorate the walls of your home with beautiful and warm felting. With Ellu wallpapers, your home will be warmer and more cosy. A truly stunning and unique wool table that will create a precious, seductive, and warm atmosphere in your home. \ud83c\udfa8 Felted with a durable technique using needle felting.","rel":"","context":"Similar post","block_context":{"text":"Similar post","link":""},"img":{"alt_text":"","src":"https:\/\/i0.wp.com\/ellunhuopa.com\/wp-content\/uploads\/2025\/04\/Picsart_25-04-10_07-18-56-553.jpg?fit=1200%2C1200&ssl=1&resize=350%2C200","width":350,"height":200,"srcset":"https:\/\/i0.wp.com\/ellunhuopa.com\/wp-content\/uploads\/2025\/04\/Picsart_25-04-10_07-18-56-553.jpg?fit=1200%2C1200&ssl=1&resize=350%2C200 1x, https:\/\/i0.wp.com\/ellunhuopa.com\/wp-content\/uploads\/2025\/04\/Picsart_25-04-10_07-18-56-553.jpg?fit=1200%2C1200&ssl=1&resize=525%2C300 1.5x, https:\/\/i0.wp.com\/ellunhuopa.com\/wp-content\/uploads\/2025\/04\/Picsart_25-04-10_07-18-56-553.jpg?fit=1200%2C1200&ssl=1&resize=700%2C400 2x, https:\/\/i0.wp.com\/ellunhuopa.com\/wp-content\/uploads\/2025\/04\/Picsart_25-04-10_07-18-56-553.jpg?fit=1200%2C1200&ssl=1&resize=1050%2C600 3x"},"classes":[]},{"id":19343,"url":"https:\/\/ellunhuopa.com\/en\/product\/sisustustaulu-kilpikonna\/","url_meta":{"origin":8214,"position":3},"title":"Decoration board \u201dThe whole world is inside you\u201d (sold)","author":"Elena Bondar","date":"December 7, 2021","format":false,"excerpt":"The whole world inside you A truly unique wild tableau for your home, in a place worthy of it. This is a real eye-catcher that is sure to leave no one indifferent. It will stir the thoughts of all who see it and the soul of the painting is a landscape that anyone can immerse themselves in. This painting comes alive every time you look at it, it takes you and leads you exactly where you...","rel":"","context":"Similar post","block_context":{"text":"Similar post","link":""},"img":{"alt_text":"","src":"https:\/\/i0.wp.com\/ellunhuopa.com\/wp-content\/uploads\/2021\/12\/20211208_115216_0000.jpg?fit=1080%2C1080&ssl=1&resize=350%2C200","width":350,"height":200,"srcset":"https:\/\/i0.wp.com\/ellunhuopa.com\/wp-content\/uploads\/2021\/12\/20211208_115216_0000.jpg?fit=1080%2C1080&ssl=1&resize=350%2C200 1x, https:\/\/i0.wp.com\/ellunhuopa.com\/wp-content\/uploads\/2021\/12\/20211208_115216_0000.jpg?fit=1080%2C1080&ssl=1&resize=525%2C300 1.5x, https:\/\/i0.wp.com\/ellunhuopa.com\/wp-content\/uploads\/2021\/12\/20211208_115216_0000.jpg?fit=1080%2C1080&ssl=1&resize=700%2C400 2x, https:\/\/i0.wp.com\/ellunhuopa.com\/wp-content\/uploads\/2021\/12\/20211208_115216_0000.jpg?fit=1080%2C1080&ssl=1&resize=1050%2C600 3x"},"classes":[]},{"id":8712,"url":"https:\/\/ellunhuopa.com\/en\/product\/nostava-huovutusneula\/","url_meta":{"origin":8214,"position":4},"title":"Lifting felting needle 1pc","author":"Elena Bondar","date":"April 30, 2018","format":false,"excerpt":"A special knitting needle that lifts wool fibres to the surface. It works in the opposite way to a normal felting needle and is particularly suitable for making hairy and fluffy surfaces in needle felting.","rel":"","context":"Similar post","block_context":{"text":"Similar post","link":""},"img":{"alt_text":"huovutustarvikkeet, nostava huovutusneula","src":"https:\/\/i0.wp.com\/ellunhuopa.com\/wp-content\/uploads\/2018\/04\/erikois-huovutusneula-nostava-1-e1525107095755.jpg?fit=600%2C600&ssl=1&resize=350%2C200","width":350,"height":200,"srcset":"https:\/\/i0.wp.com\/ellunhuopa.com\/wp-content\/uploads\/2018\/04\/erikois-huovutusneula-nostava-1-e1525107095755.jpg?fit=600%2C600&ssl=1&resize=350%2C200 1x, https:\/\/i0.wp.com\/ellunhuopa.com\/wp-content\/uploads\/2018\/04\/erikois-huovutusneula-nostava-1-e1525107095755.jpg?fit=600%2C600&ssl=1&resize=525%2C300 1.5x"},"classes":[]},{"id":20106,"url":"https:\/\/ellunhuopa.com\/en\/product\/huopataulu-aamulla-varhain\/","url_meta":{"origin":8214,"position":5},"title":"Felt board &quot;Early in the morning&quot; (sold)","author":"Elena Bondar","date":"March 10, 2022","format":false,"excerpt":"The walls of the home can be decorated with beautiful and warm felting. With Ellun blankets, your home will be warmer and more comfortable. Unique wool painting with wet and needle felting technique. The frames are made of gray board, which still makes it just more special. Early in the morning A truly gorgeous and unique wool board that will create a dignified, cozy, and warm atmosphere in your home. \ud83c\udfa8 Felted with durable\u2026","rel":"","context":"Similar post","block_context":{"text":"Similar post","link":""},"img":{"alt_text":"","src":"https:\/\/i0.wp.com\/ellunhuopa.com\/wp-content\/uploads\/2022\/03\/Picsart_22-03-10_12-47-59-648-e1646909938832.jpg?fit=1193%2C1200&ssl=1&resize=350%2C200","width":350,"height":200,"srcset":"https:\/\/i0.wp.com\/ellunhuopa.com\/wp-content\/uploads\/2022\/03\/Picsart_22-03-10_12-47-59-648-e1646909938832.jpg?fit=1193%2C1200&ssl=1&resize=350%2C200 1x, https:\/\/i0.wp.com\/ellunhuopa.com\/wp-content\/uploads\/2022\/03\/Picsart_22-03-10_12-47-59-648-e1646909938832.jpg?fit=1193%2C1200&ssl=1&resize=525%2C300 1.5x, https:\/\/i0.wp.com\/ellunhuopa.com\/wp-content\/uploads\/2022\/03\/Picsart_22-03-10_12-47-59-648-e1646909938832.jpg?fit=1193%2C1200&ssl=1&resize=700%2C400 2x, https:\/\/i0.wp.com\/ellunhuopa.com\/wp-content\/uploads\/2022\/03\/Picsart_22-03-10_12-47-59-648-e1646909938832.jpg?fit=1193%2C1200&ssl=1&resize=1050%2C600 3x"},"classes":[]}],"_links":{"self":[{"href":"https:\/\/ellunhuopa.com\/en\/wp-json\/wp\/v2\/product\/8214","targetHints":{"allow":["GET"]}}],"collection":[{"href":"https:\/\/ellunhuopa.com\/en\/wp-json\/wp\/v2\/product"}],"about":[{"href":"https:\/\/ellunhuopa.com\/en\/wp-json\/wp\/v2\/types\/product"}],"replies":[{"embeddable":true,"href":"https:\/\/ellunhuopa.com\/en\/wp-json\/wp\/v2\/comments?post=8214"}],"wp:featuredmedia":[{"embeddable":true,"href":"https:\/\/ellunhuopa.com\/en\/wp-json\/wp\/v2\/media\/21578"}],"wp:attachment":[{"href":"https:\/\/ellunhuopa.com\/en\/wp-json\/wp\/v2\/media?parent=8214"}],"wp:term":[{"taxonomy":"product_brand","embeddable":true,"href":"https:\/\/ellunhuopa.com\/en\/wp-json\/wp\/v2\/product_brand?post=8214"},{"taxonomy":"product_cat","embeddable":true,"href":"https:\/\/ellunhuopa.com\/en\/wp-json\/wp\/v2\/product_cat?post=8214"},{"taxonomy":"product_tag","embeddable":true,"href":"https:\/\/ellunhuopa.com\/en\/wp-json\/wp\/v2\/product_tag?post=8214"}],"curies":[{"name":"wp","href":"https:\/\/api.w.org\/{rel}","templated":true}]}}