{"id":8712,"date":"2018-04-30T19:09:21","date_gmt":"2018-04-30T17:09:21","guid":{"rendered":"https:\/\/ellunhuopa.com\/?post_type=product&#038;p=8712"},"modified":"2026-04-15T16:51:17","modified_gmt":"2026-04-15T14:51:17","slug":"nostava-huovutusneula","status":"publish","type":"product","link":"https:\/\/ellunhuopa.com\/en\/product\/nostava-huovutusneula\/","title":{"rendered":"Lifting felting needle 1pc"},"content":{"rendered":"<h2 style=\"text-align: center;\">Felting needle with reverse counter hooks<\/h2>\n<h2 style=\"text-align: center;\">(reverse felting needle)<\/h2>\n<p>This special felting needle works in the opposite way to a normal felting needle. While a regular needle pushes the wool fibres deeper and seals the surface, the needle with reverse counter-holes lifts the fibres back to the surface. This gives the surface a fluffy, hairy and lively texture.<\/p>\n<p>This makes the needle an excellent tool for creating hairy or soft surfaces in needle felting. The reverse needle is often used, for example, to finish animal figures, especially the fur of long-haired animals.<\/p>\n<p>The needle is thin but durable, and if used correctly, it has a long life. For best results, the needle is usually used at the finishing stage of the job, when the felted surface is already formed and you want to add some hair or texture.<\/p>\n<p>This felting needle is suitable for both amateurs and more experienced felters who want to add realistic surfaces and new expressive possibilities to their work in needle felting.<\/p>\n<h2 style=\"text-align: center;\">How does it work:<\/h2>\n<div id=\"v-cw4aSqfY-1\" class=\"video-player\"><iframe title='VideoPress Video Player' aria-label='VideoPress Video Player' width='400' height='400' src='https:\/\/videopress.com\/embed\/cw4aSqfY?hd=1&amp;cover=1&amp;loop=1&amp;autoPlay=1&amp;permalink=0&amp;muted=0&amp;controls=1&amp;playsinline=0&amp;useAverageColor=0&amp;preloadContent=metadata' frameborder='0' allowfullscreen data-resize-to-parent=\"true\" allow='clipboard-write'><\/iframe><script data-jetpack-boost=\"ignore\" src='https:\/\/s0.wp.com\/wp-content\/plugins\/video\/assets\/js\/next\/videopress-iframe.js'><\/script><\/div>\n<h2 style=\"text-align: center;\">See a tip on how to felt twice as fast<\/h2>\n<div id=\"v-2rxFuxe8-1\" class=\"video-player\"><iframe title='VideoPress Video Player' aria-label='VideoPress Video Player' width='400' height='400' src='https:\/\/videopress.com\/embed\/2rxFuxe8?hd=1&amp;cover=1&amp;loop=0&amp;autoPlay=0&amp;permalink=0&amp;muted=0&amp;controls=1&amp;playsinline=0&amp;useAverageColor=0&amp;preloadContent=metadata' frameborder='0' allowfullscreen data-resize-to-parent=\"true\" allow='clipboard-write'><\/iframe><script data-jetpack-boost=\"ignore\" src='https:\/\/s0.wp.com\/wp-content\/plugins\/video\/assets\/js\/next\/videopress-iframe.js'><\/script><\/div>\n<p><strong>If you want to learn more about felting needles and how to use them,\u00a0<a href=\"https:\/\/ellunhuopa.com\/en\/huovutusneulat-miten-valita-oikea-neula-neulahuovutukseen\/\" target=\"_blank\" rel=\"noopener\">you can read more about this on my blog<\/a>, where I explain the characteristics of needles and how to work with them.<\/strong><\/p>\n<p>&nbsp;<\/p>","protected":false},"excerpt":{"rendered":"<p>A special knitting needle that lifts wool fibres to the surface. It works in the opposite way to a normal felting needle and is particularly suitable for making hairy and fluffy surfaces in needle felting.<\/p>","protected":false},"featured_media":8713,"comment_status":"open","ping_status":"closed","template":"","meta":{"jetpack_publicize_message":"","jetpack_publicize_feature_enabled":true,"jetpack_social_post_already_shared":true,"jetpack_social_options":{"image_generator_settings":{"template":"highway","default_image_id":0,"font":"","enabled":false},"version":2},"_wpas_customize_per_network":false},"product_brand":[],"product_cat":[604714608],"product_tag":[],"class_list":{"0":"post-8712","1":"product","2":"type-product","3":"status-publish","4":"has-post-thumbnail","6":"product_cat-tarvikkeet","7":"product_shipping_class-paketti","9":"first","10":"instock","11":"taxable","12":"shipping-taxable","13":"purchasable","14":"product-type-simple"},"yoast_head":"<!-- This site is optimized with the Yoast SEO plugin v27.4 - https:\/\/yoast.com\/product\/yoast-seo-wordpress\/ -->\n<title>Nostava huovutusneula | Ellunhuopa<\/title>\n<meta name=\"description\" content=\"Erikois-huovutusneula, joka nostaa villakuituja yl\u00f6s, eli toimii juuri p\u00e4invastaisella tavalla kuin perus-neulat. Erinomainen karvaisten pintojen tekemisess\u00e4. Neula on ohut mutta kest\u00e4v\u00e4, oikein k\u00e4ytettyn\u00e4 k\u00e4ytt\u00f6aika on pitk\u00e4. Tavallisen huovutusneulan ty\u00f6h\u00f6n pist\u00e4ess\u00e4, se huovuttaa kuituja l\u00e4hemm\u00e4ksi toisiaan...\" \/>\n<meta name=\"robots\" content=\"index, follow, max-snippet:-1, max-image-preview:large, max-video-preview:-1\" \/>\n<link rel=\"canonical\" href=\"https:\/\/ellunhuopa.com\/en\/product\/nostava-huovutusneula\/\" \/>\n<meta property=\"og:locale\" content=\"en_GB\" \/>\n<meta property=\"og:type\" content=\"article\" \/>\n<meta property=\"og:title\" content=\"Nostava huovutusneula | Ellunhuopa\" \/>\n<meta property=\"og:description\" content=\"Erikois-huovutusneula, joka nostaa villakuituja yl\u00f6s, eli toimii juuri p\u00e4invastaisella tavalla kuin perus-neulat. Erinomainen karvaisten pintojen tekemisess\u00e4. Neula on ohut mutta kest\u00e4v\u00e4, oikein k\u00e4ytettyn\u00e4 k\u00e4ytt\u00f6aika on pitk\u00e4. Tavallisen huovutusneulan ty\u00f6h\u00f6n pist\u00e4ess\u00e4, se huovuttaa kuituja l\u00e4hemm\u00e4ksi toisiaan...\" \/>\n<meta property=\"og:url\" content=\"https:\/\/ellunhuopa.com\/en\/product\/nostava-huovutusneula\/\" \/>\n<meta property=\"og:site_name\" content=\"Ellunhuopa\" \/>\n<meta property=\"article:publisher\" content=\"https:\/\/www.facebook.com\/ellunhuopa\/?ref=bookmarks\" \/>\n<meta property=\"article:modified_time\" content=\"2026-04-15T14:51:17+00:00\" \/>\n<meta property=\"og:image\" content=\"https:\/\/ellunhuopa.com\/wp-content\/uploads\/2018\/04\/erikois-huovutusneula-nostava-1-e1525107095755.jpg\" \/>\n\t<meta property=\"og:image:width\" content=\"600\" \/>\n\t<meta property=\"og:image:height\" content=\"600\" \/>\n\t<meta property=\"og:image:type\" content=\"image\/jpeg\" \/>\n<meta name=\"twitter:card\" content=\"summary_large_image\" \/>\n<meta name=\"twitter:label1\" content=\"Estimated reading time\" \/>\n\t<meta name=\"twitter:data1\" content=\"1 minute\" \/>\n<script type=\"application\/ld+json\" class=\"yoast-schema-graph\">{\"@context\":\"https:\\\/\\\/schema.org\",\"@graph\":[{\"@type\":\"WebPage\",\"@id\":\"https:\\\/\\\/ellunhuopa.com\\\/tuote\\\/nostava-huovutusneula\\\/\",\"url\":\"https:\\\/\\\/ellunhuopa.com\\\/tuote\\\/nostava-huovutusneula\\\/\",\"name\":\"Nostava huovutusneula | Ellunhuopa\",\"isPartOf\":{\"@id\":\"https:\\\/\\\/ellunhuopa.com\\\/#website\"},\"primaryImageOfPage\":{\"@id\":\"https:\\\/\\\/ellunhuopa.com\\\/tuote\\\/nostava-huovutusneula\\\/#primaryimage\"},\"image\":{\"@id\":\"https:\\\/\\\/ellunhuopa.com\\\/tuote\\\/nostava-huovutusneula\\\/#primaryimage\"},\"thumbnailUrl\":\"https:\\\/\\\/i0.wp.com\\\/ellunhuopa.com\\\/wp-content\\\/uploads\\\/2018\\\/04\\\/erikois-huovutusneula-nostava-1-e1525107095755.jpg?fit=600%2C600&ssl=1\",\"datePublished\":\"2018-04-30T17:09:21+00:00\",\"dateModified\":\"2026-04-15T14:51:17+00:00\",\"description\":\"Erikois-huovutusneula, joka nostaa villakuituja yl\u00f6s, eli toimii juuri p\u00e4invastaisella tavalla kuin perus-neulat. Erinomainen karvaisten pintojen tekemisess\u00e4. Neula on ohut mutta kest\u00e4v\u00e4, oikein k\u00e4ytettyn\u00e4 k\u00e4ytt\u00f6aika on pitk\u00e4. Tavallisen huovutusneulan ty\u00f6h\u00f6n pist\u00e4ess\u00e4, se huovuttaa kuituja l\u00e4hemm\u00e4ksi toisiaan...\",\"breadcrumb\":{\"@id\":\"https:\\\/\\\/ellunhuopa.com\\\/tuote\\\/nostava-huovutusneula\\\/#breadcrumb\"},\"inLanguage\":\"en-GB\",\"potentialAction\":[{\"@type\":\"ReadAction\",\"target\":[\"https:\\\/\\\/ellunhuopa.com\\\/tuote\\\/nostava-huovutusneula\\\/\"]}]},{\"@type\":\"ImageObject\",\"inLanguage\":\"en-GB\",\"@id\":\"https:\\\/\\\/ellunhuopa.com\\\/tuote\\\/nostava-huovutusneula\\\/#primaryimage\",\"url\":\"https:\\\/\\\/i0.wp.com\\\/ellunhuopa.com\\\/wp-content\\\/uploads\\\/2018\\\/04\\\/erikois-huovutusneula-nostava-1-e1525107095755.jpg?fit=600%2C600&ssl=1\",\"contentUrl\":\"https:\\\/\\\/i0.wp.com\\\/ellunhuopa.com\\\/wp-content\\\/uploads\\\/2018\\\/04\\\/erikois-huovutusneula-nostava-1-e1525107095755.jpg?fit=600%2C600&ssl=1\",\"width\":600,\"height\":600,\"caption\":\"huovutustarvikkeet, nostava huovutusneula\"},{\"@type\":\"BreadcrumbList\",\"@id\":\"https:\\\/\\\/ellunhuopa.com\\\/tuote\\\/nostava-huovutusneula\\\/#breadcrumb\",\"itemListElement\":[{\"@type\":\"ListItem\",\"position\":1,\"name\":\"Home\",\"item\":\"https:\\\/\\\/ellunhuopa.com\\\/\"},{\"@type\":\"ListItem\",\"position\":2,\"name\":\"Puoti\",\"item\":\"https:\\\/\\\/ellunhuopa.com\\\/puoti\\\/\"},{\"@type\":\"ListItem\",\"position\":3,\"name\":\"Nostava Huovutusneula 1kpl\"}]},{\"@type\":\"WebSite\",\"@id\":\"https:\\\/\\\/ellunhuopa.com\\\/#website\",\"url\":\"https:\\\/\\\/ellunhuopa.com\\\/\",\"name\":\"ELLU - Wool Art\",\"description\":\"Ellunhuopa - Elena Bondar\",\"publisher\":{\"@id\":\"https:\\\/\\\/ellunhuopa.com\\\/#organization\"},\"potentialAction\":[{\"@type\":\"SearchAction\",\"target\":{\"@type\":\"EntryPoint\",\"urlTemplate\":\"https:\\\/\\\/ellunhuopa.com\\\/?s={search_term_string}\"},\"query-input\":{\"@type\":\"PropertyValueSpecification\",\"valueRequired\":true,\"valueName\":\"search_term_string\"}}],\"inLanguage\":\"en-GB\"},{\"@type\":\"Organization\",\"@id\":\"https:\\\/\\\/ellunhuopa.com\\\/#organization\",\"name\":\"Ellunhuopa\",\"url\":\"https:\\\/\\\/ellunhuopa.com\\\/\",\"logo\":{\"@type\":\"ImageObject\",\"inLanguage\":\"en-GB\",\"@id\":\"https:\\\/\\\/ellunhuopa.com\\\/#\\\/schema\\\/logo\\\/image\\\/\",\"url\":\"https:\\\/\\\/ellunhuopa.com\\\/wp-content\\\/uploads\\\/2018\\\/02\\\/cropped-ellu_logo_ellunhuopa_netti.jpg\",\"contentUrl\":\"https:\\\/\\\/ellunhuopa.com\\\/wp-content\\\/uploads\\\/2018\\\/02\\\/cropped-ellu_logo_ellunhuopa_netti.jpg\",\"width\":348,\"height\":348,\"caption\":\"Ellunhuopa\"},\"image\":{\"@id\":\"https:\\\/\\\/ellunhuopa.com\\\/#\\\/schema\\\/logo\\\/image\\\/\"},\"sameAs\":[\"https:\\\/\\\/www.facebook.com\\\/ellunhuopa\\\/?ref=bookmarks\",\"https:\\\/\\\/www.instagram.com\\\/ellunhuopa\\\/\",\"https:\\\/\\\/www.youtube.com\\\/channel\\\/UCN8xrsHRIySLYr-66w-DUPg\"]}]}<\/script>\n<!-- \/ Yoast SEO plugin. -->","yoast_head_json":{"title":"Nostava huovutusneula | Ellunhuopa","description":"Erikois-huovutusneula, joka nostaa villakuituja yl\u00f6s, eli toimii juuri p\u00e4invastaisella tavalla kuin perus-neulat. Erinomainen karvaisten pintojen tekemisess\u00e4. Neula on ohut mutta kest\u00e4v\u00e4, oikein k\u00e4ytettyn\u00e4 k\u00e4ytt\u00f6aika on pitk\u00e4. Tavallisen huovutusneulan ty\u00f6h\u00f6n pist\u00e4ess\u00e4, se huovuttaa kuituja l\u00e4hemm\u00e4ksi toisiaan...","robots":{"index":"index","follow":"follow","max-snippet":"max-snippet:-1","max-image-preview":"max-image-preview:large","max-video-preview":"max-video-preview:-1"},"canonical":"https:\/\/ellunhuopa.com\/en\/product\/nostava-huovutusneula\/","og_locale":"en_GB","og_type":"article","og_title":"Nostava huovutusneula | Ellunhuopa","og_description":"Erikois-huovutusneula, joka nostaa villakuituja yl\u00f6s, eli toimii juuri p\u00e4invastaisella tavalla kuin perus-neulat. Erinomainen karvaisten pintojen tekemisess\u00e4. Neula on ohut mutta kest\u00e4v\u00e4, oikein k\u00e4ytettyn\u00e4 k\u00e4ytt\u00f6aika on pitk\u00e4. Tavallisen huovutusneulan ty\u00f6h\u00f6n pist\u00e4ess\u00e4, se huovuttaa kuituja l\u00e4hemm\u00e4ksi toisiaan...","og_url":"https:\/\/ellunhuopa.com\/en\/product\/nostava-huovutusneula\/","og_site_name":"Ellunhuopa","article_publisher":"https:\/\/www.facebook.com\/ellunhuopa\/?ref=bookmarks","article_modified_time":"2026-04-15T14:51:17+00:00","og_image":[{"width":600,"height":600,"url":"https:\/\/ellunhuopa.com\/wp-content\/uploads\/2018\/04\/erikois-huovutusneula-nostava-1-e1525107095755.jpg","type":"image\/jpeg"}],"twitter_card":"summary_large_image","twitter_misc":{"Estimated reading time":"1 minute"},"schema":{"@context":"https:\/\/schema.org","@graph":[{"@type":"WebPage","@id":"https:\/\/ellunhuopa.com\/tuote\/nostava-huovutusneula\/","url":"https:\/\/ellunhuopa.com\/tuote\/nostava-huovutusneula\/","name":"Nostava huovutusneula | Ellunhuopa","isPartOf":{"@id":"https:\/\/ellunhuopa.com\/#website"},"primaryImageOfPage":{"@id":"https:\/\/ellunhuopa.com\/tuote\/nostava-huovutusneula\/#primaryimage"},"image":{"@id":"https:\/\/ellunhuopa.com\/tuote\/nostava-huovutusneula\/#primaryimage"},"thumbnailUrl":"https:\/\/i0.wp.com\/ellunhuopa.com\/wp-content\/uploads\/2018\/04\/erikois-huovutusneula-nostava-1-e1525107095755.jpg?fit=600%2C600&ssl=1","datePublished":"2018-04-30T17:09:21+00:00","dateModified":"2026-04-15T14:51:17+00:00","description":"Erikois-huovutusneula, joka nostaa villakuituja yl\u00f6s, eli toimii juuri p\u00e4invastaisella tavalla kuin perus-neulat. Erinomainen karvaisten pintojen tekemisess\u00e4. Neula on ohut mutta kest\u00e4v\u00e4, oikein k\u00e4ytettyn\u00e4 k\u00e4ytt\u00f6aika on pitk\u00e4. Tavallisen huovutusneulan ty\u00f6h\u00f6n pist\u00e4ess\u00e4, se huovuttaa kuituja l\u00e4hemm\u00e4ksi toisiaan...","breadcrumb":{"@id":"https:\/\/ellunhuopa.com\/tuote\/nostava-huovutusneula\/#breadcrumb"},"inLanguage":"en-GB","potentialAction":[{"@type":"ReadAction","target":["https:\/\/ellunhuopa.com\/tuote\/nostava-huovutusneula\/"]}]},{"@type":"ImageObject","inLanguage":"en-GB","@id":"https:\/\/ellunhuopa.com\/tuote\/nostava-huovutusneula\/#primaryimage","url":"https:\/\/i0.wp.com\/ellunhuopa.com\/wp-content\/uploads\/2018\/04\/erikois-huovutusneula-nostava-1-e1525107095755.jpg?fit=600%2C600&ssl=1","contentUrl":"https:\/\/i0.wp.com\/ellunhuopa.com\/wp-content\/uploads\/2018\/04\/erikois-huovutusneula-nostava-1-e1525107095755.jpg?fit=600%2C600&ssl=1","width":600,"height":600,"caption":"huovutustarvikkeet, nostava huovutusneula"},{"@type":"BreadcrumbList","@id":"https:\/\/ellunhuopa.com\/tuote\/nostava-huovutusneula\/#breadcrumb","itemListElement":[{"@type":"ListItem","position":1,"name":"Home","item":"https:\/\/ellunhuopa.com\/"},{"@type":"ListItem","position":2,"name":"Puoti","item":"https:\/\/ellunhuopa.com\/puoti\/"},{"@type":"ListItem","position":3,"name":"Nostava Huovutusneula 1kpl"}]},{"@type":"WebSite","@id":"https:\/\/ellunhuopa.com\/#website","url":"https:\/\/ellunhuopa.com\/","name":"ELLU - Wool Art","description":"Ellunhuopa - Elena Bondar","publisher":{"@id":"https:\/\/ellunhuopa.com\/#organization"},"potentialAction":[{"@type":"SearchAction","target":{"@type":"EntryPoint","urlTemplate":"https:\/\/ellunhuopa.com\/?s={search_term_string}"},"query-input":{"@type":"PropertyValueSpecification","valueRequired":true,"valueName":"search_term_string"}}],"inLanguage":"en-GB"},{"@type":"Organization","@id":"https:\/\/ellunhuopa.com\/#organization","name":"Woolrealm","url":"https:\/\/ellunhuopa.com\/","logo":{"@type":"ImageObject","inLanguage":"en-GB","@id":"https:\/\/ellunhuopa.com\/#\/schema\/logo\/image\/","url":"https:\/\/ellunhuopa.com\/wp-content\/uploads\/2018\/02\/cropped-ellu_logo_ellunhuopa_netti.jpg","contentUrl":"https:\/\/ellunhuopa.com\/wp-content\/uploads\/2018\/02\/cropped-ellu_logo_ellunhuopa_netti.jpg","width":348,"height":348,"caption":"Ellunhuopa"},"image":{"@id":"https:\/\/ellunhuopa.com\/#\/schema\/logo\/image\/"},"sameAs":["https:\/\/www.facebook.com\/ellunhuopa\/?ref=bookmarks","https:\/\/www.instagram.com\/ellunhuopa\/","https:\/\/www.youtube.com\/channel\/UCN8xrsHRIySLYr-66w-DUPg"]}]}},"jetpack_publicize_connections":[],"jetpack_sharing_enabled":true,"jetpack_likes_enabled":false,"jetpack-related-posts":[{"id":8906,"url":"https:\/\/ellunhuopa.com\/en\/product\/huovutusneulan-pidike-poronsarvesta\/","url_meta":{"origin":8712,"position":0},"title":"Felting Needle Holder Reindeer Horn","author":"Elena Bondar","date":"June 14, 2018","format":false,"excerpt":"Reindeer horn felting needle holder - a handmade special tool This felting needle holder is designed for long-lasting, concentrated work. When you work for hours on end, the shape, weight and feel of the tool are important. A good holder reduces hand strain and makes the work more comfortable.","rel":"","context":"Similar post","block_context":{"text":"Similar post","link":""},"img":{"alt_text":"","src":"https:\/\/i0.wp.com\/ellunhuopa.com\/wp-content\/uploads\/2018\/06\/Picsart_26-02-06_23-58-27-644.jpg?fit=1200%2C1200&ssl=1&resize=350%2C200","width":350,"height":200,"srcset":"https:\/\/i0.wp.com\/ellunhuopa.com\/wp-content\/uploads\/2018\/06\/Picsart_26-02-06_23-58-27-644.jpg?fit=1200%2C1200&ssl=1&resize=350%2C200 1x, https:\/\/i0.wp.com\/ellunhuopa.com\/wp-content\/uploads\/2018\/06\/Picsart_26-02-06_23-58-27-644.jpg?fit=1200%2C1200&ssl=1&resize=525%2C300 1.5x, https:\/\/i0.wp.com\/ellunhuopa.com\/wp-content\/uploads\/2018\/06\/Picsart_26-02-06_23-58-27-644.jpg?fit=1200%2C1200&ssl=1&resize=700%2C400 2x, https:\/\/i0.wp.com\/ellunhuopa.com\/wp-content\/uploads\/2018\/06\/Picsart_26-02-06_23-58-27-644.jpg?fit=1200%2C1200&ssl=1&resize=1050%2C600 3x"},"classes":[]},{"id":7955,"url":"https:\/\/ellunhuopa.com\/en\/product\/huovutusneulat\/","url_meta":{"origin":8712,"position":1},"title":"Felting needle 3pcs","author":"Elena Bondar","date":"February 20, 2018","format":false,"excerpt":"This felting needle is really thin and strong. It is invaluable for three-dimensional work and for making small and precise patterns. With the right use, it will serve you for a long time!","rel":"","context":"Similar post","block_context":{"text":"Similar post","link":""},"img":{"alt_text":"","src":"https:\/\/i0.wp.com\/ellunhuopa.com\/wp-content\/uploads\/2018\/02\/huovutusneula-3-e1519213441543.jpg?fit=900%2C900&ssl=1&resize=350%2C200","width":350,"height":200,"srcset":"https:\/\/i0.wp.com\/ellunhuopa.com\/wp-content\/uploads\/2018\/02\/huovutusneula-3-e1519213441543.jpg?fit=900%2C900&ssl=1&resize=350%2C200 1x, https:\/\/i0.wp.com\/ellunhuopa.com\/wp-content\/uploads\/2018\/02\/huovutusneula-3-e1519213441543.jpg?fit=900%2C900&ssl=1&resize=525%2C300 1.5x, https:\/\/i0.wp.com\/ellunhuopa.com\/wp-content\/uploads\/2018\/02\/huovutusneula-3-e1519213441543.jpg?fit=900%2C900&ssl=1&resize=700%2C400 2x"},"classes":[]},{"id":16521,"url":"https:\/\/ellunhuopa.com\/en\/product\/nahkaneula\/","url_meta":{"origin":8712,"position":2},"title":"Leather pin 5pcs","author":"Ilja Bondar","date":"May 21, 2020","format":false,"excerpt":"Leather eyed needle for sewing leather. This tool is used in the leather and footwear industry. Needle length: 4,40cm Needle thickness: 0,8mm \u00a0","rel":"","context":"Similar post","block_context":{"text":"Similar post","link":""},"img":{"alt_text":"","src":"https:\/\/i0.wp.com\/ellunhuopa.com\/wp-content\/uploads\/2020\/05\/IMG_20200521_145705-e1590396525498.jpg?fit=781%2C781&ssl=1&resize=350%2C200","width":350,"height":200,"srcset":"https:\/\/i0.wp.com\/ellunhuopa.com\/wp-content\/uploads\/2020\/05\/IMG_20200521_145705-e1590396525498.jpg?fit=781%2C781&ssl=1&resize=350%2C200 1x, https:\/\/i0.wp.com\/ellunhuopa.com\/wp-content\/uploads\/2020\/05\/IMG_20200521_145705-e1590396525498.jpg?fit=781%2C781&ssl=1&resize=525%2C300 1.5x, https:\/\/i0.wp.com\/ellunhuopa.com\/wp-content\/uploads\/2020\/05\/IMG_20200521_145705-e1590396525498.jpg?fit=781%2C781&ssl=1&resize=700%2C400 2x"},"classes":[]},{"id":8817,"url":"https:\/\/ellunhuopa.com\/en\/product\/onnen-lintu-neulahuovutamalla-askartelupaketti\/","url_meta":{"origin":8712,"position":3},"title":"\u201cBird of Happiness\u201d by needle felting. Craft package","author":"Elena Bondar","date":"May 18, 2018","format":false,"excerpt":"This is the Bird of Crafts craft package, from which you get all the supplies for making a bird. Felting it is fun, doesn\u2019t require a lot of time, or a special workspace. It can be done, for example, in a summer cottage, outdoors or on the sofa at home. \u00a0","rel":"","context":"Similar post","block_context":{"text":"Similar post","link":""},"img":{"alt_text":"","src":"https:\/\/i0.wp.com\/ellunhuopa.com\/wp-content\/uploads\/2018\/05\/SmartBG_2025-01-21_07dfee00-0f71-43f7-acbd-cf32b53257f6.png?fit=1024%2C1024&ssl=1&resize=350%2C200","width":350,"height":200,"srcset":"https:\/\/i0.wp.com\/ellunhuopa.com\/wp-content\/uploads\/2018\/05\/SmartBG_2025-01-21_07dfee00-0f71-43f7-acbd-cf32b53257f6.png?fit=1024%2C1024&ssl=1&resize=350%2C200 1x, https:\/\/i0.wp.com\/ellunhuopa.com\/wp-content\/uploads\/2018\/05\/SmartBG_2025-01-21_07dfee00-0f71-43f7-acbd-cf32b53257f6.png?fit=1024%2C1024&ssl=1&resize=525%2C300 1.5x, https:\/\/i0.wp.com\/ellunhuopa.com\/wp-content\/uploads\/2018\/05\/SmartBG_2025-01-21_07dfee00-0f71-43f7-acbd-cf32b53257f6.png?fit=1024%2C1024&ssl=1&resize=700%2C400 2x"},"classes":[]},{"id":8214,"url":"https:\/\/ellunhuopa.com\/en\/product\/neulahuovutuksen-aloituspakkaus\/","url_meta":{"origin":8712,"position":4},"title":"Needle Felt Starter Kit","author":"Elena Bondar","date":"March 1, 2018","format":false,"excerpt":"The needle felting starter kit contains everything you need to start a felting hobby.","rel":"","context":"Similar post","block_context":{"text":"Similar post","link":""},"img":{"alt_text":"","src":"https:\/\/i0.wp.com\/ellunhuopa.com\/wp-content\/uploads\/2018\/03\/e202f86a-7815-4d85-8606-b4f8cc589782-e1673259510509.jpeg?fit=1200%2C1200&ssl=1&resize=350%2C200","width":350,"height":200,"srcset":"https:\/\/i0.wp.com\/ellunhuopa.com\/wp-content\/uploads\/2018\/03\/e202f86a-7815-4d85-8606-b4f8cc589782-e1673259510509.jpeg?fit=1200%2C1200&ssl=1&resize=350%2C200 1x, https:\/\/i0.wp.com\/ellunhuopa.com\/wp-content\/uploads\/2018\/03\/e202f86a-7815-4d85-8606-b4f8cc589782-e1673259510509.jpeg?fit=1200%2C1200&ssl=1&resize=525%2C300 1.5x, https:\/\/i0.wp.com\/ellunhuopa.com\/wp-content\/uploads\/2018\/03\/e202f86a-7815-4d85-8606-b4f8cc589782-e1673259510509.jpeg?fit=1200%2C1200&ssl=1&resize=700%2C400 2x, https:\/\/i0.wp.com\/ellunhuopa.com\/wp-content\/uploads\/2018\/03\/e202f86a-7815-4d85-8606-b4f8cc589782-e1673259510509.jpeg?fit=1200%2C1200&ssl=1&resize=1050%2C600 3x"},"classes":[]},{"id":8211,"url":"https:\/\/ellunhuopa.com\/en\/product\/askartelupaketti-tontun-neulahuovutus\/","url_meta":{"origin":8712,"position":5},"title":"Craft Pack Elf Needle Felt","author":"Elena Bondar","date":"March 1, 2018","format":false,"excerpt":"Make yourself a little elf for yourself or as a gift. \u00a0 \u00a0","rel":"","context":"Similar post","block_context":{"text":"Similar post","link":""},"img":{"alt_text":"","src":"https:\/\/i0.wp.com\/ellunhuopa.com\/wp-content\/uploads\/2015\/10\/tonttu-e1518171649219.jpg?fit=600%2C600&ssl=1&resize=350%2C200","width":350,"height":200,"srcset":"https:\/\/i0.wp.com\/ellunhuopa.com\/wp-content\/uploads\/2015\/10\/tonttu-e1518171649219.jpg?fit=600%2C600&ssl=1&resize=350%2C200 1x, https:\/\/i0.wp.com\/ellunhuopa.com\/wp-content\/uploads\/2015\/10\/tonttu-e1518171649219.jpg?fit=600%2C600&ssl=1&resize=525%2C300 1.5x"},"classes":[]}],"_links":{"self":[{"href":"https:\/\/ellunhuopa.com\/en\/wp-json\/wp\/v2\/product\/8712","targetHints":{"allow":["GET"]}}],"collection":[{"href":"https:\/\/ellunhuopa.com\/en\/wp-json\/wp\/v2\/product"}],"about":[{"href":"https:\/\/ellunhuopa.com\/en\/wp-json\/wp\/v2\/types\/product"}],"replies":[{"embeddable":true,"href":"https:\/\/ellunhuopa.com\/en\/wp-json\/wp\/v2\/comments?post=8712"}],"wp:featuredmedia":[{"embeddable":true,"href":"https:\/\/ellunhuopa.com\/en\/wp-json\/wp\/v2\/media\/8713"}],"wp:attachment":[{"href":"https:\/\/ellunhuopa.com\/en\/wp-json\/wp\/v2\/media?parent=8712"}],"wp:term":[{"taxonomy":"product_brand","embeddable":true,"href":"https:\/\/ellunhuopa.com\/en\/wp-json\/wp\/v2\/product_brand?post=8712"},{"taxonomy":"product_cat","embeddable":true,"href":"https:\/\/ellunhuopa.com\/en\/wp-json\/wp\/v2\/product_cat?post=8712"},{"taxonomy":"product_tag","embeddable":true,"href":"https:\/\/ellunhuopa.com\/en\/wp-json\/wp\/v2\/product_tag?post=8712"}],"curies":[{"name":"wp","href":"https:\/\/api.w.org\/{rel}","templated":true}]}}