{"id":8717,"date":"2018-05-05T23:05:10","date_gmt":"2018-05-05T21:05:10","guid":{"rendered":"https:\/\/ellunhuopa.com\/?post_type=product&#038;p=8717"},"modified":"2026-01-02T11:56:14","modified_gmt":"2026-01-02T09:56:14","slug":"onnen-lintu","status":"publish","type":"product","link":"https:\/\/ellunhuopa.com\/en\/product\/onnen-lintu\/","title":{"rendered":"Good luck bird"},"content":{"rendered":"<h4><img data-recalc-dims=\"1\" loading=\"lazy\" decoding=\"async\" data-attachment-id=\"8808\" data-permalink=\"https:\/\/ellunhuopa.com\/en\/mista-linnut-laulaa\/img_20180517_095102\/\" data-orig-file=\"https:\/\/i0.wp.com\/ellunhuopa.com\/wp-content\/uploads\/2018\/05\/IMG_20180517_095102-e1526541160682.jpg?fit=1000%2C563&amp;ssl=1\" data-orig-size=\"1000,563\" data-comments-opened=\"0\" data-image-meta=\"{&quot;aperture&quot;:&quot;1.9&quot;,&quot;credit&quot;:&quot;&quot;,&quot;camera&quot;:&quot;SM-G925F&quot;,&quot;caption&quot;:&quot;&quot;,&quot;created_timestamp&quot;:&quot;1525626821&quot;,&quot;copyright&quot;:&quot;&quot;,&quot;focal_length&quot;:&quot;4.3&quot;,&quot;iso&quot;:&quot;40&quot;,&quot;shutter_speed&quot;:&quot;0.01&quot;,&quot;title&quot;:&quot;&quot;,&quot;orientation&quot;:&quot;0&quot;}\" data-image-title=\"huovutettu lintu | ELLUNHUOPA\" data-image-description=\"\" data-image-caption=\"\" data-large-file=\"https:\/\/i0.wp.com\/ellunhuopa.com\/wp-content\/uploads\/2018\/05\/IMG_20180517_095102-e1526541160682.jpg?fit=500%2C281&amp;ssl=1\" class=\"size-full wp-image-8808 aligncenter\" src=\"https:\/\/i0.wp.com\/ellunhuopa.com\/wp-content\/uploads\/2018\/05\/IMG_20180517_095102-e1526541160682.jpg?resize=1000%2C563&#038;ssl=1\" alt=\"onnen lintu, huovutettu lintu,\" width=\"1000\" height=\"563\" \/><\/h4>\n<p data-start=\"468\" data-end=\"499\"><strong data-start=\"470\" data-end=\"497\">Why this particular bird?<\/strong><\/p>\n<ul>\n<li data-start=\"500\" data-end=\"540\">\n<p data-start=\"502\" data-end=\"540\">Very authentic looking and feeling<\/p>\n<\/li>\n<li data-start=\"541\" data-end=\"588\">\n<p data-start=\"543\" data-end=\"588\">Top quality and attention to detail<\/p>\n<\/li>\n<li data-start=\"589\" data-end=\"633\">\n<p data-start=\"591\" data-end=\"633\">Made by hand from 100% wool in Finland<\/p>\n<\/li>\n<li data-start=\"634\" data-end=\"684\">\n<p data-start=\"636\" data-end=\"684\">Plastic beak and flippers, wooden beads for eyes<\/p>\n<\/li>\n<li data-start=\"685\" data-end=\"707\">\n<p data-start=\"687\" data-end=\"707\">Size approximately 9 x 6 cm<\/p>\n<\/li>\n<li data-start=\"708\" data-end=\"738\">\n<p data-start=\"710\" data-end=\"738\">No special maintenance required<\/p>\n<\/li>\n<li data-start=\"739\" data-end=\"774\">\n<p data-start=\"741\" data-end=\"774\">Delivered beautifully packaged<\/p>\n<\/li>\n<\/ul>\n<p data-start=\"776\" data-end=\"967\">This sweetness is the perfect gift - whether it's for a birthday, housewarming or just to bring good cheer. Each bird is made with care and heart - that's why it brings good luck.<\/p>\n<p data-start=\"776\" data-end=\"967\"><img data-recalc-dims=\"1\" loading=\"lazy\" decoding=\"async\" data-attachment-id=\"26789\" data-permalink=\"https:\/\/ellunhuopa.com\/en\/?attachment_id=26789\" data-orig-file=\"https:\/\/i0.wp.com\/ellunhuopa.com\/wp-content\/uploads\/2018\/05\/Picsart_25-06-06_18-02-19-139.png?fit=4618%2C2598&amp;ssl=1\" data-orig-size=\"4618,2598\" data-comments-opened=\"1\" data-image-meta=\"{&quot;aperture&quot;:&quot;0&quot;,&quot;credit&quot;:&quot;&quot;,&quot;camera&quot;:&quot;&quot;,&quot;caption&quot;:&quot;&quot;,&quot;created_timestamp&quot;:&quot;0&quot;,&quot;copyright&quot;:&quot;&quot;,&quot;focal_length&quot;:&quot;0&quot;,&quot;iso&quot;:&quot;0&quot;,&quot;shutter_speed&quot;:&quot;0&quot;,&quot;title&quot;:&quot;&quot;,&quot;orientation&quot;:&quot;0&quot;}\" data-image-title=\"Fenix lintu\" data-image-description=\"\" data-image-caption=\"\" data-large-file=\"https:\/\/i0.wp.com\/ellunhuopa.com\/wp-content\/uploads\/2018\/05\/Picsart_25-06-06_18-02-19-139.png?fit=500%2C281&amp;ssl=1\" class=\"alignleft size-full wp-image-26789\" src=\"https:\/\/i0.wp.com\/ellunhuopa.com\/wp-content\/uploads\/2018\/05\/Picsart_25-06-06_18-02-19-139.png?resize=4618%2C2598&#038;ssl=1\" alt=\"\" width=\"4618\" height=\"2598\" srcset=\"https:\/\/i0.wp.com\/ellunhuopa.com\/wp-content\/uploads\/2018\/05\/Picsart_25-06-06_18-02-19-139.png?w=4618&amp;ssl=1 4618w, https:\/\/i0.wp.com\/ellunhuopa.com\/wp-content\/uploads\/2018\/05\/Picsart_25-06-06_18-02-19-139.png?resize=300%2C169&amp;ssl=1 300w, https:\/\/i0.wp.com\/ellunhuopa.com\/wp-content\/uploads\/2018\/05\/Picsart_25-06-06_18-02-19-139.png?resize=500%2C281&amp;ssl=1 500w, https:\/\/i0.wp.com\/ellunhuopa.com\/wp-content\/uploads\/2018\/05\/Picsart_25-06-06_18-02-19-139.png?resize=150%2C84&amp;ssl=1 150w, https:\/\/i0.wp.com\/ellunhuopa.com\/wp-content\/uploads\/2018\/05\/Picsart_25-06-06_18-02-19-139.png?resize=768%2C432&amp;ssl=1 768w, https:\/\/i0.wp.com\/ellunhuopa.com\/wp-content\/uploads\/2018\/05\/Picsart_25-06-06_18-02-19-139.png?resize=1536%2C864&amp;ssl=1 1536w, https:\/\/i0.wp.com\/ellunhuopa.com\/wp-content\/uploads\/2018\/05\/Picsart_25-06-06_18-02-19-139.png?resize=2048%2C1152&amp;ssl=1 2048w, https:\/\/i0.wp.com\/ellunhuopa.com\/wp-content\/uploads\/2018\/05\/Picsart_25-06-06_18-02-19-139.png?resize=18%2C10&amp;ssl=1 18w, https:\/\/i0.wp.com\/ellunhuopa.com\/wp-content\/uploads\/2018\/05\/Picsart_25-06-06_18-02-19-139.png?resize=600%2C338&amp;ssl=1 600w, https:\/\/i0.wp.com\/ellunhuopa.com\/wp-content\/uploads\/2018\/05\/Picsart_25-06-06_18-02-19-139.png?resize=89%2C50&amp;ssl=1 89w, https:\/\/i0.wp.com\/ellunhuopa.com\/wp-content\/uploads\/2018\/05\/Picsart_25-06-06_18-02-19-139.png?w=3000&amp;ssl=1 3000w\" sizes=\"auto, (max-width: 1000px) 100vw, 1000px\" \/><\/p>\n<p data-start=\"969\" data-end=\"1197\"><strong data-start=\"972\" data-end=\"993\">According to your wishes<\/strong><br data-start=\"993\" data-end=\"996\" \/>I also make birds to order - in different sizes, from different species and with individual details. If you have a special request in mind, please write to me at <strong data-start=\"323\" data-end=\"346\"><a class=\"cursor-pointer\" rel=\"noopener\" data-start=\"325\" data-end=\"344\">info@ellunhuopa.com<\/a><\/strong>. I will be happy to tell you more and make you an offer. Let's design together a bird that will delight you or the recipient!<\/p>\n<p data-start=\"969\" data-end=\"1197\">","protected":false},"excerpt":{"rendered":"<p data-start=\"145\" data-end=\"204\"><strong data-start=\"145\" data-end=\"204\">Bird of Happiness - handmade felted bird ornament<\/strong><\/p>\n<p data-start=\"206\" data-end=\"466\">This little lucky charm is more than just an ornament - it carries with it the power of good cheer, softness and labour of love. The Bird of Happiness brings joy to the home, a new beginning or as a gift to a loved one. It is sweet, authentic and full of warmth.<\/p>","protected":false},"featured_media":18208,"comment_status":"open","ping_status":"closed","template":"","meta":{"jetpack_publicize_message":"","jetpack_publicize_feature_enabled":true,"jetpack_social_post_already_shared":true,"jetpack_social_options":{"image_generator_settings":{"template":"highway","default_image_id":0,"font":"","enabled":false},"version":2},"_wpas_customize_per_network":false},"product_brand":[],"product_cat":[604714599],"product_tag":[],"class_list":{"0":"post-8717","1":"product","2":"type-product","3":"status-publish","4":"has-post-thumbnail","6":"product_cat-tehty_tilauksesta","7":"product_shipping_class-paketti","9":"first","10":"instock","11":"sold-individually","12":"taxable","13":"shipping-taxable","14":"purchasable","15":"product-type-simple"},"yoast_head":"<!-- This site is optimized with the Yoast SEO plugin v27.4 - https:\/\/yoast.com\/product\/yoast-seo-wordpress\/ -->\n<title>Onnen Lintu - Ellunhuopa<\/title>\n<meta name=\"description\" content=\"Onnen Lintu tuo iloa kotiin, uuteen alkuun tai lahjaksi rakkaalle ihmiselle. Se on suloinen, aidon tuntuinen ja t\u00e4ynn\u00e4 l\u00e4mp\u00f6\u00e4.\" \/>\n<meta name=\"robots\" content=\"index, follow, max-snippet:-1, max-image-preview:large, max-video-preview:-1\" \/>\n<link rel=\"canonical\" href=\"https:\/\/ellunhuopa.com\/en\/product\/onnen-lintu\/\" \/>\n<meta property=\"og:locale\" content=\"en_GB\" \/>\n<meta property=\"og:type\" content=\"article\" \/>\n<meta property=\"og:title\" content=\"Onnen Lintu - Ellunhuopa\" \/>\n<meta property=\"og:description\" content=\"Onnen Lintu tuo iloa kotiin, uuteen alkuun tai lahjaksi rakkaalle ihmiselle. Se on suloinen, aidon tuntuinen ja t\u00e4ynn\u00e4 l\u00e4mp\u00f6\u00e4.\" \/>\n<meta property=\"og:url\" content=\"https:\/\/ellunhuopa.com\/en\/product\/onnen-lintu\/\" \/>\n<meta property=\"og:site_name\" content=\"Ellunhuopa\" \/>\n<meta property=\"article:publisher\" content=\"https:\/\/www.facebook.com\/ellunhuopa\/?ref=bookmarks\" \/>\n<meta property=\"article:modified_time\" content=\"2026-01-02T09:56:14+00:00\" \/>\n<meta property=\"og:image\" content=\"https:\/\/ellunhuopa.com\/wp-content\/uploads\/2018\/05\/PicsArt_05-17-10.24.20-e1621322196961.jpg\" \/>\n\t<meta property=\"og:image:width\" content=\"1000\" \/>\n\t<meta property=\"og:image:height\" content=\"1000\" \/>\n\t<meta property=\"og:image:type\" content=\"image\/jpeg\" \/>\n<meta name=\"twitter:card\" content=\"summary_large_image\" \/>\n<meta name=\"twitter:label1\" content=\"Estimated reading time\" \/>\n\t<meta name=\"twitter:data1\" content=\"1 minute\" \/>\n<script type=\"application\/ld+json\" class=\"yoast-schema-graph\">{\"@context\":\"https:\\\/\\\/schema.org\",\"@graph\":[{\"@type\":\"WebPage\",\"@id\":\"https:\\\/\\\/ellunhuopa.com\\\/tuote\\\/onnen-lintu\\\/\",\"url\":\"https:\\\/\\\/ellunhuopa.com\\\/tuote\\\/onnen-lintu\\\/\",\"name\":\"Onnen Lintu - Ellunhuopa\",\"isPartOf\":{\"@id\":\"https:\\\/\\\/ellunhuopa.com\\\/#website\"},\"primaryImageOfPage\":{\"@id\":\"https:\\\/\\\/ellunhuopa.com\\\/tuote\\\/onnen-lintu\\\/#primaryimage\"},\"image\":{\"@id\":\"https:\\\/\\\/ellunhuopa.com\\\/tuote\\\/onnen-lintu\\\/#primaryimage\"},\"thumbnailUrl\":\"https:\\\/\\\/i0.wp.com\\\/ellunhuopa.com\\\/wp-content\\\/uploads\\\/2018\\\/05\\\/PicsArt_05-17-10.24.20-e1621322196961.jpg?fit=1000%2C1000&ssl=1\",\"datePublished\":\"2018-05-05T21:05:10+00:00\",\"dateModified\":\"2026-01-02T09:56:14+00:00\",\"description\":\"Onnen Lintu tuo iloa kotiin, uuteen alkuun tai lahjaksi rakkaalle ihmiselle. Se on suloinen, aidon tuntuinen ja t\u00e4ynn\u00e4 l\u00e4mp\u00f6\u00e4.\",\"breadcrumb\":{\"@id\":\"https:\\\/\\\/ellunhuopa.com\\\/tuote\\\/onnen-lintu\\\/#breadcrumb\"},\"inLanguage\":\"en-GB\",\"potentialAction\":[{\"@type\":\"ReadAction\",\"target\":[\"https:\\\/\\\/ellunhuopa.com\\\/tuote\\\/onnen-lintu\\\/\"]}]},{\"@type\":\"ImageObject\",\"inLanguage\":\"en-GB\",\"@id\":\"https:\\\/\\\/ellunhuopa.com\\\/tuote\\\/onnen-lintu\\\/#primaryimage\",\"url\":\"https:\\\/\\\/i0.wp.com\\\/ellunhuopa.com\\\/wp-content\\\/uploads\\\/2018\\\/05\\\/PicsArt_05-17-10.24.20-e1621322196961.jpg?fit=1000%2C1000&ssl=1\",\"contentUrl\":\"https:\\\/\\\/i0.wp.com\\\/ellunhuopa.com\\\/wp-content\\\/uploads\\\/2018\\\/05\\\/PicsArt_05-17-10.24.20-e1621322196961.jpg?fit=1000%2C1000&ssl=1\",\"width\":1000,\"height\":1000},{\"@type\":\"BreadcrumbList\",\"@id\":\"https:\\\/\\\/ellunhuopa.com\\\/tuote\\\/onnen-lintu\\\/#breadcrumb\",\"itemListElement\":[{\"@type\":\"ListItem\",\"position\":1,\"name\":\"Home\",\"item\":\"https:\\\/\\\/ellunhuopa.com\\\/\"},{\"@type\":\"ListItem\",\"position\":2,\"name\":\"Puoti\",\"item\":\"https:\\\/\\\/ellunhuopa.com\\\/puoti\\\/\"},{\"@type\":\"ListItem\",\"position\":3,\"name\":\"Onnen Lintu\"}]},{\"@type\":\"WebSite\",\"@id\":\"https:\\\/\\\/ellunhuopa.com\\\/#website\",\"url\":\"https:\\\/\\\/ellunhuopa.com\\\/\",\"name\":\"ELLU - Wool Art\",\"description\":\"Ellunhuopa - Elena Bondar\",\"publisher\":{\"@id\":\"https:\\\/\\\/ellunhuopa.com\\\/#organization\"},\"potentialAction\":[{\"@type\":\"SearchAction\",\"target\":{\"@type\":\"EntryPoint\",\"urlTemplate\":\"https:\\\/\\\/ellunhuopa.com\\\/?s={search_term_string}\"},\"query-input\":{\"@type\":\"PropertyValueSpecification\",\"valueRequired\":true,\"valueName\":\"search_term_string\"}}],\"inLanguage\":\"en-GB\"},{\"@type\":\"Organization\",\"@id\":\"https:\\\/\\\/ellunhuopa.com\\\/#organization\",\"name\":\"Ellunhuopa\",\"url\":\"https:\\\/\\\/ellunhuopa.com\\\/\",\"logo\":{\"@type\":\"ImageObject\",\"inLanguage\":\"en-GB\",\"@id\":\"https:\\\/\\\/ellunhuopa.com\\\/#\\\/schema\\\/logo\\\/image\\\/\",\"url\":\"https:\\\/\\\/ellunhuopa.com\\\/wp-content\\\/uploads\\\/2018\\\/02\\\/cropped-ellu_logo_ellunhuopa_netti.jpg\",\"contentUrl\":\"https:\\\/\\\/ellunhuopa.com\\\/wp-content\\\/uploads\\\/2018\\\/02\\\/cropped-ellu_logo_ellunhuopa_netti.jpg\",\"width\":348,\"height\":348,\"caption\":\"Ellunhuopa\"},\"image\":{\"@id\":\"https:\\\/\\\/ellunhuopa.com\\\/#\\\/schema\\\/logo\\\/image\\\/\"},\"sameAs\":[\"https:\\\/\\\/www.facebook.com\\\/ellunhuopa\\\/?ref=bookmarks\",\"https:\\\/\\\/www.instagram.com\\\/ellunhuopa\\\/\",\"https:\\\/\\\/www.youtube.com\\\/channel\\\/UCN8xrsHRIySLYr-66w-DUPg\"]}]}<\/script>\n<!-- \/ Yoast SEO plugin. -->","yoast_head_json":{"title":"Onnen Lintu - Ellunhuopa","description":"Onnen Lintu tuo iloa kotiin, uuteen alkuun tai lahjaksi rakkaalle ihmiselle. Se on suloinen, aidon tuntuinen ja t\u00e4ynn\u00e4 l\u00e4mp\u00f6\u00e4.","robots":{"index":"index","follow":"follow","max-snippet":"max-snippet:-1","max-image-preview":"max-image-preview:large","max-video-preview":"max-video-preview:-1"},"canonical":"https:\/\/ellunhuopa.com\/en\/product\/onnen-lintu\/","og_locale":"en_GB","og_type":"article","og_title":"Onnen Lintu - Ellunhuopa","og_description":"Onnen Lintu tuo iloa kotiin, uuteen alkuun tai lahjaksi rakkaalle ihmiselle. Se on suloinen, aidon tuntuinen ja t\u00e4ynn\u00e4 l\u00e4mp\u00f6\u00e4.","og_url":"https:\/\/ellunhuopa.com\/en\/product\/onnen-lintu\/","og_site_name":"Ellunhuopa","article_publisher":"https:\/\/www.facebook.com\/ellunhuopa\/?ref=bookmarks","article_modified_time":"2026-01-02T09:56:14+00:00","og_image":[{"width":1000,"height":1000,"url":"https:\/\/ellunhuopa.com\/wp-content\/uploads\/2018\/05\/PicsArt_05-17-10.24.20-e1621322196961.jpg","type":"image\/jpeg"}],"twitter_card":"summary_large_image","twitter_misc":{"Estimated reading time":"1 minute"},"schema":{"@context":"https:\/\/schema.org","@graph":[{"@type":"WebPage","@id":"https:\/\/ellunhuopa.com\/tuote\/onnen-lintu\/","url":"https:\/\/ellunhuopa.com\/tuote\/onnen-lintu\/","name":"Onnen Lintu - Ellunhuopa","isPartOf":{"@id":"https:\/\/ellunhuopa.com\/#website"},"primaryImageOfPage":{"@id":"https:\/\/ellunhuopa.com\/tuote\/onnen-lintu\/#primaryimage"},"image":{"@id":"https:\/\/ellunhuopa.com\/tuote\/onnen-lintu\/#primaryimage"},"thumbnailUrl":"https:\/\/i0.wp.com\/ellunhuopa.com\/wp-content\/uploads\/2018\/05\/PicsArt_05-17-10.24.20-e1621322196961.jpg?fit=1000%2C1000&ssl=1","datePublished":"2018-05-05T21:05:10+00:00","dateModified":"2026-01-02T09:56:14+00:00","description":"Onnen Lintu tuo iloa kotiin, uuteen alkuun tai lahjaksi rakkaalle ihmiselle. Se on suloinen, aidon tuntuinen ja t\u00e4ynn\u00e4 l\u00e4mp\u00f6\u00e4.","breadcrumb":{"@id":"https:\/\/ellunhuopa.com\/tuote\/onnen-lintu\/#breadcrumb"},"inLanguage":"en-GB","potentialAction":[{"@type":"ReadAction","target":["https:\/\/ellunhuopa.com\/tuote\/onnen-lintu\/"]}]},{"@type":"ImageObject","inLanguage":"en-GB","@id":"https:\/\/ellunhuopa.com\/tuote\/onnen-lintu\/#primaryimage","url":"https:\/\/i0.wp.com\/ellunhuopa.com\/wp-content\/uploads\/2018\/05\/PicsArt_05-17-10.24.20-e1621322196961.jpg?fit=1000%2C1000&ssl=1","contentUrl":"https:\/\/i0.wp.com\/ellunhuopa.com\/wp-content\/uploads\/2018\/05\/PicsArt_05-17-10.24.20-e1621322196961.jpg?fit=1000%2C1000&ssl=1","width":1000,"height":1000},{"@type":"BreadcrumbList","@id":"https:\/\/ellunhuopa.com\/tuote\/onnen-lintu\/#breadcrumb","itemListElement":[{"@type":"ListItem","position":1,"name":"Home","item":"https:\/\/ellunhuopa.com\/"},{"@type":"ListItem","position":2,"name":"Puoti","item":"https:\/\/ellunhuopa.com\/puoti\/"},{"@type":"ListItem","position":3,"name":"Onnen Lintu"}]},{"@type":"WebSite","@id":"https:\/\/ellunhuopa.com\/#website","url":"https:\/\/ellunhuopa.com\/","name":"ELLU - Wool Art","description":"Ellunhuopa - Elena Bondar","publisher":{"@id":"https:\/\/ellunhuopa.com\/#organization"},"potentialAction":[{"@type":"SearchAction","target":{"@type":"EntryPoint","urlTemplate":"https:\/\/ellunhuopa.com\/?s={search_term_string}"},"query-input":{"@type":"PropertyValueSpecification","valueRequired":true,"valueName":"search_term_string"}}],"inLanguage":"en-GB"},{"@type":"Organization","@id":"https:\/\/ellunhuopa.com\/#organization","name":"Woolrealm","url":"https:\/\/ellunhuopa.com\/","logo":{"@type":"ImageObject","inLanguage":"en-GB","@id":"https:\/\/ellunhuopa.com\/#\/schema\/logo\/image\/","url":"https:\/\/ellunhuopa.com\/wp-content\/uploads\/2018\/02\/cropped-ellu_logo_ellunhuopa_netti.jpg","contentUrl":"https:\/\/ellunhuopa.com\/wp-content\/uploads\/2018\/02\/cropped-ellu_logo_ellunhuopa_netti.jpg","width":348,"height":348,"caption":"Ellunhuopa"},"image":{"@id":"https:\/\/ellunhuopa.com\/#\/schema\/logo\/image\/"},"sameAs":["https:\/\/www.facebook.com\/ellunhuopa\/?ref=bookmarks","https:\/\/www.instagram.com\/ellunhuopa\/","https:\/\/www.youtube.com\/channel\/UCN8xrsHRIySLYr-66w-DUPg"]}]}},"jetpack_publicize_connections":[],"jetpack_sharing_enabled":true,"jetpack_likes_enabled":false,"jetpack-related-posts":[{"id":8817,"url":"https:\/\/ellunhuopa.com\/en\/product\/onnen-lintu-neulahuovutamalla-askartelupaketti\/","url_meta":{"origin":8717,"position":0},"title":"\u201cBird of Happiness\u201d by needle felting. Craft package","author":"Elena Bondar","date":"May 18, 2018","format":false,"excerpt":"This is the Bird of Crafts craft package, from which you get all the supplies for making a bird. Felting it is fun, doesn\u2019t require a lot of time, or a special workspace. It can be done, for example, in a summer cottage, outdoors or on the sofa at home. \u00a0","rel":"","context":"Similar post","block_context":{"text":"Similar post","link":""},"img":{"alt_text":"","src":"https:\/\/i0.wp.com\/ellunhuopa.com\/wp-content\/uploads\/2018\/05\/SmartBG_2025-01-21_07dfee00-0f71-43f7-acbd-cf32b53257f6.png?fit=1024%2C1024&ssl=1&resize=350%2C200","width":350,"height":200,"srcset":"https:\/\/i0.wp.com\/ellunhuopa.com\/wp-content\/uploads\/2018\/05\/SmartBG_2025-01-21_07dfee00-0f71-43f7-acbd-cf32b53257f6.png?fit=1024%2C1024&ssl=1&resize=350%2C200 1x, https:\/\/i0.wp.com\/ellunhuopa.com\/wp-content\/uploads\/2018\/05\/SmartBG_2025-01-21_07dfee00-0f71-43f7-acbd-cf32b53257f6.png?fit=1024%2C1024&ssl=1&resize=525%2C300 1.5x, https:\/\/i0.wp.com\/ellunhuopa.com\/wp-content\/uploads\/2018\/05\/SmartBG_2025-01-21_07dfee00-0f71-43f7-acbd-cf32b53257f6.png?fit=1024%2C1024&ssl=1&resize=700%2C400 2x"},"classes":[]},{"id":8759,"url":"https:\/\/ellunhuopa.com\/en\/product\/onnen-lintu-neulahuovuttamalla\/","url_meta":{"origin":8717,"position":1},"title":"\u201cBird of Happiness\u201d by needle felting. Online course","author":"Elena Bondar","date":"May 8, 2018","format":false,"excerpt":"Learn how to make a cute bird with needle felting. The video will give you information on how to make the bird, with Ellu showing and explaining all the steps carefully down to the last detail. You can watch the video at any time, as many times as you like. Plus, the sablon is downloadable, which helps a lot! You can pay with ePass.","rel":"","context":"Similar post","block_context":{"text":"Similar post","link":""},"img":{"alt_text":"","src":"https:\/\/i0.wp.com\/ellunhuopa.com\/wp-content\/uploads\/2020\/03\/Onnen-lintu-Online-kurssi.jpg?fit=1200%2C675&ssl=1&resize=350%2C200","width":350,"height":200,"srcset":"https:\/\/i0.wp.com\/ellunhuopa.com\/wp-content\/uploads\/2020\/03\/Onnen-lintu-Online-kurssi.jpg?fit=1200%2C675&ssl=1&resize=350%2C200 1x, https:\/\/i0.wp.com\/ellunhuopa.com\/wp-content\/uploads\/2020\/03\/Onnen-lintu-Online-kurssi.jpg?fit=1200%2C675&ssl=1&resize=525%2C300 1.5x, https:\/\/i0.wp.com\/ellunhuopa.com\/wp-content\/uploads\/2020\/03\/Onnen-lintu-Online-kurssi.jpg?fit=1200%2C675&ssl=1&resize=700%2C400 2x, https:\/\/i0.wp.com\/ellunhuopa.com\/wp-content\/uploads\/2020\/03\/Onnen-lintu-Online-kurssi.jpg?fit=1200%2C675&ssl=1&resize=1050%2C600 3x"},"classes":[]},{"id":17545,"url":"https:\/\/ellunhuopa.com\/en\/product\/sisustustaulu-sisainen-heraaminen\/","url_meta":{"origin":8717,"position":2},"title":"Decoration board \u201dInner Awakening\u201d (sold)","author":"Elena Bondar","date":"March 15, 2021","format":false,"excerpt":"You can decorate the walls of your home with beautiful and warm felting. With Ellunhuova's wallpapers, your home will be warmer and more cosy. Unique wool painting with wet and needle felting technique. The frames are thehdyt from grey board, which still makes it even more special.","rel":"","context":"Similar post","block_context":{"text":"Similar post","link":""},"img":{"alt_text":"","src":"https:\/\/i0.wp.com\/ellunhuopa.com\/wp-content\/uploads\/2021\/03\/8_20211208_124249_0003.jpg?fit=1080%2C1080&ssl=1&resize=350%2C200","width":350,"height":200,"srcset":"https:\/\/i0.wp.com\/ellunhuopa.com\/wp-content\/uploads\/2021\/03\/8_20211208_124249_0003.jpg?fit=1080%2C1080&ssl=1&resize=350%2C200 1x, https:\/\/i0.wp.com\/ellunhuopa.com\/wp-content\/uploads\/2021\/03\/8_20211208_124249_0003.jpg?fit=1080%2C1080&ssl=1&resize=525%2C300 1.5x, https:\/\/i0.wp.com\/ellunhuopa.com\/wp-content\/uploads\/2021\/03\/8_20211208_124249_0003.jpg?fit=1080%2C1080&ssl=1&resize=700%2C400 2x, https:\/\/i0.wp.com\/ellunhuopa.com\/wp-content\/uploads\/2021\/03\/8_20211208_124249_0003.jpg?fit=1080%2C1080&ssl=1&resize=1050%2C600 3x"},"classes":[]},{"id":21393,"url":"https:\/\/ellunhuopa.com\/en\/product\/sisustustaulu-lintu-ja-perhonen\/","url_meta":{"origin":8717,"position":3},"title":"Decoration board \u201dBird and butterfly\u201d (sold)","author":"Elena Bondar","date":"December 13, 2022","format":false,"excerpt":"You can decorate the walls of your home with beautiful and warm felting. With Ellunhuova's wallpapers, your home will be warmer and more cosy. Unique wool painting with wet and needle felting technique. Wooden frame. Felted with a durable technique using both wet and needle felting.","rel":"","context":"Similar post","block_context":{"text":"Similar post","link":""},"img":{"alt_text":"","src":"https:\/\/i0.wp.com\/ellunhuopa.com\/wp-content\/uploads\/2022\/12\/Picsart_22-12-02_12-30-06-284.jpg?fit=1200%2C1200&ssl=1&resize=350%2C200","width":350,"height":200,"srcset":"https:\/\/i0.wp.com\/ellunhuopa.com\/wp-content\/uploads\/2022\/12\/Picsart_22-12-02_12-30-06-284.jpg?fit=1200%2C1200&ssl=1&resize=350%2C200 1x, https:\/\/i0.wp.com\/ellunhuopa.com\/wp-content\/uploads\/2022\/12\/Picsart_22-12-02_12-30-06-284.jpg?fit=1200%2C1200&ssl=1&resize=525%2C300 1.5x, https:\/\/i0.wp.com\/ellunhuopa.com\/wp-content\/uploads\/2022\/12\/Picsart_22-12-02_12-30-06-284.jpg?fit=1200%2C1200&ssl=1&resize=700%2C400 2x, https:\/\/i0.wp.com\/ellunhuopa.com\/wp-content\/uploads\/2022\/12\/Picsart_22-12-02_12-30-06-284.jpg?fit=1200%2C1200&ssl=1&resize=1050%2C600 3x"},"classes":[]},{"id":8906,"url":"https:\/\/ellunhuopa.com\/en\/product\/huovutusneulan-pidike-poronsarvesta\/","url_meta":{"origin":8717,"position":4},"title":"Felting Needle Holder Reindeer Horn","author":"Elena Bondar","date":"June 14, 2018","format":false,"excerpt":"Reindeer horn felting needle holder - a handmade special tool This felting needle holder is designed for long-lasting, concentrated work. When you work for hours on end, the shape, weight and feel of the tool are important. A good holder reduces hand strain and makes the work more comfortable.","rel":"","context":"Similar post","block_context":{"text":"Similar post","link":""},"img":{"alt_text":"","src":"https:\/\/i0.wp.com\/ellunhuopa.com\/wp-content\/uploads\/2018\/06\/Picsart_26-02-06_23-58-27-644.jpg?fit=1200%2C1200&ssl=1&resize=350%2C200","width":350,"height":200,"srcset":"https:\/\/i0.wp.com\/ellunhuopa.com\/wp-content\/uploads\/2018\/06\/Picsart_26-02-06_23-58-27-644.jpg?fit=1200%2C1200&ssl=1&resize=350%2C200 1x, https:\/\/i0.wp.com\/ellunhuopa.com\/wp-content\/uploads\/2018\/06\/Picsart_26-02-06_23-58-27-644.jpg?fit=1200%2C1200&ssl=1&resize=525%2C300 1.5x, https:\/\/i0.wp.com\/ellunhuopa.com\/wp-content\/uploads\/2018\/06\/Picsart_26-02-06_23-58-27-644.jpg?fit=1200%2C1200&ssl=1&resize=700%2C400 2x, https:\/\/i0.wp.com\/ellunhuopa.com\/wp-content\/uploads\/2018\/06\/Picsart_26-02-06_23-58-27-644.jpg?fit=1200%2C1200&ssl=1&resize=1050%2C600 3x"},"classes":[]},{"id":9462,"url":"https:\/\/ellunhuopa.com\/en\/product\/linnun-nokka\/","url_meta":{"origin":8717,"position":5},"title":"Bird's Beak 10pcs","author":"Elena Bondar","date":"November 25, 2018","format":false,"excerpt":"Bird's Beak - a finishing touch for felted birds. These black plastic mallets are perfect for felted birds of about 10 cm in size. They finish the look naturally and elegantly - a little something to bring your work to life.","rel":"","context":"Similar post","block_context":{"text":"Similar post","link":""},"img":{"alt_text":"","src":"https:\/\/i0.wp.com\/ellunhuopa.com\/wp-content\/uploads\/2018\/11\/linnun-nokka-1-e1543135935479.jpg?fit=900%2C900&ssl=1&resize=350%2C200","width":350,"height":200,"srcset":"https:\/\/i0.wp.com\/ellunhuopa.com\/wp-content\/uploads\/2018\/11\/linnun-nokka-1-e1543135935479.jpg?fit=900%2C900&ssl=1&resize=350%2C200 1x, https:\/\/i0.wp.com\/ellunhuopa.com\/wp-content\/uploads\/2018\/11\/linnun-nokka-1-e1543135935479.jpg?fit=900%2C900&ssl=1&resize=525%2C300 1.5x, https:\/\/i0.wp.com\/ellunhuopa.com\/wp-content\/uploads\/2018\/11\/linnun-nokka-1-e1543135935479.jpg?fit=900%2C900&ssl=1&resize=700%2C400 2x"},"classes":[]}],"_links":{"self":[{"href":"https:\/\/ellunhuopa.com\/en\/wp-json\/wp\/v2\/product\/8717","targetHints":{"allow":["GET"]}}],"collection":[{"href":"https:\/\/ellunhuopa.com\/en\/wp-json\/wp\/v2\/product"}],"about":[{"href":"https:\/\/ellunhuopa.com\/en\/wp-json\/wp\/v2\/types\/product"}],"replies":[{"embeddable":true,"href":"https:\/\/ellunhuopa.com\/en\/wp-json\/wp\/v2\/comments?post=8717"}],"wp:featuredmedia":[{"embeddable":true,"href":"https:\/\/ellunhuopa.com\/en\/wp-json\/wp\/v2\/media\/18208"}],"wp:attachment":[{"href":"https:\/\/ellunhuopa.com\/en\/wp-json\/wp\/v2\/media?parent=8717"}],"wp:term":[{"taxonomy":"product_brand","embeddable":true,"href":"https:\/\/ellunhuopa.com\/en\/wp-json\/wp\/v2\/product_brand?post=8717"},{"taxonomy":"product_cat","embeddable":true,"href":"https:\/\/ellunhuopa.com\/en\/wp-json\/wp\/v2\/product_cat?post=8717"},{"taxonomy":"product_tag","embeddable":true,"href":"https:\/\/ellunhuopa.com\/en\/wp-json\/wp\/v2\/product_tag?post=8717"}],"curies":[{"name":"wp","href":"https:\/\/api.w.org\/{rel}","templated":true}]}}