{"id":8906,"date":"2018-06-14T11:07:29","date_gmt":"2018-06-14T09:07:29","guid":{"rendered":"https:\/\/ellunhuopa.com\/?post_type=product&#038;p=8906"},"modified":"2026-03-11T22:57:20","modified_gmt":"2026-03-11T20:57:20","slug":"huovutusneulan-pidike-poronsarvesta","status":"publish","type":"product","link":"https:\/\/ellunhuopa.com\/en\/product\/huovutusneulan-pidike-poronsarvesta\/","title":{"rendered":"Felting Needle Holder Reindeer Horn"},"content":{"rendered":"<p>The holder is <strong>made from real reindeer horn<\/strong>. The material is natural, durable and each piece is unique. The colour, surface and shape of the horn vary naturally, so each holder is its own individual.<\/p>\n<p>It comes with a good quality felting needle, the same size I use in my own work. <strong>The needle is easily interchangeable<\/strong>. If necessary, you can remove the needle and replace it with another one, so the same holder can be used with different felting needles.<\/p>\n<p>The holder also comes with <strong>leather protective case<\/strong>. The leather is natural and hand-dyed, so the shade is vivid and individual.<\/p>\n<p>This needle holder is not just a tool, but a long-lasting companion for felting. Reindeer horn feels warm and alive in the hand, and over time it becomes familiar and personal to its maker. The hand-dyed leather cover protects the needle during transport and adds a finished look.<br \/>\nThe holder is made to be used - not just looked at. The more you use it, the more natural it feels in your hand.<br \/>\nIf you feel drawn to this tool, you can order a finished copy or ask for the possibility of a version with your own small details.<\/p>\n<p>Available now <strong>3 pieces in different shades<\/strong>: black, red and natural reindeer horn colour. Each holder is slightly different in size and shape, as the material is natural and individual.<\/p>\n<p>Material: reindeer horn<br \/>\nIncludes: felting needle holder + felting needle + leather protective case<br \/>\nProduction: handmade in Lapland<\/p>\n<p><strong>If you want to learn more about felting needles and how to use them, <a href=\"https:\/\/ellunhuopa.com\/en\/huovutusneulat-miten-valita-oikea-neula-neulahuovutukseen\/\" target=\"_blank\" rel=\"noopener\">you can read more about this on my blog<\/a>, where I explain the characteristics of needles and how to work with them.<\/strong><\/p>","protected":false},"excerpt":{"rendered":"<p>Huovutusneulan pidike poronsarvesta \u2013 k\u00e4sintehty erikoisty\u00f6kalu<\/p>\n<p>T\u00e4m\u00e4 huovutusneulan pidike on suunniteltu pitk\u00e4kestoiseen, keskittyneeseen ty\u00f6skentelyyn. Kun ty\u00f6 jatkuu tuntikausia, ty\u00f6v\u00e4lineen muodolla, painolla ja tuntumalla on suuri merkitys. Hyv\u00e4 pidike v\u00e4hent\u00e4\u00e4 k\u00e4den rasitusta ja tekee tekemisest\u00e4 miellytt\u00e4v\u00e4mp\u00e4\u00e4.<\/p>","protected":false},"featured_media":27822,"comment_status":"open","ping_status":"closed","template":"","meta":{"jetpack_publicize_message":"","jetpack_publicize_feature_enabled":true,"jetpack_social_post_already_shared":true,"jetpack_social_options":{"image_generator_settings":{"template":"highway","default_image_id":0,"font":"","enabled":false},"version":2},"_wpas_customize_per_network":false},"product_brand":[],"product_cat":[604714608],"product_tag":[],"class_list":{"0":"post-8906","1":"product","2":"type-product","3":"status-publish","4":"has-post-thumbnail","6":"product_cat-tarvikkeet","7":"product_shipping_class-kirje","9":"first","10":"instock","11":"taxable","12":"shipping-taxable","13":"purchasable","14":"product-type-variable"},"yoast_head":"<!-- This site is optimized with the Yoast SEO plugin v27.4 - https:\/\/yoast.com\/product\/yoast-seo-wordpress\/ -->\n<title>Huovutusneulan Pidike Poronsarvesta - Ellunhuopa<\/title>\n<meta name=\"description\" content=\"K\u00e4sintehty huovutusneulan pidike aidosta poronsarvesta. Mukana neula ja nahkainen suojakotelo. Rajoitettu er\u00e4 \u2013 nelj\u00e4 yksil\u00f6llist\u00e4 kappaletta saatavilla.\" \/>\n<meta name=\"robots\" content=\"index, follow, max-snippet:-1, max-image-preview:large, max-video-preview:-1\" \/>\n<link rel=\"canonical\" href=\"https:\/\/ellunhuopa.com\/en\/product\/huovutusneulan-pidike-poronsarvesta\/\" \/>\n<meta property=\"og:locale\" content=\"en_GB\" \/>\n<meta property=\"og:type\" content=\"article\" \/>\n<meta property=\"og:title\" content=\"Huovutusneulan Pidike Poronsarvesta - Ellunhuopa\" \/>\n<meta property=\"og:description\" content=\"K\u00e4sintehty huovutusneulan pidike aidosta poronsarvesta. Mukana neula ja nahkainen suojakotelo. Rajoitettu er\u00e4 \u2013 nelj\u00e4 yksil\u00f6llist\u00e4 kappaletta saatavilla.\" \/>\n<meta property=\"og:url\" content=\"https:\/\/ellunhuopa.com\/en\/product\/huovutusneulan-pidike-poronsarvesta\/\" \/>\n<meta property=\"og:site_name\" content=\"Ellunhuopa\" \/>\n<meta property=\"article:publisher\" content=\"https:\/\/www.facebook.com\/ellunhuopa\/?ref=bookmarks\" \/>\n<meta property=\"article:modified_time\" content=\"2026-03-11T20:57:20+00:00\" \/>\n<meta property=\"og:image\" content=\"https:\/\/ellunhuopa.com\/wp-content\/uploads\/2018\/06\/Picsart_26-02-06_23-58-27-644-500x500.jpg\" \/>\n\t<meta property=\"og:image:width\" content=\"500\" \/>\n\t<meta property=\"og:image:height\" content=\"500\" \/>\n\t<meta property=\"og:image:type\" content=\"image\/jpeg\" \/>\n<meta name=\"twitter:card\" content=\"summary_large_image\" \/>\n<meta name=\"twitter:label1\" content=\"Estimated reading time\" \/>\n\t<meta name=\"twitter:data1\" content=\"1 minute\" \/>\n<script type=\"application\/ld+json\" class=\"yoast-schema-graph\">{\"@context\":\"https:\\\/\\\/schema.org\",\"@graph\":[{\"@type\":\"WebPage\",\"@id\":\"https:\\\/\\\/ellunhuopa.com\\\/tuote\\\/huovutusneulan-pidike-poronsarvesta\\\/\",\"url\":\"https:\\\/\\\/ellunhuopa.com\\\/tuote\\\/huovutusneulan-pidike-poronsarvesta\\\/\",\"name\":\"Huovutusneulan Pidike Poronsarvesta - Ellunhuopa\",\"isPartOf\":{\"@id\":\"https:\\\/\\\/ellunhuopa.com\\\/#website\"},\"primaryImageOfPage\":{\"@id\":\"https:\\\/\\\/ellunhuopa.com\\\/tuote\\\/huovutusneulan-pidike-poronsarvesta\\\/#primaryimage\"},\"image\":{\"@id\":\"https:\\\/\\\/ellunhuopa.com\\\/tuote\\\/huovutusneulan-pidike-poronsarvesta\\\/#primaryimage\"},\"thumbnailUrl\":\"https:\\\/\\\/i0.wp.com\\\/ellunhuopa.com\\\/wp-content\\\/uploads\\\/2018\\\/06\\\/Picsart_26-02-06_23-58-27-644.jpg?fit=4095%2C4095&ssl=1\",\"datePublished\":\"2018-06-14T09:07:29+00:00\",\"dateModified\":\"2026-03-11T20:57:20+00:00\",\"description\":\"K\u00e4sintehty huovutusneulan pidike aidosta poronsarvesta. Mukana neula ja nahkainen suojakotelo. Rajoitettu er\u00e4 \u2013 nelj\u00e4 yksil\u00f6llist\u00e4 kappaletta saatavilla.\",\"breadcrumb\":{\"@id\":\"https:\\\/\\\/ellunhuopa.com\\\/tuote\\\/huovutusneulan-pidike-poronsarvesta\\\/#breadcrumb\"},\"inLanguage\":\"en-GB\",\"potentialAction\":[{\"@type\":\"ReadAction\",\"target\":[\"https:\\\/\\\/ellunhuopa.com\\\/tuote\\\/huovutusneulan-pidike-poronsarvesta\\\/\"]}]},{\"@type\":\"ImageObject\",\"inLanguage\":\"en-GB\",\"@id\":\"https:\\\/\\\/ellunhuopa.com\\\/tuote\\\/huovutusneulan-pidike-poronsarvesta\\\/#primaryimage\",\"url\":\"https:\\\/\\\/i0.wp.com\\\/ellunhuopa.com\\\/wp-content\\\/uploads\\\/2018\\\/06\\\/Picsart_26-02-06_23-58-27-644.jpg?fit=4095%2C4095&ssl=1\",\"contentUrl\":\"https:\\\/\\\/i0.wp.com\\\/ellunhuopa.com\\\/wp-content\\\/uploads\\\/2018\\\/06\\\/Picsart_26-02-06_23-58-27-644.jpg?fit=4095%2C4095&ssl=1\",\"width\":4095,\"height\":4095},{\"@type\":\"BreadcrumbList\",\"@id\":\"https:\\\/\\\/ellunhuopa.com\\\/tuote\\\/huovutusneulan-pidike-poronsarvesta\\\/#breadcrumb\",\"itemListElement\":[{\"@type\":\"ListItem\",\"position\":1,\"name\":\"Home\",\"item\":\"https:\\\/\\\/ellunhuopa.com\\\/\"},{\"@type\":\"ListItem\",\"position\":2,\"name\":\"Puoti\",\"item\":\"https:\\\/\\\/ellunhuopa.com\\\/puoti\\\/\"},{\"@type\":\"ListItem\",\"position\":3,\"name\":\"Huovutusneulan Pidike Poronsarvesta\"}]},{\"@type\":\"WebSite\",\"@id\":\"https:\\\/\\\/ellunhuopa.com\\\/#website\",\"url\":\"https:\\\/\\\/ellunhuopa.com\\\/\",\"name\":\"ELLU - Wool Art\",\"description\":\"Ellunhuopa - Elena Bondar\",\"publisher\":{\"@id\":\"https:\\\/\\\/ellunhuopa.com\\\/#organization\"},\"potentialAction\":[{\"@type\":\"SearchAction\",\"target\":{\"@type\":\"EntryPoint\",\"urlTemplate\":\"https:\\\/\\\/ellunhuopa.com\\\/?s={search_term_string}\"},\"query-input\":{\"@type\":\"PropertyValueSpecification\",\"valueRequired\":true,\"valueName\":\"search_term_string\"}}],\"inLanguage\":\"en-GB\"},{\"@type\":\"Organization\",\"@id\":\"https:\\\/\\\/ellunhuopa.com\\\/#organization\",\"name\":\"Ellunhuopa\",\"url\":\"https:\\\/\\\/ellunhuopa.com\\\/\",\"logo\":{\"@type\":\"ImageObject\",\"inLanguage\":\"en-GB\",\"@id\":\"https:\\\/\\\/ellunhuopa.com\\\/#\\\/schema\\\/logo\\\/image\\\/\",\"url\":\"https:\\\/\\\/ellunhuopa.com\\\/wp-content\\\/uploads\\\/2018\\\/02\\\/cropped-ellu_logo_ellunhuopa_netti.jpg\",\"contentUrl\":\"https:\\\/\\\/ellunhuopa.com\\\/wp-content\\\/uploads\\\/2018\\\/02\\\/cropped-ellu_logo_ellunhuopa_netti.jpg\",\"width\":348,\"height\":348,\"caption\":\"Ellunhuopa\"},\"image\":{\"@id\":\"https:\\\/\\\/ellunhuopa.com\\\/#\\\/schema\\\/logo\\\/image\\\/\"},\"sameAs\":[\"https:\\\/\\\/www.facebook.com\\\/ellunhuopa\\\/?ref=bookmarks\",\"https:\\\/\\\/www.instagram.com\\\/ellunhuopa\\\/\",\"https:\\\/\\\/www.youtube.com\\\/channel\\\/UCN8xrsHRIySLYr-66w-DUPg\"]}]}<\/script>\n<!-- \/ Yoast SEO plugin. -->","yoast_head_json":{"title":"Huovutusneulan Pidike Poronsarvesta - Ellunhuopa","description":"K\u00e4sintehty huovutusneulan pidike aidosta poronsarvesta. Mukana neula ja nahkainen suojakotelo. Rajoitettu er\u00e4 \u2013 nelj\u00e4 yksil\u00f6llist\u00e4 kappaletta saatavilla.","robots":{"index":"index","follow":"follow","max-snippet":"max-snippet:-1","max-image-preview":"max-image-preview:large","max-video-preview":"max-video-preview:-1"},"canonical":"https:\/\/ellunhuopa.com\/en\/product\/huovutusneulan-pidike-poronsarvesta\/","og_locale":"en_GB","og_type":"article","og_title":"Huovutusneulan Pidike Poronsarvesta - Ellunhuopa","og_description":"K\u00e4sintehty huovutusneulan pidike aidosta poronsarvesta. Mukana neula ja nahkainen suojakotelo. Rajoitettu er\u00e4 \u2013 nelj\u00e4 yksil\u00f6llist\u00e4 kappaletta saatavilla.","og_url":"https:\/\/ellunhuopa.com\/en\/product\/huovutusneulan-pidike-poronsarvesta\/","og_site_name":"Ellunhuopa","article_publisher":"https:\/\/www.facebook.com\/ellunhuopa\/?ref=bookmarks","article_modified_time":"2026-03-11T20:57:20+00:00","og_image":[{"width":500,"height":500,"url":"https:\/\/ellunhuopa.com\/wp-content\/uploads\/2018\/06\/Picsart_26-02-06_23-58-27-644-500x500.jpg","type":"image\/jpeg"}],"twitter_card":"summary_large_image","twitter_misc":{"Estimated reading time":"1 minute"},"schema":{"@context":"https:\/\/schema.org","@graph":[{"@type":"WebPage","@id":"https:\/\/ellunhuopa.com\/tuote\/huovutusneulan-pidike-poronsarvesta\/","url":"https:\/\/ellunhuopa.com\/tuote\/huovutusneulan-pidike-poronsarvesta\/","name":"Huovutusneulan Pidike Poronsarvesta - Ellunhuopa","isPartOf":{"@id":"https:\/\/ellunhuopa.com\/#website"},"primaryImageOfPage":{"@id":"https:\/\/ellunhuopa.com\/tuote\/huovutusneulan-pidike-poronsarvesta\/#primaryimage"},"image":{"@id":"https:\/\/ellunhuopa.com\/tuote\/huovutusneulan-pidike-poronsarvesta\/#primaryimage"},"thumbnailUrl":"https:\/\/i0.wp.com\/ellunhuopa.com\/wp-content\/uploads\/2018\/06\/Picsart_26-02-06_23-58-27-644.jpg?fit=4095%2C4095&ssl=1","datePublished":"2018-06-14T09:07:29+00:00","dateModified":"2026-03-11T20:57:20+00:00","description":"K\u00e4sintehty huovutusneulan pidike aidosta poronsarvesta. Mukana neula ja nahkainen suojakotelo. Rajoitettu er\u00e4 \u2013 nelj\u00e4 yksil\u00f6llist\u00e4 kappaletta saatavilla.","breadcrumb":{"@id":"https:\/\/ellunhuopa.com\/tuote\/huovutusneulan-pidike-poronsarvesta\/#breadcrumb"},"inLanguage":"en-GB","potentialAction":[{"@type":"ReadAction","target":["https:\/\/ellunhuopa.com\/tuote\/huovutusneulan-pidike-poronsarvesta\/"]}]},{"@type":"ImageObject","inLanguage":"en-GB","@id":"https:\/\/ellunhuopa.com\/tuote\/huovutusneulan-pidike-poronsarvesta\/#primaryimage","url":"https:\/\/i0.wp.com\/ellunhuopa.com\/wp-content\/uploads\/2018\/06\/Picsart_26-02-06_23-58-27-644.jpg?fit=4095%2C4095&ssl=1","contentUrl":"https:\/\/i0.wp.com\/ellunhuopa.com\/wp-content\/uploads\/2018\/06\/Picsart_26-02-06_23-58-27-644.jpg?fit=4095%2C4095&ssl=1","width":4095,"height":4095},{"@type":"BreadcrumbList","@id":"https:\/\/ellunhuopa.com\/tuote\/huovutusneulan-pidike-poronsarvesta\/#breadcrumb","itemListElement":[{"@type":"ListItem","position":1,"name":"Home","item":"https:\/\/ellunhuopa.com\/"},{"@type":"ListItem","position":2,"name":"Puoti","item":"https:\/\/ellunhuopa.com\/puoti\/"},{"@type":"ListItem","position":3,"name":"Huovutusneulan Pidike Poronsarvesta"}]},{"@type":"WebSite","@id":"https:\/\/ellunhuopa.com\/#website","url":"https:\/\/ellunhuopa.com\/","name":"ELLU - Wool Art","description":"Ellunhuopa - Elena Bondar","publisher":{"@id":"https:\/\/ellunhuopa.com\/#organization"},"potentialAction":[{"@type":"SearchAction","target":{"@type":"EntryPoint","urlTemplate":"https:\/\/ellunhuopa.com\/?s={search_term_string}"},"query-input":{"@type":"PropertyValueSpecification","valueRequired":true,"valueName":"search_term_string"}}],"inLanguage":"en-GB"},{"@type":"Organization","@id":"https:\/\/ellunhuopa.com\/#organization","name":"Woolrealm","url":"https:\/\/ellunhuopa.com\/","logo":{"@type":"ImageObject","inLanguage":"en-GB","@id":"https:\/\/ellunhuopa.com\/#\/schema\/logo\/image\/","url":"https:\/\/ellunhuopa.com\/wp-content\/uploads\/2018\/02\/cropped-ellu_logo_ellunhuopa_netti.jpg","contentUrl":"https:\/\/ellunhuopa.com\/wp-content\/uploads\/2018\/02\/cropped-ellu_logo_ellunhuopa_netti.jpg","width":348,"height":348,"caption":"Ellunhuopa"},"image":{"@id":"https:\/\/ellunhuopa.com\/#\/schema\/logo\/image\/"},"sameAs":["https:\/\/www.facebook.com\/ellunhuopa\/?ref=bookmarks","https:\/\/www.instagram.com\/ellunhuopa\/","https:\/\/www.youtube.com\/channel\/UCN8xrsHRIySLYr-66w-DUPg"]}]}},"jetpack_publicize_connections":[],"jetpack_sharing_enabled":true,"jetpack_likes_enabled":true,"jetpack-related-posts":[{"id":8712,"url":"https:\/\/ellunhuopa.com\/en\/product\/nostava-huovutusneula\/","url_meta":{"origin":8906,"position":0},"title":"Lifting felting needle 1pc","author":"Elena Bondar","date":"April 30, 2018","format":false,"excerpt":"A special knitting needle that lifts wool fibres to the surface. It works in the opposite way to a normal felting needle and is particularly suitable for making hairy and fluffy surfaces in needle felting.","rel":"","context":"Similar post","block_context":{"text":"Similar post","link":""},"img":{"alt_text":"huovutustarvikkeet, nostava huovutusneula","src":"https:\/\/i0.wp.com\/ellunhuopa.com\/wp-content\/uploads\/2018\/04\/erikois-huovutusneula-nostava-1-e1525107095755.jpg?fit=600%2C600&ssl=1&resize=350%2C200","width":350,"height":200,"srcset":"https:\/\/i0.wp.com\/ellunhuopa.com\/wp-content\/uploads\/2018\/04\/erikois-huovutusneula-nostava-1-e1525107095755.jpg?fit=600%2C600&ssl=1&resize=350%2C200 1x, https:\/\/i0.wp.com\/ellunhuopa.com\/wp-content\/uploads\/2018\/04\/erikois-huovutusneula-nostava-1-e1525107095755.jpg?fit=600%2C600&ssl=1&resize=525%2C300 1.5x"},"classes":[]},{"id":27521,"url":"https:\/\/ellunhuopa.com\/en\/product\/wool-stone\/","url_meta":{"origin":8906,"position":1},"title":"Wool Stone - hand felted wool stone","author":"Elena Bondar","date":"November 20, 2025","format":false,"excerpt":"Each wool stone is hand felted from pure wool. The tightly felted texture makes it durable, smooth and pleasant to the touch - a small object that feels warm and safe in the hand.","rel":"","context":"Similar post","block_context":{"text":"Similar post","link":""},"img":{"alt_text":"","src":"https:\/\/i0.wp.com\/ellunhuopa.com\/wp-content\/uploads\/2025\/11\/Picsart_25-11-20_08-52-54-682.jpg?fit=1200%2C1200&ssl=1&resize=350%2C200","width":350,"height":200,"srcset":"https:\/\/i0.wp.com\/ellunhuopa.com\/wp-content\/uploads\/2025\/11\/Picsart_25-11-20_08-52-54-682.jpg?fit=1200%2C1200&ssl=1&resize=350%2C200 1x, https:\/\/i0.wp.com\/ellunhuopa.com\/wp-content\/uploads\/2025\/11\/Picsart_25-11-20_08-52-54-682.jpg?fit=1200%2C1200&ssl=1&resize=525%2C300 1.5x, https:\/\/i0.wp.com\/ellunhuopa.com\/wp-content\/uploads\/2025\/11\/Picsart_25-11-20_08-52-54-682.jpg?fit=1200%2C1200&ssl=1&resize=700%2C400 2x, https:\/\/i0.wp.com\/ellunhuopa.com\/wp-content\/uploads\/2025\/11\/Picsart_25-11-20_08-52-54-682.jpg?fit=1200%2C1200&ssl=1&resize=1050%2C600 3x"},"classes":[]},{"id":27692,"url":"https:\/\/ellunhuopa.com\/en\/product\/huovutuspaketti-lappi-revontulet\/","url_meta":{"origin":8906,"position":2},"title":"Quilting package: Lapland - Northern Lights (video + written instructions)","author":"Elena Bondar","date":"January 9, 2026","format":false,"excerpt":"This felting kit contains everything you need to create a Northern Lights themed wool tableau with needle felting. With quality materials, written instructions and a tutorial video, this kit is perfect for beginners and more experienced quilters alike.","rel":"","context":"Similar post","block_context":{"text":"Similar post","link":""},"img":{"alt_text":"","src":"https:\/\/i0.wp.com\/ellunhuopa.com\/wp-content\/uploads\/2026\/01\/Lappi-askartelupaketti.png?fit=1024%2C1024&ssl=1&resize=350%2C200","width":350,"height":200,"srcset":"https:\/\/i0.wp.com\/ellunhuopa.com\/wp-content\/uploads\/2026\/01\/Lappi-askartelupaketti.png?fit=1024%2C1024&ssl=1&resize=350%2C200 1x, https:\/\/i0.wp.com\/ellunhuopa.com\/wp-content\/uploads\/2026\/01\/Lappi-askartelupaketti.png?fit=1024%2C1024&ssl=1&resize=525%2C300 1.5x, https:\/\/i0.wp.com\/ellunhuopa.com\/wp-content\/uploads\/2026\/01\/Lappi-askartelupaketti.png?fit=1024%2C1024&ssl=1&resize=700%2C400 2x"},"classes":[]},{"id":26562,"url":"https:\/\/ellunhuopa.com\/en\/product\/huovutuspaketti-savo-kukkaniitty-ja-metsa\/","url_meta":{"origin":8906,"position":3},"title":"Quilting package: Savo - Flower meadow (video + written instructions)","author":"Elena Bondar","date":"May 31, 2025","format":false,"excerpt":"Felted landscape - paint with wool and create beauty by hand. The felting kit contains everything you need to create a flower meadow and woodland landscape with needle felting. Including quality materials, written instructions and a tutorial video, the kit is ideal for both the beginner and the more experienced maker.","rel":"","context":"Similar post","block_context":{"text":"Similar post","link":""},"img":{"alt_text":"","src":"https:\/\/i0.wp.com\/ellunhuopa.com\/wp-content\/uploads\/2025\/05\/Copy-of-Black-Ivory-Boho-Aesthetic-Beauty-Blogger-Name-Circle-Logo-1.jpg?fit=500%2C500&ssl=1&resize=350%2C200","width":350,"height":200},"classes":[]},{"id":7955,"url":"https:\/\/ellunhuopa.com\/en\/product\/huovutusneulat\/","url_meta":{"origin":8906,"position":4},"title":"Felting needle 3pcs","author":"Elena Bondar","date":"February 20, 2018","format":false,"excerpt":"This felting needle is really thin and strong. It is invaluable for three-dimensional work and for making small and precise patterns. With the right use, it will serve you for a long time!","rel":"","context":"Similar post","block_context":{"text":"Similar post","link":""},"img":{"alt_text":"","src":"https:\/\/i0.wp.com\/ellunhuopa.com\/wp-content\/uploads\/2018\/02\/huovutusneula-3-e1519213441543.jpg?fit=900%2C900&ssl=1&resize=350%2C200","width":350,"height":200,"srcset":"https:\/\/i0.wp.com\/ellunhuopa.com\/wp-content\/uploads\/2018\/02\/huovutusneula-3-e1519213441543.jpg?fit=900%2C900&ssl=1&resize=350%2C200 1x, https:\/\/i0.wp.com\/ellunhuopa.com\/wp-content\/uploads\/2018\/02\/huovutusneula-3-e1519213441543.jpg?fit=900%2C900&ssl=1&resize=525%2C300 1.5x, https:\/\/i0.wp.com\/ellunhuopa.com\/wp-content\/uploads\/2018\/02\/huovutusneula-3-e1519213441543.jpg?fit=900%2C900&ssl=1&resize=700%2C400 2x"},"classes":[]},{"id":18736,"url":"https:\/\/ellunhuopa.com\/en\/product\/jokainen-voi-piirtaa-online-koulutus-villapiirtamisesta-aloituspaiva\/","url_meta":{"origin":8906,"position":5},"title":"Everyone can draw! Online training in wool drawing.","author":"Elena Bondar","date":"February 17, 2022","format":false,"excerpt":"The course is aimed at all amateurs and professionals who want to learn a new skill. I will teach you how to create stunning wool drawings, even if you are not yet an experienced feltmaker. In the future, others will wonder how you managed to create such stunning works! I have developed a unique Mix technique that will help you create stunning and vibrant wool artworks. For this course, you don't need any previous...","rel":"","context":"Similar post","block_context":{"text":"Similar post","link":""},"img":{"alt_text":"","src":"https:\/\/i0.wp.com\/ellunhuopa.com\/wp-content\/uploads\/2022\/02\/Jokainen-voi-piirtaa.jpg?fit=1200%2C675&ssl=1&resize=350%2C200","width":350,"height":200,"srcset":"https:\/\/i0.wp.com\/ellunhuopa.com\/wp-content\/uploads\/2022\/02\/Jokainen-voi-piirtaa.jpg?fit=1200%2C675&ssl=1&resize=350%2C200 1x, https:\/\/i0.wp.com\/ellunhuopa.com\/wp-content\/uploads\/2022\/02\/Jokainen-voi-piirtaa.jpg?fit=1200%2C675&ssl=1&resize=525%2C300 1.5x, https:\/\/i0.wp.com\/ellunhuopa.com\/wp-content\/uploads\/2022\/02\/Jokainen-voi-piirtaa.jpg?fit=1200%2C675&ssl=1&resize=700%2C400 2x, https:\/\/i0.wp.com\/ellunhuopa.com\/wp-content\/uploads\/2022\/02\/Jokainen-voi-piirtaa.jpg?fit=1200%2C675&ssl=1&resize=1050%2C600 3x"},"classes":[]}],"_links":{"self":[{"href":"https:\/\/ellunhuopa.com\/en\/wp-json\/wp\/v2\/product\/8906","targetHints":{"allow":["GET"]}}],"collection":[{"href":"https:\/\/ellunhuopa.com\/en\/wp-json\/wp\/v2\/product"}],"about":[{"href":"https:\/\/ellunhuopa.com\/en\/wp-json\/wp\/v2\/types\/product"}],"replies":[{"embeddable":true,"href":"https:\/\/ellunhuopa.com\/en\/wp-json\/wp\/v2\/comments?post=8906"}],"wp:featuredmedia":[{"embeddable":true,"href":"https:\/\/ellunhuopa.com\/en\/wp-json\/wp\/v2\/media\/27822"}],"wp:attachment":[{"href":"https:\/\/ellunhuopa.com\/en\/wp-json\/wp\/v2\/media?parent=8906"}],"wp:term":[{"taxonomy":"product_brand","embeddable":true,"href":"https:\/\/ellunhuopa.com\/en\/wp-json\/wp\/v2\/product_brand?post=8906"},{"taxonomy":"product_cat","embeddable":true,"href":"https:\/\/ellunhuopa.com\/en\/wp-json\/wp\/v2\/product_cat?post=8906"},{"taxonomy":"product_tag","embeddable":true,"href":"https:\/\/ellunhuopa.com\/en\/wp-json\/wp\/v2\/product_tag?post=8906"}],"curies":[{"name":"wp","href":"https:\/\/api.w.org\/{rel}","templated":true}]}}